{"id":15315,"date":"2021-03-30T10:23:09","date_gmt":"2021-03-30T08:23:09","guid":{"rendered":"http:\/\/crous.eu.mialias.net\/aviso-legal\/"},"modified":"2024-09-25T16:20:36","modified_gmt":"2024-09-25T14:20:36","slug":"aviso-legal","status":"publish","type":"page","link":"https:\/\/crous.eu\/ca\/aviso-legal\/","title":{"rendered":"Aviso legal"},"content":{"rendered":"\t\t<div data-elementor-type=\"wp-page\" data-elementor-id=\"15315\" class=\"elementor elementor-15315 elementor-15295\">\n\t\t\t\t\t\t<section class=\"elementor-section elementor-top-section elementor-element elementor-element-77c1540 elementor-section-boxed elementor-section-height-default elementor-section-height-default parallax_section_no qode_elementor_container_no\" data-id=\"77c1540\" data-element_type=\"section\" data-e-type=\"section\">\n\t\t\t\t\t\t<div class=\"elementor-container elementor-column-gap-default\">\n\t\t\t\t\t<div class=\"elementor-column elementor-col-100 elementor-top-column elementor-element elementor-element-e40259f\" data-id=\"e40259f\" data-element_type=\"column\" data-e-type=\"column\">\n\t\t\t<div class=\"elementor-widget-wrap elementor-element-populated\">\n\t\t\t\t\t\t<div class=\"elementor-element elementor-element-0b22af3 elementor-widget elementor-widget-text-editor\" data-id=\"0b22af3\" data-element_type=\"widget\" data-e-type=\"widget\" data-widget_type=\"text-editor.default\">\n\t\t\t\t<div class=\"elementor-widget-container\">\n\t\t\t\t\t\t\t\t\t<h5>Aviso legal<\/h5>\n<p><\/p>\n<p><strong>1. Informaci\u00f3n legal<\/strong><\/p>\n<p>1.1 En cumplimiento del art\u00edculo 10 de la Ley 34\/2002, de 11 de julio, de servicios de la sociedad de la informaci\u00f3n y de comercio electr\u00f3nico (LSSI-CE) presentamos la siguiente informaci\u00f3n:<\/p>\n<p>Raz\u00f3n Social: Crous Expert, S.L.<\/p>\n<p>Direcci\u00f3n: C\/Torrent, 5-7 08510-Roda de Ter (Barcelona)<\/p>\n<p>C.I.F.: B67152173<\/p>\n<p>Tel\u00e9fono: 933807997<\/p>\n<p>E-mail: info@crous.eu<\/p>\n<p>Inscrita en el Registro Mercantil de BARCELONA T 46274 , F 105, S 8, H B 514896, I\/A 1<\/p>\n<p><\/p>\n<p><strong>2. Protecci\u00f3n de datos<\/strong><\/p>\n<p>2.1. Completando el formulario de registro o de contacto, enviando un correo electr\u00f3nico o llamando por tel\u00e9fono, sus datos personales pasar\u00e1n a ser responsabilidad de la empresa cuyos datos se relacionan en el apartado 1. Informaci\u00f3n Legal.<\/p>\n<p>2.2. Estos datos se utilizan para responder a su solicitud o consulta a la mayor brevedad posible porque usted nos los proporciona informada y libremente con esa finalidad. Para otros tratamientos o finalidades relacionados con la prestaci\u00f3n de nuestros servicios o el desarrollo de nuestra actividad, usted puede obtener m\u00e1s informaci\u00f3n en la Pol\u00edtica de Privacidad o solicitarlos en nuestra direcci\u00f3n de contacto.<\/p>\n<p><\/p>\n<p><strong>3. Limitaci\u00f3n de Responsabilidades<\/strong><\/p>\n<p>3.1. Crous Expert, S.L. proporciona el sitio web corporativo como medio de dar a conocer sus productos y servicios, y permitir el contacto con los clientes. La informaci\u00f3n de la p\u00e1gina web se presenta de buena fe como cierta, pero nos reservamos el derecho a modificarla sin aviso previo con las finalidades de actualizarla, corregir errores y cualesquiera otras en inter\u00e9s de la empresa o de nuestros clientes. Para la contrataci\u00f3n de los productos o servicios de la entidad se estar\u00e1 a lo dispuesto en las condiciones de contrataci\u00f3n publicadas en la p\u00e1gina web.<\/p>\n<p>3.2. La entidad no se responsabiliza sobre los posibles da\u00f1os inform\u00e1ticos que pueda sufrir el usuario mientras visita nuestra p\u00e1gina web entendiendo que aquellos no puedan ser imputables a la entidad.<\/p>\n<p>3.3. La entidad tampoco se responsabiliza del contenido de los sitios gestionados por terceros que se enlacen desde la p\u00e1gina web, as\u00ed mismo dichos enlaces no implicar\u00e1n la existencia de alg\u00fan tipo de relaci\u00f3n por parte de Crous Expert, S.L. con esos terceros.<\/p>\n<p><\/p>\n<p><strong>4. Propiedad Intelectual<\/strong><\/p>\n<p>4.1. Todos los contenidos de esta p\u00e1gina web entendiendo como tales los textos, dibujos, gr\u00e1ficos, fotograf\u00edas, im\u00e1genes, v\u00eddeos, m\u00fasica, c\u00f3digo, el propio dise\u00f1o de esta y cualquier otra creaci\u00f3n son propiedad de Crous Expert, S.L. o de sus respectivos titulares mediante la correspondiente licencia, autorizaci\u00f3n o cesi\u00f3n sobre los derechos y est\u00e1n protegidos en funci\u00f3n de la legislaci\u00f3n sobre la Propiedad Intelectual e Industrial.<\/p>\n<p>4.2. En ning\u00fan caso se entender\u00e1 que la puesta a disposici\u00f3n del p\u00fablico de la p\u00e1gina web constituye renuncia, cesi\u00f3n o licencia de los derechos que Crous Expert, S.L. tiene sobre los contenidos de esta.<\/p>\n<p>4.3. Queda prohibido cualquier uso de los contenidos de nuestra p\u00e1gina web incluida la modificaci\u00f3n, copia, reproducci\u00f3n, transmisi\u00f3n, etc\u00e9tera sin la previa autorizaci\u00f3n por escrito de la entidad.<\/p>\t\t\t\t\t\t\t\t<\/div>\n\t\t\t\t<\/div>\n\t\t\t\t\t<\/div>\n\t\t<\/div>\n\t\t\t\t\t<\/div>\n\t\t<\/section>\n\t\t\t\t<\/div>\n\t\t","protected":false},"excerpt":{"rendered":"<p>Aviso legal 1. Informaci\u00f3n legal 1.1 En cumplimiento del art\u00edculo 10 de la Ley 34\/2002, de 11 de julio, de servicios de la sociedad de la informaci\u00f3n y de comercio electr\u00f3nico (LSSI-CE) presentamos la siguiente informaci\u00f3n: Raz\u00f3n Social: Crous Expert, S.L. Direcci\u00f3n: C\/Torrent, 5-7 08510-Roda&#8230;<\/p>\n","protected":false},"author":1,"featured_media":0,"parent":0,"menu_order":0,"comment_status":"closed","ping_status":"closed","template":"","meta":{"_acf_changed":false,"footnotes":""},"class_list":["post-15315","page","type-page","status-publish","hentry"],"acf":[],"yoast_head":"<!-- This site is optimized with the Yoast SEO plugin v27.4 - https:\/\/yoast.com\/product\/yoast-seo-wordpress\/ -->\n<title>Aviso legal - Crous Expert<\/title>\n<meta name=\"robots\" content=\"noindex, nofollow\" \/>\n<meta property=\"og:locale\" content=\"ca_ES\" \/>\n<meta property=\"og:type\" content=\"article\" \/>\n<meta property=\"og:title\" content=\"Aviso legal - Crous Expert\" \/>\n<meta property=\"og:description\" content=\"Aviso legal 1. Informaci\u00f3n legal 1.1 En cumplimiento del art\u00edculo 10 de la Ley 34\/2002, de 11 de julio, de servicios de la sociedad de la informaci\u00f3n y de comercio electr\u00f3nico (LSSI-CE) presentamos la siguiente informaci\u00f3n: Raz\u00f3n Social: Crous Expert, S.L. Direcci\u00f3n: C\/Torrent, 5-7 08510-Roda...\" \/>\n<meta property=\"og:url\" content=\"https:\/\/crous.eu\/ca\/aviso-legal\/\" \/>\n<meta property=\"og:site_name\" content=\"Crous Expert\" \/>\n<meta property=\"article:modified_time\" content=\"2024-09-25T14:20:36+00:00\" \/>\n<meta name=\"twitter:card\" content=\"summary_large_image\" \/>\n<meta name=\"twitter:label1\" content=\"Temps estimat de lectura\" \/>\n\t<meta name=\"twitter:data1\" content=\"3 minuts\" \/>\n<script type=\"application\/ld+json\" class=\"yoast-schema-graph\">{\"@context\":\"https:\\\/\\\/schema.org\",\"@graph\":[{\"@type\":\"WebPage\",\"@id\":\"https:\\\/\\\/crous.eu\\\/ca\\\/aviso-legal\\\/\",\"url\":\"https:\\\/\\\/crous.eu\\\/ca\\\/aviso-legal\\\/\",\"name\":\"Aviso legal - Crous Expert\",\"isPartOf\":{\"@id\":\"https:\\\/\\\/crous.eu\\\/ca\\\/#website\"},\"datePublished\":\"2021-03-30T08:23:09+00:00\",\"dateModified\":\"2024-09-25T14:20:36+00:00\",\"breadcrumb\":{\"@id\":\"https:\\\/\\\/crous.eu\\\/ca\\\/aviso-legal\\\/#breadcrumb\"},\"inLanguage\":\"ca\",\"potentialAction\":[{\"@type\":\"ReadAction\",\"target\":[\"https:\\\/\\\/crous.eu\\\/ca\\\/aviso-legal\\\/\"]}]},{\"@type\":\"BreadcrumbList\",\"@id\":\"https:\\\/\\\/crous.eu\\\/ca\\\/aviso-legal\\\/#breadcrumb\",\"itemListElement\":[{\"@type\":\"ListItem\",\"position\":1,\"name\":\"Portada\",\"item\":\"https:\\\/\\\/crous.eu\\\/ca\\\/\"},{\"@type\":\"ListItem\",\"position\":2,\"name\":\"Aviso legal\"}]},{\"@type\":\"WebSite\",\"@id\":\"https:\\\/\\\/crous.eu\\\/ca\\\/#website\",\"url\":\"https:\\\/\\\/crous.eu\\\/ca\\\/\",\"name\":\"Crous Expert\",\"description\":\"Personalizamos tu entorno\",\"potentialAction\":[{\"@type\":\"SearchAction\",\"target\":{\"@type\":\"EntryPoint\",\"urlTemplate\":\"https:\\\/\\\/crous.eu\\\/ca\\\/?s={search_term_string}\"},\"query-input\":{\"@type\":\"PropertyValueSpecification\",\"valueRequired\":true,\"valueName\":\"search_term_string\"}}],\"inLanguage\":\"ca\"}]}<\/script>\n<!-- \/ Yoast SEO plugin. -->","yoast_head_json":{"title":"Aviso legal - Crous Expert","robots":{"index":"noindex","follow":"nofollow"},"og_locale":"ca_ES","og_type":"article","og_title":"Aviso legal - Crous Expert","og_description":"Aviso legal 1. Informaci\u00f3n legal 1.1 En cumplimiento del art\u00edculo 10 de la Ley 34\/2002, de 11 de julio, de servicios de la sociedad de la informaci\u00f3n y de comercio electr\u00f3nico (LSSI-CE) presentamos la siguiente informaci\u00f3n: Raz\u00f3n Social: Crous Expert, S.L. Direcci\u00f3n: C\/Torrent, 5-7 08510-Roda...","og_url":"https:\/\/crous.eu\/ca\/aviso-legal\/","og_site_name":"Crous Expert","article_modified_time":"2024-09-25T14:20:36+00:00","twitter_card":"summary_large_image","twitter_misc":{"Temps estimat de lectura":"3 minuts"},"schema":{"@context":"https:\/\/schema.org","@graph":[{"@type":"WebPage","@id":"https:\/\/crous.eu\/ca\/aviso-legal\/","url":"https:\/\/crous.eu\/ca\/aviso-legal\/","name":"Aviso legal - Crous Expert","isPartOf":{"@id":"https:\/\/crous.eu\/ca\/#website"},"datePublished":"2021-03-30T08:23:09+00:00","dateModified":"2024-09-25T14:20:36+00:00","breadcrumb":{"@id":"https:\/\/crous.eu\/ca\/aviso-legal\/#breadcrumb"},"inLanguage":"ca","potentialAction":[{"@type":"ReadAction","target":["https:\/\/crous.eu\/ca\/aviso-legal\/"]}]},{"@type":"BreadcrumbList","@id":"https:\/\/crous.eu\/ca\/aviso-legal\/#breadcrumb","itemListElement":[{"@type":"ListItem","position":1,"name":"Portada","item":"https:\/\/crous.eu\/ca\/"},{"@type":"ListItem","position":2,"name":"Aviso legal"}]},{"@type":"WebSite","@id":"https:\/\/crous.eu\/ca\/#website","url":"https:\/\/crous.eu\/ca\/","name":"Crous Expert","description":"Personalizamos tu entorno","potentialAction":[{"@type":"SearchAction","target":{"@type":"EntryPoint","urlTemplate":"https:\/\/crous.eu\/ca\/?s={search_term_string}"},"query-input":{"@type":"PropertyValueSpecification","valueRequired":true,"valueName":"search_term_string"}}],"inLanguage":"ca"}]}},"_links":{"self":[{"href":"https:\/\/crous.eu\/ca\/wp-json\/wp\/v2\/pages\/15315","targetHints":{"allow":["GET"]}}],"collection":[{"href":"https:\/\/crous.eu\/ca\/wp-json\/wp\/v2\/pages"}],"about":[{"href":"https:\/\/crous.eu\/ca\/wp-json\/wp\/v2\/types\/page"}],"author":[{"embeddable":true,"href":"https:\/\/crous.eu\/ca\/wp-json\/wp\/v2\/users\/1"}],"replies":[{"embeddable":true,"href":"https:\/\/crous.eu\/ca\/wp-json\/wp\/v2\/comments?post=15315"}],"version-history":[{"count":3,"href":"https:\/\/crous.eu\/ca\/wp-json\/wp\/v2\/pages\/15315\/revisions"}],"predecessor-version":[{"id":29594,"href":"https:\/\/crous.eu\/ca\/wp-json\/wp\/v2\/pages\/15315\/revisions\/29594"}],"wp:attachment":[{"href":"https:\/\/crous.eu\/ca\/wp-json\/wp\/v2\/media?parent=15315"}],"curies":[{"name":"wp","href":"https:\/\/api.w.org\/{rel}","templated":true}]}}