{"id":18447,"date":"2021-07-08T18:38:48","date_gmt":"2021-07-08T17:07:37","guid":{"rendered":"http:\/\/crous.eu.mialias.net\/Sense%20categoria\/biosaludable-elliptica\/"},"modified":"2022-08-29T13:38:37","modified_gmt":"2022-08-29T11:38:37","slug":"biosaludable-elliptica","status":"publish","type":"product","link":"https:\/\/crous.eu\/ca\/equipaments-esportius\/elements-biosaludables\/biosaludables-ca\/biosaludable-elliptica\/","title":{"rendered":"Biosaludable El\u00b7l\u00edptica"},"content":{"rendered":"","protected":false},"excerpt":{"rendered":"<p>\u2022 Element biosaludable per a fer esport al carrer, apte per a persones grans i esportistes.<br \/>\n\u2022 Estructura en tub d\u2019acer galvanitzat amb sistema de rodament refor\u00e7at i m\u00e0necs de polipropil\u00e8.<br \/>\n\u2022 Acabat en pintura RAL 5002+7024.<br \/>\n\u2022 Refor\u00e7a els m\u00fasculs de les extremitats superiors i dels melucs i millora l\u2019agilitat i la coordinaci\u00f3.<br \/>\n\u2022 Ajuda a la millora de les mol\u00e8sties cervicals i de l\u2019espatlla i la tensi\u00f3 muscular.<br \/>\n\u2022 Afavoreix a la funci\u00f3 cardiopulmonar.<br \/>\n\u2022 Certificat segons normativa EN16630:2015.<br \/>\n\u2022 Disponible per a instal\u00b7laci\u00f3 en terra dur i tou.<\/p>\n","protected":false},"featured_media":4367,"template":"","meta":{"_acf_changed":false},"product_brand":[],"product_cat":[446,445,442],"product_tag":[],"class_list":{"0":"post-18447","1":"product","2":"type-product","3":"status-publish","4":"has-post-thumbnail","6":"product_cat-biosaludables-ca","7":"product_cat-elements-biosaludables","8":"product_cat-equipaments-esportius","10":"first","11":"instock","12":"product-type-simple"},"acf":[],"yoast_head":"<!-- This site is optimized with the Yoast SEO plugin v27.4 - https:\/\/yoast.com\/product\/yoast-seo-wordpress\/ -->\n<title>Biosaludable El\u00b7l\u00edptica - Crous Expert<\/title>\n<meta name=\"robots\" content=\"index, follow, max-snippet:-1, max-image-preview:large, max-video-preview:-1\" \/>\n<link rel=\"canonical\" href=\"https:\/\/crous.eu\/ca\/equipaments-esportius\/elements-biosaludables\/biosaludables-ca\/biosaludable-elliptica\/\" \/>\n<meta property=\"og:locale\" content=\"ca_ES\" \/>\n<meta property=\"og:type\" content=\"article\" \/>\n<meta property=\"og:title\" content=\"Biosaludable El\u00b7l\u00edptica - Crous Expert\" \/>\n<meta property=\"og:description\" content=\"\u2022 Element biosaludable per a fer esport al carrer, apte per a persones grans i esportistes. \u2022 Estructura en tub d\u2019acer galvanitzat amb sistema de rodament refor\u00e7at i m\u00e0necs de polipropil\u00e8. \u2022 Acabat en pintura RAL 5002+7024. \u2022 Refor\u00e7a els m\u00fasculs de les extremitats superiors i dels melucs i millora l\u2019agilitat i la coordinaci\u00f3. \u2022 Ajuda a la millora de les mol\u00e8sties cervicals i de l\u2019espatlla i la tensi\u00f3 muscular. \u2022 Afavoreix a la funci\u00f3 cardiopulmonar. \u2022 Certificat segons normativa EN16630:2015. \u2022 Disponible per a instal\u00b7laci\u00f3 en terra dur i tou.\" \/>\n<meta property=\"og:url\" content=\"https:\/\/crous.eu\/ca\/equipaments-esportius\/elements-biosaludables\/biosaludables-ca\/biosaludable-elliptica\/\" \/>\n<meta property=\"og:site_name\" content=\"Crous Expert\" \/>\n<meta property=\"article:modified_time\" content=\"2022-08-29T11:38:37+00:00\" \/>\n<meta property=\"og:image\" content=\"https:\/\/crous.eu\/wp-content\/uploads\/B014.jpg\" \/>\n\t<meta property=\"og:image:width\" content=\"550\" \/>\n\t<meta property=\"og:image:height\" content=\"550\" \/>\n\t<meta property=\"og:image:type\" content=\"image\/jpeg\" \/>\n<meta name=\"twitter:card\" content=\"summary_large_image\" \/>\n<script type=\"application\/ld+json\" class=\"yoast-schema-graph\">{\"@context\":\"https:\\\/\\\/schema.org\",\"@graph\":[{\"@type\":\"WebPage\",\"@id\":\"https:\\\/\\\/crous.eu\\\/ca\\\/equipaments-esportius\\\/elements-biosaludables\\\/biosaludables-ca\\\/biosaludable-elliptica\\\/\",\"url\":\"https:\\\/\\\/crous.eu\\\/ca\\\/equipaments-esportius\\\/elements-biosaludables\\\/biosaludables-ca\\\/biosaludable-elliptica\\\/\",\"name\":\"Biosaludable El\u00b7l\u00edptica - Crous Expert\",\"isPartOf\":{\"@id\":\"https:\\\/\\\/crous.eu\\\/ca\\\/#website\"},\"primaryImageOfPage\":{\"@id\":\"https:\\\/\\\/crous.eu\\\/ca\\\/equipaments-esportius\\\/elements-biosaludables\\\/biosaludables-ca\\\/biosaludable-elliptica\\\/#primaryimage\"},\"image\":{\"@id\":\"https:\\\/\\\/crous.eu\\\/ca\\\/equipaments-esportius\\\/elements-biosaludables\\\/biosaludables-ca\\\/biosaludable-elliptica\\\/#primaryimage\"},\"thumbnailUrl\":\"https:\\\/\\\/crous.eu\\\/wp-content\\\/uploads\\\/B014.jpg\",\"datePublished\":\"2021-07-08T17:07:37+00:00\",\"dateModified\":\"2022-08-29T11:38:37+00:00\",\"breadcrumb\":{\"@id\":\"https:\\\/\\\/crous.eu\\\/ca\\\/equipaments-esportius\\\/elements-biosaludables\\\/biosaludables-ca\\\/biosaludable-elliptica\\\/#breadcrumb\"},\"inLanguage\":\"ca\",\"potentialAction\":[{\"@type\":\"ReadAction\",\"target\":[\"https:\\\/\\\/crous.eu\\\/ca\\\/equipaments-esportius\\\/elements-biosaludables\\\/biosaludables-ca\\\/biosaludable-elliptica\\\/\"]}]},{\"@type\":\"ImageObject\",\"inLanguage\":\"ca\",\"@id\":\"https:\\\/\\\/crous.eu\\\/ca\\\/equipaments-esportius\\\/elements-biosaludables\\\/biosaludables-ca\\\/biosaludable-elliptica\\\/#primaryimage\",\"url\":\"https:\\\/\\\/crous.eu\\\/wp-content\\\/uploads\\\/B014.jpg\",\"contentUrl\":\"https:\\\/\\\/crous.eu\\\/wp-content\\\/uploads\\\/B014.jpg\",\"width\":550,\"height\":550},{\"@type\":\"BreadcrumbList\",\"@id\":\"https:\\\/\\\/crous.eu\\\/ca\\\/equipaments-esportius\\\/elements-biosaludables\\\/biosaludables-ca\\\/biosaludable-elliptica\\\/#breadcrumb\",\"itemListElement\":[{\"@type\":\"ListItem\",\"position\":1,\"name\":\"Portada\",\"item\":\"https:\\\/\\\/crous.eu\\\/ca\\\/\"},{\"@type\":\"ListItem\",\"position\":2,\"name\":\"Tienda\",\"item\":\"https:\\\/\\\/crous.eu\\\/tienda\\\/\"},{\"@type\":\"ListItem\",\"position\":3,\"name\":\"Biosaludable El\u00b7l\u00edptica\"}]},{\"@type\":\"WebSite\",\"@id\":\"https:\\\/\\\/crous.eu\\\/ca\\\/#website\",\"url\":\"https:\\\/\\\/crous.eu\\\/ca\\\/\",\"name\":\"Crous Expert\",\"description\":\"Personalizamos tu entorno\",\"potentialAction\":[{\"@type\":\"SearchAction\",\"target\":{\"@type\":\"EntryPoint\",\"urlTemplate\":\"https:\\\/\\\/crous.eu\\\/ca\\\/?s={search_term_string}\"},\"query-input\":{\"@type\":\"PropertyValueSpecification\",\"valueRequired\":true,\"valueName\":\"search_term_string\"}}],\"inLanguage\":\"ca\"}]}<\/script>\n<!-- \/ Yoast SEO plugin. -->","yoast_head_json":{"title":"Biosaludable El\u00b7l\u00edptica - Crous Expert","robots":{"index":"index","follow":"follow","max-snippet":"max-snippet:-1","max-image-preview":"max-image-preview:large","max-video-preview":"max-video-preview:-1"},"canonical":"https:\/\/crous.eu\/ca\/equipaments-esportius\/elements-biosaludables\/biosaludables-ca\/biosaludable-elliptica\/","og_locale":"ca_ES","og_type":"article","og_title":"Biosaludable El\u00b7l\u00edptica - Crous Expert","og_description":"\u2022 Element biosaludable per a fer esport al carrer, apte per a persones grans i esportistes. \u2022 Estructura en tub d\u2019acer galvanitzat amb sistema de rodament refor\u00e7at i m\u00e0necs de polipropil\u00e8. \u2022 Acabat en pintura RAL 5002+7024. \u2022 Refor\u00e7a els m\u00fasculs de les extremitats superiors i dels melucs i millora l\u2019agilitat i la coordinaci\u00f3. \u2022 Ajuda a la millora de les mol\u00e8sties cervicals i de l\u2019espatlla i la tensi\u00f3 muscular. \u2022 Afavoreix a la funci\u00f3 cardiopulmonar. \u2022 Certificat segons normativa EN16630:2015. \u2022 Disponible per a instal\u00b7laci\u00f3 en terra dur i tou.","og_url":"https:\/\/crous.eu\/ca\/equipaments-esportius\/elements-biosaludables\/biosaludables-ca\/biosaludable-elliptica\/","og_site_name":"Crous Expert","article_modified_time":"2022-08-29T11:38:37+00:00","og_image":[{"width":550,"height":550,"url":"https:\/\/crous.eu\/wp-content\/uploads\/B014.jpg","type":"image\/jpeg"}],"twitter_card":"summary_large_image","schema":{"@context":"https:\/\/schema.org","@graph":[{"@type":"WebPage","@id":"https:\/\/crous.eu\/ca\/equipaments-esportius\/elements-biosaludables\/biosaludables-ca\/biosaludable-elliptica\/","url":"https:\/\/crous.eu\/ca\/equipaments-esportius\/elements-biosaludables\/biosaludables-ca\/biosaludable-elliptica\/","name":"Biosaludable El\u00b7l\u00edptica - Crous Expert","isPartOf":{"@id":"https:\/\/crous.eu\/ca\/#website"},"primaryImageOfPage":{"@id":"https:\/\/crous.eu\/ca\/equipaments-esportius\/elements-biosaludables\/biosaludables-ca\/biosaludable-elliptica\/#primaryimage"},"image":{"@id":"https:\/\/crous.eu\/ca\/equipaments-esportius\/elements-biosaludables\/biosaludables-ca\/biosaludable-elliptica\/#primaryimage"},"thumbnailUrl":"https:\/\/crous.eu\/wp-content\/uploads\/B014.jpg","datePublished":"2021-07-08T17:07:37+00:00","dateModified":"2022-08-29T11:38:37+00:00","breadcrumb":{"@id":"https:\/\/crous.eu\/ca\/equipaments-esportius\/elements-biosaludables\/biosaludables-ca\/biosaludable-elliptica\/#breadcrumb"},"inLanguage":"ca","potentialAction":[{"@type":"ReadAction","target":["https:\/\/crous.eu\/ca\/equipaments-esportius\/elements-biosaludables\/biosaludables-ca\/biosaludable-elliptica\/"]}]},{"@type":"ImageObject","inLanguage":"ca","@id":"https:\/\/crous.eu\/ca\/equipaments-esportius\/elements-biosaludables\/biosaludables-ca\/biosaludable-elliptica\/#primaryimage","url":"https:\/\/crous.eu\/wp-content\/uploads\/B014.jpg","contentUrl":"https:\/\/crous.eu\/wp-content\/uploads\/B014.jpg","width":550,"height":550},{"@type":"BreadcrumbList","@id":"https:\/\/crous.eu\/ca\/equipaments-esportius\/elements-biosaludables\/biosaludables-ca\/biosaludable-elliptica\/#breadcrumb","itemListElement":[{"@type":"ListItem","position":1,"name":"Portada","item":"https:\/\/crous.eu\/ca\/"},{"@type":"ListItem","position":2,"name":"Tienda","item":"https:\/\/crous.eu\/tienda\/"},{"@type":"ListItem","position":3,"name":"Biosaludable El\u00b7l\u00edptica"}]},{"@type":"WebSite","@id":"https:\/\/crous.eu\/ca\/#website","url":"https:\/\/crous.eu\/ca\/","name":"Crous Expert","description":"Personalizamos tu entorno","potentialAction":[{"@type":"SearchAction","target":{"@type":"EntryPoint","urlTemplate":"https:\/\/crous.eu\/ca\/?s={search_term_string}"},"query-input":{"@type":"PropertyValueSpecification","valueRequired":true,"valueName":"search_term_string"}}],"inLanguage":"ca"}]}},"_links":{"self":[{"href":"https:\/\/crous.eu\/ca\/wp-json\/wp\/v2\/product\/18447","targetHints":{"allow":["GET"]}}],"collection":[{"href":"https:\/\/crous.eu\/ca\/wp-json\/wp\/v2\/product"}],"about":[{"href":"https:\/\/crous.eu\/ca\/wp-json\/wp\/v2\/types\/product"}],"wp:featuredmedia":[{"embeddable":true,"href":"https:\/\/crous.eu\/ca\/wp-json\/wp\/v2\/media\/4367"}],"wp:attachment":[{"href":"https:\/\/crous.eu\/ca\/wp-json\/wp\/v2\/media?parent=18447"}],"wp:term":[{"taxonomy":"product_brand","embeddable":true,"href":"https:\/\/crous.eu\/ca\/wp-json\/wp\/v2\/product_brand?post=18447"},{"taxonomy":"product_cat","embeddable":true,"href":"https:\/\/crous.eu\/ca\/wp-json\/wp\/v2\/product_cat?post=18447"},{"taxonomy":"product_tag","embeddable":true,"href":"https:\/\/crous.eu\/ca\/wp-json\/wp\/v2\/product_tag?post=18447"}],"curies":[{"name":"wp","href":"https:\/\/api.w.org\/{rel}","templated":true}]}}