{"id":18830,"date":"2021-07-08T18:45:15","date_gmt":"2021-07-08T17:16:38","guid":{"rendered":"http:\/\/crous.eu.mialias.net\/Sense%20categoria\/taula-picnic-eco\/"},"modified":"2022-09-30T12:04:54","modified_gmt":"2022-09-30T10:04:54","slug":"taula-picnic-eco","status":"publish","type":"product","link":"https:\/\/crous.eu\/ca\/mobiliari-urba\/bancs-i-taules\/taula-picnic-eco\/","title":{"rendered":"Taula P\u00edcnic Eco"},"content":{"rendered":"","protected":false},"excerpt":{"rendered":"<p>\u2022 Taula amb bancs adossats perfecte per a zones rurals, espais de descans i de p\u00edcnic, etc.<br \/>\n\u2022 Fabricada amb material sostenible, procedent del reciclatge de pl\u00e0stics.<br \/>\n\u2022 Gravat imitant les vetes de la fusta natural.<br \/>\n\u2022 Material resistent i que no necessita manteniment.<br \/>\n\u2022 Dimensions de 1800 x 1650 x 765 mm.<br \/>\n\u2022 Es subministra en format kit.<\/p>\n","protected":false},"featured_media":29150,"template":"","meta":{"_acf_changed":false},"product_brand":[],"product_cat":[474,473],"product_tag":[],"class_list":{"0":"post-18830","1":"product","2":"type-product","3":"status-publish","4":"has-post-thumbnail","6":"product_cat-bancs-i-taules","7":"product_cat-mobiliari-urba","9":"first","10":"instock","11":"product-type-simple"},"acf":[],"yoast_head":"<!-- This site is optimized with the Yoast SEO plugin v27.4 - https:\/\/yoast.com\/product\/yoast-seo-wordpress\/ -->\n<title>Taula P\u00edcnic Eco - Crous Expert<\/title>\n<meta name=\"description\" content=\"Taula de fusta tecnol\u00f2gica amb bancs adossats perfecta per a zones rurals, espais de descans i p\u00edcnic. Se subministra en format kit.\" \/>\n<meta name=\"robots\" content=\"index, follow, max-snippet:-1, max-image-preview:large, max-video-preview:-1\" \/>\n<link rel=\"canonical\" href=\"https:\/\/crous.eu\/ca\/mobiliari-urba\/bancs-i-taules\/taula-picnic-eco\/\" \/>\n<meta property=\"og:locale\" content=\"ca_ES\" \/>\n<meta property=\"og:type\" content=\"article\" \/>\n<meta property=\"og:title\" content=\"Taula P\u00edcnic Eco - Crous Expert\" \/>\n<meta property=\"og:description\" content=\"Taula de fusta tecnol\u00f2gica amb bancs adossats perfecta per a zones rurals, espais de descans i p\u00edcnic. Se subministra en format kit.\" \/>\n<meta property=\"og:url\" content=\"https:\/\/crous.eu\/ca\/mobiliari-urba\/bancs-i-taules\/taula-picnic-eco\/\" \/>\n<meta property=\"og:site_name\" content=\"Crous Expert\" \/>\n<meta property=\"article:modified_time\" content=\"2022-09-30T10:04:54+00:00\" \/>\n<meta property=\"og:image\" content=\"https:\/\/crous.eu\/wp-content\/uploads\/MUB009E.jpg.png\" \/>\n\t<meta property=\"og:image:width\" content=\"550\" \/>\n\t<meta property=\"og:image:height\" content=\"550\" \/>\n\t<meta property=\"og:image:type\" content=\"image\/png\" \/>\n<meta name=\"twitter:card\" content=\"summary_large_image\" \/>\n<script type=\"application\/ld+json\" class=\"yoast-schema-graph\">{\"@context\":\"https:\\\/\\\/schema.org\",\"@graph\":[{\"@type\":\"WebPage\",\"@id\":\"https:\\\/\\\/crous.eu\\\/ca\\\/mobiliari-urba\\\/bancs-i-taules\\\/taula-picnic-eco\\\/\",\"url\":\"https:\\\/\\\/crous.eu\\\/ca\\\/mobiliari-urba\\\/bancs-i-taules\\\/taula-picnic-eco\\\/\",\"name\":\"Taula P\u00edcnic Eco - Crous Expert\",\"isPartOf\":{\"@id\":\"https:\\\/\\\/crous.eu\\\/ca\\\/#website\"},\"primaryImageOfPage\":{\"@id\":\"https:\\\/\\\/crous.eu\\\/ca\\\/mobiliari-urba\\\/bancs-i-taules\\\/taula-picnic-eco\\\/#primaryimage\"},\"image\":{\"@id\":\"https:\\\/\\\/crous.eu\\\/ca\\\/mobiliari-urba\\\/bancs-i-taules\\\/taula-picnic-eco\\\/#primaryimage\"},\"thumbnailUrl\":\"https:\\\/\\\/crous.eu\\\/wp-content\\\/uploads\\\/MUB009E_1-3.jpg\",\"datePublished\":\"2021-07-08T17:16:38+00:00\",\"dateModified\":\"2022-09-30T10:04:54+00:00\",\"description\":\"Taula de fusta tecnol\u00f2gica amb bancs adossats perfecta per a zones rurals, espais de descans i p\u00edcnic. Se subministra en format kit.\",\"breadcrumb\":{\"@id\":\"https:\\\/\\\/crous.eu\\\/ca\\\/mobiliari-urba\\\/bancs-i-taules\\\/taula-picnic-eco\\\/#breadcrumb\"},\"inLanguage\":\"ca\",\"potentialAction\":[{\"@type\":\"ReadAction\",\"target\":[\"https:\\\/\\\/crous.eu\\\/ca\\\/mobiliari-urba\\\/bancs-i-taules\\\/taula-picnic-eco\\\/\"]}]},{\"@type\":\"ImageObject\",\"inLanguage\":\"ca\",\"@id\":\"https:\\\/\\\/crous.eu\\\/ca\\\/mobiliari-urba\\\/bancs-i-taules\\\/taula-picnic-eco\\\/#primaryimage\",\"url\":\"https:\\\/\\\/crous.eu\\\/wp-content\\\/uploads\\\/MUB009E_1-3.jpg\",\"contentUrl\":\"https:\\\/\\\/crous.eu\\\/wp-content\\\/uploads\\\/MUB009E_1-3.jpg\",\"width\":550,\"height\":550},{\"@type\":\"BreadcrumbList\",\"@id\":\"https:\\\/\\\/crous.eu\\\/ca\\\/mobiliari-urba\\\/bancs-i-taules\\\/taula-picnic-eco\\\/#breadcrumb\",\"itemListElement\":[{\"@type\":\"ListItem\",\"position\":1,\"name\":\"Portada\",\"item\":\"https:\\\/\\\/crous.eu\\\/ca\\\/\"},{\"@type\":\"ListItem\",\"position\":2,\"name\":\"Tienda\",\"item\":\"https:\\\/\\\/crous.eu\\\/tienda\\\/\"},{\"@type\":\"ListItem\",\"position\":3,\"name\":\"Taula P\u00edcnic Eco\"}]},{\"@type\":\"WebSite\",\"@id\":\"https:\\\/\\\/crous.eu\\\/ca\\\/#website\",\"url\":\"https:\\\/\\\/crous.eu\\\/ca\\\/\",\"name\":\"Crous Expert\",\"description\":\"Personalizamos tu entorno\",\"potentialAction\":[{\"@type\":\"SearchAction\",\"target\":{\"@type\":\"EntryPoint\",\"urlTemplate\":\"https:\\\/\\\/crous.eu\\\/ca\\\/?s={search_term_string}\"},\"query-input\":{\"@type\":\"PropertyValueSpecification\",\"valueRequired\":true,\"valueName\":\"search_term_string\"}}],\"inLanguage\":\"ca\"}]}<\/script>\n<!-- \/ Yoast SEO plugin. -->","yoast_head_json":{"title":"Taula P\u00edcnic Eco - Crous Expert","description":"Taula de fusta tecnol\u00f2gica amb bancs adossats perfecta per a zones rurals, espais de descans i p\u00edcnic. Se subministra en format kit.","robots":{"index":"index","follow":"follow","max-snippet":"max-snippet:-1","max-image-preview":"max-image-preview:large","max-video-preview":"max-video-preview:-1"},"canonical":"https:\/\/crous.eu\/ca\/mobiliari-urba\/bancs-i-taules\/taula-picnic-eco\/","og_locale":"ca_ES","og_type":"article","og_title":"Taula P\u00edcnic Eco - Crous Expert","og_description":"Taula de fusta tecnol\u00f2gica amb bancs adossats perfecta per a zones rurals, espais de descans i p\u00edcnic. Se subministra en format kit.","og_url":"https:\/\/crous.eu\/ca\/mobiliari-urba\/bancs-i-taules\/taula-picnic-eco\/","og_site_name":"Crous Expert","article_modified_time":"2022-09-30T10:04:54+00:00","og_image":[{"width":550,"height":550,"url":"https:\/\/crous.eu\/wp-content\/uploads\/MUB009E.jpg.png","type":"image\/png"}],"twitter_card":"summary_large_image","schema":{"@context":"https:\/\/schema.org","@graph":[{"@type":"WebPage","@id":"https:\/\/crous.eu\/ca\/mobiliari-urba\/bancs-i-taules\/taula-picnic-eco\/","url":"https:\/\/crous.eu\/ca\/mobiliari-urba\/bancs-i-taules\/taula-picnic-eco\/","name":"Taula P\u00edcnic Eco - Crous Expert","isPartOf":{"@id":"https:\/\/crous.eu\/ca\/#website"},"primaryImageOfPage":{"@id":"https:\/\/crous.eu\/ca\/mobiliari-urba\/bancs-i-taules\/taula-picnic-eco\/#primaryimage"},"image":{"@id":"https:\/\/crous.eu\/ca\/mobiliari-urba\/bancs-i-taules\/taula-picnic-eco\/#primaryimage"},"thumbnailUrl":"https:\/\/crous.eu\/wp-content\/uploads\/MUB009E_1-3.jpg","datePublished":"2021-07-08T17:16:38+00:00","dateModified":"2022-09-30T10:04:54+00:00","description":"Taula de fusta tecnol\u00f2gica amb bancs adossats perfecta per a zones rurals, espais de descans i p\u00edcnic. Se subministra en format kit.","breadcrumb":{"@id":"https:\/\/crous.eu\/ca\/mobiliari-urba\/bancs-i-taules\/taula-picnic-eco\/#breadcrumb"},"inLanguage":"ca","potentialAction":[{"@type":"ReadAction","target":["https:\/\/crous.eu\/ca\/mobiliari-urba\/bancs-i-taules\/taula-picnic-eco\/"]}]},{"@type":"ImageObject","inLanguage":"ca","@id":"https:\/\/crous.eu\/ca\/mobiliari-urba\/bancs-i-taules\/taula-picnic-eco\/#primaryimage","url":"https:\/\/crous.eu\/wp-content\/uploads\/MUB009E_1-3.jpg","contentUrl":"https:\/\/crous.eu\/wp-content\/uploads\/MUB009E_1-3.jpg","width":550,"height":550},{"@type":"BreadcrumbList","@id":"https:\/\/crous.eu\/ca\/mobiliari-urba\/bancs-i-taules\/taula-picnic-eco\/#breadcrumb","itemListElement":[{"@type":"ListItem","position":1,"name":"Portada","item":"https:\/\/crous.eu\/ca\/"},{"@type":"ListItem","position":2,"name":"Tienda","item":"https:\/\/crous.eu\/tienda\/"},{"@type":"ListItem","position":3,"name":"Taula P\u00edcnic Eco"}]},{"@type":"WebSite","@id":"https:\/\/crous.eu\/ca\/#website","url":"https:\/\/crous.eu\/ca\/","name":"Crous Expert","description":"Personalizamos tu entorno","potentialAction":[{"@type":"SearchAction","target":{"@type":"EntryPoint","urlTemplate":"https:\/\/crous.eu\/ca\/?s={search_term_string}"},"query-input":{"@type":"PropertyValueSpecification","valueRequired":true,"valueName":"search_term_string"}}],"inLanguage":"ca"}]}},"_links":{"self":[{"href":"https:\/\/crous.eu\/ca\/wp-json\/wp\/v2\/product\/18830","targetHints":{"allow":["GET"]}}],"collection":[{"href":"https:\/\/crous.eu\/ca\/wp-json\/wp\/v2\/product"}],"about":[{"href":"https:\/\/crous.eu\/ca\/wp-json\/wp\/v2\/types\/product"}],"wp:featuredmedia":[{"embeddable":true,"href":"https:\/\/crous.eu\/ca\/wp-json\/wp\/v2\/media\/29150"}],"wp:attachment":[{"href":"https:\/\/crous.eu\/ca\/wp-json\/wp\/v2\/media?parent=18830"}],"wp:term":[{"taxonomy":"product_brand","embeddable":true,"href":"https:\/\/crous.eu\/ca\/wp-json\/wp\/v2\/product_brand?post=18830"},{"taxonomy":"product_cat","embeddable":true,"href":"https:\/\/crous.eu\/ca\/wp-json\/wp\/v2\/product_cat?post=18830"},{"taxonomy":"product_tag","embeddable":true,"href":"https:\/\/crous.eu\/ca\/wp-json\/wp\/v2\/product_tag?post=18830"}],"curies":[{"name":"wp","href":"https:\/\/api.w.org\/{rel}","templated":true}]}}