{"id":18855,"date":"2021-07-08T18:45:39","date_gmt":"2021-07-08T17:17:19","guid":{"rendered":"http:\/\/crous.eu.mialias.net\/Sense%20categoria\/pilona-aro-eco\/"},"modified":"2022-10-11T09:00:25","modified_gmt":"2022-10-11T07:00:25","slug":"pilona-aro-eco","status":"publish","type":"product","link":"https:\/\/crous.eu\/ca\/mobiliari-urba\/pilones\/pilona-aro-eco\/","title":{"rendered":"Pilona Aro Eco"},"content":{"rendered":"","protected":false},"excerpt":{"rendered":"<p>\u2022 Pilona de gran estabilitat fabricada amb mat\u00e8ria primera provinent de RSU (Residus S\u00f2lids<br \/>\nUrbans), donant un \u00fas a aquests residus.<br \/>\n\u2022 Estructura exterior en polietil\u00e8 d&#8217;alta densitat de 4mm.<br \/>\n\u2022 Interior ple de material compost de ciment i RSU i vareta d&#8217;acer corrugat.<br \/>\n\u2022 Ancoratge al s\u00f2l mitjan\u00e7ant la mateixa vareta interior i ciment.<br \/>\n\u2022 Possibilitat de personalitzaci\u00f3 mitjan\u00e7ant inclusi\u00f3 d&#8217;escut i fabricaci\u00f3 en diferents colors.<br \/>\n\u2022 Ideal per a delimitar zones p\u00fabliques, planificant els espais i adaptant-se a les condicions<br \/>\nd&#8217;accessibilitat.<\/p>\n","protected":false},"featured_media":12458,"template":"","meta":{"_acf_changed":false},"product_brand":[],"product_cat":[473,481],"product_tag":[],"class_list":{"0":"post-18855","1":"product","2":"type-product","3":"status-publish","4":"has-post-thumbnail","6":"product_cat-mobiliari-urba","7":"product_cat-pilones","9":"first","10":"instock","11":"product-type-simple"},"acf":[],"yoast_head":"<!-- This site is optimized with the Yoast SEO plugin v27.4 - https:\/\/yoast.com\/product\/yoast-seo-wordpress\/ -->\n<title>Pilona Aro Eco - Crous Expert<\/title>\n<meta name=\"description\" content=\"Pilona per a delimitar zones p\u00fabliques. Estructura exterior en polietil\u00e8 d&#039;alta densitat, amb interior de ciment i RSU.\" \/>\n<meta name=\"robots\" content=\"index, follow, max-snippet:-1, max-image-preview:large, max-video-preview:-1\" \/>\n<link rel=\"canonical\" href=\"https:\/\/crous.eu\/ca\/mobiliari-urba\/pilones\/pilona-aro-eco\/\" \/>\n<meta property=\"og:locale\" content=\"ca_ES\" \/>\n<meta property=\"og:type\" content=\"article\" \/>\n<meta property=\"og:title\" content=\"Pilona Aro Eco - Crous Expert\" \/>\n<meta property=\"og:description\" content=\"Pilona per a delimitar zones p\u00fabliques. Estructura exterior en polietil\u00e8 d&#039;alta densitat, amb interior de ciment i RSU.\" \/>\n<meta property=\"og:url\" content=\"https:\/\/crous.eu\/ca\/mobiliari-urba\/pilones\/pilona-aro-eco\/\" \/>\n<meta property=\"og:site_name\" content=\"Crous Expert\" \/>\n<meta property=\"article:modified_time\" content=\"2022-10-11T07:00:25+00:00\" \/>\n<meta property=\"og:image\" content=\"https:\/\/crous.eu\/wp-content\/uploads\/MUH001R.jpg\" \/>\n\t<meta property=\"og:image:width\" content=\"550\" \/>\n\t<meta property=\"og:image:height\" content=\"550\" \/>\n\t<meta property=\"og:image:type\" content=\"image\/jpeg\" \/>\n<meta name=\"twitter:card\" content=\"summary_large_image\" \/>\n<script type=\"application\/ld+json\" class=\"yoast-schema-graph\">{\"@context\":\"https:\\\/\\\/schema.org\",\"@graph\":[{\"@type\":\"WebPage\",\"@id\":\"https:\\\/\\\/crous.eu\\\/ca\\\/mobiliari-urba\\\/pilones\\\/pilona-aro-eco\\\/\",\"url\":\"https:\\\/\\\/crous.eu\\\/ca\\\/mobiliari-urba\\\/pilones\\\/pilona-aro-eco\\\/\",\"name\":\"Pilona Aro Eco - Crous Expert\",\"isPartOf\":{\"@id\":\"https:\\\/\\\/crous.eu\\\/ca\\\/#website\"},\"primaryImageOfPage\":{\"@id\":\"https:\\\/\\\/crous.eu\\\/ca\\\/mobiliari-urba\\\/pilones\\\/pilona-aro-eco\\\/#primaryimage\"},\"image\":{\"@id\":\"https:\\\/\\\/crous.eu\\\/ca\\\/mobiliari-urba\\\/pilones\\\/pilona-aro-eco\\\/#primaryimage\"},\"thumbnailUrl\":\"https:\\\/\\\/crous.eu\\\/wp-content\\\/uploads\\\/MUH001R.jpg\",\"datePublished\":\"2021-07-08T17:17:19+00:00\",\"dateModified\":\"2022-10-11T07:00:25+00:00\",\"description\":\"Pilona per a delimitar zones p\u00fabliques. Estructura exterior en polietil\u00e8 d'alta densitat, amb interior de ciment i RSU.\",\"breadcrumb\":{\"@id\":\"https:\\\/\\\/crous.eu\\\/ca\\\/mobiliari-urba\\\/pilones\\\/pilona-aro-eco\\\/#breadcrumb\"},\"inLanguage\":\"ca\",\"potentialAction\":[{\"@type\":\"ReadAction\",\"target\":[\"https:\\\/\\\/crous.eu\\\/ca\\\/mobiliari-urba\\\/pilones\\\/pilona-aro-eco\\\/\"]}]},{\"@type\":\"ImageObject\",\"inLanguage\":\"ca\",\"@id\":\"https:\\\/\\\/crous.eu\\\/ca\\\/mobiliari-urba\\\/pilones\\\/pilona-aro-eco\\\/#primaryimage\",\"url\":\"https:\\\/\\\/crous.eu\\\/wp-content\\\/uploads\\\/MUH001R.jpg\",\"contentUrl\":\"https:\\\/\\\/crous.eu\\\/wp-content\\\/uploads\\\/MUH001R.jpg\",\"width\":550,\"height\":550},{\"@type\":\"BreadcrumbList\",\"@id\":\"https:\\\/\\\/crous.eu\\\/ca\\\/mobiliari-urba\\\/pilones\\\/pilona-aro-eco\\\/#breadcrumb\",\"itemListElement\":[{\"@type\":\"ListItem\",\"position\":1,\"name\":\"Portada\",\"item\":\"https:\\\/\\\/crous.eu\\\/ca\\\/\"},{\"@type\":\"ListItem\",\"position\":2,\"name\":\"Tienda\",\"item\":\"https:\\\/\\\/crous.eu\\\/tienda\\\/\"},{\"@type\":\"ListItem\",\"position\":3,\"name\":\"Pilona Aro Eco\"}]},{\"@type\":\"WebSite\",\"@id\":\"https:\\\/\\\/crous.eu\\\/ca\\\/#website\",\"url\":\"https:\\\/\\\/crous.eu\\\/ca\\\/\",\"name\":\"Crous Expert\",\"description\":\"Personalizamos tu entorno\",\"potentialAction\":[{\"@type\":\"SearchAction\",\"target\":{\"@type\":\"EntryPoint\",\"urlTemplate\":\"https:\\\/\\\/crous.eu\\\/ca\\\/?s={search_term_string}\"},\"query-input\":{\"@type\":\"PropertyValueSpecification\",\"valueRequired\":true,\"valueName\":\"search_term_string\"}}],\"inLanguage\":\"ca\"}]}<\/script>\n<!-- \/ Yoast SEO plugin. -->","yoast_head_json":{"title":"Pilona Aro Eco - Crous Expert","description":"Pilona per a delimitar zones p\u00fabliques. Estructura exterior en polietil\u00e8 d'alta densitat, amb interior de ciment i RSU.","robots":{"index":"index","follow":"follow","max-snippet":"max-snippet:-1","max-image-preview":"max-image-preview:large","max-video-preview":"max-video-preview:-1"},"canonical":"https:\/\/crous.eu\/ca\/mobiliari-urba\/pilones\/pilona-aro-eco\/","og_locale":"ca_ES","og_type":"article","og_title":"Pilona Aro Eco - Crous Expert","og_description":"Pilona per a delimitar zones p\u00fabliques. Estructura exterior en polietil\u00e8 d'alta densitat, amb interior de ciment i RSU.","og_url":"https:\/\/crous.eu\/ca\/mobiliari-urba\/pilones\/pilona-aro-eco\/","og_site_name":"Crous Expert","article_modified_time":"2022-10-11T07:00:25+00:00","og_image":[{"width":550,"height":550,"url":"https:\/\/crous.eu\/wp-content\/uploads\/MUH001R.jpg","type":"image\/jpeg"}],"twitter_card":"summary_large_image","schema":{"@context":"https:\/\/schema.org","@graph":[{"@type":"WebPage","@id":"https:\/\/crous.eu\/ca\/mobiliari-urba\/pilones\/pilona-aro-eco\/","url":"https:\/\/crous.eu\/ca\/mobiliari-urba\/pilones\/pilona-aro-eco\/","name":"Pilona Aro Eco - Crous Expert","isPartOf":{"@id":"https:\/\/crous.eu\/ca\/#website"},"primaryImageOfPage":{"@id":"https:\/\/crous.eu\/ca\/mobiliari-urba\/pilones\/pilona-aro-eco\/#primaryimage"},"image":{"@id":"https:\/\/crous.eu\/ca\/mobiliari-urba\/pilones\/pilona-aro-eco\/#primaryimage"},"thumbnailUrl":"https:\/\/crous.eu\/wp-content\/uploads\/MUH001R.jpg","datePublished":"2021-07-08T17:17:19+00:00","dateModified":"2022-10-11T07:00:25+00:00","description":"Pilona per a delimitar zones p\u00fabliques. Estructura exterior en polietil\u00e8 d'alta densitat, amb interior de ciment i RSU.","breadcrumb":{"@id":"https:\/\/crous.eu\/ca\/mobiliari-urba\/pilones\/pilona-aro-eco\/#breadcrumb"},"inLanguage":"ca","potentialAction":[{"@type":"ReadAction","target":["https:\/\/crous.eu\/ca\/mobiliari-urba\/pilones\/pilona-aro-eco\/"]}]},{"@type":"ImageObject","inLanguage":"ca","@id":"https:\/\/crous.eu\/ca\/mobiliari-urba\/pilones\/pilona-aro-eco\/#primaryimage","url":"https:\/\/crous.eu\/wp-content\/uploads\/MUH001R.jpg","contentUrl":"https:\/\/crous.eu\/wp-content\/uploads\/MUH001R.jpg","width":550,"height":550},{"@type":"BreadcrumbList","@id":"https:\/\/crous.eu\/ca\/mobiliari-urba\/pilones\/pilona-aro-eco\/#breadcrumb","itemListElement":[{"@type":"ListItem","position":1,"name":"Portada","item":"https:\/\/crous.eu\/ca\/"},{"@type":"ListItem","position":2,"name":"Tienda","item":"https:\/\/crous.eu\/tienda\/"},{"@type":"ListItem","position":3,"name":"Pilona Aro Eco"}]},{"@type":"WebSite","@id":"https:\/\/crous.eu\/ca\/#website","url":"https:\/\/crous.eu\/ca\/","name":"Crous Expert","description":"Personalizamos tu entorno","potentialAction":[{"@type":"SearchAction","target":{"@type":"EntryPoint","urlTemplate":"https:\/\/crous.eu\/ca\/?s={search_term_string}"},"query-input":{"@type":"PropertyValueSpecification","valueRequired":true,"valueName":"search_term_string"}}],"inLanguage":"ca"}]}},"_links":{"self":[{"href":"https:\/\/crous.eu\/ca\/wp-json\/wp\/v2\/product\/18855","targetHints":{"allow":["GET"]}}],"collection":[{"href":"https:\/\/crous.eu\/ca\/wp-json\/wp\/v2\/product"}],"about":[{"href":"https:\/\/crous.eu\/ca\/wp-json\/wp\/v2\/types\/product"}],"wp:featuredmedia":[{"embeddable":true,"href":"https:\/\/crous.eu\/ca\/wp-json\/wp\/v2\/media\/12458"}],"wp:attachment":[{"href":"https:\/\/crous.eu\/ca\/wp-json\/wp\/v2\/media?parent=18855"}],"wp:term":[{"taxonomy":"product_brand","embeddable":true,"href":"https:\/\/crous.eu\/ca\/wp-json\/wp\/v2\/product_brand?post=18855"},{"taxonomy":"product_cat","embeddable":true,"href":"https:\/\/crous.eu\/ca\/wp-json\/wp\/v2\/product_cat?post=18855"},{"taxonomy":"product_tag","embeddable":true,"href":"https:\/\/crous.eu\/ca\/wp-json\/wp\/v2\/product_tag?post=18855"}],"curies":[{"name":"wp","href":"https:\/\/api.w.org\/{rel}","templated":true}]}}