{"id":18882,"date":"2021-07-08T18:46:04","date_gmt":"2021-07-08T17:17:59","guid":{"rendered":"http:\/\/crous.eu.mialias.net\/Sense%20categoria\/paperera-expert-eco\/"},"modified":"2023-03-14T15:35:38","modified_gmt":"2023-03-14T14:35:38","slug":"paperera-expert-eco","status":"publish","type":"product","link":"https:\/\/crous.eu\/ca\/mobiliari-urba\/papereres\/paperera-expert-eco\/","title":{"rendered":"Paperera Expert Eco"},"content":{"rendered":"","protected":false},"excerpt":{"rendered":"<p>\u2022 Paperera amb estructura de fusta, amb tapa d\u2019obertura superior.<br \/>\n\u2022 Fabricada \u00edntegrament amb taulons de fusta tecnol\u00f2gica i ecol\u00f2gica procedent del<br \/>\nreciclatge de residus, pl\u00e0stics urbans (RSU) i de fusta, un material reciclat i reciclable.<br \/>\n\u2022 Material resistent i de gran durabilitat.<br \/>\n\u2022 Proporciona facilitat de recollida.<br \/>\n\u2022 Personalitzable amb textos i logos pr\u00f2pis<\/p>\n","protected":false},"featured_media":23697,"template":"","meta":{"_acf_changed":false},"product_brand":[],"product_cat":[473,480],"product_tag":[],"class_list":{"0":"post-18882","1":"product","2":"type-product","3":"status-publish","4":"has-post-thumbnail","6":"product_cat-mobiliari-urba","7":"product_cat-papereres","9":"first","10":"instock","11":"product-type-simple"},"acf":[],"yoast_head":"<!-- This site is optimized with the Yoast SEO plugin v27.4 - https:\/\/yoast.com\/product\/yoast-seo-wordpress\/ -->\n<title>Paperera Expert Eco - Crous Expert<\/title>\n<meta name=\"robots\" content=\"index, follow, max-snippet:-1, max-image-preview:large, max-video-preview:-1\" \/>\n<link rel=\"canonical\" href=\"https:\/\/crous.eu\/ca\/mobiliari-urba\/papereres\/paperera-expert-eco\/\" \/>\n<meta property=\"og:locale\" content=\"ca_ES\" \/>\n<meta property=\"og:type\" content=\"article\" \/>\n<meta property=\"og:title\" content=\"Paperera Expert Eco - Crous Expert\" \/>\n<meta property=\"og:description\" content=\"\u2022 Paperera amb estructura de fusta, amb tapa d\u2019obertura superior. \u2022 Fabricada \u00edntegrament amb taulons de fusta tecnol\u00f2gica i ecol\u00f2gica procedent del reciclatge de residus, pl\u00e0stics urbans (RSU) i de fusta, un material reciclat i reciclable. \u2022 Material resistent i de gran durabilitat. \u2022 Proporciona facilitat de recollida. \u2022 Personalitzable amb textos i logos pr\u00f2pis\" \/>\n<meta property=\"og:url\" content=\"https:\/\/crous.eu\/ca\/mobiliari-urba\/papereres\/paperera-expert-eco\/\" \/>\n<meta property=\"og:site_name\" content=\"Crous Expert\" \/>\n<meta property=\"article:modified_time\" content=\"2023-03-14T14:35:38+00:00\" \/>\n<meta property=\"og:image\" content=\"https:\/\/crous.eu\/wp-content\/uploads\/MUP017E.jpg\" \/>\n\t<meta property=\"og:image:width\" content=\"550\" \/>\n\t<meta property=\"og:image:height\" content=\"550\" \/>\n\t<meta property=\"og:image:type\" content=\"image\/jpeg\" \/>\n<meta name=\"twitter:card\" content=\"summary_large_image\" \/>\n<script type=\"application\/ld+json\" class=\"yoast-schema-graph\">{\"@context\":\"https:\\\/\\\/schema.org\",\"@graph\":[{\"@type\":\"WebPage\",\"@id\":\"https:\\\/\\\/crous.eu\\\/ca\\\/mobiliari-urba\\\/papereres\\\/paperera-expert-eco\\\/\",\"url\":\"https:\\\/\\\/crous.eu\\\/ca\\\/mobiliari-urba\\\/papereres\\\/paperera-expert-eco\\\/\",\"name\":\"Paperera Expert Eco - Crous Expert\",\"isPartOf\":{\"@id\":\"https:\\\/\\\/crous.eu\\\/ca\\\/#website\"},\"primaryImageOfPage\":{\"@id\":\"https:\\\/\\\/crous.eu\\\/ca\\\/mobiliari-urba\\\/papereres\\\/paperera-expert-eco\\\/#primaryimage\"},\"image\":{\"@id\":\"https:\\\/\\\/crous.eu\\\/ca\\\/mobiliari-urba\\\/papereres\\\/paperera-expert-eco\\\/#primaryimage\"},\"thumbnailUrl\":\"https:\\\/\\\/crous.eu\\\/wp-content\\\/uploads\\\/MUP017E.jpg\",\"datePublished\":\"2021-07-08T17:17:59+00:00\",\"dateModified\":\"2023-03-14T14:35:38+00:00\",\"breadcrumb\":{\"@id\":\"https:\\\/\\\/crous.eu\\\/ca\\\/mobiliari-urba\\\/papereres\\\/paperera-expert-eco\\\/#breadcrumb\"},\"inLanguage\":\"ca\",\"potentialAction\":[{\"@type\":\"ReadAction\",\"target\":[\"https:\\\/\\\/crous.eu\\\/ca\\\/mobiliari-urba\\\/papereres\\\/paperera-expert-eco\\\/\"]}]},{\"@type\":\"ImageObject\",\"inLanguage\":\"ca\",\"@id\":\"https:\\\/\\\/crous.eu\\\/ca\\\/mobiliari-urba\\\/papereres\\\/paperera-expert-eco\\\/#primaryimage\",\"url\":\"https:\\\/\\\/crous.eu\\\/wp-content\\\/uploads\\\/MUP017E.jpg\",\"contentUrl\":\"https:\\\/\\\/crous.eu\\\/wp-content\\\/uploads\\\/MUP017E.jpg\",\"width\":550,\"height\":550},{\"@type\":\"BreadcrumbList\",\"@id\":\"https:\\\/\\\/crous.eu\\\/ca\\\/mobiliari-urba\\\/papereres\\\/paperera-expert-eco\\\/#breadcrumb\",\"itemListElement\":[{\"@type\":\"ListItem\",\"position\":1,\"name\":\"Portada\",\"item\":\"https:\\\/\\\/crous.eu\\\/ca\\\/\"},{\"@type\":\"ListItem\",\"position\":2,\"name\":\"Tienda\",\"item\":\"https:\\\/\\\/crous.eu\\\/tienda\\\/\"},{\"@type\":\"ListItem\",\"position\":3,\"name\":\"Paperera Expert Eco\"}]},{\"@type\":\"WebSite\",\"@id\":\"https:\\\/\\\/crous.eu\\\/ca\\\/#website\",\"url\":\"https:\\\/\\\/crous.eu\\\/ca\\\/\",\"name\":\"Crous Expert\",\"description\":\"Personalizamos tu entorno\",\"potentialAction\":[{\"@type\":\"SearchAction\",\"target\":{\"@type\":\"EntryPoint\",\"urlTemplate\":\"https:\\\/\\\/crous.eu\\\/ca\\\/?s={search_term_string}\"},\"query-input\":{\"@type\":\"PropertyValueSpecification\",\"valueRequired\":true,\"valueName\":\"search_term_string\"}}],\"inLanguage\":\"ca\"}]}<\/script>\n<!-- \/ Yoast SEO plugin. -->","yoast_head_json":{"title":"Paperera Expert Eco - Crous Expert","robots":{"index":"index","follow":"follow","max-snippet":"max-snippet:-1","max-image-preview":"max-image-preview:large","max-video-preview":"max-video-preview:-1"},"canonical":"https:\/\/crous.eu\/ca\/mobiliari-urba\/papereres\/paperera-expert-eco\/","og_locale":"ca_ES","og_type":"article","og_title":"Paperera Expert Eco - Crous Expert","og_description":"\u2022 Paperera amb estructura de fusta, amb tapa d\u2019obertura superior. \u2022 Fabricada \u00edntegrament amb taulons de fusta tecnol\u00f2gica i ecol\u00f2gica procedent del reciclatge de residus, pl\u00e0stics urbans (RSU) i de fusta, un material reciclat i reciclable. \u2022 Material resistent i de gran durabilitat. \u2022 Proporciona facilitat de recollida. \u2022 Personalitzable amb textos i logos pr\u00f2pis","og_url":"https:\/\/crous.eu\/ca\/mobiliari-urba\/papereres\/paperera-expert-eco\/","og_site_name":"Crous Expert","article_modified_time":"2023-03-14T14:35:38+00:00","og_image":[{"width":550,"height":550,"url":"https:\/\/crous.eu\/wp-content\/uploads\/MUP017E.jpg","type":"image\/jpeg"}],"twitter_card":"summary_large_image","schema":{"@context":"https:\/\/schema.org","@graph":[{"@type":"WebPage","@id":"https:\/\/crous.eu\/ca\/mobiliari-urba\/papereres\/paperera-expert-eco\/","url":"https:\/\/crous.eu\/ca\/mobiliari-urba\/papereres\/paperera-expert-eco\/","name":"Paperera Expert Eco - Crous Expert","isPartOf":{"@id":"https:\/\/crous.eu\/ca\/#website"},"primaryImageOfPage":{"@id":"https:\/\/crous.eu\/ca\/mobiliari-urba\/papereres\/paperera-expert-eco\/#primaryimage"},"image":{"@id":"https:\/\/crous.eu\/ca\/mobiliari-urba\/papereres\/paperera-expert-eco\/#primaryimage"},"thumbnailUrl":"https:\/\/crous.eu\/wp-content\/uploads\/MUP017E.jpg","datePublished":"2021-07-08T17:17:59+00:00","dateModified":"2023-03-14T14:35:38+00:00","breadcrumb":{"@id":"https:\/\/crous.eu\/ca\/mobiliari-urba\/papereres\/paperera-expert-eco\/#breadcrumb"},"inLanguage":"ca","potentialAction":[{"@type":"ReadAction","target":["https:\/\/crous.eu\/ca\/mobiliari-urba\/papereres\/paperera-expert-eco\/"]}]},{"@type":"ImageObject","inLanguage":"ca","@id":"https:\/\/crous.eu\/ca\/mobiliari-urba\/papereres\/paperera-expert-eco\/#primaryimage","url":"https:\/\/crous.eu\/wp-content\/uploads\/MUP017E.jpg","contentUrl":"https:\/\/crous.eu\/wp-content\/uploads\/MUP017E.jpg","width":550,"height":550},{"@type":"BreadcrumbList","@id":"https:\/\/crous.eu\/ca\/mobiliari-urba\/papereres\/paperera-expert-eco\/#breadcrumb","itemListElement":[{"@type":"ListItem","position":1,"name":"Portada","item":"https:\/\/crous.eu\/ca\/"},{"@type":"ListItem","position":2,"name":"Tienda","item":"https:\/\/crous.eu\/tienda\/"},{"@type":"ListItem","position":3,"name":"Paperera Expert Eco"}]},{"@type":"WebSite","@id":"https:\/\/crous.eu\/ca\/#website","url":"https:\/\/crous.eu\/ca\/","name":"Crous Expert","description":"Personalizamos tu entorno","potentialAction":[{"@type":"SearchAction","target":{"@type":"EntryPoint","urlTemplate":"https:\/\/crous.eu\/ca\/?s={search_term_string}"},"query-input":{"@type":"PropertyValueSpecification","valueRequired":true,"valueName":"search_term_string"}}],"inLanguage":"ca"}]}},"_links":{"self":[{"href":"https:\/\/crous.eu\/ca\/wp-json\/wp\/v2\/product\/18882","targetHints":{"allow":["GET"]}}],"collection":[{"href":"https:\/\/crous.eu\/ca\/wp-json\/wp\/v2\/product"}],"about":[{"href":"https:\/\/crous.eu\/ca\/wp-json\/wp\/v2\/types\/product"}],"wp:featuredmedia":[{"embeddable":true,"href":"https:\/\/crous.eu\/ca\/wp-json\/wp\/v2\/media\/23697"}],"wp:attachment":[{"href":"https:\/\/crous.eu\/ca\/wp-json\/wp\/v2\/media?parent=18882"}],"wp:term":[{"taxonomy":"product_brand","embeddable":true,"href":"https:\/\/crous.eu\/ca\/wp-json\/wp\/v2\/product_brand?post=18882"},{"taxonomy":"product_cat","embeddable":true,"href":"https:\/\/crous.eu\/ca\/wp-json\/wp\/v2\/product_cat?post=18882"},{"taxonomy":"product_tag","embeddable":true,"href":"https:\/\/crous.eu\/ca\/wp-json\/wp\/v2\/product_tag?post=18882"}],"curies":[{"name":"wp","href":"https:\/\/api.w.org\/{rel}","templated":true}]}}