{"id":15326,"date":"2021-03-30T10:36:06","date_gmt":"2021-03-30T08:36:06","guid":{"rendered":"http:\/\/crous.eu.mialias.net\/politica-de-cookies\/"},"modified":"2021-03-30T10:36:06","modified_gmt":"2021-03-30T08:36:06","slug":"politica-de-cookies","status":"publish","type":"page","link":"https:\/\/crous.eu\/fr\/politica-de-cookies\/","title":{"rendered":"Pol\u00edtica de cookies"},"content":{"rendered":"\t\t<div data-elementor-type=\"wp-page\" data-elementor-id=\"15326\" class=\"elementor elementor-15326 elementor-15305\">\n\t\t\t\t\t\t<section class=\"elementor-section elementor-top-section elementor-element elementor-element-623da29 elementor-section-boxed elementor-section-height-default elementor-section-height-default parallax_section_no qode_elementor_container_no\" data-id=\"623da29\" data-element_type=\"section\" data-e-type=\"section\">\n\t\t\t\t\t\t<div class=\"elementor-container elementor-column-gap-default\">\n\t\t\t\t\t<div class=\"elementor-column elementor-col-100 elementor-top-column elementor-element elementor-element-9407d37\" data-id=\"9407d37\" data-element_type=\"column\" data-e-type=\"column\">\n\t\t\t<div class=\"elementor-widget-wrap elementor-element-populated\">\n\t\t\t\t\t\t<div class=\"elementor-element elementor-element-152279c elementor-widget elementor-widget-text-editor\" data-id=\"152279c\" data-element_type=\"widget\" data-e-type=\"widget\" data-widget_type=\"text-editor.default\">\n\t\t\t\t<div class=\"elementor-widget-container\">\n\t\t\t\t\t\t\t\t\t<h4>Pol\u00edtica de cookies<\/h4><p>\u00a0<\/p><p><strong>\u00bf<\/strong><strong>Qu<\/strong><strong>\u00e9\u00a0<\/strong><strong>son las cookies?<\/strong><\/p><p>Las cookies son peque\u00f1os archivos que algunas plataformas, como las p\u00e1ginas web, pueden instalar en su ordenador, tel\u00e9fono inteligente, tableta o televisi\u00f3n conectada, al acceder a las mismas. Sus funciones pueden ser muy variadas: almacenar sus preferencias de navegaci\u00f3n, recopilar informaci\u00f3n estad\u00edstica, permitir ciertas funcionalidades t\u00e9cnicas, almacenar y recuperar informaci\u00f3n sobre los h\u00e1bitos de navegaci\u00f3n o preferencias de un usuario o de su equipo hasta el punto, a veces, dependiendo de la informaci\u00f3n que contengan y de la forma en que utilice su equipo, de poder reconocerlo. Una cookie se almacena en un ordenador para personalizar y facilitar al m\u00e1ximo la navegaci\u00f3n del usuario. Las cookies se asocian \u00fanicamente a un usuario y su ordenador y no proporcionan referencias que permitan deducir datos personales del usuario. El usuario podr\u00e1 configurar su navegador para que notifique o rechace la instalaci\u00f3n de las cookies enviadas por el sitio web.<\/p><p>\u00a0<\/p><p><strong>\u00bfPor qu<\/strong><strong>\u00e9\u00a0<\/strong><strong>son importantes?<\/strong><\/p><p>Las cookies son \u00fatiles para diversos motivos. Desde un punto de vista t\u00e9cnico, permiten que las p\u00e1ginas web funcionen de forma m\u00e1s \u00e1gil y adaptada a las preferencias del usuario como, por ejemplo, almacenar su idioma o la moneda de su pa\u00eds. Adem\u00e1s, ayudan a los responsables de los sitios web a mejorar los servicios que ofrecen, gracias a la informaci\u00f3n estad\u00edstica que recogen a trav\u00e9s de ellas. Finalmente, sirven para hacer m\u00e1s eficiente la publicidad que le mostramos, gracias a la que le podemos ofrecer servicios de forma gratuita.<\/p><p>\u00a0<\/p><p><strong>\u00bfC\u00f3mo utilizamos las cookies?<\/strong><\/p><p>Navegar por esta web supone que se puedan instalar los siguientes tipos de galletas: galletas de mejora del rendimiento.<\/p><p>Este tipo de galletas conserva sus preferencias por ciertas herramientas o servicios que no tenga que reconfigurarse cada vez que visita nuestro portal y, en algunos casos, pueden ser aportados por terceros. Algunos ejemplos de este tipo de cookies son: ajuste del volumen de los reproductores audiovisuales, preferencias de ordenaci\u00f3n de art\u00edculos o velocidades de reproducci\u00f3n de v\u00eddeo compatibles. En el caso de comercio electr\u00f3nico, permiten mantener informaci\u00f3n sobre la cesta de la compra.<\/p><p>\u00a0<\/p><p><strong>Cookies de an<\/strong><strong>\u00e1lisis estad\u00ed<\/strong><strong>stico<\/strong><\/p><p>Son aquellas que, bien tratadas por nosotros o por terceros, permiten cuantificar el n\u00famero de visitantes y analizar estad\u00edsticamente la utilizaci\u00f3n que hacen los usuarios de nuestros servicios. Gracias a ellas podemos estudiar la navegaci\u00f3n por nuestra p\u00e1gina web y mejorar as\u00ed la oferta de productos o servicios que ofrecemos. Estas cookies no ir\u00e1n asociadas a ning\u00fan dato de car\u00e1cter personal que pueda identificar al usuario, dando informaci\u00f3n sobre el comportamiento de navegaci\u00f3n de forma an\u00f3nima.<\/p><p>\u00a0<\/p><p><strong>Cookies de geolocalizaci\u00f3n<\/strong><\/p><p>Estas galletas son usadas para programas que intentan localizar geogr\u00e1ficamente la situaci\u00f3n del ordenador, smartphone, tableta o televisi\u00f3n conectada, por de manera totalmente an\u00f3nima ofrecer contenidos y servicios m\u00e1s adecuados.<\/p><p>\u00a0<\/p><p><strong>Cookies de registro<\/strong><\/p><p>Son galletas que lo identifican como usuario registrado e indican cuando usted se ha identificado en la web. Estas cookies son utilizadas para identificar su cuenta de usuario y sus servicios asociados, facilitando as\u00ed su navegaci\u00f3n. Estas galletas se mantienen mientras usted no abandone la cuenta, cierre el navegador o apaga el dispositivo. Estas galletas pueden ser utilizadas en combinaci\u00f3n con datos anal\u00edticos para identificar de forma individual sus preferencias en nuestro portal.<\/p><p>\u00a0<\/p><p><strong>Cookies publicitarias<\/strong><\/p><p>Son aquellas que, bien tratadas por nosotros o por terceros, permiten gestionar eficazmente los espacios publicitarios de nuestro sitio web, adecuando el contenido de los anuncios al contenido del servicio solicitado o del uso que realice de nuestra p\u00e1gina web. Gracias a ella podemos conocer sus h\u00e1bitos de navegaci\u00f3n en internet y mostrarle publicidad relacionada con su perfil de navegaci\u00f3n.<\/p><p>\u00a0<\/p><p><strong>Otras cookies de terceros<\/strong><\/p><p>En algunas de nuestras p\u00e1ginas se pueden instalar cookies de terceros que permitan gestionar y mejorar los servicios que estos ofrecen. Un ejemplo de este uso son los enlaces a las redes sociales que permiten compartir nuestros contenidos.<\/p><p>\u00a0<\/p><p><strong>\u00bfC\u00f3mo puedo configurar mis preferencias?<\/strong><\/p><p>Usted puede permitir, bloquear o eliminar las cookies instaladas en su equipo mediante la configuraci\u00f3n de las opciones de su navegador de internet.<\/p><p>A continuaci\u00f3n os ofrecemos enlaces en los que encontrar\u00e1 informaci\u00f3n sobre c\u00f3mo puede activar sus preferencias en los principales navegadores:<br \/><a href=\"https:\/\/support.google.com\/chrome\/answer\/95647?hl=es\" target=\"_blank\" rel=\"noopener\">Google Chrome<\/a><br \/><a href=\"https:\/\/support.mozilla.org\/es\/kb\/cookies-informacion-que-los-sitios-web-guardan-en-?redirectlocale=en-US&amp;redirectslug=Cookies\" target=\"_blank\" rel=\"noopener\">Mozilla Firefox<\/a><br \/><a href=\"https:\/\/support.microsoft.com\/es-es\/help\/196955\/how-to-set-and-customize-cookies-settings-in-internet-explorer-5\" target=\"_blank\" rel=\"noopener\">Internet Explorer<\/a><br \/><a href=\"https:\/\/support.apple.com\/?path=Safari\/3.0\/fr\/9277.html\" target=\"_blank\" rel=\"noopener\">Safari<\/a><br \/><a href=\"https:\/\/support.apple.com\/es-es\/HT201265\" target=\"_blank\" rel=\"noopener\">Safari per IOS<\/a>(iPhone, iPad)<\/p><p>\u00a0<\/p><p><strong>\u00bf<\/strong><strong>Qu<\/strong><strong>\u00e9\u00a0<\/strong><strong>pasa si se desactivan las cookies?<\/strong><\/p><p>En el caso de bloquear o no aceptar la instalaci\u00f3n de cookies es posible que ciertos servicios ofrecidos por nuestro sitio web que necesitan su uso queden deshabilitados y, por tanto, no est\u00e9n disponibles para usted de modo que no podr\u00e1 aprovechar por completo todo lo que nuestras webs y aplicaciones le ofrecen. Es posible tambi\u00e9n que la calidad de funcionamiento de la p\u00e1gina web pueda disminuir.<\/p><p>\u00a0<\/p><p><strong>Aceptaci\u00f3<\/strong><strong>n de cookies<\/strong><\/p><p>Si sigue navegando despu\u00e9s de haberle informado sobre nuestra Pol\u00edtica de cookies entendemos que acepta la utilizaci\u00f3n de las cookies.<\/p><p>Al acceder a este sitio web o aplicaci\u00f3n por primera vez, ver\u00e1 una ventana donde se le informa de la utilizaci\u00f3n de las cookies y donde puede consultar esta pol\u00edtica de cookies. Si usted consiente la utilizaci\u00f3n de cookies, sigue navegando o hace clic en alg\u00fan link entender\u00e1 que usted ha consentido nuestra pol\u00edtica de cookies y, por tanto, la instalaci\u00f3n de las mismas en su equipo o dispositivo.<\/p><p>Adem\u00e1s del uso de nuestras galletas propias, permitimos a terceros cookies y acceder en su ordenador. El consentimiento del uso de las cookies de estas empresas est\u00e1 ligado a la navegaci\u00f3n por este sitio web.<\/p>\t\t\t\t\t\t\t\t<\/div>\n\t\t\t\t<\/div>\n\t\t\t\t\t<\/div>\n\t\t<\/div>\n\t\t\t\t\t<\/div>\n\t\t<\/section>\n\t\t\t\t<\/div>\n\t\t","protected":false},"excerpt":{"rendered":"<p>Pol\u00edtica de cookies \u00bfQu\u00e9&nbsp;son las cookies? Las cookies son peque\u00f1os archivos que algunas plataformas, como las p\u00e1ginas web, pueden instalar en su ordenador, tel\u00e9fono inteligente, tableta o televisi\u00f3n conectada, al acceder a las mismas. Sus funciones pueden ser muy variadas: almacenar sus preferencias de navegaci\u00f3n,&#8230;<\/p>\n","protected":false},"author":1,"featured_media":0,"parent":0,"menu_order":0,"comment_status":"closed","ping_status":"closed","template":"","meta":{"_acf_changed":false,"footnotes":""},"class_list":["post-15326","page","type-page","status-publish","hentry"],"acf":[],"yoast_head":"<!-- This site is optimized with the Yoast SEO plugin v27.4 - https:\/\/yoast.com\/product\/yoast-seo-wordpress\/ -->\n<title>Pol\u00edtica de cookies - Crous Expert<\/title>\n<meta name=\"robots\" content=\"noindex, nofollow\" \/>\n<meta property=\"og:locale\" content=\"fr_FR\" \/>\n<meta property=\"og:type\" content=\"article\" \/>\n<meta property=\"og:title\" content=\"Pol\u00edtica de cookies - Crous Expert\" \/>\n<meta property=\"og:description\" content=\"Pol\u00edtica de cookies \u00bfQu\u00e9&nbsp;son las cookies? Las cookies son peque\u00f1os archivos que algunas plataformas, como las p\u00e1ginas web, pueden instalar en su ordenador, tel\u00e9fono inteligente, tableta o televisi\u00f3n conectada, al acceder a las mismas. Sus funciones pueden ser muy variadas: almacenar sus preferencias de navegaci\u00f3n,...\" \/>\n<meta property=\"og:url\" content=\"https:\/\/crous.eu\/fr\/politica-de-cookies\/\" \/>\n<meta property=\"og:site_name\" content=\"Crous Expert\" \/>\n<meta name=\"twitter:card\" content=\"summary_large_image\" \/>\n<meta name=\"twitter:label1\" content=\"Dur\u00e9e de lecture estim\u00e9e\" \/>\n\t<meta name=\"twitter:data1\" content=\"5 minutes\" \/>\n<script type=\"application\/ld+json\" class=\"yoast-schema-graph\">{\"@context\":\"https:\\\/\\\/schema.org\",\"@graph\":[{\"@type\":\"WebPage\",\"@id\":\"https:\\\/\\\/crous.eu\\\/fr\\\/politica-de-cookies\\\/\",\"url\":\"https:\\\/\\\/crous.eu\\\/fr\\\/politica-de-cookies\\\/\",\"name\":\"Pol\u00edtica de cookies - Crous Expert\",\"isPartOf\":{\"@id\":\"https:\\\/\\\/crous.eu\\\/fr\\\/#website\"},\"datePublished\":\"2021-03-30T08:36:06+00:00\",\"breadcrumb\":{\"@id\":\"https:\\\/\\\/crous.eu\\\/fr\\\/politica-de-cookies\\\/#breadcrumb\"},\"inLanguage\":\"fr-FR\",\"potentialAction\":[{\"@type\":\"ReadAction\",\"target\":[\"https:\\\/\\\/crous.eu\\\/fr\\\/politica-de-cookies\\\/\"]}]},{\"@type\":\"BreadcrumbList\",\"@id\":\"https:\\\/\\\/crous.eu\\\/fr\\\/politica-de-cookies\\\/#breadcrumb\",\"itemListElement\":[{\"@type\":\"ListItem\",\"position\":1,\"name\":\"Portada\",\"item\":\"https:\\\/\\\/crous.eu\\\/fr\\\/\"},{\"@type\":\"ListItem\",\"position\":2,\"name\":\"Pol\u00edtica de cookies\"}]},{\"@type\":\"WebSite\",\"@id\":\"https:\\\/\\\/crous.eu\\\/fr\\\/#website\",\"url\":\"https:\\\/\\\/crous.eu\\\/fr\\\/\",\"name\":\"Crous Expert\",\"description\":\"Personalizamos tu entorno\",\"potentialAction\":[{\"@type\":\"SearchAction\",\"target\":{\"@type\":\"EntryPoint\",\"urlTemplate\":\"https:\\\/\\\/crous.eu\\\/fr\\\/?s={search_term_string}\"},\"query-input\":{\"@type\":\"PropertyValueSpecification\",\"valueRequired\":true,\"valueName\":\"search_term_string\"}}],\"inLanguage\":\"fr-FR\"}]}<\/script>\n<!-- \/ Yoast SEO plugin. -->","yoast_head_json":{"title":"Pol\u00edtica de cookies - Crous Expert","robots":{"index":"noindex","follow":"nofollow"},"og_locale":"fr_FR","og_type":"article","og_title":"Pol\u00edtica de cookies - Crous Expert","og_description":"Pol\u00edtica de cookies \u00bfQu\u00e9&nbsp;son las cookies? Las cookies son peque\u00f1os archivos que algunas plataformas, como las p\u00e1ginas web, pueden instalar en su ordenador, tel\u00e9fono inteligente, tableta o televisi\u00f3n conectada, al acceder a las mismas. Sus funciones pueden ser muy variadas: almacenar sus preferencias de navegaci\u00f3n,...","og_url":"https:\/\/crous.eu\/fr\/politica-de-cookies\/","og_site_name":"Crous Expert","twitter_card":"summary_large_image","twitter_misc":{"Dur\u00e9e de lecture estim\u00e9e":"5 minutes"},"schema":{"@context":"https:\/\/schema.org","@graph":[{"@type":"WebPage","@id":"https:\/\/crous.eu\/fr\/politica-de-cookies\/","url":"https:\/\/crous.eu\/fr\/politica-de-cookies\/","name":"Pol\u00edtica de cookies - Crous Expert","isPartOf":{"@id":"https:\/\/crous.eu\/fr\/#website"},"datePublished":"2021-03-30T08:36:06+00:00","breadcrumb":{"@id":"https:\/\/crous.eu\/fr\/politica-de-cookies\/#breadcrumb"},"inLanguage":"fr-FR","potentialAction":[{"@type":"ReadAction","target":["https:\/\/crous.eu\/fr\/politica-de-cookies\/"]}]},{"@type":"BreadcrumbList","@id":"https:\/\/crous.eu\/fr\/politica-de-cookies\/#breadcrumb","itemListElement":[{"@type":"ListItem","position":1,"name":"Portada","item":"https:\/\/crous.eu\/fr\/"},{"@type":"ListItem","position":2,"name":"Pol\u00edtica de cookies"}]},{"@type":"WebSite","@id":"https:\/\/crous.eu\/fr\/#website","url":"https:\/\/crous.eu\/fr\/","name":"Crous Expert","description":"Personalizamos tu entorno","potentialAction":[{"@type":"SearchAction","target":{"@type":"EntryPoint","urlTemplate":"https:\/\/crous.eu\/fr\/?s={search_term_string}"},"query-input":{"@type":"PropertyValueSpecification","valueRequired":true,"valueName":"search_term_string"}}],"inLanguage":"fr-FR"}]}},"_links":{"self":[{"href":"https:\/\/crous.eu\/fr\/wp-json\/wp\/v2\/pages\/15326","targetHints":{"allow":["GET"]}}],"collection":[{"href":"https:\/\/crous.eu\/fr\/wp-json\/wp\/v2\/pages"}],"about":[{"href":"https:\/\/crous.eu\/fr\/wp-json\/wp\/v2\/types\/page"}],"author":[{"embeddable":true,"href":"https:\/\/crous.eu\/fr\/wp-json\/wp\/v2\/users\/1"}],"replies":[{"embeddable":true,"href":"https:\/\/crous.eu\/fr\/wp-json\/wp\/v2\/comments?post=15326"}],"version-history":[{"count":0,"href":"https:\/\/crous.eu\/fr\/wp-json\/wp\/v2\/pages\/15326\/revisions"}],"wp:attachment":[{"href":"https:\/\/crous.eu\/fr\/wp-json\/wp\/v2\/media?parent=15326"}],"curies":[{"name":"wp","href":"https:\/\/api.w.org\/{rel}","templated":true}]}}