{"id":17940,"date":"2021-07-08T18:38:48","date_gmt":"2021-07-08T16:52:04","guid":{"rendered":"http:\/\/crous.eu.mialias.net\/non%20class\u00e9\/pedals\/"},"modified":"2022-09-06T16:29:12","modified_gmt":"2022-09-06T14:29:12","slug":"pedals","status":"publish","type":"product","link":"https:\/\/crous.eu\/fr\/equipements-de-sport\/fitness-circuit-fr\/fitness-elements-fr\/pedals\/","title":{"rendered":"Pedals"},"content":{"rendered":"","protected":false},"excerpt":{"rendered":"<p>\u2022 Jeu de p\u00e9dales sp\u00e9cialement con\u00e7u pour exercer vos jambes en position assise dans une banque publique.<br \/>\n\u2022 Largeur du tube central: 10 x 10 cm.<br \/>\n\u2022 Vis en acier inoxydable externes.<br \/>\n\u2022 P\u00e9dales recouvertes de PE galvanis\u00e9 et de peinture cuite.<br \/>\n\u2022 Bouchons pour couvrir les vis ABS noir ou grises, effet de surface rugueuse.<br \/>\n\u2022 Finition en peinture RAL 5002 + 7024.<br \/>\n\u2022 Aide \u00e0 renforcer les muscles des jambes et am\u00e9liore la capacit\u00e9 de coordination.<br \/>\n\u2022 Certificat conforme \u00e0 la norme EN16630: 2015.<br \/>\n\u2022 Disponible pour l&rsquo;installation sur un sol dur et mou.<\/p>\n","protected":false},"featured_media":4325,"template":"","meta":{"_acf_changed":false},"product_brand":[],"product_cat":[644,652,653],"product_tag":[],"class_list":{"0":"post-17940","1":"product","2":"type-product","3":"status-publish","4":"has-post-thumbnail","6":"product_cat-equipements-de-sport","7":"product_cat-fitness-circuit-fr","8":"product_cat-fitness-elements-fr","10":"first","11":"instock","12":"product-type-simple"},"acf":[],"yoast_head":"<!-- This site is optimized with the Yoast SEO plugin v27.4 - https:\/\/yoast.com\/product\/yoast-seo-wordpress\/ -->\n<title>Pedals - Crous Expert<\/title>\n<meta name=\"robots\" content=\"index, follow, max-snippet:-1, max-image-preview:large, max-video-preview:-1\" \/>\n<link rel=\"canonical\" href=\"https:\/\/crous.eu\/fr\/equipements-de-sport\/fitness-circuit-fr\/fitness-elements-fr\/pedals\/\" \/>\n<meta property=\"og:locale\" content=\"fr_FR\" \/>\n<meta property=\"og:type\" content=\"article\" \/>\n<meta property=\"og:title\" content=\"Pedals - Crous Expert\" \/>\n<meta property=\"og:description\" content=\"\u2022 Jeu de p\u00e9dales sp\u00e9cialement con\u00e7u pour exercer vos jambes en position assise dans une banque publique. \u2022 Largeur du tube central: 10 x 10 cm. \u2022 Vis en acier inoxydable externes. \u2022 P\u00e9dales recouvertes de PE galvanis\u00e9 et de peinture cuite. \u2022 Bouchons pour couvrir les vis ABS noir ou grises, effet de surface rugueuse. \u2022 Finition en peinture RAL 5002 + 7024. \u2022 Aide \u00e0 renforcer les muscles des jambes et am\u00e9liore la capacit\u00e9 de coordination. \u2022 Certificat conforme \u00e0 la norme EN16630: 2015. \u2022 Disponible pour l&#039;installation sur un sol dur et mou.\" \/>\n<meta property=\"og:url\" content=\"https:\/\/crous.eu\/fr\/equipements-de-sport\/fitness-circuit-fr\/fitness-elements-fr\/pedals\/\" \/>\n<meta property=\"og:site_name\" content=\"Crous Expert\" \/>\n<meta property=\"article:modified_time\" content=\"2022-09-06T14:29:12+00:00\" \/>\n<meta property=\"og:image\" content=\"https:\/\/crous.eu\/wp-content\/uploads\/BA01.jpg\" \/>\n\t<meta property=\"og:image:width\" content=\"550\" \/>\n\t<meta property=\"og:image:height\" content=\"550\" \/>\n\t<meta property=\"og:image:type\" content=\"image\/jpeg\" \/>\n<meta name=\"twitter:card\" content=\"summary_large_image\" \/>\n<script type=\"application\/ld+json\" class=\"yoast-schema-graph\">{\"@context\":\"https:\\\/\\\/schema.org\",\"@graph\":[{\"@type\":\"WebPage\",\"@id\":\"https:\\\/\\\/crous.eu\\\/fr\\\/equipements-de-sport\\\/fitness-circuit-fr\\\/fitness-elements-fr\\\/pedals\\\/\",\"url\":\"https:\\\/\\\/crous.eu\\\/fr\\\/equipements-de-sport\\\/fitness-circuit-fr\\\/fitness-elements-fr\\\/pedals\\\/\",\"name\":\"Pedals - Crous Expert\",\"isPartOf\":{\"@id\":\"https:\\\/\\\/crous.eu\\\/fr\\\/#website\"},\"primaryImageOfPage\":{\"@id\":\"https:\\\/\\\/crous.eu\\\/fr\\\/equipements-de-sport\\\/fitness-circuit-fr\\\/fitness-elements-fr\\\/pedals\\\/#primaryimage\"},\"image\":{\"@id\":\"https:\\\/\\\/crous.eu\\\/fr\\\/equipements-de-sport\\\/fitness-circuit-fr\\\/fitness-elements-fr\\\/pedals\\\/#primaryimage\"},\"thumbnailUrl\":\"https:\\\/\\\/crous.eu\\\/wp-content\\\/uploads\\\/BA01.jpg\",\"datePublished\":\"2021-07-08T16:52:04+00:00\",\"dateModified\":\"2022-09-06T14:29:12+00:00\",\"breadcrumb\":{\"@id\":\"https:\\\/\\\/crous.eu\\\/fr\\\/equipements-de-sport\\\/fitness-circuit-fr\\\/fitness-elements-fr\\\/pedals\\\/#breadcrumb\"},\"inLanguage\":\"fr-FR\",\"potentialAction\":[{\"@type\":\"ReadAction\",\"target\":[\"https:\\\/\\\/crous.eu\\\/fr\\\/equipements-de-sport\\\/fitness-circuit-fr\\\/fitness-elements-fr\\\/pedals\\\/\"]}]},{\"@type\":\"ImageObject\",\"inLanguage\":\"fr-FR\",\"@id\":\"https:\\\/\\\/crous.eu\\\/fr\\\/equipements-de-sport\\\/fitness-circuit-fr\\\/fitness-elements-fr\\\/pedals\\\/#primaryimage\",\"url\":\"https:\\\/\\\/crous.eu\\\/wp-content\\\/uploads\\\/BA01.jpg\",\"contentUrl\":\"https:\\\/\\\/crous.eu\\\/wp-content\\\/uploads\\\/BA01.jpg\",\"width\":550,\"height\":550},{\"@type\":\"BreadcrumbList\",\"@id\":\"https:\\\/\\\/crous.eu\\\/fr\\\/equipements-de-sport\\\/fitness-circuit-fr\\\/fitness-elements-fr\\\/pedals\\\/#breadcrumb\",\"itemListElement\":[{\"@type\":\"ListItem\",\"position\":1,\"name\":\"Portada\",\"item\":\"https:\\\/\\\/crous.eu\\\/fr\\\/\"},{\"@type\":\"ListItem\",\"position\":2,\"name\":\"Tienda\",\"item\":\"https:\\\/\\\/crous.eu\\\/tienda\\\/\"},{\"@type\":\"ListItem\",\"position\":3,\"name\":\"Pedals\"}]},{\"@type\":\"WebSite\",\"@id\":\"https:\\\/\\\/crous.eu\\\/fr\\\/#website\",\"url\":\"https:\\\/\\\/crous.eu\\\/fr\\\/\",\"name\":\"Crous Expert\",\"description\":\"Personalizamos tu entorno\",\"potentialAction\":[{\"@type\":\"SearchAction\",\"target\":{\"@type\":\"EntryPoint\",\"urlTemplate\":\"https:\\\/\\\/crous.eu\\\/fr\\\/?s={search_term_string}\"},\"query-input\":{\"@type\":\"PropertyValueSpecification\",\"valueRequired\":true,\"valueName\":\"search_term_string\"}}],\"inLanguage\":\"fr-FR\"}]}<\/script>\n<!-- \/ Yoast SEO plugin. -->","yoast_head_json":{"title":"Pedals - Crous Expert","robots":{"index":"index","follow":"follow","max-snippet":"max-snippet:-1","max-image-preview":"max-image-preview:large","max-video-preview":"max-video-preview:-1"},"canonical":"https:\/\/crous.eu\/fr\/equipements-de-sport\/fitness-circuit-fr\/fitness-elements-fr\/pedals\/","og_locale":"fr_FR","og_type":"article","og_title":"Pedals - Crous Expert","og_description":"\u2022 Jeu de p\u00e9dales sp\u00e9cialement con\u00e7u pour exercer vos jambes en position assise dans une banque publique. \u2022 Largeur du tube central: 10 x 10 cm. \u2022 Vis en acier inoxydable externes. \u2022 P\u00e9dales recouvertes de PE galvanis\u00e9 et de peinture cuite. \u2022 Bouchons pour couvrir les vis ABS noir ou grises, effet de surface rugueuse. \u2022 Finition en peinture RAL 5002 + 7024. \u2022 Aide \u00e0 renforcer les muscles des jambes et am\u00e9liore la capacit\u00e9 de coordination. \u2022 Certificat conforme \u00e0 la norme EN16630: 2015. \u2022 Disponible pour l'installation sur un sol dur et mou.","og_url":"https:\/\/crous.eu\/fr\/equipements-de-sport\/fitness-circuit-fr\/fitness-elements-fr\/pedals\/","og_site_name":"Crous Expert","article_modified_time":"2022-09-06T14:29:12+00:00","og_image":[{"width":550,"height":550,"url":"https:\/\/crous.eu\/wp-content\/uploads\/BA01.jpg","type":"image\/jpeg"}],"twitter_card":"summary_large_image","schema":{"@context":"https:\/\/schema.org","@graph":[{"@type":"WebPage","@id":"https:\/\/crous.eu\/fr\/equipements-de-sport\/fitness-circuit-fr\/fitness-elements-fr\/pedals\/","url":"https:\/\/crous.eu\/fr\/equipements-de-sport\/fitness-circuit-fr\/fitness-elements-fr\/pedals\/","name":"Pedals - Crous Expert","isPartOf":{"@id":"https:\/\/crous.eu\/fr\/#website"},"primaryImageOfPage":{"@id":"https:\/\/crous.eu\/fr\/equipements-de-sport\/fitness-circuit-fr\/fitness-elements-fr\/pedals\/#primaryimage"},"image":{"@id":"https:\/\/crous.eu\/fr\/equipements-de-sport\/fitness-circuit-fr\/fitness-elements-fr\/pedals\/#primaryimage"},"thumbnailUrl":"https:\/\/crous.eu\/wp-content\/uploads\/BA01.jpg","datePublished":"2021-07-08T16:52:04+00:00","dateModified":"2022-09-06T14:29:12+00:00","breadcrumb":{"@id":"https:\/\/crous.eu\/fr\/equipements-de-sport\/fitness-circuit-fr\/fitness-elements-fr\/pedals\/#breadcrumb"},"inLanguage":"fr-FR","potentialAction":[{"@type":"ReadAction","target":["https:\/\/crous.eu\/fr\/equipements-de-sport\/fitness-circuit-fr\/fitness-elements-fr\/pedals\/"]}]},{"@type":"ImageObject","inLanguage":"fr-FR","@id":"https:\/\/crous.eu\/fr\/equipements-de-sport\/fitness-circuit-fr\/fitness-elements-fr\/pedals\/#primaryimage","url":"https:\/\/crous.eu\/wp-content\/uploads\/BA01.jpg","contentUrl":"https:\/\/crous.eu\/wp-content\/uploads\/BA01.jpg","width":550,"height":550},{"@type":"BreadcrumbList","@id":"https:\/\/crous.eu\/fr\/equipements-de-sport\/fitness-circuit-fr\/fitness-elements-fr\/pedals\/#breadcrumb","itemListElement":[{"@type":"ListItem","position":1,"name":"Portada","item":"https:\/\/crous.eu\/fr\/"},{"@type":"ListItem","position":2,"name":"Tienda","item":"https:\/\/crous.eu\/tienda\/"},{"@type":"ListItem","position":3,"name":"Pedals"}]},{"@type":"WebSite","@id":"https:\/\/crous.eu\/fr\/#website","url":"https:\/\/crous.eu\/fr\/","name":"Crous Expert","description":"Personalizamos tu entorno","potentialAction":[{"@type":"SearchAction","target":{"@type":"EntryPoint","urlTemplate":"https:\/\/crous.eu\/fr\/?s={search_term_string}"},"query-input":{"@type":"PropertyValueSpecification","valueRequired":true,"valueName":"search_term_string"}}],"inLanguage":"fr-FR"}]}},"_links":{"self":[{"href":"https:\/\/crous.eu\/fr\/wp-json\/wp\/v2\/product\/17940","targetHints":{"allow":["GET"]}}],"collection":[{"href":"https:\/\/crous.eu\/fr\/wp-json\/wp\/v2\/product"}],"about":[{"href":"https:\/\/crous.eu\/fr\/wp-json\/wp\/v2\/types\/product"}],"wp:featuredmedia":[{"embeddable":true,"href":"https:\/\/crous.eu\/fr\/wp-json\/wp\/v2\/media\/4325"}],"wp:attachment":[{"href":"https:\/\/crous.eu\/fr\/wp-json\/wp\/v2\/media?parent=17940"}],"wp:term":[{"taxonomy":"product_brand","embeddable":true,"href":"https:\/\/crous.eu\/fr\/wp-json\/wp\/v2\/product_brand?post=17940"},{"taxonomy":"product_cat","embeddable":true,"href":"https:\/\/crous.eu\/fr\/wp-json\/wp\/v2\/product_cat?post=17940"},{"taxonomy":"product_tag","embeddable":true,"href":"https:\/\/crous.eu\/fr\/wp-json\/wp\/v2\/product_tag?post=17940"}],"curies":[{"name":"wp","href":"https:\/\/api.w.org\/{rel}","templated":true}]}}