{"id":17942,"date":"2021-07-08T18:38:48","date_gmt":"2021-07-08T16:52:04","guid":{"rendered":"http:\/\/crous.eu.mialias.net\/non%20class\u00e9\/pull-chair-push-chair-inclusive\/"},"modified":"2023-01-02T09:24:05","modified_gmt":"2023-01-02T08:24:05","slug":"pull-chair-push-chair-inclusive","status":"publish","type":"product","link":"https:\/\/crous.eu\/fr\/equipements-de-sport\/fitness-circuit-fr\/inclusive-fitness-elements-fr\/pull-chair-push-chair-inclusive\/","title":{"rendered":"Pull Chair &#038; Push Chair Inclusive"},"content":{"rendered":"","protected":false},"excerpt":{"rendered":"<p>\u2022 \u00c9l\u00e9ment fitness adapt\u00e9 pour deux utilisateurs.<br \/>\n\u2022 Sp\u00e9cialement con\u00e7ut pour les personnes qui souffrent de handicap\u00e9es et d&rsquo;utiliser<br \/>\nun fauteuil roulant.<br \/>\n\u2022 Fait d&rsquo;acier plaqu\u00e9 zinc tube de 4 mm.<br \/>\n\u2022 Terminer dans la peinture au four en polyester RAL 5002-7024.<br \/>\n\u2022 Bouchons pour recouvrir les vis d&rsquo;ABS en noir ou gris, effet de surface rugueuse pour faciliter<br \/>\nnettoyage des adh\u00e9sifs.<br \/>\n\u2022 Vis en acier inoxydable.<br \/>\n\u2022 Il contribue \u00e0 renforcer les sensibilit\u00e9s sup\u00e9rieures et am\u00e9liore la capacit\u00e9 de coordination.<br \/>\n\u2022 Disponible pour l&rsquo;installation est sur le sol dur et mou.<\/p>\n","protected":false},"featured_media":4293,"template":"","meta":{"_acf_changed":false},"product_brand":[],"product_cat":[644,652,656],"product_tag":[],"class_list":{"0":"post-17942","1":"product","2":"type-product","3":"status-publish","4":"has-post-thumbnail","6":"product_cat-equipements-de-sport","7":"product_cat-fitness-circuit-fr","8":"product_cat-inclusive-fitness-elements-fr","10":"first","11":"instock","12":"product-type-simple"},"acf":[],"yoast_head":"<!-- This site is optimized with the Yoast SEO plugin v27.4 - https:\/\/yoast.com\/product\/yoast-seo-wordpress\/ -->\n<title>Pull Chair &amp; Push Chair Inclusive - Crous Expert<\/title>\n<meta name=\"robots\" content=\"index, follow, max-snippet:-1, max-image-preview:large, max-video-preview:-1\" \/>\n<link rel=\"canonical\" href=\"https:\/\/crous.eu\/fr\/equipements-de-sport\/fitness-circuit-fr\/inclusive-fitness-elements-fr\/pull-chair-push-chair-inclusive\/\" \/>\n<meta property=\"og:locale\" content=\"fr_FR\" \/>\n<meta property=\"og:type\" content=\"article\" \/>\n<meta property=\"og:title\" content=\"Pull Chair &amp; Push Chair Inclusive - Crous Expert\" \/>\n<meta property=\"og:description\" content=\"\u2022 \u00c9l\u00e9ment fitness adapt\u00e9 pour deux utilisateurs. \u2022 Sp\u00e9cialement con\u00e7ut pour les personnes qui souffrent de handicap\u00e9es et d&#039;utiliser un fauteuil roulant. \u2022 Fait d&#039;acier plaqu\u00e9 zinc tube de 4 mm. \u2022 Terminer dans la peinture au four en polyester RAL 5002-7024. \u2022 Bouchons pour recouvrir les vis d&#039;ABS en noir ou gris, effet de surface rugueuse pour faciliter nettoyage des adh\u00e9sifs. \u2022 Vis en acier inoxydable. \u2022 Il contribue \u00e0 renforcer les sensibilit\u00e9s sup\u00e9rieures et am\u00e9liore la capacit\u00e9 de coordination. \u2022 Disponible pour l&#039;installation est sur le sol dur et mou.\" \/>\n<meta property=\"og:url\" content=\"https:\/\/crous.eu\/fr\/equipements-de-sport\/fitness-circuit-fr\/inclusive-fitness-elements-fr\/pull-chair-push-chair-inclusive\/\" \/>\n<meta property=\"og:site_name\" content=\"Crous Expert\" \/>\n<meta property=\"article:modified_time\" content=\"2023-01-02T08:24:05+00:00\" \/>\n<meta property=\"og:image\" content=\"https:\/\/crous.eu\/wp-content\/uploads\/BA03.jpg\" \/>\n\t<meta property=\"og:image:width\" content=\"550\" \/>\n\t<meta property=\"og:image:height\" content=\"550\" \/>\n\t<meta property=\"og:image:type\" content=\"image\/jpeg\" \/>\n<meta name=\"twitter:card\" content=\"summary_large_image\" \/>\n<script type=\"application\/ld+json\" class=\"yoast-schema-graph\">{\"@context\":\"https:\\\/\\\/schema.org\",\"@graph\":[{\"@type\":\"WebPage\",\"@id\":\"https:\\\/\\\/crous.eu\\\/fr\\\/equipements-de-sport\\\/fitness-circuit-fr\\\/inclusive-fitness-elements-fr\\\/pull-chair-push-chair-inclusive\\\/\",\"url\":\"https:\\\/\\\/crous.eu\\\/fr\\\/equipements-de-sport\\\/fitness-circuit-fr\\\/inclusive-fitness-elements-fr\\\/pull-chair-push-chair-inclusive\\\/\",\"name\":\"Pull Chair & Push Chair Inclusive - Crous Expert\",\"isPartOf\":{\"@id\":\"https:\\\/\\\/crous.eu\\\/fr\\\/#website\"},\"primaryImageOfPage\":{\"@id\":\"https:\\\/\\\/crous.eu\\\/fr\\\/equipements-de-sport\\\/fitness-circuit-fr\\\/inclusive-fitness-elements-fr\\\/pull-chair-push-chair-inclusive\\\/#primaryimage\"},\"image\":{\"@id\":\"https:\\\/\\\/crous.eu\\\/fr\\\/equipements-de-sport\\\/fitness-circuit-fr\\\/inclusive-fitness-elements-fr\\\/pull-chair-push-chair-inclusive\\\/#primaryimage\"},\"thumbnailUrl\":\"https:\\\/\\\/crous.eu\\\/wp-content\\\/uploads\\\/BA03.jpg\",\"datePublished\":\"2021-07-08T16:52:04+00:00\",\"dateModified\":\"2023-01-02T08:24:05+00:00\",\"breadcrumb\":{\"@id\":\"https:\\\/\\\/crous.eu\\\/fr\\\/equipements-de-sport\\\/fitness-circuit-fr\\\/inclusive-fitness-elements-fr\\\/pull-chair-push-chair-inclusive\\\/#breadcrumb\"},\"inLanguage\":\"fr-FR\",\"potentialAction\":[{\"@type\":\"ReadAction\",\"target\":[\"https:\\\/\\\/crous.eu\\\/fr\\\/equipements-de-sport\\\/fitness-circuit-fr\\\/inclusive-fitness-elements-fr\\\/pull-chair-push-chair-inclusive\\\/\"]}]},{\"@type\":\"ImageObject\",\"inLanguage\":\"fr-FR\",\"@id\":\"https:\\\/\\\/crous.eu\\\/fr\\\/equipements-de-sport\\\/fitness-circuit-fr\\\/inclusive-fitness-elements-fr\\\/pull-chair-push-chair-inclusive\\\/#primaryimage\",\"url\":\"https:\\\/\\\/crous.eu\\\/wp-content\\\/uploads\\\/BA03.jpg\",\"contentUrl\":\"https:\\\/\\\/crous.eu\\\/wp-content\\\/uploads\\\/BA03.jpg\",\"width\":550,\"height\":550},{\"@type\":\"BreadcrumbList\",\"@id\":\"https:\\\/\\\/crous.eu\\\/fr\\\/equipements-de-sport\\\/fitness-circuit-fr\\\/inclusive-fitness-elements-fr\\\/pull-chair-push-chair-inclusive\\\/#breadcrumb\",\"itemListElement\":[{\"@type\":\"ListItem\",\"position\":1,\"name\":\"Portada\",\"item\":\"https:\\\/\\\/crous.eu\\\/fr\\\/\"},{\"@type\":\"ListItem\",\"position\":2,\"name\":\"Tienda\",\"item\":\"https:\\\/\\\/crous.eu\\\/tienda\\\/\"},{\"@type\":\"ListItem\",\"position\":3,\"name\":\"Pull Chair &#038; Push Chair Inclusive\"}]},{\"@type\":\"WebSite\",\"@id\":\"https:\\\/\\\/crous.eu\\\/fr\\\/#website\",\"url\":\"https:\\\/\\\/crous.eu\\\/fr\\\/\",\"name\":\"Crous Expert\",\"description\":\"Personalizamos tu entorno\",\"potentialAction\":[{\"@type\":\"SearchAction\",\"target\":{\"@type\":\"EntryPoint\",\"urlTemplate\":\"https:\\\/\\\/crous.eu\\\/fr\\\/?s={search_term_string}\"},\"query-input\":{\"@type\":\"PropertyValueSpecification\",\"valueRequired\":true,\"valueName\":\"search_term_string\"}}],\"inLanguage\":\"fr-FR\"}]}<\/script>\n<!-- \/ Yoast SEO plugin. -->","yoast_head_json":{"title":"Pull Chair & Push Chair Inclusive - Crous Expert","robots":{"index":"index","follow":"follow","max-snippet":"max-snippet:-1","max-image-preview":"max-image-preview:large","max-video-preview":"max-video-preview:-1"},"canonical":"https:\/\/crous.eu\/fr\/equipements-de-sport\/fitness-circuit-fr\/inclusive-fitness-elements-fr\/pull-chair-push-chair-inclusive\/","og_locale":"fr_FR","og_type":"article","og_title":"Pull Chair & Push Chair Inclusive - Crous Expert","og_description":"\u2022 \u00c9l\u00e9ment fitness adapt\u00e9 pour deux utilisateurs. \u2022 Sp\u00e9cialement con\u00e7ut pour les personnes qui souffrent de handicap\u00e9es et d'utiliser un fauteuil roulant. \u2022 Fait d'acier plaqu\u00e9 zinc tube de 4 mm. \u2022 Terminer dans la peinture au four en polyester RAL 5002-7024. \u2022 Bouchons pour recouvrir les vis d'ABS en noir ou gris, effet de surface rugueuse pour faciliter nettoyage des adh\u00e9sifs. \u2022 Vis en acier inoxydable. \u2022 Il contribue \u00e0 renforcer les sensibilit\u00e9s sup\u00e9rieures et am\u00e9liore la capacit\u00e9 de coordination. \u2022 Disponible pour l'installation est sur le sol dur et mou.","og_url":"https:\/\/crous.eu\/fr\/equipements-de-sport\/fitness-circuit-fr\/inclusive-fitness-elements-fr\/pull-chair-push-chair-inclusive\/","og_site_name":"Crous Expert","article_modified_time":"2023-01-02T08:24:05+00:00","og_image":[{"width":550,"height":550,"url":"https:\/\/crous.eu\/wp-content\/uploads\/BA03.jpg","type":"image\/jpeg"}],"twitter_card":"summary_large_image","schema":{"@context":"https:\/\/schema.org","@graph":[{"@type":"WebPage","@id":"https:\/\/crous.eu\/fr\/equipements-de-sport\/fitness-circuit-fr\/inclusive-fitness-elements-fr\/pull-chair-push-chair-inclusive\/","url":"https:\/\/crous.eu\/fr\/equipements-de-sport\/fitness-circuit-fr\/inclusive-fitness-elements-fr\/pull-chair-push-chair-inclusive\/","name":"Pull Chair & Push Chair Inclusive - Crous Expert","isPartOf":{"@id":"https:\/\/crous.eu\/fr\/#website"},"primaryImageOfPage":{"@id":"https:\/\/crous.eu\/fr\/equipements-de-sport\/fitness-circuit-fr\/inclusive-fitness-elements-fr\/pull-chair-push-chair-inclusive\/#primaryimage"},"image":{"@id":"https:\/\/crous.eu\/fr\/equipements-de-sport\/fitness-circuit-fr\/inclusive-fitness-elements-fr\/pull-chair-push-chair-inclusive\/#primaryimage"},"thumbnailUrl":"https:\/\/crous.eu\/wp-content\/uploads\/BA03.jpg","datePublished":"2021-07-08T16:52:04+00:00","dateModified":"2023-01-02T08:24:05+00:00","breadcrumb":{"@id":"https:\/\/crous.eu\/fr\/equipements-de-sport\/fitness-circuit-fr\/inclusive-fitness-elements-fr\/pull-chair-push-chair-inclusive\/#breadcrumb"},"inLanguage":"fr-FR","potentialAction":[{"@type":"ReadAction","target":["https:\/\/crous.eu\/fr\/equipements-de-sport\/fitness-circuit-fr\/inclusive-fitness-elements-fr\/pull-chair-push-chair-inclusive\/"]}]},{"@type":"ImageObject","inLanguage":"fr-FR","@id":"https:\/\/crous.eu\/fr\/equipements-de-sport\/fitness-circuit-fr\/inclusive-fitness-elements-fr\/pull-chair-push-chair-inclusive\/#primaryimage","url":"https:\/\/crous.eu\/wp-content\/uploads\/BA03.jpg","contentUrl":"https:\/\/crous.eu\/wp-content\/uploads\/BA03.jpg","width":550,"height":550},{"@type":"BreadcrumbList","@id":"https:\/\/crous.eu\/fr\/equipements-de-sport\/fitness-circuit-fr\/inclusive-fitness-elements-fr\/pull-chair-push-chair-inclusive\/#breadcrumb","itemListElement":[{"@type":"ListItem","position":1,"name":"Portada","item":"https:\/\/crous.eu\/fr\/"},{"@type":"ListItem","position":2,"name":"Tienda","item":"https:\/\/crous.eu\/tienda\/"},{"@type":"ListItem","position":3,"name":"Pull Chair &#038; Push Chair Inclusive"}]},{"@type":"WebSite","@id":"https:\/\/crous.eu\/fr\/#website","url":"https:\/\/crous.eu\/fr\/","name":"Crous Expert","description":"Personalizamos tu entorno","potentialAction":[{"@type":"SearchAction","target":{"@type":"EntryPoint","urlTemplate":"https:\/\/crous.eu\/fr\/?s={search_term_string}"},"query-input":{"@type":"PropertyValueSpecification","valueRequired":true,"valueName":"search_term_string"}}],"inLanguage":"fr-FR"}]}},"_links":{"self":[{"href":"https:\/\/crous.eu\/fr\/wp-json\/wp\/v2\/product\/17942","targetHints":{"allow":["GET"]}}],"collection":[{"href":"https:\/\/crous.eu\/fr\/wp-json\/wp\/v2\/product"}],"about":[{"href":"https:\/\/crous.eu\/fr\/wp-json\/wp\/v2\/types\/product"}],"wp:featuredmedia":[{"embeddable":true,"href":"https:\/\/crous.eu\/fr\/wp-json\/wp\/v2\/media\/4293"}],"wp:attachment":[{"href":"https:\/\/crous.eu\/fr\/wp-json\/wp\/v2\/media?parent=17942"}],"wp:term":[{"taxonomy":"product_brand","embeddable":true,"href":"https:\/\/crous.eu\/fr\/wp-json\/wp\/v2\/product_brand?post=17942"},{"taxonomy":"product_cat","embeddable":true,"href":"https:\/\/crous.eu\/fr\/wp-json\/wp\/v2\/product_cat?post=17942"},{"taxonomy":"product_tag","embeddable":true,"href":"https:\/\/crous.eu\/fr\/wp-json\/wp\/v2\/product_tag?post=17942"}],"curies":[{"name":"wp","href":"https:\/\/api.w.org\/{rel}","templated":true}]}}