{"id":17948,"date":"2021-07-08T18:39:13","date_gmt":"2021-07-08T16:52:46","guid":{"rendered":"http:\/\/crous.eu.mialias.net\/non%20class\u00e9\/walk\/"},"modified":"2022-06-21T08:49:58","modified_gmt":"2022-06-21T06:49:58","slug":"walk","status":"publish","type":"product","link":"https:\/\/crous.eu\/fr\/equipements-de-sport\/doggy-expert-circuit-fr\/walk\/","title":{"rendered":"Walk"},"content":{"rendered":"","protected":false},"excerpt":{"rendered":"<p>\u2022 L&rsquo;\u00e9l\u00e9ment d&rsquo;agilit\u00e9 pour chiens se compose de cinq plates-formes circulaires qui configurent un<br \/>\nitin\u00e9raire.<br \/>\n\u2022 Il s&rsquo;agit d&rsquo;un circuit de cinq \u00e9l\u00e9ments \u00e9lev\u00e9s entre eux, \u00e0 travers lequel le chien doit passer<br \/>\nrapidement.<br \/>\n\u2022 Structure avec des poteaux circulaires en acier peints avec de la peinture en polyester et un<br \/>\nrev\u00eatement HPL.<br \/>\n\u2022 Poids de l&rsquo;\u00e9l\u00e9ment: 35 kg.<br \/>\n\u2022 Toutes les vis et les mat\u00e9riaux d&rsquo;acier galvanis\u00e9s.<br \/>\n\u2022 Il favorise le d\u00e9veloppement de l&rsquo;agilit\u00e9 du chien et contribue \u00e0 stimuler son intelligence.<\/p>\n","protected":false},"featured_media":3981,"template":"","meta":{"_acf_changed":false},"product_brand":[],"product_cat":[658,644],"product_tag":[],"class_list":{"0":"post-17948","1":"product","2":"type-product","3":"status-publish","4":"has-post-thumbnail","6":"product_cat-doggy-expert-circuit-fr","7":"product_cat-equipements-de-sport","9":"first","10":"instock","11":"product-type-simple"},"acf":[],"yoast_head":"<!-- This site is optimized with the Yoast SEO plugin v27.4 - https:\/\/yoast.com\/product\/yoast-seo-wordpress\/ -->\n<title>Walk - Crous Expert<\/title>\n<meta name=\"robots\" content=\"index, follow, max-snippet:-1, max-image-preview:large, max-video-preview:-1\" \/>\n<link rel=\"canonical\" href=\"https:\/\/crous.eu\/fr\/equipements-de-sport\/doggy-expert-circuit-fr\/walk\/\" \/>\n<meta property=\"og:locale\" content=\"fr_FR\" \/>\n<meta property=\"og:type\" content=\"article\" \/>\n<meta property=\"og:title\" content=\"Walk - Crous Expert\" \/>\n<meta property=\"og:description\" content=\"\u2022 L&#039;\u00e9l\u00e9ment d&#039;agilit\u00e9 pour chiens se compose de cinq plates-formes circulaires qui configurent un itin\u00e9raire. \u2022 Il s&#039;agit d&#039;un circuit de cinq \u00e9l\u00e9ments \u00e9lev\u00e9s entre eux, \u00e0 travers lequel le chien doit passer rapidement. \u2022 Structure avec des poteaux circulaires en acier peints avec de la peinture en polyester et un rev\u00eatement HPL. \u2022 Poids de l&#039;\u00e9l\u00e9ment: 35 kg. \u2022 Toutes les vis et les mat\u00e9riaux d&#039;acier galvanis\u00e9s. \u2022 Il favorise le d\u00e9veloppement de l&#039;agilit\u00e9 du chien et contribue \u00e0 stimuler son intelligence.\" \/>\n<meta property=\"og:url\" content=\"https:\/\/crous.eu\/fr\/equipements-de-sport\/doggy-expert-circuit-fr\/walk\/\" \/>\n<meta property=\"og:site_name\" content=\"Crous Expert\" \/>\n<meta property=\"article:modified_time\" content=\"2022-06-21T06:49:58+00:00\" \/>\n<meta property=\"og:image\" content=\"https:\/\/crous.eu\/wp-content\/uploads\/EDPPEX003.jpg\" \/>\n\t<meta property=\"og:image:width\" content=\"550\" \/>\n\t<meta property=\"og:image:height\" content=\"550\" \/>\n\t<meta property=\"og:image:type\" content=\"image\/jpeg\" \/>\n<meta name=\"twitter:card\" content=\"summary_large_image\" \/>\n<script type=\"application\/ld+json\" class=\"yoast-schema-graph\">{\"@context\":\"https:\\\/\\\/schema.org\",\"@graph\":[{\"@type\":\"WebPage\",\"@id\":\"https:\\\/\\\/crous.eu\\\/fr\\\/equipements-de-sport\\\/doggy-expert-circuit-fr\\\/walk\\\/\",\"url\":\"https:\\\/\\\/crous.eu\\\/fr\\\/equipements-de-sport\\\/doggy-expert-circuit-fr\\\/walk\\\/\",\"name\":\"Walk - Crous Expert\",\"isPartOf\":{\"@id\":\"https:\\\/\\\/crous.eu\\\/fr\\\/#website\"},\"primaryImageOfPage\":{\"@id\":\"https:\\\/\\\/crous.eu\\\/fr\\\/equipements-de-sport\\\/doggy-expert-circuit-fr\\\/walk\\\/#primaryimage\"},\"image\":{\"@id\":\"https:\\\/\\\/crous.eu\\\/fr\\\/equipements-de-sport\\\/doggy-expert-circuit-fr\\\/walk\\\/#primaryimage\"},\"thumbnailUrl\":\"https:\\\/\\\/crous.eu\\\/wp-content\\\/uploads\\\/EDPPEX003.jpg\",\"datePublished\":\"2021-07-08T16:52:46+00:00\",\"dateModified\":\"2022-06-21T06:49:58+00:00\",\"breadcrumb\":{\"@id\":\"https:\\\/\\\/crous.eu\\\/fr\\\/equipements-de-sport\\\/doggy-expert-circuit-fr\\\/walk\\\/#breadcrumb\"},\"inLanguage\":\"fr-FR\",\"potentialAction\":[{\"@type\":\"ReadAction\",\"target\":[\"https:\\\/\\\/crous.eu\\\/fr\\\/equipements-de-sport\\\/doggy-expert-circuit-fr\\\/walk\\\/\"]}]},{\"@type\":\"ImageObject\",\"inLanguage\":\"fr-FR\",\"@id\":\"https:\\\/\\\/crous.eu\\\/fr\\\/equipements-de-sport\\\/doggy-expert-circuit-fr\\\/walk\\\/#primaryimage\",\"url\":\"https:\\\/\\\/crous.eu\\\/wp-content\\\/uploads\\\/EDPPEX003.jpg\",\"contentUrl\":\"https:\\\/\\\/crous.eu\\\/wp-content\\\/uploads\\\/EDPPEX003.jpg\",\"width\":550,\"height\":550},{\"@type\":\"BreadcrumbList\",\"@id\":\"https:\\\/\\\/crous.eu\\\/fr\\\/equipements-de-sport\\\/doggy-expert-circuit-fr\\\/walk\\\/#breadcrumb\",\"itemListElement\":[{\"@type\":\"ListItem\",\"position\":1,\"name\":\"Portada\",\"item\":\"https:\\\/\\\/crous.eu\\\/fr\\\/\"},{\"@type\":\"ListItem\",\"position\":2,\"name\":\"Tienda\",\"item\":\"https:\\\/\\\/crous.eu\\\/tienda\\\/\"},{\"@type\":\"ListItem\",\"position\":3,\"name\":\"Walk\"}]},{\"@type\":\"WebSite\",\"@id\":\"https:\\\/\\\/crous.eu\\\/fr\\\/#website\",\"url\":\"https:\\\/\\\/crous.eu\\\/fr\\\/\",\"name\":\"Crous Expert\",\"description\":\"Personalizamos tu entorno\",\"potentialAction\":[{\"@type\":\"SearchAction\",\"target\":{\"@type\":\"EntryPoint\",\"urlTemplate\":\"https:\\\/\\\/crous.eu\\\/fr\\\/?s={search_term_string}\"},\"query-input\":{\"@type\":\"PropertyValueSpecification\",\"valueRequired\":true,\"valueName\":\"search_term_string\"}}],\"inLanguage\":\"fr-FR\"}]}<\/script>\n<!-- \/ Yoast SEO plugin. -->","yoast_head_json":{"title":"Walk - Crous Expert","robots":{"index":"index","follow":"follow","max-snippet":"max-snippet:-1","max-image-preview":"max-image-preview:large","max-video-preview":"max-video-preview:-1"},"canonical":"https:\/\/crous.eu\/fr\/equipements-de-sport\/doggy-expert-circuit-fr\/walk\/","og_locale":"fr_FR","og_type":"article","og_title":"Walk - Crous Expert","og_description":"\u2022 L'\u00e9l\u00e9ment d'agilit\u00e9 pour chiens se compose de cinq plates-formes circulaires qui configurent un itin\u00e9raire. \u2022 Il s'agit d'un circuit de cinq \u00e9l\u00e9ments \u00e9lev\u00e9s entre eux, \u00e0 travers lequel le chien doit passer rapidement. \u2022 Structure avec des poteaux circulaires en acier peints avec de la peinture en polyester et un rev\u00eatement HPL. \u2022 Poids de l'\u00e9l\u00e9ment: 35 kg. \u2022 Toutes les vis et les mat\u00e9riaux d'acier galvanis\u00e9s. \u2022 Il favorise le d\u00e9veloppement de l'agilit\u00e9 du chien et contribue \u00e0 stimuler son intelligence.","og_url":"https:\/\/crous.eu\/fr\/equipements-de-sport\/doggy-expert-circuit-fr\/walk\/","og_site_name":"Crous Expert","article_modified_time":"2022-06-21T06:49:58+00:00","og_image":[{"width":550,"height":550,"url":"https:\/\/crous.eu\/wp-content\/uploads\/EDPPEX003.jpg","type":"image\/jpeg"}],"twitter_card":"summary_large_image","schema":{"@context":"https:\/\/schema.org","@graph":[{"@type":"WebPage","@id":"https:\/\/crous.eu\/fr\/equipements-de-sport\/doggy-expert-circuit-fr\/walk\/","url":"https:\/\/crous.eu\/fr\/equipements-de-sport\/doggy-expert-circuit-fr\/walk\/","name":"Walk - Crous Expert","isPartOf":{"@id":"https:\/\/crous.eu\/fr\/#website"},"primaryImageOfPage":{"@id":"https:\/\/crous.eu\/fr\/equipements-de-sport\/doggy-expert-circuit-fr\/walk\/#primaryimage"},"image":{"@id":"https:\/\/crous.eu\/fr\/equipements-de-sport\/doggy-expert-circuit-fr\/walk\/#primaryimage"},"thumbnailUrl":"https:\/\/crous.eu\/wp-content\/uploads\/EDPPEX003.jpg","datePublished":"2021-07-08T16:52:46+00:00","dateModified":"2022-06-21T06:49:58+00:00","breadcrumb":{"@id":"https:\/\/crous.eu\/fr\/equipements-de-sport\/doggy-expert-circuit-fr\/walk\/#breadcrumb"},"inLanguage":"fr-FR","potentialAction":[{"@type":"ReadAction","target":["https:\/\/crous.eu\/fr\/equipements-de-sport\/doggy-expert-circuit-fr\/walk\/"]}]},{"@type":"ImageObject","inLanguage":"fr-FR","@id":"https:\/\/crous.eu\/fr\/equipements-de-sport\/doggy-expert-circuit-fr\/walk\/#primaryimage","url":"https:\/\/crous.eu\/wp-content\/uploads\/EDPPEX003.jpg","contentUrl":"https:\/\/crous.eu\/wp-content\/uploads\/EDPPEX003.jpg","width":550,"height":550},{"@type":"BreadcrumbList","@id":"https:\/\/crous.eu\/fr\/equipements-de-sport\/doggy-expert-circuit-fr\/walk\/#breadcrumb","itemListElement":[{"@type":"ListItem","position":1,"name":"Portada","item":"https:\/\/crous.eu\/fr\/"},{"@type":"ListItem","position":2,"name":"Tienda","item":"https:\/\/crous.eu\/tienda\/"},{"@type":"ListItem","position":3,"name":"Walk"}]},{"@type":"WebSite","@id":"https:\/\/crous.eu\/fr\/#website","url":"https:\/\/crous.eu\/fr\/","name":"Crous Expert","description":"Personalizamos tu entorno","potentialAction":[{"@type":"SearchAction","target":{"@type":"EntryPoint","urlTemplate":"https:\/\/crous.eu\/fr\/?s={search_term_string}"},"query-input":{"@type":"PropertyValueSpecification","valueRequired":true,"valueName":"search_term_string"}}],"inLanguage":"fr-FR"}]}},"_links":{"self":[{"href":"https:\/\/crous.eu\/fr\/wp-json\/wp\/v2\/product\/17948","targetHints":{"allow":["GET"]}}],"collection":[{"href":"https:\/\/crous.eu\/fr\/wp-json\/wp\/v2\/product"}],"about":[{"href":"https:\/\/crous.eu\/fr\/wp-json\/wp\/v2\/types\/product"}],"wp:featuredmedia":[{"embeddable":true,"href":"https:\/\/crous.eu\/fr\/wp-json\/wp\/v2\/media\/3981"}],"wp:attachment":[{"href":"https:\/\/crous.eu\/fr\/wp-json\/wp\/v2\/media?parent=17948"}],"wp:term":[{"taxonomy":"product_brand","embeddable":true,"href":"https:\/\/crous.eu\/fr\/wp-json\/wp\/v2\/product_brand?post=17948"},{"taxonomy":"product_cat","embeddable":true,"href":"https:\/\/crous.eu\/fr\/wp-json\/wp\/v2\/product_cat?post=17948"},{"taxonomy":"product_tag","embeddable":true,"href":"https:\/\/crous.eu\/fr\/wp-json\/wp\/v2\/product_tag?post=17948"}],"curies":[{"name":"wp","href":"https:\/\/api.w.org\/{rel}","templated":true}]}}