{"id":17966,"date":"2021-07-08T18:52:46","date_gmt":"2021-07-08T16:52:46","guid":{"rendered":"http:\/\/crous.eu.mialias.net\/non%20class\u00e9\/balance-plus\/"},"modified":"2021-07-09T08:36:05","modified_gmt":"2021-07-09T06:36:05","slug":"balance-plus","status":"publish","type":"product","link":"https:\/\/crous.eu\/fr\/equipements-de-sport\/workouts-et-calisthenics\/circuit-sportif-en-bois\/balance-plus\/","title":{"rendered":"Balance Plus"},"content":{"rendered":"","protected":false},"excerpt":{"rendered":"<p>\u2022 \u00c9l\u00e9ment d\u2019\u00e9quilibre et de coordination form\u00e9 par un m\u00e2t horizontal et deux ressorts<br \/>\n\u2022 Permet d\u2019exercer l\u2019agilit\u00e9, la rapidit\u00e9 et tous les muscles des extr\u00e9mit\u00e9s inf\u00e9rieures.<br \/>\n\u2022 B\u00e2ton de bois trait\u00e9 avec des plates-formes d\u2019autoclave, de poly\u00e9thyl\u00e8ne et des<br \/>\n   ressorts en acier.<br \/>\n\u2022 Toutes les vis et accessoires en acier galvanis\u00e9s.<br \/>\n\u2022 L\u2019appareil est sp\u00e9cialement con\u00e7u pour les circuits sportifs publics.<\/p>\n","protected":false},"featured_media":11614,"template":"","meta":{"_acf_changed":false},"product_brand":[],"product_cat":[660,644,654],"product_tag":[],"class_list":{"0":"post-17966","1":"product","2":"type-product","3":"status-publish","4":"has-post-thumbnail","6":"product_cat-circuit-sportif-en-bois","7":"product_cat-equipements-de-sport","8":"product_cat-workouts-et-calisthenics","10":"first","11":"instock","12":"product-type-simple"},"acf":[],"yoast_head":"<!-- This site is optimized with the Yoast SEO plugin v27.4 - https:\/\/yoast.com\/product\/yoast-seo-wordpress\/ -->\n<title>Balance Plus - Crous Expert<\/title>\n<meta name=\"robots\" content=\"index, follow, max-snippet:-1, max-image-preview:large, max-video-preview:-1\" \/>\n<link rel=\"canonical\" href=\"https:\/\/crous.eu\/fr\/equipements-de-sport\/workouts-et-calisthenics\/circuit-sportif-en-bois\/balance-plus\/\" \/>\n<meta property=\"og:locale\" content=\"fr_FR\" \/>\n<meta property=\"og:type\" content=\"article\" \/>\n<meta property=\"og:title\" content=\"Balance Plus - Crous Expert\" \/>\n<meta property=\"og:description\" content=\"\u2022 \u00c9l\u00e9ment d\u2019\u00e9quilibre et de coordination form\u00e9 par un m\u00e2t horizontal et deux ressorts \u2022 Permet d\u2019exercer l\u2019agilit\u00e9, la rapidit\u00e9 et tous les muscles des extr\u00e9mit\u00e9s inf\u00e9rieures. \u2022 B\u00e2ton de bois trait\u00e9 avec des plates-formes d\u2019autoclave, de poly\u00e9thyl\u00e8ne et des   ressorts en acier. \u2022 Toutes les vis et accessoires en acier galvanis\u00e9s. \u2022 L\u2019appareil est sp\u00e9cialement con\u00e7u pour les circuits sportifs publics.\" \/>\n<meta property=\"og:url\" content=\"https:\/\/crous.eu\/fr\/equipements-de-sport\/workouts-et-calisthenics\/circuit-sportif-en-bois\/balance-plus\/\" \/>\n<meta property=\"og:site_name\" content=\"Crous Expert\" \/>\n<meta property=\"article:modified_time\" content=\"2021-07-09T06:36:05+00:00\" \/>\n<meta property=\"og:image\" content=\"https:\/\/crous.eu\/wp-content\/uploads\/EECID015.jpg\" \/>\n\t<meta property=\"og:image:width\" content=\"550\" \/>\n\t<meta property=\"og:image:height\" content=\"550\" \/>\n\t<meta property=\"og:image:type\" content=\"image\/jpeg\" \/>\n<meta name=\"twitter:card\" content=\"summary_large_image\" \/>\n<script type=\"application\/ld+json\" class=\"yoast-schema-graph\">{\"@context\":\"https:\\\/\\\/schema.org\",\"@graph\":[{\"@type\":\"WebPage\",\"@id\":\"https:\\\/\\\/crous.eu\\\/fr\\\/equipements-de-sport\\\/workouts-et-calisthenics\\\/circuit-sportif-en-bois\\\/balance-plus\\\/\",\"url\":\"https:\\\/\\\/crous.eu\\\/fr\\\/equipements-de-sport\\\/workouts-et-calisthenics\\\/circuit-sportif-en-bois\\\/balance-plus\\\/\",\"name\":\"Balance Plus - Crous Expert\",\"isPartOf\":{\"@id\":\"https:\\\/\\\/crous.eu\\\/fr\\\/#website\"},\"primaryImageOfPage\":{\"@id\":\"https:\\\/\\\/crous.eu\\\/fr\\\/equipements-de-sport\\\/workouts-et-calisthenics\\\/circuit-sportif-en-bois\\\/balance-plus\\\/#primaryimage\"},\"image\":{\"@id\":\"https:\\\/\\\/crous.eu\\\/fr\\\/equipements-de-sport\\\/workouts-et-calisthenics\\\/circuit-sportif-en-bois\\\/balance-plus\\\/#primaryimage\"},\"thumbnailUrl\":\"https:\\\/\\\/crous.eu\\\/wp-content\\\/uploads\\\/EECID015.jpg\",\"datePublished\":\"2021-07-08T16:52:46+00:00\",\"dateModified\":\"2021-07-09T06:36:05+00:00\",\"breadcrumb\":{\"@id\":\"https:\\\/\\\/crous.eu\\\/fr\\\/equipements-de-sport\\\/workouts-et-calisthenics\\\/circuit-sportif-en-bois\\\/balance-plus\\\/#breadcrumb\"},\"inLanguage\":\"fr-FR\",\"potentialAction\":[{\"@type\":\"ReadAction\",\"target\":[\"https:\\\/\\\/crous.eu\\\/fr\\\/equipements-de-sport\\\/workouts-et-calisthenics\\\/circuit-sportif-en-bois\\\/balance-plus\\\/\"]}]},{\"@type\":\"ImageObject\",\"inLanguage\":\"fr-FR\",\"@id\":\"https:\\\/\\\/crous.eu\\\/fr\\\/equipements-de-sport\\\/workouts-et-calisthenics\\\/circuit-sportif-en-bois\\\/balance-plus\\\/#primaryimage\",\"url\":\"https:\\\/\\\/crous.eu\\\/wp-content\\\/uploads\\\/EECID015.jpg\",\"contentUrl\":\"https:\\\/\\\/crous.eu\\\/wp-content\\\/uploads\\\/EECID015.jpg\",\"width\":550,\"height\":550},{\"@type\":\"BreadcrumbList\",\"@id\":\"https:\\\/\\\/crous.eu\\\/fr\\\/equipements-de-sport\\\/workouts-et-calisthenics\\\/circuit-sportif-en-bois\\\/balance-plus\\\/#breadcrumb\",\"itemListElement\":[{\"@type\":\"ListItem\",\"position\":1,\"name\":\"Portada\",\"item\":\"https:\\\/\\\/crous.eu\\\/fr\\\/\"},{\"@type\":\"ListItem\",\"position\":2,\"name\":\"Tienda\",\"item\":\"https:\\\/\\\/crous.eu\\\/tienda\\\/\"},{\"@type\":\"ListItem\",\"position\":3,\"name\":\"Balance Plus\"}]},{\"@type\":\"WebSite\",\"@id\":\"https:\\\/\\\/crous.eu\\\/fr\\\/#website\",\"url\":\"https:\\\/\\\/crous.eu\\\/fr\\\/\",\"name\":\"Crous Expert\",\"description\":\"Personalizamos tu entorno\",\"potentialAction\":[{\"@type\":\"SearchAction\",\"target\":{\"@type\":\"EntryPoint\",\"urlTemplate\":\"https:\\\/\\\/crous.eu\\\/fr\\\/?s={search_term_string}\"},\"query-input\":{\"@type\":\"PropertyValueSpecification\",\"valueRequired\":true,\"valueName\":\"search_term_string\"}}],\"inLanguage\":\"fr-FR\"}]}<\/script>\n<!-- \/ Yoast SEO plugin. -->","yoast_head_json":{"title":"Balance Plus - Crous Expert","robots":{"index":"index","follow":"follow","max-snippet":"max-snippet:-1","max-image-preview":"max-image-preview:large","max-video-preview":"max-video-preview:-1"},"canonical":"https:\/\/crous.eu\/fr\/equipements-de-sport\/workouts-et-calisthenics\/circuit-sportif-en-bois\/balance-plus\/","og_locale":"fr_FR","og_type":"article","og_title":"Balance Plus - Crous Expert","og_description":"\u2022 \u00c9l\u00e9ment d\u2019\u00e9quilibre et de coordination form\u00e9 par un m\u00e2t horizontal et deux ressorts \u2022 Permet d\u2019exercer l\u2019agilit\u00e9, la rapidit\u00e9 et tous les muscles des extr\u00e9mit\u00e9s inf\u00e9rieures. \u2022 B\u00e2ton de bois trait\u00e9 avec des plates-formes d\u2019autoclave, de poly\u00e9thyl\u00e8ne et des   ressorts en acier. \u2022 Toutes les vis et accessoires en acier galvanis\u00e9s. \u2022 L\u2019appareil est sp\u00e9cialement con\u00e7u pour les circuits sportifs publics.","og_url":"https:\/\/crous.eu\/fr\/equipements-de-sport\/workouts-et-calisthenics\/circuit-sportif-en-bois\/balance-plus\/","og_site_name":"Crous Expert","article_modified_time":"2021-07-09T06:36:05+00:00","og_image":[{"width":550,"height":550,"url":"https:\/\/crous.eu\/wp-content\/uploads\/EECID015.jpg","type":"image\/jpeg"}],"twitter_card":"summary_large_image","schema":{"@context":"https:\/\/schema.org","@graph":[{"@type":"WebPage","@id":"https:\/\/crous.eu\/fr\/equipements-de-sport\/workouts-et-calisthenics\/circuit-sportif-en-bois\/balance-plus\/","url":"https:\/\/crous.eu\/fr\/equipements-de-sport\/workouts-et-calisthenics\/circuit-sportif-en-bois\/balance-plus\/","name":"Balance Plus - Crous Expert","isPartOf":{"@id":"https:\/\/crous.eu\/fr\/#website"},"primaryImageOfPage":{"@id":"https:\/\/crous.eu\/fr\/equipements-de-sport\/workouts-et-calisthenics\/circuit-sportif-en-bois\/balance-plus\/#primaryimage"},"image":{"@id":"https:\/\/crous.eu\/fr\/equipements-de-sport\/workouts-et-calisthenics\/circuit-sportif-en-bois\/balance-plus\/#primaryimage"},"thumbnailUrl":"https:\/\/crous.eu\/wp-content\/uploads\/EECID015.jpg","datePublished":"2021-07-08T16:52:46+00:00","dateModified":"2021-07-09T06:36:05+00:00","breadcrumb":{"@id":"https:\/\/crous.eu\/fr\/equipements-de-sport\/workouts-et-calisthenics\/circuit-sportif-en-bois\/balance-plus\/#breadcrumb"},"inLanguage":"fr-FR","potentialAction":[{"@type":"ReadAction","target":["https:\/\/crous.eu\/fr\/equipements-de-sport\/workouts-et-calisthenics\/circuit-sportif-en-bois\/balance-plus\/"]}]},{"@type":"ImageObject","inLanguage":"fr-FR","@id":"https:\/\/crous.eu\/fr\/equipements-de-sport\/workouts-et-calisthenics\/circuit-sportif-en-bois\/balance-plus\/#primaryimage","url":"https:\/\/crous.eu\/wp-content\/uploads\/EECID015.jpg","contentUrl":"https:\/\/crous.eu\/wp-content\/uploads\/EECID015.jpg","width":550,"height":550},{"@type":"BreadcrumbList","@id":"https:\/\/crous.eu\/fr\/equipements-de-sport\/workouts-et-calisthenics\/circuit-sportif-en-bois\/balance-plus\/#breadcrumb","itemListElement":[{"@type":"ListItem","position":1,"name":"Portada","item":"https:\/\/crous.eu\/fr\/"},{"@type":"ListItem","position":2,"name":"Tienda","item":"https:\/\/crous.eu\/tienda\/"},{"@type":"ListItem","position":3,"name":"Balance Plus"}]},{"@type":"WebSite","@id":"https:\/\/crous.eu\/fr\/#website","url":"https:\/\/crous.eu\/fr\/","name":"Crous Expert","description":"Personalizamos tu entorno","potentialAction":[{"@type":"SearchAction","target":{"@type":"EntryPoint","urlTemplate":"https:\/\/crous.eu\/fr\/?s={search_term_string}"},"query-input":{"@type":"PropertyValueSpecification","valueRequired":true,"valueName":"search_term_string"}}],"inLanguage":"fr-FR"}]}},"_links":{"self":[{"href":"https:\/\/crous.eu\/fr\/wp-json\/wp\/v2\/product\/17966","targetHints":{"allow":["GET"]}}],"collection":[{"href":"https:\/\/crous.eu\/fr\/wp-json\/wp\/v2\/product"}],"about":[{"href":"https:\/\/crous.eu\/fr\/wp-json\/wp\/v2\/types\/product"}],"wp:featuredmedia":[{"embeddable":true,"href":"https:\/\/crous.eu\/fr\/wp-json\/wp\/v2\/media\/11614"}],"wp:attachment":[{"href":"https:\/\/crous.eu\/fr\/wp-json\/wp\/v2\/media?parent=17966"}],"wp:term":[{"taxonomy":"product_brand","embeddable":true,"href":"https:\/\/crous.eu\/fr\/wp-json\/wp\/v2\/product_brand?post=17966"},{"taxonomy":"product_cat","embeddable":true,"href":"https:\/\/crous.eu\/fr\/wp-json\/wp\/v2\/product_cat?post=17966"},{"taxonomy":"product_tag","embeddable":true,"href":"https:\/\/crous.eu\/fr\/wp-json\/wp\/v2\/product_tag?post=17966"}],"curies":[{"name":"wp","href":"https:\/\/api.w.org\/{rel}","templated":true}]}}