{"id":17970,"date":"2021-07-08T18:39:38","date_gmt":"2021-07-08T16:52:46","guid":{"rendered":"http:\/\/crous.eu.mialias.net\/non%20class\u00e9\/vandal-poof-goal\/"},"modified":"2022-09-29T12:30:14","modified_gmt":"2022-09-29T10:30:14","slug":"vandal-poof-goal","status":"publish","type":"product","link":"https:\/\/crous.eu\/fr\/equipements-de-sport\/sport-de-plein-air\/vandal-poof-goal\/","title":{"rendered":"Vandal-poof Goal"},"content":{"rendered":"","protected":false},"excerpt":{"rendered":"<p>\u2022 Porte de football salle\/handball avec protection anti-vand\u00e1lique.<br \/>\n\u2022 Structure principale m\u00e9tallique avec poteaux carr\u00e9s en acier.<br \/>\n\u2022 R\u00e9seau m\u00e9tallique renforc\u00e9 de tubes en acier.<br \/>\n\u2022 La structure globale du but est form\u00e9e \u00e0 l\u2019arri\u00e8re d\u2019une s\u00e9rie de tubes soldats au cadre et \u00e0 la base. De son c\u00f4t\u00e9, la base est fortement ancr\u00e9e par 9 pletines antiretour, reli\u00e9es \u00e0 la fondation par des vis \u00e0 haute r\u00e9sistance.<br \/>\n\u2022 Le dispositif est sp\u00e9cialement con\u00e7u pour les espaces ext\u00e9rieurs.<\/p>\n","protected":false},"featured_media":4065,"template":"","meta":{"_acf_changed":false},"product_brand":[],"product_cat":[644,659],"product_tag":[],"class_list":{"0":"post-17970","1":"product","2":"type-product","3":"status-publish","4":"has-post-thumbnail","6":"product_cat-equipements-de-sport","7":"product_cat-sport-de-plein-air","9":"first","10":"instock","11":"product-type-simple"},"acf":[],"yoast_head":"<!-- This site is optimized with the Yoast SEO plugin v27.4 - https:\/\/yoast.com\/product\/yoast-seo-wordpress\/ -->\n<title>Vandal-poof Goal - Crous Expert<\/title>\n<meta name=\"robots\" content=\"index, follow, max-snippet:-1, max-image-preview:large, max-video-preview:-1\" \/>\n<link rel=\"canonical\" href=\"https:\/\/crous.eu\/fr\/equipements-de-sport\/sport-de-plein-air\/vandal-poof-goal\/\" \/>\n<meta property=\"og:locale\" content=\"fr_FR\" \/>\n<meta property=\"og:type\" content=\"article\" \/>\n<meta property=\"og:title\" content=\"Vandal-poof Goal - Crous Expert\" \/>\n<meta property=\"og:description\" content=\"\u2022 Porte de football salle\/handball avec protection anti-vand\u00e1lique. \u2022 Structure principale m\u00e9tallique avec poteaux carr\u00e9s en acier. \u2022 R\u00e9seau m\u00e9tallique renforc\u00e9 de tubes en acier. \u2022 La structure globale du but est form\u00e9e \u00e0 l\u2019arri\u00e8re d\u2019une s\u00e9rie de tubes soldats au cadre et \u00e0 la base. De son c\u00f4t\u00e9, la base est fortement ancr\u00e9e par 9 pletines antiretour, reli\u00e9es \u00e0 la fondation par des vis \u00e0 haute r\u00e9sistance. \u2022 Le dispositif est sp\u00e9cialement con\u00e7u pour les espaces ext\u00e9rieurs.\" \/>\n<meta property=\"og:url\" content=\"https:\/\/crous.eu\/fr\/equipements-de-sport\/sport-de-plein-air\/vandal-poof-goal\/\" \/>\n<meta property=\"og:site_name\" content=\"Crous Expert\" \/>\n<meta property=\"article:modified_time\" content=\"2022-09-29T10:30:14+00:00\" \/>\n<meta property=\"og:image\" content=\"https:\/\/crous.eu\/wp-content\/uploads\/EEPF32A.jpg\" \/>\n\t<meta property=\"og:image:width\" content=\"550\" \/>\n\t<meta property=\"og:image:height\" content=\"550\" \/>\n\t<meta property=\"og:image:type\" content=\"image\/jpeg\" \/>\n<meta name=\"twitter:card\" content=\"summary_large_image\" \/>\n<script type=\"application\/ld+json\" class=\"yoast-schema-graph\">{\"@context\":\"https:\\\/\\\/schema.org\",\"@graph\":[{\"@type\":\"WebPage\",\"@id\":\"https:\\\/\\\/crous.eu\\\/fr\\\/equipements-de-sport\\\/sport-de-plein-air\\\/vandal-poof-goal\\\/\",\"url\":\"https:\\\/\\\/crous.eu\\\/fr\\\/equipements-de-sport\\\/sport-de-plein-air\\\/vandal-poof-goal\\\/\",\"name\":\"Vandal-poof Goal - Crous Expert\",\"isPartOf\":{\"@id\":\"https:\\\/\\\/crous.eu\\\/fr\\\/#website\"},\"primaryImageOfPage\":{\"@id\":\"https:\\\/\\\/crous.eu\\\/fr\\\/equipements-de-sport\\\/sport-de-plein-air\\\/vandal-poof-goal\\\/#primaryimage\"},\"image\":{\"@id\":\"https:\\\/\\\/crous.eu\\\/fr\\\/equipements-de-sport\\\/sport-de-plein-air\\\/vandal-poof-goal\\\/#primaryimage\"},\"thumbnailUrl\":\"https:\\\/\\\/crous.eu\\\/wp-content\\\/uploads\\\/EEPF32A.jpg\",\"datePublished\":\"2021-07-08T16:52:46+00:00\",\"dateModified\":\"2022-09-29T10:30:14+00:00\",\"breadcrumb\":{\"@id\":\"https:\\\/\\\/crous.eu\\\/fr\\\/equipements-de-sport\\\/sport-de-plein-air\\\/vandal-poof-goal\\\/#breadcrumb\"},\"inLanguage\":\"fr-FR\",\"potentialAction\":[{\"@type\":\"ReadAction\",\"target\":[\"https:\\\/\\\/crous.eu\\\/fr\\\/equipements-de-sport\\\/sport-de-plein-air\\\/vandal-poof-goal\\\/\"]}]},{\"@type\":\"ImageObject\",\"inLanguage\":\"fr-FR\",\"@id\":\"https:\\\/\\\/crous.eu\\\/fr\\\/equipements-de-sport\\\/sport-de-plein-air\\\/vandal-poof-goal\\\/#primaryimage\",\"url\":\"https:\\\/\\\/crous.eu\\\/wp-content\\\/uploads\\\/EEPF32A.jpg\",\"contentUrl\":\"https:\\\/\\\/crous.eu\\\/wp-content\\\/uploads\\\/EEPF32A.jpg\",\"width\":550,\"height\":550},{\"@type\":\"BreadcrumbList\",\"@id\":\"https:\\\/\\\/crous.eu\\\/fr\\\/equipements-de-sport\\\/sport-de-plein-air\\\/vandal-poof-goal\\\/#breadcrumb\",\"itemListElement\":[{\"@type\":\"ListItem\",\"position\":1,\"name\":\"Portada\",\"item\":\"https:\\\/\\\/crous.eu\\\/fr\\\/\"},{\"@type\":\"ListItem\",\"position\":2,\"name\":\"Tienda\",\"item\":\"https:\\\/\\\/crous.eu\\\/tienda\\\/\"},{\"@type\":\"ListItem\",\"position\":3,\"name\":\"Vandal-poof Goal\"}]},{\"@type\":\"WebSite\",\"@id\":\"https:\\\/\\\/crous.eu\\\/fr\\\/#website\",\"url\":\"https:\\\/\\\/crous.eu\\\/fr\\\/\",\"name\":\"Crous Expert\",\"description\":\"Personalizamos tu entorno\",\"potentialAction\":[{\"@type\":\"SearchAction\",\"target\":{\"@type\":\"EntryPoint\",\"urlTemplate\":\"https:\\\/\\\/crous.eu\\\/fr\\\/?s={search_term_string}\"},\"query-input\":{\"@type\":\"PropertyValueSpecification\",\"valueRequired\":true,\"valueName\":\"search_term_string\"}}],\"inLanguage\":\"fr-FR\"}]}<\/script>\n<!-- \/ Yoast SEO plugin. -->","yoast_head_json":{"title":"Vandal-poof Goal - Crous Expert","robots":{"index":"index","follow":"follow","max-snippet":"max-snippet:-1","max-image-preview":"max-image-preview:large","max-video-preview":"max-video-preview:-1"},"canonical":"https:\/\/crous.eu\/fr\/equipements-de-sport\/sport-de-plein-air\/vandal-poof-goal\/","og_locale":"fr_FR","og_type":"article","og_title":"Vandal-poof Goal - Crous Expert","og_description":"\u2022 Porte de football salle\/handball avec protection anti-vand\u00e1lique. \u2022 Structure principale m\u00e9tallique avec poteaux carr\u00e9s en acier. \u2022 R\u00e9seau m\u00e9tallique renforc\u00e9 de tubes en acier. \u2022 La structure globale du but est form\u00e9e \u00e0 l\u2019arri\u00e8re d\u2019une s\u00e9rie de tubes soldats au cadre et \u00e0 la base. De son c\u00f4t\u00e9, la base est fortement ancr\u00e9e par 9 pletines antiretour, reli\u00e9es \u00e0 la fondation par des vis \u00e0 haute r\u00e9sistance. \u2022 Le dispositif est sp\u00e9cialement con\u00e7u pour les espaces ext\u00e9rieurs.","og_url":"https:\/\/crous.eu\/fr\/equipements-de-sport\/sport-de-plein-air\/vandal-poof-goal\/","og_site_name":"Crous Expert","article_modified_time":"2022-09-29T10:30:14+00:00","og_image":[{"width":550,"height":550,"url":"https:\/\/crous.eu\/wp-content\/uploads\/EEPF32A.jpg","type":"image\/jpeg"}],"twitter_card":"summary_large_image","schema":{"@context":"https:\/\/schema.org","@graph":[{"@type":"WebPage","@id":"https:\/\/crous.eu\/fr\/equipements-de-sport\/sport-de-plein-air\/vandal-poof-goal\/","url":"https:\/\/crous.eu\/fr\/equipements-de-sport\/sport-de-plein-air\/vandal-poof-goal\/","name":"Vandal-poof Goal - Crous Expert","isPartOf":{"@id":"https:\/\/crous.eu\/fr\/#website"},"primaryImageOfPage":{"@id":"https:\/\/crous.eu\/fr\/equipements-de-sport\/sport-de-plein-air\/vandal-poof-goal\/#primaryimage"},"image":{"@id":"https:\/\/crous.eu\/fr\/equipements-de-sport\/sport-de-plein-air\/vandal-poof-goal\/#primaryimage"},"thumbnailUrl":"https:\/\/crous.eu\/wp-content\/uploads\/EEPF32A.jpg","datePublished":"2021-07-08T16:52:46+00:00","dateModified":"2022-09-29T10:30:14+00:00","breadcrumb":{"@id":"https:\/\/crous.eu\/fr\/equipements-de-sport\/sport-de-plein-air\/vandal-poof-goal\/#breadcrumb"},"inLanguage":"fr-FR","potentialAction":[{"@type":"ReadAction","target":["https:\/\/crous.eu\/fr\/equipements-de-sport\/sport-de-plein-air\/vandal-poof-goal\/"]}]},{"@type":"ImageObject","inLanguage":"fr-FR","@id":"https:\/\/crous.eu\/fr\/equipements-de-sport\/sport-de-plein-air\/vandal-poof-goal\/#primaryimage","url":"https:\/\/crous.eu\/wp-content\/uploads\/EEPF32A.jpg","contentUrl":"https:\/\/crous.eu\/wp-content\/uploads\/EEPF32A.jpg","width":550,"height":550},{"@type":"BreadcrumbList","@id":"https:\/\/crous.eu\/fr\/equipements-de-sport\/sport-de-plein-air\/vandal-poof-goal\/#breadcrumb","itemListElement":[{"@type":"ListItem","position":1,"name":"Portada","item":"https:\/\/crous.eu\/fr\/"},{"@type":"ListItem","position":2,"name":"Tienda","item":"https:\/\/crous.eu\/tienda\/"},{"@type":"ListItem","position":3,"name":"Vandal-poof Goal"}]},{"@type":"WebSite","@id":"https:\/\/crous.eu\/fr\/#website","url":"https:\/\/crous.eu\/fr\/","name":"Crous Expert","description":"Personalizamos tu entorno","potentialAction":[{"@type":"SearchAction","target":{"@type":"EntryPoint","urlTemplate":"https:\/\/crous.eu\/fr\/?s={search_term_string}"},"query-input":{"@type":"PropertyValueSpecification","valueRequired":true,"valueName":"search_term_string"}}],"inLanguage":"fr-FR"}]}},"_links":{"self":[{"href":"https:\/\/crous.eu\/fr\/wp-json\/wp\/v2\/product\/17970","targetHints":{"allow":["GET"]}}],"collection":[{"href":"https:\/\/crous.eu\/fr\/wp-json\/wp\/v2\/product"}],"about":[{"href":"https:\/\/crous.eu\/fr\/wp-json\/wp\/v2\/types\/product"}],"wp:featuredmedia":[{"embeddable":true,"href":"https:\/\/crous.eu\/fr\/wp-json\/wp\/v2\/media\/4065"}],"wp:attachment":[{"href":"https:\/\/crous.eu\/fr\/wp-json\/wp\/v2\/media?parent=17970"}],"wp:term":[{"taxonomy":"product_brand","embeddable":true,"href":"https:\/\/crous.eu\/fr\/wp-json\/wp\/v2\/product_brand?post=17970"},{"taxonomy":"product_cat","embeddable":true,"href":"https:\/\/crous.eu\/fr\/wp-json\/wp\/v2\/product_cat?post=17970"},{"taxonomy":"product_tag","embeddable":true,"href":"https:\/\/crous.eu\/fr\/wp-json\/wp\/v2\/product_tag?post=17970"}],"curies":[{"name":"wp","href":"https:\/\/api.w.org\/{rel}","templated":true}]}}