{"id":17989,"date":"2021-07-08T18:39:38","date_gmt":"2021-07-08T16:53:32","guid":{"rendered":"http:\/\/crous.eu.mialias.net\/non%20class\u00e9\/multigame-table-with-4-seats\/"},"modified":"2021-07-08T18:53:46","modified_gmt":"2021-07-08T16:53:46","slug":"multigame-table-with-4-seats","status":"publish","type":"product","link":"https:\/\/crous.eu\/fr\/equipements-de-sport\/sport-de-plein-air\/multigame-table-with-4-seats\/","title":{"rendered":"Multigame Table with 4 seats"},"content":{"rendered":"","protected":false},"excerpt":{"rendered":"<p>\u2022 Ensemble de table et quatre si\u00e8ges avec structure m\u00e9tallique.<br \/>\n\u2022 Structure faite de t\u00f4les d\u2019acier laqu\u00e9es.<br \/>\n\u2022 Panneau de jeu en vinyle prot\u00e9g\u00e9 avec \u00e9cran m\u00e9thacrylate.<br \/>\n\u2022 L\u2019\u00e9l\u00e9ment est sp\u00e9cialement con\u00e7u pour les terrains de jeux publics.<br \/>\n\u2022 Vous permet de jouer \u00e0 tour de r\u00f4le, de vous relier.<br \/>\n\u2022 Favorise l\u2019agilit\u00e9 mentale.<\/p>\n","protected":false},"featured_media":4053,"template":"","meta":{"_acf_changed":false},"product_brand":[],"product_cat":[644,659],"product_tag":[],"class_list":{"0":"post-17989","1":"product","2":"type-product","3":"status-publish","4":"has-post-thumbnail","6":"product_cat-equipements-de-sport","7":"product_cat-sport-de-plein-air","9":"first","10":"instock","11":"product-type-simple"},"acf":[],"yoast_head":"<!-- This site is optimized with the Yoast SEO plugin v27.4 - https:\/\/yoast.com\/product\/yoast-seo-wordpress\/ -->\n<title>Multigame Table with 4 seats - Crous Expert<\/title>\n<meta name=\"robots\" content=\"index, follow, max-snippet:-1, max-image-preview:large, max-video-preview:-1\" \/>\n<link rel=\"canonical\" href=\"https:\/\/crous.eu\/fr\/equipements-de-sport\/sport-de-plein-air\/multigame-table-with-4-seats\/\" \/>\n<meta property=\"og:locale\" content=\"fr_FR\" \/>\n<meta property=\"og:type\" content=\"article\" \/>\n<meta property=\"og:title\" content=\"Multigame Table with 4 seats - Crous Expert\" \/>\n<meta property=\"og:description\" content=\"\u2022 Ensemble de table et quatre si\u00e8ges avec structure m\u00e9tallique. \u2022 Structure faite de t\u00f4les d\u2019acier laqu\u00e9es. \u2022 Panneau de jeu en vinyle prot\u00e9g\u00e9 avec \u00e9cran m\u00e9thacrylate. \u2022 L\u2019\u00e9l\u00e9ment est sp\u00e9cialement con\u00e7u pour les terrains de jeux publics. \u2022 Vous permet de jouer \u00e0 tour de r\u00f4le, de vous relier. \u2022 Favorise l\u2019agilit\u00e9 mentale.\" \/>\n<meta property=\"og:url\" content=\"https:\/\/crous.eu\/fr\/equipements-de-sport\/sport-de-plein-air\/multigame-table-with-4-seats\/\" \/>\n<meta property=\"og:site_name\" content=\"Crous Expert\" \/>\n<meta property=\"article:modified_time\" content=\"2021-07-08T16:53:46+00:00\" \/>\n<meta property=\"og:image\" content=\"https:\/\/crous.eu\/wp-content\/uploads\/EETACC006.jpg\" \/>\n\t<meta property=\"og:image:width\" content=\"550\" \/>\n\t<meta property=\"og:image:height\" content=\"550\" \/>\n\t<meta property=\"og:image:type\" content=\"image\/jpeg\" \/>\n<meta name=\"twitter:card\" content=\"summary_large_image\" \/>\n<script type=\"application\/ld+json\" class=\"yoast-schema-graph\">{\"@context\":\"https:\\\/\\\/schema.org\",\"@graph\":[{\"@type\":\"WebPage\",\"@id\":\"https:\\\/\\\/crous.eu\\\/fr\\\/equipements-de-sport\\\/sport-de-plein-air\\\/multigame-table-with-4-seats\\\/\",\"url\":\"https:\\\/\\\/crous.eu\\\/fr\\\/equipements-de-sport\\\/sport-de-plein-air\\\/multigame-table-with-4-seats\\\/\",\"name\":\"Multigame Table with 4 seats - Crous Expert\",\"isPartOf\":{\"@id\":\"https:\\\/\\\/crous.eu\\\/fr\\\/#website\"},\"primaryImageOfPage\":{\"@id\":\"https:\\\/\\\/crous.eu\\\/fr\\\/equipements-de-sport\\\/sport-de-plein-air\\\/multigame-table-with-4-seats\\\/#primaryimage\"},\"image\":{\"@id\":\"https:\\\/\\\/crous.eu\\\/fr\\\/equipements-de-sport\\\/sport-de-plein-air\\\/multigame-table-with-4-seats\\\/#primaryimage\"},\"thumbnailUrl\":\"https:\\\/\\\/crous.eu\\\/wp-content\\\/uploads\\\/EETACC006.jpg\",\"datePublished\":\"2021-07-08T16:53:32+00:00\",\"dateModified\":\"2021-07-08T16:53:46+00:00\",\"breadcrumb\":{\"@id\":\"https:\\\/\\\/crous.eu\\\/fr\\\/equipements-de-sport\\\/sport-de-plein-air\\\/multigame-table-with-4-seats\\\/#breadcrumb\"},\"inLanguage\":\"fr-FR\",\"potentialAction\":[{\"@type\":\"ReadAction\",\"target\":[\"https:\\\/\\\/crous.eu\\\/fr\\\/equipements-de-sport\\\/sport-de-plein-air\\\/multigame-table-with-4-seats\\\/\"]}]},{\"@type\":\"ImageObject\",\"inLanguage\":\"fr-FR\",\"@id\":\"https:\\\/\\\/crous.eu\\\/fr\\\/equipements-de-sport\\\/sport-de-plein-air\\\/multigame-table-with-4-seats\\\/#primaryimage\",\"url\":\"https:\\\/\\\/crous.eu\\\/wp-content\\\/uploads\\\/EETACC006.jpg\",\"contentUrl\":\"https:\\\/\\\/crous.eu\\\/wp-content\\\/uploads\\\/EETACC006.jpg\",\"width\":550,\"height\":550},{\"@type\":\"BreadcrumbList\",\"@id\":\"https:\\\/\\\/crous.eu\\\/fr\\\/equipements-de-sport\\\/sport-de-plein-air\\\/multigame-table-with-4-seats\\\/#breadcrumb\",\"itemListElement\":[{\"@type\":\"ListItem\",\"position\":1,\"name\":\"Portada\",\"item\":\"https:\\\/\\\/crous.eu\\\/fr\\\/\"},{\"@type\":\"ListItem\",\"position\":2,\"name\":\"Tienda\",\"item\":\"https:\\\/\\\/crous.eu\\\/tienda\\\/\"},{\"@type\":\"ListItem\",\"position\":3,\"name\":\"Multigame Table with 4 seats\"}]},{\"@type\":\"WebSite\",\"@id\":\"https:\\\/\\\/crous.eu\\\/fr\\\/#website\",\"url\":\"https:\\\/\\\/crous.eu\\\/fr\\\/\",\"name\":\"Crous Expert\",\"description\":\"Personalizamos tu entorno\",\"potentialAction\":[{\"@type\":\"SearchAction\",\"target\":{\"@type\":\"EntryPoint\",\"urlTemplate\":\"https:\\\/\\\/crous.eu\\\/fr\\\/?s={search_term_string}\"},\"query-input\":{\"@type\":\"PropertyValueSpecification\",\"valueRequired\":true,\"valueName\":\"search_term_string\"}}],\"inLanguage\":\"fr-FR\"}]}<\/script>\n<!-- \/ Yoast SEO plugin. -->","yoast_head_json":{"title":"Multigame Table with 4 seats - Crous Expert","robots":{"index":"index","follow":"follow","max-snippet":"max-snippet:-1","max-image-preview":"max-image-preview:large","max-video-preview":"max-video-preview:-1"},"canonical":"https:\/\/crous.eu\/fr\/equipements-de-sport\/sport-de-plein-air\/multigame-table-with-4-seats\/","og_locale":"fr_FR","og_type":"article","og_title":"Multigame Table with 4 seats - Crous Expert","og_description":"\u2022 Ensemble de table et quatre si\u00e8ges avec structure m\u00e9tallique. \u2022 Structure faite de t\u00f4les d\u2019acier laqu\u00e9es. \u2022 Panneau de jeu en vinyle prot\u00e9g\u00e9 avec \u00e9cran m\u00e9thacrylate. \u2022 L\u2019\u00e9l\u00e9ment est sp\u00e9cialement con\u00e7u pour les terrains de jeux publics. \u2022 Vous permet de jouer \u00e0 tour de r\u00f4le, de vous relier. \u2022 Favorise l\u2019agilit\u00e9 mentale.","og_url":"https:\/\/crous.eu\/fr\/equipements-de-sport\/sport-de-plein-air\/multigame-table-with-4-seats\/","og_site_name":"Crous Expert","article_modified_time":"2021-07-08T16:53:46+00:00","og_image":[{"width":550,"height":550,"url":"https:\/\/crous.eu\/wp-content\/uploads\/EETACC006.jpg","type":"image\/jpeg"}],"twitter_card":"summary_large_image","schema":{"@context":"https:\/\/schema.org","@graph":[{"@type":"WebPage","@id":"https:\/\/crous.eu\/fr\/equipements-de-sport\/sport-de-plein-air\/multigame-table-with-4-seats\/","url":"https:\/\/crous.eu\/fr\/equipements-de-sport\/sport-de-plein-air\/multigame-table-with-4-seats\/","name":"Multigame Table with 4 seats - Crous Expert","isPartOf":{"@id":"https:\/\/crous.eu\/fr\/#website"},"primaryImageOfPage":{"@id":"https:\/\/crous.eu\/fr\/equipements-de-sport\/sport-de-plein-air\/multigame-table-with-4-seats\/#primaryimage"},"image":{"@id":"https:\/\/crous.eu\/fr\/equipements-de-sport\/sport-de-plein-air\/multigame-table-with-4-seats\/#primaryimage"},"thumbnailUrl":"https:\/\/crous.eu\/wp-content\/uploads\/EETACC006.jpg","datePublished":"2021-07-08T16:53:32+00:00","dateModified":"2021-07-08T16:53:46+00:00","breadcrumb":{"@id":"https:\/\/crous.eu\/fr\/equipements-de-sport\/sport-de-plein-air\/multigame-table-with-4-seats\/#breadcrumb"},"inLanguage":"fr-FR","potentialAction":[{"@type":"ReadAction","target":["https:\/\/crous.eu\/fr\/equipements-de-sport\/sport-de-plein-air\/multigame-table-with-4-seats\/"]}]},{"@type":"ImageObject","inLanguage":"fr-FR","@id":"https:\/\/crous.eu\/fr\/equipements-de-sport\/sport-de-plein-air\/multigame-table-with-4-seats\/#primaryimage","url":"https:\/\/crous.eu\/wp-content\/uploads\/EETACC006.jpg","contentUrl":"https:\/\/crous.eu\/wp-content\/uploads\/EETACC006.jpg","width":550,"height":550},{"@type":"BreadcrumbList","@id":"https:\/\/crous.eu\/fr\/equipements-de-sport\/sport-de-plein-air\/multigame-table-with-4-seats\/#breadcrumb","itemListElement":[{"@type":"ListItem","position":1,"name":"Portada","item":"https:\/\/crous.eu\/fr\/"},{"@type":"ListItem","position":2,"name":"Tienda","item":"https:\/\/crous.eu\/tienda\/"},{"@type":"ListItem","position":3,"name":"Multigame Table with 4 seats"}]},{"@type":"WebSite","@id":"https:\/\/crous.eu\/fr\/#website","url":"https:\/\/crous.eu\/fr\/","name":"Crous Expert","description":"Personalizamos tu entorno","potentialAction":[{"@type":"SearchAction","target":{"@type":"EntryPoint","urlTemplate":"https:\/\/crous.eu\/fr\/?s={search_term_string}"},"query-input":{"@type":"PropertyValueSpecification","valueRequired":true,"valueName":"search_term_string"}}],"inLanguage":"fr-FR"}]}},"_links":{"self":[{"href":"https:\/\/crous.eu\/fr\/wp-json\/wp\/v2\/product\/17989","targetHints":{"allow":["GET"]}}],"collection":[{"href":"https:\/\/crous.eu\/fr\/wp-json\/wp\/v2\/product"}],"about":[{"href":"https:\/\/crous.eu\/fr\/wp-json\/wp\/v2\/types\/product"}],"wp:featuredmedia":[{"embeddable":true,"href":"https:\/\/crous.eu\/fr\/wp-json\/wp\/v2\/media\/4053"}],"wp:attachment":[{"href":"https:\/\/crous.eu\/fr\/wp-json\/wp\/v2\/media?parent=17989"}],"wp:term":[{"taxonomy":"product_brand","embeddable":true,"href":"https:\/\/crous.eu\/fr\/wp-json\/wp\/v2\/product_brand?post=17989"},{"taxonomy":"product_cat","embeddable":true,"href":"https:\/\/crous.eu\/fr\/wp-json\/wp\/v2\/product_cat?post=17989"},{"taxonomy":"product_tag","embeddable":true,"href":"https:\/\/crous.eu\/fr\/wp-json\/wp\/v2\/product_tag?post=17989"}],"curies":[{"name":"wp","href":"https:\/\/api.w.org\/{rel}","templated":true}]}}