{"id":18002,"date":"2021-07-08T18:40:02","date_gmt":"2021-07-08T16:53:32","guid":{"rendered":"http:\/\/crous.eu.mialias.net\/non%20class\u00e9\/rhino\/"},"modified":"2021-07-08T18:54:04","modified_gmt":"2021-07-08T16:54:04","slug":"rhino","status":"publish","type":"product","link":"https:\/\/crous.eu\/fr\/terrains-de-jeux\/parcs-animaux\/rhino\/","title":{"rendered":"Rhino"},"content":{"rendered":"","protected":false},"excerpt":{"rendered":"<p>\u2022 Multi-jeu en forme de rhinoc\u00e9ros form\u00e9 par une structure m\u00e9tallique principale, avec r\u00e9seau<br \/>\n   d\u2019escalade et les surfaces lat\u00e9rales avec trous.<br \/>\n\u2022 Panneaux PEHD de 15 mm, toit et rampe coulissante.<br \/>\n\u2022 Piliers structurels et structure m\u00e9tallique des tubes en acier inoxydable.<br \/>\n\u2022 Vis en acier galvanis\u00e9.<br \/>\n\u2022 Plancher avec planche ph\u00e9nolique antid\u00e9rapant.<br \/>\n\u2022 \u00c2ge d\u2019utilisation recommand\u00e9 de 3 \u00e0 12 ans.<br \/>\n\u2022 Permet \u00e0 l\u2019enfant de glisser, de se rapporter et de grimper. Il favorise l\u2019apprentissage du jeu par<br \/>\n   quarts.<br \/>\n\u2022 Certifi\u00e9 selon UNE EN1176.<\/p>\n","protected":false},"featured_media":4557,"template":"","meta":{"_acf_changed":false},"product_brand":[],"product_cat":[666,665],"product_tag":[],"class_list":{"0":"post-18002","1":"product","2":"type-product","3":"status-publish","4":"has-post-thumbnail","6":"product_cat-parcs-animaux","7":"product_cat-terrains-de-jeux","9":"first","10":"instock","11":"product-type-simple"},"acf":[],"yoast_head":"<!-- This site is optimized with the Yoast SEO plugin v27.4 - https:\/\/yoast.com\/product\/yoast-seo-wordpress\/ -->\n<title>Rhino - Crous Expert<\/title>\n<meta name=\"robots\" content=\"index, follow, max-snippet:-1, max-image-preview:large, max-video-preview:-1\" \/>\n<link rel=\"canonical\" href=\"https:\/\/crous.eu\/fr\/terrains-de-jeux\/parcs-animaux\/rhino\/\" \/>\n<meta property=\"og:locale\" content=\"fr_FR\" \/>\n<meta property=\"og:type\" content=\"article\" \/>\n<meta property=\"og:title\" content=\"Rhino - Crous Expert\" \/>\n<meta property=\"og:description\" content=\"\u2022 Multi-jeu en forme de rhinoc\u00e9ros form\u00e9 par une structure m\u00e9tallique principale, avec r\u00e9seau   d\u2019escalade et les surfaces lat\u00e9rales avec trous. \u2022 Panneaux PEHD de 15 mm, toit et rampe coulissante. \u2022 Piliers structurels et structure m\u00e9tallique des tubes en acier inoxydable. \u2022 Vis en acier galvanis\u00e9. \u2022 Plancher avec planche ph\u00e9nolique antid\u00e9rapant. \u2022 \u00c2ge d\u2019utilisation recommand\u00e9 de 3 \u00e0 12 ans. \u2022 Permet \u00e0 l\u2019enfant de glisser, de se rapporter et de grimper. Il favorise l\u2019apprentissage du jeu par   quarts. \u2022 Certifi\u00e9 selon UNE EN1176.\" \/>\n<meta property=\"og:url\" content=\"https:\/\/crous.eu\/fr\/terrains-de-jeux\/parcs-animaux\/rhino\/\" \/>\n<meta property=\"og:site_name\" content=\"Crous Expert\" \/>\n<meta property=\"article:modified_time\" content=\"2021-07-08T16:54:04+00:00\" \/>\n<meta property=\"og:image\" content=\"https:\/\/crous.eu\/wp-content\/uploads\/JIANI004.jpg\" \/>\n\t<meta property=\"og:image:width\" content=\"550\" \/>\n\t<meta property=\"og:image:height\" content=\"550\" \/>\n\t<meta property=\"og:image:type\" content=\"image\/jpeg\" \/>\n<meta name=\"twitter:card\" content=\"summary_large_image\" \/>\n<script type=\"application\/ld+json\" class=\"yoast-schema-graph\">{\"@context\":\"https:\\\/\\\/schema.org\",\"@graph\":[{\"@type\":\"WebPage\",\"@id\":\"https:\\\/\\\/crous.eu\\\/fr\\\/terrains-de-jeux\\\/parcs-animaux\\\/rhino\\\/\",\"url\":\"https:\\\/\\\/crous.eu\\\/fr\\\/terrains-de-jeux\\\/parcs-animaux\\\/rhino\\\/\",\"name\":\"Rhino - Crous Expert\",\"isPartOf\":{\"@id\":\"https:\\\/\\\/crous.eu\\\/fr\\\/#website\"},\"primaryImageOfPage\":{\"@id\":\"https:\\\/\\\/crous.eu\\\/fr\\\/terrains-de-jeux\\\/parcs-animaux\\\/rhino\\\/#primaryimage\"},\"image\":{\"@id\":\"https:\\\/\\\/crous.eu\\\/fr\\\/terrains-de-jeux\\\/parcs-animaux\\\/rhino\\\/#primaryimage\"},\"thumbnailUrl\":\"https:\\\/\\\/crous.eu\\\/wp-content\\\/uploads\\\/JIANI004.jpg\",\"datePublished\":\"2021-07-08T16:53:32+00:00\",\"dateModified\":\"2021-07-08T16:54:04+00:00\",\"breadcrumb\":{\"@id\":\"https:\\\/\\\/crous.eu\\\/fr\\\/terrains-de-jeux\\\/parcs-animaux\\\/rhino\\\/#breadcrumb\"},\"inLanguage\":\"fr-FR\",\"potentialAction\":[{\"@type\":\"ReadAction\",\"target\":[\"https:\\\/\\\/crous.eu\\\/fr\\\/terrains-de-jeux\\\/parcs-animaux\\\/rhino\\\/\"]}]},{\"@type\":\"ImageObject\",\"inLanguage\":\"fr-FR\",\"@id\":\"https:\\\/\\\/crous.eu\\\/fr\\\/terrains-de-jeux\\\/parcs-animaux\\\/rhino\\\/#primaryimage\",\"url\":\"https:\\\/\\\/crous.eu\\\/wp-content\\\/uploads\\\/JIANI004.jpg\",\"contentUrl\":\"https:\\\/\\\/crous.eu\\\/wp-content\\\/uploads\\\/JIANI004.jpg\",\"width\":550,\"height\":550},{\"@type\":\"BreadcrumbList\",\"@id\":\"https:\\\/\\\/crous.eu\\\/fr\\\/terrains-de-jeux\\\/parcs-animaux\\\/rhino\\\/#breadcrumb\",\"itemListElement\":[{\"@type\":\"ListItem\",\"position\":1,\"name\":\"Portada\",\"item\":\"https:\\\/\\\/crous.eu\\\/fr\\\/\"},{\"@type\":\"ListItem\",\"position\":2,\"name\":\"Tienda\",\"item\":\"https:\\\/\\\/crous.eu\\\/tienda\\\/\"},{\"@type\":\"ListItem\",\"position\":3,\"name\":\"Rhino\"}]},{\"@type\":\"WebSite\",\"@id\":\"https:\\\/\\\/crous.eu\\\/fr\\\/#website\",\"url\":\"https:\\\/\\\/crous.eu\\\/fr\\\/\",\"name\":\"Crous Expert\",\"description\":\"Personalizamos tu entorno\",\"potentialAction\":[{\"@type\":\"SearchAction\",\"target\":{\"@type\":\"EntryPoint\",\"urlTemplate\":\"https:\\\/\\\/crous.eu\\\/fr\\\/?s={search_term_string}\"},\"query-input\":{\"@type\":\"PropertyValueSpecification\",\"valueRequired\":true,\"valueName\":\"search_term_string\"}}],\"inLanguage\":\"fr-FR\"}]}<\/script>\n<!-- \/ Yoast SEO plugin. -->","yoast_head_json":{"title":"Rhino - Crous Expert","robots":{"index":"index","follow":"follow","max-snippet":"max-snippet:-1","max-image-preview":"max-image-preview:large","max-video-preview":"max-video-preview:-1"},"canonical":"https:\/\/crous.eu\/fr\/terrains-de-jeux\/parcs-animaux\/rhino\/","og_locale":"fr_FR","og_type":"article","og_title":"Rhino - Crous Expert","og_description":"\u2022 Multi-jeu en forme de rhinoc\u00e9ros form\u00e9 par une structure m\u00e9tallique principale, avec r\u00e9seau   d\u2019escalade et les surfaces lat\u00e9rales avec trous. \u2022 Panneaux PEHD de 15 mm, toit et rampe coulissante. \u2022 Piliers structurels et structure m\u00e9tallique des tubes en acier inoxydable. \u2022 Vis en acier galvanis\u00e9. \u2022 Plancher avec planche ph\u00e9nolique antid\u00e9rapant. \u2022 \u00c2ge d\u2019utilisation recommand\u00e9 de 3 \u00e0 12 ans. \u2022 Permet \u00e0 l\u2019enfant de glisser, de se rapporter et de grimper. Il favorise l\u2019apprentissage du jeu par   quarts. \u2022 Certifi\u00e9 selon UNE EN1176.","og_url":"https:\/\/crous.eu\/fr\/terrains-de-jeux\/parcs-animaux\/rhino\/","og_site_name":"Crous Expert","article_modified_time":"2021-07-08T16:54:04+00:00","og_image":[{"width":550,"height":550,"url":"https:\/\/crous.eu\/wp-content\/uploads\/JIANI004.jpg","type":"image\/jpeg"}],"twitter_card":"summary_large_image","schema":{"@context":"https:\/\/schema.org","@graph":[{"@type":"WebPage","@id":"https:\/\/crous.eu\/fr\/terrains-de-jeux\/parcs-animaux\/rhino\/","url":"https:\/\/crous.eu\/fr\/terrains-de-jeux\/parcs-animaux\/rhino\/","name":"Rhino - Crous Expert","isPartOf":{"@id":"https:\/\/crous.eu\/fr\/#website"},"primaryImageOfPage":{"@id":"https:\/\/crous.eu\/fr\/terrains-de-jeux\/parcs-animaux\/rhino\/#primaryimage"},"image":{"@id":"https:\/\/crous.eu\/fr\/terrains-de-jeux\/parcs-animaux\/rhino\/#primaryimage"},"thumbnailUrl":"https:\/\/crous.eu\/wp-content\/uploads\/JIANI004.jpg","datePublished":"2021-07-08T16:53:32+00:00","dateModified":"2021-07-08T16:54:04+00:00","breadcrumb":{"@id":"https:\/\/crous.eu\/fr\/terrains-de-jeux\/parcs-animaux\/rhino\/#breadcrumb"},"inLanguage":"fr-FR","potentialAction":[{"@type":"ReadAction","target":["https:\/\/crous.eu\/fr\/terrains-de-jeux\/parcs-animaux\/rhino\/"]}]},{"@type":"ImageObject","inLanguage":"fr-FR","@id":"https:\/\/crous.eu\/fr\/terrains-de-jeux\/parcs-animaux\/rhino\/#primaryimage","url":"https:\/\/crous.eu\/wp-content\/uploads\/JIANI004.jpg","contentUrl":"https:\/\/crous.eu\/wp-content\/uploads\/JIANI004.jpg","width":550,"height":550},{"@type":"BreadcrumbList","@id":"https:\/\/crous.eu\/fr\/terrains-de-jeux\/parcs-animaux\/rhino\/#breadcrumb","itemListElement":[{"@type":"ListItem","position":1,"name":"Portada","item":"https:\/\/crous.eu\/fr\/"},{"@type":"ListItem","position":2,"name":"Tienda","item":"https:\/\/crous.eu\/tienda\/"},{"@type":"ListItem","position":3,"name":"Rhino"}]},{"@type":"WebSite","@id":"https:\/\/crous.eu\/fr\/#website","url":"https:\/\/crous.eu\/fr\/","name":"Crous Expert","description":"Personalizamos tu entorno","potentialAction":[{"@type":"SearchAction","target":{"@type":"EntryPoint","urlTemplate":"https:\/\/crous.eu\/fr\/?s={search_term_string}"},"query-input":{"@type":"PropertyValueSpecification","valueRequired":true,"valueName":"search_term_string"}}],"inLanguage":"fr-FR"}]}},"_links":{"self":[{"href":"https:\/\/crous.eu\/fr\/wp-json\/wp\/v2\/product\/18002","targetHints":{"allow":["GET"]}}],"collection":[{"href":"https:\/\/crous.eu\/fr\/wp-json\/wp\/v2\/product"}],"about":[{"href":"https:\/\/crous.eu\/fr\/wp-json\/wp\/v2\/types\/product"}],"wp:featuredmedia":[{"embeddable":true,"href":"https:\/\/crous.eu\/fr\/wp-json\/wp\/v2\/media\/4557"}],"wp:attachment":[{"href":"https:\/\/crous.eu\/fr\/wp-json\/wp\/v2\/media?parent=18002"}],"wp:term":[{"taxonomy":"product_brand","embeddable":true,"href":"https:\/\/crous.eu\/fr\/wp-json\/wp\/v2\/product_brand?post=18002"},{"taxonomy":"product_cat","embeddable":true,"href":"https:\/\/crous.eu\/fr\/wp-json\/wp\/v2\/product_cat?post=18002"},{"taxonomy":"product_tag","embeddable":true,"href":"https:\/\/crous.eu\/fr\/wp-json\/wp\/v2\/product_tag?post=18002"}],"curies":[{"name":"wp","href":"https:\/\/api.w.org\/{rel}","templated":true}]}}