{"id":18003,"date":"2021-07-08T18:53:32","date_gmt":"2021-07-08T16:53:32","guid":{"rendered":"http:\/\/crous.eu.mialias.net\/non%20class\u00e9\/crocodile\/"},"modified":"2021-07-08T18:54:05","modified_gmt":"2021-07-08T16:54:05","slug":"crocodile","status":"publish","type":"product","link":"https:\/\/crous.eu\/fr\/terrains-de-jeux\/parcs-animaux\/crocodile\/","title":{"rendered":"Crocodile"},"content":{"rendered":"","protected":false},"excerpt":{"rendered":"<p>\u2022 Multi-jeu en forme de crocodile avec une structure principale en m\u00e9tal, et une passerelle<br \/>\n   quickie form\u00e9 de barres parall\u00e8les pour attacher et glisser des rouleaux.<br \/>\n\u2022 Panneaux lat\u00e9raux PEHD de 15 mm.<br \/>\n\u2022 Piliers structurels et structure m\u00e9tallique des tubes en acier inoxydable.<br \/>\n\u2022 Vis en acier galvanis\u00e9.<br \/>\n\u2022 Plancher avec planche ph\u00e9nolique antid\u00e9rapant.<br \/>\n\u2022 \u00c2ge d\u2019utilisation recommand\u00e9 de 1 \u00e0 5 ans.<br \/>\n\u2022 Permet \u00e0 l\u2019enfant de glisser, de se rapporter et de grimper. Il favorise l\u2019apprentissage du jeu par<br \/>\n   quarts.<br \/>\n\u2022 Certifi\u00e9 selon UNE EN1176.<\/p>\n","protected":false},"featured_media":11626,"template":"","meta":{"_acf_changed":false},"product_brand":[],"product_cat":[666,665],"product_tag":[],"class_list":{"0":"post-18003","1":"product","2":"type-product","3":"status-publish","4":"has-post-thumbnail","6":"product_cat-parcs-animaux","7":"product_cat-terrains-de-jeux","9":"first","10":"instock","11":"product-type-simple"},"acf":[],"yoast_head":"<!-- This site is optimized with the Yoast SEO plugin v27.4 - https:\/\/yoast.com\/product\/yoast-seo-wordpress\/ -->\n<title>Crocodile - Crous Expert<\/title>\n<meta name=\"robots\" content=\"index, follow, max-snippet:-1, max-image-preview:large, max-video-preview:-1\" \/>\n<link rel=\"canonical\" href=\"https:\/\/crous.eu\/fr\/terrains-de-jeux\/parcs-animaux\/crocodile\/\" \/>\n<meta property=\"og:locale\" content=\"fr_FR\" \/>\n<meta property=\"og:type\" content=\"article\" \/>\n<meta property=\"og:title\" content=\"Crocodile - Crous Expert\" \/>\n<meta property=\"og:description\" content=\"\u2022 Multi-jeu en forme de crocodile avec une structure principale en m\u00e9tal, et une passerelle  quickie form\u00e9 de barres parall\u00e8les pour attacher et glisser des rouleaux. \u2022 Panneaux lat\u00e9raux PEHD de 15 mm. \u2022 Piliers structurels et structure m\u00e9tallique des tubes en acier inoxydable. \u2022 Vis en acier galvanis\u00e9. \u2022 Plancher avec planche ph\u00e9nolique antid\u00e9rapant. \u2022 \u00c2ge d\u2019utilisation recommand\u00e9 de 1 \u00e0 5 ans. \u2022 Permet \u00e0 l\u2019enfant de glisser, de se rapporter et de grimper. Il favorise l\u2019apprentissage du jeu par   quarts. \u2022 Certifi\u00e9 selon UNE EN1176.\" \/>\n<meta property=\"og:url\" content=\"https:\/\/crous.eu\/fr\/terrains-de-jeux\/parcs-animaux\/crocodile\/\" \/>\n<meta property=\"og:site_name\" content=\"Crous Expert\" \/>\n<meta property=\"article:modified_time\" content=\"2021-07-08T16:54:05+00:00\" \/>\n<meta property=\"og:image\" content=\"https:\/\/crous.eu\/wp-content\/uploads\/JIANI005.jpg\" \/>\n\t<meta property=\"og:image:width\" content=\"550\" \/>\n\t<meta property=\"og:image:height\" content=\"550\" \/>\n\t<meta property=\"og:image:type\" content=\"image\/jpeg\" \/>\n<meta name=\"twitter:card\" content=\"summary_large_image\" \/>\n<script type=\"application\/ld+json\" class=\"yoast-schema-graph\">{\"@context\":\"https:\\\/\\\/schema.org\",\"@graph\":[{\"@type\":\"WebPage\",\"@id\":\"https:\\\/\\\/crous.eu\\\/fr\\\/terrains-de-jeux\\\/parcs-animaux\\\/crocodile\\\/\",\"url\":\"https:\\\/\\\/crous.eu\\\/fr\\\/terrains-de-jeux\\\/parcs-animaux\\\/crocodile\\\/\",\"name\":\"Crocodile - Crous Expert\",\"isPartOf\":{\"@id\":\"https:\\\/\\\/crous.eu\\\/fr\\\/#website\"},\"primaryImageOfPage\":{\"@id\":\"https:\\\/\\\/crous.eu\\\/fr\\\/terrains-de-jeux\\\/parcs-animaux\\\/crocodile\\\/#primaryimage\"},\"image\":{\"@id\":\"https:\\\/\\\/crous.eu\\\/fr\\\/terrains-de-jeux\\\/parcs-animaux\\\/crocodile\\\/#primaryimage\"},\"thumbnailUrl\":\"https:\\\/\\\/crous.eu\\\/wp-content\\\/uploads\\\/JIANI005.jpg\",\"datePublished\":\"2021-07-08T16:53:32+00:00\",\"dateModified\":\"2021-07-08T16:54:05+00:00\",\"breadcrumb\":{\"@id\":\"https:\\\/\\\/crous.eu\\\/fr\\\/terrains-de-jeux\\\/parcs-animaux\\\/crocodile\\\/#breadcrumb\"},\"inLanguage\":\"fr-FR\",\"potentialAction\":[{\"@type\":\"ReadAction\",\"target\":[\"https:\\\/\\\/crous.eu\\\/fr\\\/terrains-de-jeux\\\/parcs-animaux\\\/crocodile\\\/\"]}]},{\"@type\":\"ImageObject\",\"inLanguage\":\"fr-FR\",\"@id\":\"https:\\\/\\\/crous.eu\\\/fr\\\/terrains-de-jeux\\\/parcs-animaux\\\/crocodile\\\/#primaryimage\",\"url\":\"https:\\\/\\\/crous.eu\\\/wp-content\\\/uploads\\\/JIANI005.jpg\",\"contentUrl\":\"https:\\\/\\\/crous.eu\\\/wp-content\\\/uploads\\\/JIANI005.jpg\",\"width\":550,\"height\":550},{\"@type\":\"BreadcrumbList\",\"@id\":\"https:\\\/\\\/crous.eu\\\/fr\\\/terrains-de-jeux\\\/parcs-animaux\\\/crocodile\\\/#breadcrumb\",\"itemListElement\":[{\"@type\":\"ListItem\",\"position\":1,\"name\":\"Portada\",\"item\":\"https:\\\/\\\/crous.eu\\\/fr\\\/\"},{\"@type\":\"ListItem\",\"position\":2,\"name\":\"Tienda\",\"item\":\"https:\\\/\\\/crous.eu\\\/tienda\\\/\"},{\"@type\":\"ListItem\",\"position\":3,\"name\":\"Crocodile\"}]},{\"@type\":\"WebSite\",\"@id\":\"https:\\\/\\\/crous.eu\\\/fr\\\/#website\",\"url\":\"https:\\\/\\\/crous.eu\\\/fr\\\/\",\"name\":\"Crous Expert\",\"description\":\"Personalizamos tu entorno\",\"potentialAction\":[{\"@type\":\"SearchAction\",\"target\":{\"@type\":\"EntryPoint\",\"urlTemplate\":\"https:\\\/\\\/crous.eu\\\/fr\\\/?s={search_term_string}\"},\"query-input\":{\"@type\":\"PropertyValueSpecification\",\"valueRequired\":true,\"valueName\":\"search_term_string\"}}],\"inLanguage\":\"fr-FR\"}]}<\/script>\n<!-- \/ Yoast SEO plugin. -->","yoast_head_json":{"title":"Crocodile - Crous Expert","robots":{"index":"index","follow":"follow","max-snippet":"max-snippet:-1","max-image-preview":"max-image-preview:large","max-video-preview":"max-video-preview:-1"},"canonical":"https:\/\/crous.eu\/fr\/terrains-de-jeux\/parcs-animaux\/crocodile\/","og_locale":"fr_FR","og_type":"article","og_title":"Crocodile - Crous Expert","og_description":"\u2022 Multi-jeu en forme de crocodile avec une structure principale en m\u00e9tal, et une passerelle  quickie form\u00e9 de barres parall\u00e8les pour attacher et glisser des rouleaux. \u2022 Panneaux lat\u00e9raux PEHD de 15 mm. \u2022 Piliers structurels et structure m\u00e9tallique des tubes en acier inoxydable. \u2022 Vis en acier galvanis\u00e9. \u2022 Plancher avec planche ph\u00e9nolique antid\u00e9rapant. \u2022 \u00c2ge d\u2019utilisation recommand\u00e9 de 1 \u00e0 5 ans. \u2022 Permet \u00e0 l\u2019enfant de glisser, de se rapporter et de grimper. Il favorise l\u2019apprentissage du jeu par   quarts. \u2022 Certifi\u00e9 selon UNE EN1176.","og_url":"https:\/\/crous.eu\/fr\/terrains-de-jeux\/parcs-animaux\/crocodile\/","og_site_name":"Crous Expert","article_modified_time":"2021-07-08T16:54:05+00:00","og_image":[{"width":550,"height":550,"url":"https:\/\/crous.eu\/wp-content\/uploads\/JIANI005.jpg","type":"image\/jpeg"}],"twitter_card":"summary_large_image","schema":{"@context":"https:\/\/schema.org","@graph":[{"@type":"WebPage","@id":"https:\/\/crous.eu\/fr\/terrains-de-jeux\/parcs-animaux\/crocodile\/","url":"https:\/\/crous.eu\/fr\/terrains-de-jeux\/parcs-animaux\/crocodile\/","name":"Crocodile - Crous Expert","isPartOf":{"@id":"https:\/\/crous.eu\/fr\/#website"},"primaryImageOfPage":{"@id":"https:\/\/crous.eu\/fr\/terrains-de-jeux\/parcs-animaux\/crocodile\/#primaryimage"},"image":{"@id":"https:\/\/crous.eu\/fr\/terrains-de-jeux\/parcs-animaux\/crocodile\/#primaryimage"},"thumbnailUrl":"https:\/\/crous.eu\/wp-content\/uploads\/JIANI005.jpg","datePublished":"2021-07-08T16:53:32+00:00","dateModified":"2021-07-08T16:54:05+00:00","breadcrumb":{"@id":"https:\/\/crous.eu\/fr\/terrains-de-jeux\/parcs-animaux\/crocodile\/#breadcrumb"},"inLanguage":"fr-FR","potentialAction":[{"@type":"ReadAction","target":["https:\/\/crous.eu\/fr\/terrains-de-jeux\/parcs-animaux\/crocodile\/"]}]},{"@type":"ImageObject","inLanguage":"fr-FR","@id":"https:\/\/crous.eu\/fr\/terrains-de-jeux\/parcs-animaux\/crocodile\/#primaryimage","url":"https:\/\/crous.eu\/wp-content\/uploads\/JIANI005.jpg","contentUrl":"https:\/\/crous.eu\/wp-content\/uploads\/JIANI005.jpg","width":550,"height":550},{"@type":"BreadcrumbList","@id":"https:\/\/crous.eu\/fr\/terrains-de-jeux\/parcs-animaux\/crocodile\/#breadcrumb","itemListElement":[{"@type":"ListItem","position":1,"name":"Portada","item":"https:\/\/crous.eu\/fr\/"},{"@type":"ListItem","position":2,"name":"Tienda","item":"https:\/\/crous.eu\/tienda\/"},{"@type":"ListItem","position":3,"name":"Crocodile"}]},{"@type":"WebSite","@id":"https:\/\/crous.eu\/fr\/#website","url":"https:\/\/crous.eu\/fr\/","name":"Crous Expert","description":"Personalizamos tu entorno","potentialAction":[{"@type":"SearchAction","target":{"@type":"EntryPoint","urlTemplate":"https:\/\/crous.eu\/fr\/?s={search_term_string}"},"query-input":{"@type":"PropertyValueSpecification","valueRequired":true,"valueName":"search_term_string"}}],"inLanguage":"fr-FR"}]}},"_links":{"self":[{"href":"https:\/\/crous.eu\/fr\/wp-json\/wp\/v2\/product\/18003","targetHints":{"allow":["GET"]}}],"collection":[{"href":"https:\/\/crous.eu\/fr\/wp-json\/wp\/v2\/product"}],"about":[{"href":"https:\/\/crous.eu\/fr\/wp-json\/wp\/v2\/types\/product"}],"wp:featuredmedia":[{"embeddable":true,"href":"https:\/\/crous.eu\/fr\/wp-json\/wp\/v2\/media\/11626"}],"wp:attachment":[{"href":"https:\/\/crous.eu\/fr\/wp-json\/wp\/v2\/media?parent=18003"}],"wp:term":[{"taxonomy":"product_brand","embeddable":true,"href":"https:\/\/crous.eu\/fr\/wp-json\/wp\/v2\/product_brand?post=18003"},{"taxonomy":"product_cat","embeddable":true,"href":"https:\/\/crous.eu\/fr\/wp-json\/wp\/v2\/product_cat?post=18003"},{"taxonomy":"product_tag","embeddable":true,"href":"https:\/\/crous.eu\/fr\/wp-json\/wp\/v2\/product_tag?post=18003"}],"curies":[{"name":"wp","href":"https:\/\/api.w.org\/{rel}","templated":true}]}}