{"id":18019,"date":"2021-07-08T18:54:14","date_gmt":"2021-07-08T16:54:14","guid":{"rendered":"http:\/\/crous.eu.mialias.net\/non%20class\u00e9\/rescue-tower\/"},"modified":"2021-07-08T18:54:29","modified_gmt":"2021-07-08T16:54:29","slug":"rescue-tower","status":"publish","type":"product","link":"https:\/\/crous.eu\/fr\/terrains-de-jeux\/multijeux\/multijeux-marea\/rescue-tower\/","title":{"rendered":"Rescue Tower"},"content":{"rendered":"","protected":false},"excerpt":{"rendered":"<p>\u2022 Multi-jeu avec une tour toboggan en forme de phare, y compris une tyrolienne.<br \/>\n\u2022 Structure en bois lamin\u00e9 \/ HRC.<br \/>\n\u2022 Panneaux coulissants PEHD de 15 mm et rampe.<br \/>\n\u2022 Barres en acier inoxydable.<br \/>\n\u2022 Pas de bords pointus ou de fissures qui pourraient constituer un danger pour les<br \/>\n   doigts ou toute autre partie du corps.<br \/>\n\u2022 Toutes les vis recouvertes de bouchons en plastique color\u00e9s.<br \/>\n\u2022 \u00c2ge recommand\u00e9 de 3 \u00e0 12 ans.<br \/>\n\u2022 Capacit\u00e9 jusqu\u2019\u00e0 6 utilisateurs.<br \/>\n\u2022 L\u2019appareil est con\u00e7u pour les terrains de jeux publics.<br \/>\n\u2022 Certifi\u00e9 selon l\u2019UNE EN1176.<\/p>\n","protected":false},"featured_media":11638,"template":"","meta":{"_acf_changed":false},"product_brand":[],"product_cat":[668,669,665,679],"product_tag":[],"class_list":{"0":"post-18019","1":"product","2":"type-product","3":"status-publish","4":"has-post-thumbnail","6":"product_cat-multijeux","7":"product_cat-multijeux-marea","8":"product_cat-terrains-de-jeux","9":"product_cat-tyroliennes-tours-et-filets","11":"first","12":"instock","13":"product-type-simple"},"acf":[],"yoast_head":"<!-- This site is optimized with the Yoast SEO plugin v27.4 - https:\/\/yoast.com\/product\/yoast-seo-wordpress\/ -->\n<title>Rescue Tower - Crous Expert<\/title>\n<meta name=\"robots\" content=\"index, follow, max-snippet:-1, max-image-preview:large, max-video-preview:-1\" \/>\n<link rel=\"canonical\" href=\"https:\/\/crous.eu\/fr\/terrains-de-jeux\/multijeux\/multijeux-marea\/rescue-tower\/\" \/>\n<meta property=\"og:locale\" content=\"fr_FR\" \/>\n<meta property=\"og:type\" content=\"article\" \/>\n<meta property=\"og:title\" content=\"Rescue Tower - Crous Expert\" \/>\n<meta property=\"og:description\" content=\"\u2022 Multi-jeu avec une tour toboggan en forme de phare, y compris une tyrolienne. \u2022 Structure en bois lamin\u00e9 \/ HRC. \u2022 Panneaux coulissants PEHD de 15 mm et rampe. \u2022 Barres en acier inoxydable. \u2022 Pas de bords pointus ou de fissures qui pourraient constituer un danger pour les  doigts ou toute autre partie du corps. \u2022 Toutes les vis recouvertes de bouchons en plastique color\u00e9s. \u2022 \u00c2ge recommand\u00e9 de 3 \u00e0 12 ans. \u2022 Capacit\u00e9 jusqu\u2019\u00e0 6 utilisateurs. \u2022 L\u2019appareil est con\u00e7u pour les terrains de jeux publics. \u2022 Certifi\u00e9 selon l\u2019UNE EN1176.\" \/>\n<meta property=\"og:url\" content=\"https:\/\/crous.eu\/fr\/terrains-de-jeux\/multijeux\/multijeux-marea\/rescue-tower\/\" \/>\n<meta property=\"og:site_name\" content=\"Crous Expert\" \/>\n<meta property=\"article:modified_time\" content=\"2021-07-08T16:54:29+00:00\" \/>\n<meta property=\"og:image\" content=\"https:\/\/crous.eu\/wp-content\/uploads\/JIBAR008.jpg\" \/>\n\t<meta property=\"og:image:width\" content=\"550\" \/>\n\t<meta property=\"og:image:height\" content=\"550\" \/>\n\t<meta property=\"og:image:type\" content=\"image\/jpeg\" \/>\n<meta name=\"twitter:card\" content=\"summary_large_image\" \/>\n<script type=\"application\/ld+json\" class=\"yoast-schema-graph\">{\"@context\":\"https:\\\/\\\/schema.org\",\"@graph\":[{\"@type\":\"WebPage\",\"@id\":\"https:\\\/\\\/crous.eu\\\/fr\\\/terrains-de-jeux\\\/multijeux\\\/multijeux-marea\\\/rescue-tower\\\/\",\"url\":\"https:\\\/\\\/crous.eu\\\/fr\\\/terrains-de-jeux\\\/multijeux\\\/multijeux-marea\\\/rescue-tower\\\/\",\"name\":\"Rescue Tower - Crous Expert\",\"isPartOf\":{\"@id\":\"https:\\\/\\\/crous.eu\\\/fr\\\/#website\"},\"primaryImageOfPage\":{\"@id\":\"https:\\\/\\\/crous.eu\\\/fr\\\/terrains-de-jeux\\\/multijeux\\\/multijeux-marea\\\/rescue-tower\\\/#primaryimage\"},\"image\":{\"@id\":\"https:\\\/\\\/crous.eu\\\/fr\\\/terrains-de-jeux\\\/multijeux\\\/multijeux-marea\\\/rescue-tower\\\/#primaryimage\"},\"thumbnailUrl\":\"https:\\\/\\\/crous.eu\\\/wp-content\\\/uploads\\\/JIBAR008.jpg\",\"datePublished\":\"2021-07-08T16:54:14+00:00\",\"dateModified\":\"2021-07-08T16:54:29+00:00\",\"breadcrumb\":{\"@id\":\"https:\\\/\\\/crous.eu\\\/fr\\\/terrains-de-jeux\\\/multijeux\\\/multijeux-marea\\\/rescue-tower\\\/#breadcrumb\"},\"inLanguage\":\"fr-FR\",\"potentialAction\":[{\"@type\":\"ReadAction\",\"target\":[\"https:\\\/\\\/crous.eu\\\/fr\\\/terrains-de-jeux\\\/multijeux\\\/multijeux-marea\\\/rescue-tower\\\/\"]}]},{\"@type\":\"ImageObject\",\"inLanguage\":\"fr-FR\",\"@id\":\"https:\\\/\\\/crous.eu\\\/fr\\\/terrains-de-jeux\\\/multijeux\\\/multijeux-marea\\\/rescue-tower\\\/#primaryimage\",\"url\":\"https:\\\/\\\/crous.eu\\\/wp-content\\\/uploads\\\/JIBAR008.jpg\",\"contentUrl\":\"https:\\\/\\\/crous.eu\\\/wp-content\\\/uploads\\\/JIBAR008.jpg\",\"width\":550,\"height\":550},{\"@type\":\"BreadcrumbList\",\"@id\":\"https:\\\/\\\/crous.eu\\\/fr\\\/terrains-de-jeux\\\/multijeux\\\/multijeux-marea\\\/rescue-tower\\\/#breadcrumb\",\"itemListElement\":[{\"@type\":\"ListItem\",\"position\":1,\"name\":\"Portada\",\"item\":\"https:\\\/\\\/crous.eu\\\/fr\\\/\"},{\"@type\":\"ListItem\",\"position\":2,\"name\":\"Tienda\",\"item\":\"https:\\\/\\\/crous.eu\\\/tienda\\\/\"},{\"@type\":\"ListItem\",\"position\":3,\"name\":\"Rescue Tower\"}]},{\"@type\":\"WebSite\",\"@id\":\"https:\\\/\\\/crous.eu\\\/fr\\\/#website\",\"url\":\"https:\\\/\\\/crous.eu\\\/fr\\\/\",\"name\":\"Crous Expert\",\"description\":\"Personalizamos tu entorno\",\"potentialAction\":[{\"@type\":\"SearchAction\",\"target\":{\"@type\":\"EntryPoint\",\"urlTemplate\":\"https:\\\/\\\/crous.eu\\\/fr\\\/?s={search_term_string}\"},\"query-input\":{\"@type\":\"PropertyValueSpecification\",\"valueRequired\":true,\"valueName\":\"search_term_string\"}}],\"inLanguage\":\"fr-FR\"}]}<\/script>\n<!-- \/ Yoast SEO plugin. -->","yoast_head_json":{"title":"Rescue Tower - Crous Expert","robots":{"index":"index","follow":"follow","max-snippet":"max-snippet:-1","max-image-preview":"max-image-preview:large","max-video-preview":"max-video-preview:-1"},"canonical":"https:\/\/crous.eu\/fr\/terrains-de-jeux\/multijeux\/multijeux-marea\/rescue-tower\/","og_locale":"fr_FR","og_type":"article","og_title":"Rescue Tower - Crous Expert","og_description":"\u2022 Multi-jeu avec une tour toboggan en forme de phare, y compris une tyrolienne. \u2022 Structure en bois lamin\u00e9 \/ HRC. \u2022 Panneaux coulissants PEHD de 15 mm et rampe. \u2022 Barres en acier inoxydable. \u2022 Pas de bords pointus ou de fissures qui pourraient constituer un danger pour les  doigts ou toute autre partie du corps. \u2022 Toutes les vis recouvertes de bouchons en plastique color\u00e9s. \u2022 \u00c2ge recommand\u00e9 de 3 \u00e0 12 ans. \u2022 Capacit\u00e9 jusqu\u2019\u00e0 6 utilisateurs. \u2022 L\u2019appareil est con\u00e7u pour les terrains de jeux publics. \u2022 Certifi\u00e9 selon l\u2019UNE EN1176.","og_url":"https:\/\/crous.eu\/fr\/terrains-de-jeux\/multijeux\/multijeux-marea\/rescue-tower\/","og_site_name":"Crous Expert","article_modified_time":"2021-07-08T16:54:29+00:00","og_image":[{"width":550,"height":550,"url":"https:\/\/crous.eu\/wp-content\/uploads\/JIBAR008.jpg","type":"image\/jpeg"}],"twitter_card":"summary_large_image","schema":{"@context":"https:\/\/schema.org","@graph":[{"@type":"WebPage","@id":"https:\/\/crous.eu\/fr\/terrains-de-jeux\/multijeux\/multijeux-marea\/rescue-tower\/","url":"https:\/\/crous.eu\/fr\/terrains-de-jeux\/multijeux\/multijeux-marea\/rescue-tower\/","name":"Rescue Tower - Crous Expert","isPartOf":{"@id":"https:\/\/crous.eu\/fr\/#website"},"primaryImageOfPage":{"@id":"https:\/\/crous.eu\/fr\/terrains-de-jeux\/multijeux\/multijeux-marea\/rescue-tower\/#primaryimage"},"image":{"@id":"https:\/\/crous.eu\/fr\/terrains-de-jeux\/multijeux\/multijeux-marea\/rescue-tower\/#primaryimage"},"thumbnailUrl":"https:\/\/crous.eu\/wp-content\/uploads\/JIBAR008.jpg","datePublished":"2021-07-08T16:54:14+00:00","dateModified":"2021-07-08T16:54:29+00:00","breadcrumb":{"@id":"https:\/\/crous.eu\/fr\/terrains-de-jeux\/multijeux\/multijeux-marea\/rescue-tower\/#breadcrumb"},"inLanguage":"fr-FR","potentialAction":[{"@type":"ReadAction","target":["https:\/\/crous.eu\/fr\/terrains-de-jeux\/multijeux\/multijeux-marea\/rescue-tower\/"]}]},{"@type":"ImageObject","inLanguage":"fr-FR","@id":"https:\/\/crous.eu\/fr\/terrains-de-jeux\/multijeux\/multijeux-marea\/rescue-tower\/#primaryimage","url":"https:\/\/crous.eu\/wp-content\/uploads\/JIBAR008.jpg","contentUrl":"https:\/\/crous.eu\/wp-content\/uploads\/JIBAR008.jpg","width":550,"height":550},{"@type":"BreadcrumbList","@id":"https:\/\/crous.eu\/fr\/terrains-de-jeux\/multijeux\/multijeux-marea\/rescue-tower\/#breadcrumb","itemListElement":[{"@type":"ListItem","position":1,"name":"Portada","item":"https:\/\/crous.eu\/fr\/"},{"@type":"ListItem","position":2,"name":"Tienda","item":"https:\/\/crous.eu\/tienda\/"},{"@type":"ListItem","position":3,"name":"Rescue Tower"}]},{"@type":"WebSite","@id":"https:\/\/crous.eu\/fr\/#website","url":"https:\/\/crous.eu\/fr\/","name":"Crous Expert","description":"Personalizamos tu entorno","potentialAction":[{"@type":"SearchAction","target":{"@type":"EntryPoint","urlTemplate":"https:\/\/crous.eu\/fr\/?s={search_term_string}"},"query-input":{"@type":"PropertyValueSpecification","valueRequired":true,"valueName":"search_term_string"}}],"inLanguage":"fr-FR"}]}},"_links":{"self":[{"href":"https:\/\/crous.eu\/fr\/wp-json\/wp\/v2\/product\/18019","targetHints":{"allow":["GET"]}}],"collection":[{"href":"https:\/\/crous.eu\/fr\/wp-json\/wp\/v2\/product"}],"about":[{"href":"https:\/\/crous.eu\/fr\/wp-json\/wp\/v2\/types\/product"}],"wp:featuredmedia":[{"embeddable":true,"href":"https:\/\/crous.eu\/fr\/wp-json\/wp\/v2\/media\/11638"}],"wp:attachment":[{"href":"https:\/\/crous.eu\/fr\/wp-json\/wp\/v2\/media?parent=18019"}],"wp:term":[{"taxonomy":"product_brand","embeddable":true,"href":"https:\/\/crous.eu\/fr\/wp-json\/wp\/v2\/product_brand?post=18019"},{"taxonomy":"product_cat","embeddable":true,"href":"https:\/\/crous.eu\/fr\/wp-json\/wp\/v2\/product_cat?post=18019"},{"taxonomy":"product_tag","embeddable":true,"href":"https:\/\/crous.eu\/fr\/wp-json\/wp\/v2\/product_tag?post=18019"}],"curies":[{"name":"wp","href":"https:\/\/api.w.org\/{rel}","templated":true}]}}