{"id":18020,"date":"2021-07-08T18:54:14","date_gmt":"2021-07-08T16:54:14","guid":{"rendered":"http:\/\/crous.eu.mialias.net\/non%20class\u00e9\/faro\/"},"modified":"2021-07-08T18:54:30","modified_gmt":"2021-07-08T16:54:30","slug":"faro","status":"publish","type":"product","link":"https:\/\/crous.eu\/fr\/terrains-de-jeux\/multijeux\/multijeux-marea\/faro\/","title":{"rendered":"Faro"},"content":{"rendered":"","protected":false},"excerpt":{"rendered":"<p>\u2022 Multi-jeu avec une tour-toboggan, un escalier horizontal, diff\u00e9rentes fen\u00eatres et l\u2019acc\u00e8s<br \/>\n   pour une \u00e9chelle de barres.<br \/>\n\u2022 Structure en bois lamin\u00e9 \/ HRC.<br \/>\n\u2022 Panneaux et rampe coulissant de PEHD de 15 mm.<br \/>\n\u2022 Barres en acier inoxydable.<br \/>\n\u2022 Pas de bords pointus ou de fissures qui pourraient constituer un danger pour les<br \/>\n   doigts ou toute autre partie du corps.<br \/>\n\u2022 Toutes les vis recouvertes de bouchons en plastique color\u00e9s.<br \/>\n\u2022 \u00c2ge recommand\u00e9 de 3 \u00e0 12 ans.<br \/>\n\u2022 Capacit\u00e9 jusqu\u2019\u00e0 10 utilisateurs.<br \/>\n\u2022 L\u2019appareil est con\u00e7u pour les terrains de jeux publics.<br \/>\n\u2022 Certifi\u00e9 selon l\u2019UNE EN1176.<\/p>\n","protected":false},"featured_media":8567,"template":"","meta":{"_acf_changed":false},"product_brand":[],"product_cat":[668,669,665],"product_tag":[],"class_list":{"0":"post-18020","1":"product","2":"type-product","3":"status-publish","4":"has-post-thumbnail","6":"product_cat-multijeux","7":"product_cat-multijeux-marea","8":"product_cat-terrains-de-jeux","10":"first","11":"instock","12":"product-type-simple"},"acf":[],"yoast_head":"<!-- This site is optimized with the Yoast SEO plugin v27.4 - https:\/\/yoast.com\/product\/yoast-seo-wordpress\/ -->\n<title>Faro - Crous Expert<\/title>\n<meta name=\"robots\" content=\"index, follow, max-snippet:-1, max-image-preview:large, max-video-preview:-1\" \/>\n<link rel=\"canonical\" href=\"https:\/\/crous.eu\/fr\/terrains-de-jeux\/multijeux\/multijeux-marea\/faro\/\" \/>\n<meta property=\"og:locale\" content=\"fr_FR\" \/>\n<meta property=\"og:type\" content=\"article\" \/>\n<meta property=\"og:title\" content=\"Faro - Crous Expert\" \/>\n<meta property=\"og:description\" content=\"\u2022 Multi-jeu avec une tour-toboggan, un escalier horizontal, diff\u00e9rentes fen\u00eatres et l\u2019acc\u00e8s  pour une \u00e9chelle de barres. \u2022 Structure en bois lamin\u00e9 \/ HRC. \u2022 Panneaux et rampe coulissant de PEHD de 15 mm. \u2022 Barres en acier inoxydable. \u2022 Pas de bords pointus ou de fissures qui pourraient constituer un danger pour les  doigts ou toute autre partie du corps. \u2022 Toutes les vis recouvertes de bouchons en plastique color\u00e9s. \u2022 \u00c2ge recommand\u00e9 de 3 \u00e0 12 ans. \u2022 Capacit\u00e9 jusqu\u2019\u00e0 10 utilisateurs. \u2022 L\u2019appareil est con\u00e7u pour les terrains de jeux publics. \u2022 Certifi\u00e9 selon l\u2019UNE EN1176.\" \/>\n<meta property=\"og:url\" content=\"https:\/\/crous.eu\/fr\/terrains-de-jeux\/multijeux\/multijeux-marea\/faro\/\" \/>\n<meta property=\"og:site_name\" content=\"Crous Expert\" \/>\n<meta property=\"article:modified_time\" content=\"2021-07-08T16:54:30+00:00\" \/>\n<meta property=\"og:image\" content=\"https:\/\/crous.eu\/wp-content\/uploads\/JIBAR009.jpg\" \/>\n\t<meta property=\"og:image:width\" content=\"550\" \/>\n\t<meta property=\"og:image:height\" content=\"550\" \/>\n\t<meta property=\"og:image:type\" content=\"image\/jpeg\" \/>\n<meta name=\"twitter:card\" content=\"summary_large_image\" \/>\n<script type=\"application\/ld+json\" class=\"yoast-schema-graph\">{\"@context\":\"https:\\\/\\\/schema.org\",\"@graph\":[{\"@type\":\"WebPage\",\"@id\":\"https:\\\/\\\/crous.eu\\\/fr\\\/terrains-de-jeux\\\/multijeux\\\/multijeux-marea\\\/faro\\\/\",\"url\":\"https:\\\/\\\/crous.eu\\\/fr\\\/terrains-de-jeux\\\/multijeux\\\/multijeux-marea\\\/faro\\\/\",\"name\":\"Faro - Crous Expert\",\"isPartOf\":{\"@id\":\"https:\\\/\\\/crous.eu\\\/fr\\\/#website\"},\"primaryImageOfPage\":{\"@id\":\"https:\\\/\\\/crous.eu\\\/fr\\\/terrains-de-jeux\\\/multijeux\\\/multijeux-marea\\\/faro\\\/#primaryimage\"},\"image\":{\"@id\":\"https:\\\/\\\/crous.eu\\\/fr\\\/terrains-de-jeux\\\/multijeux\\\/multijeux-marea\\\/faro\\\/#primaryimage\"},\"thumbnailUrl\":\"https:\\\/\\\/crous.eu\\\/wp-content\\\/uploads\\\/JIBAR009.jpg\",\"datePublished\":\"2021-07-08T16:54:14+00:00\",\"dateModified\":\"2021-07-08T16:54:30+00:00\",\"breadcrumb\":{\"@id\":\"https:\\\/\\\/crous.eu\\\/fr\\\/terrains-de-jeux\\\/multijeux\\\/multijeux-marea\\\/faro\\\/#breadcrumb\"},\"inLanguage\":\"fr-FR\",\"potentialAction\":[{\"@type\":\"ReadAction\",\"target\":[\"https:\\\/\\\/crous.eu\\\/fr\\\/terrains-de-jeux\\\/multijeux\\\/multijeux-marea\\\/faro\\\/\"]}]},{\"@type\":\"ImageObject\",\"inLanguage\":\"fr-FR\",\"@id\":\"https:\\\/\\\/crous.eu\\\/fr\\\/terrains-de-jeux\\\/multijeux\\\/multijeux-marea\\\/faro\\\/#primaryimage\",\"url\":\"https:\\\/\\\/crous.eu\\\/wp-content\\\/uploads\\\/JIBAR009.jpg\",\"contentUrl\":\"https:\\\/\\\/crous.eu\\\/wp-content\\\/uploads\\\/JIBAR009.jpg\",\"width\":550,\"height\":550},{\"@type\":\"BreadcrumbList\",\"@id\":\"https:\\\/\\\/crous.eu\\\/fr\\\/terrains-de-jeux\\\/multijeux\\\/multijeux-marea\\\/faro\\\/#breadcrumb\",\"itemListElement\":[{\"@type\":\"ListItem\",\"position\":1,\"name\":\"Portada\",\"item\":\"https:\\\/\\\/crous.eu\\\/fr\\\/\"},{\"@type\":\"ListItem\",\"position\":2,\"name\":\"Tienda\",\"item\":\"https:\\\/\\\/crous.eu\\\/tienda\\\/\"},{\"@type\":\"ListItem\",\"position\":3,\"name\":\"Faro\"}]},{\"@type\":\"WebSite\",\"@id\":\"https:\\\/\\\/crous.eu\\\/fr\\\/#website\",\"url\":\"https:\\\/\\\/crous.eu\\\/fr\\\/\",\"name\":\"Crous Expert\",\"description\":\"Personalizamos tu entorno\",\"potentialAction\":[{\"@type\":\"SearchAction\",\"target\":{\"@type\":\"EntryPoint\",\"urlTemplate\":\"https:\\\/\\\/crous.eu\\\/fr\\\/?s={search_term_string}\"},\"query-input\":{\"@type\":\"PropertyValueSpecification\",\"valueRequired\":true,\"valueName\":\"search_term_string\"}}],\"inLanguage\":\"fr-FR\"}]}<\/script>\n<!-- \/ Yoast SEO plugin. -->","yoast_head_json":{"title":"Faro - Crous Expert","robots":{"index":"index","follow":"follow","max-snippet":"max-snippet:-1","max-image-preview":"max-image-preview:large","max-video-preview":"max-video-preview:-1"},"canonical":"https:\/\/crous.eu\/fr\/terrains-de-jeux\/multijeux\/multijeux-marea\/faro\/","og_locale":"fr_FR","og_type":"article","og_title":"Faro - Crous Expert","og_description":"\u2022 Multi-jeu avec une tour-toboggan, un escalier horizontal, diff\u00e9rentes fen\u00eatres et l\u2019acc\u00e8s  pour une \u00e9chelle de barres. \u2022 Structure en bois lamin\u00e9 \/ HRC. \u2022 Panneaux et rampe coulissant de PEHD de 15 mm. \u2022 Barres en acier inoxydable. \u2022 Pas de bords pointus ou de fissures qui pourraient constituer un danger pour les  doigts ou toute autre partie du corps. \u2022 Toutes les vis recouvertes de bouchons en plastique color\u00e9s. \u2022 \u00c2ge recommand\u00e9 de 3 \u00e0 12 ans. \u2022 Capacit\u00e9 jusqu\u2019\u00e0 10 utilisateurs. \u2022 L\u2019appareil est con\u00e7u pour les terrains de jeux publics. \u2022 Certifi\u00e9 selon l\u2019UNE EN1176.","og_url":"https:\/\/crous.eu\/fr\/terrains-de-jeux\/multijeux\/multijeux-marea\/faro\/","og_site_name":"Crous Expert","article_modified_time":"2021-07-08T16:54:30+00:00","og_image":[{"width":550,"height":550,"url":"https:\/\/crous.eu\/wp-content\/uploads\/JIBAR009.jpg","type":"image\/jpeg"}],"twitter_card":"summary_large_image","schema":{"@context":"https:\/\/schema.org","@graph":[{"@type":"WebPage","@id":"https:\/\/crous.eu\/fr\/terrains-de-jeux\/multijeux\/multijeux-marea\/faro\/","url":"https:\/\/crous.eu\/fr\/terrains-de-jeux\/multijeux\/multijeux-marea\/faro\/","name":"Faro - Crous Expert","isPartOf":{"@id":"https:\/\/crous.eu\/fr\/#website"},"primaryImageOfPage":{"@id":"https:\/\/crous.eu\/fr\/terrains-de-jeux\/multijeux\/multijeux-marea\/faro\/#primaryimage"},"image":{"@id":"https:\/\/crous.eu\/fr\/terrains-de-jeux\/multijeux\/multijeux-marea\/faro\/#primaryimage"},"thumbnailUrl":"https:\/\/crous.eu\/wp-content\/uploads\/JIBAR009.jpg","datePublished":"2021-07-08T16:54:14+00:00","dateModified":"2021-07-08T16:54:30+00:00","breadcrumb":{"@id":"https:\/\/crous.eu\/fr\/terrains-de-jeux\/multijeux\/multijeux-marea\/faro\/#breadcrumb"},"inLanguage":"fr-FR","potentialAction":[{"@type":"ReadAction","target":["https:\/\/crous.eu\/fr\/terrains-de-jeux\/multijeux\/multijeux-marea\/faro\/"]}]},{"@type":"ImageObject","inLanguage":"fr-FR","@id":"https:\/\/crous.eu\/fr\/terrains-de-jeux\/multijeux\/multijeux-marea\/faro\/#primaryimage","url":"https:\/\/crous.eu\/wp-content\/uploads\/JIBAR009.jpg","contentUrl":"https:\/\/crous.eu\/wp-content\/uploads\/JIBAR009.jpg","width":550,"height":550},{"@type":"BreadcrumbList","@id":"https:\/\/crous.eu\/fr\/terrains-de-jeux\/multijeux\/multijeux-marea\/faro\/#breadcrumb","itemListElement":[{"@type":"ListItem","position":1,"name":"Portada","item":"https:\/\/crous.eu\/fr\/"},{"@type":"ListItem","position":2,"name":"Tienda","item":"https:\/\/crous.eu\/tienda\/"},{"@type":"ListItem","position":3,"name":"Faro"}]},{"@type":"WebSite","@id":"https:\/\/crous.eu\/fr\/#website","url":"https:\/\/crous.eu\/fr\/","name":"Crous Expert","description":"Personalizamos tu entorno","potentialAction":[{"@type":"SearchAction","target":{"@type":"EntryPoint","urlTemplate":"https:\/\/crous.eu\/fr\/?s={search_term_string}"},"query-input":{"@type":"PropertyValueSpecification","valueRequired":true,"valueName":"search_term_string"}}],"inLanguage":"fr-FR"}]}},"_links":{"self":[{"href":"https:\/\/crous.eu\/fr\/wp-json\/wp\/v2\/product\/18020","targetHints":{"allow":["GET"]}}],"collection":[{"href":"https:\/\/crous.eu\/fr\/wp-json\/wp\/v2\/product"}],"about":[{"href":"https:\/\/crous.eu\/fr\/wp-json\/wp\/v2\/types\/product"}],"wp:featuredmedia":[{"embeddable":true,"href":"https:\/\/crous.eu\/fr\/wp-json\/wp\/v2\/media\/8567"}],"wp:attachment":[{"href":"https:\/\/crous.eu\/fr\/wp-json\/wp\/v2\/media?parent=18020"}],"wp:term":[{"taxonomy":"product_brand","embeddable":true,"href":"https:\/\/crous.eu\/fr\/wp-json\/wp\/v2\/product_brand?post=18020"},{"taxonomy":"product_cat","embeddable":true,"href":"https:\/\/crous.eu\/fr\/wp-json\/wp\/v2\/product_cat?post=18020"},{"taxonomy":"product_tag","embeddable":true,"href":"https:\/\/crous.eu\/fr\/wp-json\/wp\/v2\/product_tag?post=18020"}],"curies":[{"name":"wp","href":"https:\/\/api.w.org\/{rel}","templated":true}]}}