{"id":18031,"date":"2021-07-08T18:40:27","date_gmt":"2021-07-08T16:54:14","guid":{"rendered":"http:\/\/crous.eu.mialias.net\/non%20class\u00e9\/climbing-triangle\/"},"modified":"2022-02-22T11:44:14","modified_gmt":"2022-02-22T10:44:14","slug":"ceres","status":"publish","type":"product","link":"https:\/\/crous.eu\/fr\/terrains-de-jeux\/jeux-daluminium\/ceres\/","title":{"rendered":"Ceres"},"content":{"rendered":"","protected":false},"excerpt":{"rendered":"<p>\u2022 \u00c9l\u00e9ment de jeu de structure en aluminium, con\u00e7u pour le plaisir des enfants,<br \/>\nfournissant un jeu complet.<br \/>\n\u2022 Postes structurels en aluminium, avec \u00e2me renforc\u00e9e.<br \/>\n\u2022 Plafonds, protections, barri\u00e8res et \u00e9l\u00e9ments d\u00e9coratifs en HPL\/HDPE.<br \/>\n\u2022 Toutes les vis en acier inoxydable et recouvertes de couvercles en plastique HDPE color\u00e9s.<br \/>\n\u2022 Couvercles de s\u00e9curit\u00e9 pour poteaux structurels en HDPE.<br \/>\n\u2022 Les couleurs peuvent varier selon le mod\u00e8le.<br \/>\n\u2022 Age d\u2019utilisation recommand\u00e9 \u00e0 partir de 1 an.<br \/>\n\u2022 Con\u00e7u pour \u00eatre install\u00e9 sur sol mou.<br \/>\n\u2022 Certifi\u00e9 selon la r\u00e9glementation.<\/p>\n","protected":false},"featured_media":23839,"template":"","meta":{"_acf_changed":false},"product_brand":[],"product_cat":[672,665],"product_tag":[],"class_list":{"0":"post-18031","1":"product","2":"type-product","3":"status-publish","4":"has-post-thumbnail","6":"product_cat-jeux-daluminium","7":"product_cat-terrains-de-jeux","9":"first","10":"instock","11":"product-type-simple"},"acf":[],"yoast_head":"<!-- This site is optimized with the Yoast SEO plugin v27.4 - https:\/\/yoast.com\/product\/yoast-seo-wordpress\/ -->\n<title>Ceres - Crous Expert<\/title>\n<meta name=\"robots\" content=\"index, follow, max-snippet:-1, max-image-preview:large, max-video-preview:-1\" \/>\n<link rel=\"canonical\" href=\"https:\/\/crous.eu\/fr\/terrains-de-jeux\/jeux-daluminium\/ceres\/\" \/>\n<meta property=\"og:locale\" content=\"fr_FR\" \/>\n<meta property=\"og:type\" content=\"article\" \/>\n<meta property=\"og:title\" content=\"Ceres - Crous Expert\" \/>\n<meta property=\"og:description\" content=\"\u2022 \u00c9l\u00e9ment de jeu de structure en aluminium, con\u00e7u pour le plaisir des enfants, fournissant un jeu complet. \u2022 Postes structurels en aluminium, avec \u00e2me renforc\u00e9e. \u2022 Plafonds, protections, barri\u00e8res et \u00e9l\u00e9ments d\u00e9coratifs en HPL\/HDPE. \u2022 Toutes les vis en acier inoxydable et recouvertes de couvercles en plastique HDPE color\u00e9s. \u2022 Couvercles de s\u00e9curit\u00e9 pour poteaux structurels en HDPE. \u2022 Les couleurs peuvent varier selon le mod\u00e8le. \u2022 Age d\u2019utilisation recommand\u00e9 \u00e0 partir de 1 an. \u2022 Con\u00e7u pour \u00eatre install\u00e9 sur sol mou. \u2022 Certifi\u00e9 selon la r\u00e9glementation.\" \/>\n<meta property=\"og:url\" content=\"https:\/\/crous.eu\/fr\/terrains-de-jeux\/jeux-daluminium\/ceres\/\" \/>\n<meta property=\"og:site_name\" content=\"Crous Expert\" \/>\n<meta property=\"article:modified_time\" content=\"2022-02-22T10:44:14+00:00\" \/>\n<meta property=\"og:image\" content=\"https:\/\/crous.eu\/wp-content\/uploads\/JIC1595.jpg\" \/>\n\t<meta property=\"og:image:width\" content=\"550\" \/>\n\t<meta property=\"og:image:height\" content=\"550\" \/>\n\t<meta property=\"og:image:type\" content=\"image\/jpeg\" \/>\n<meta name=\"twitter:card\" content=\"summary_large_image\" \/>\n<script type=\"application\/ld+json\" class=\"yoast-schema-graph\">{\"@context\":\"https:\\\/\\\/schema.org\",\"@graph\":[{\"@type\":\"WebPage\",\"@id\":\"https:\\\/\\\/crous.eu\\\/fr\\\/terrains-de-jeux\\\/jeux-daluminium\\\/ceres\\\/\",\"url\":\"https:\\\/\\\/crous.eu\\\/fr\\\/terrains-de-jeux\\\/jeux-daluminium\\\/ceres\\\/\",\"name\":\"Ceres - Crous Expert\",\"isPartOf\":{\"@id\":\"https:\\\/\\\/crous.eu\\\/fr\\\/#website\"},\"primaryImageOfPage\":{\"@id\":\"https:\\\/\\\/crous.eu\\\/fr\\\/terrains-de-jeux\\\/jeux-daluminium\\\/ceres\\\/#primaryimage\"},\"image\":{\"@id\":\"https:\\\/\\\/crous.eu\\\/fr\\\/terrains-de-jeux\\\/jeux-daluminium\\\/ceres\\\/#primaryimage\"},\"thumbnailUrl\":\"https:\\\/\\\/crous.eu\\\/wp-content\\\/uploads\\\/JIC1595.jpg\",\"datePublished\":\"2021-07-08T16:54:14+00:00\",\"dateModified\":\"2022-02-22T10:44:14+00:00\",\"breadcrumb\":{\"@id\":\"https:\\\/\\\/crous.eu\\\/fr\\\/terrains-de-jeux\\\/jeux-daluminium\\\/ceres\\\/#breadcrumb\"},\"inLanguage\":\"fr-FR\",\"potentialAction\":[{\"@type\":\"ReadAction\",\"target\":[\"https:\\\/\\\/crous.eu\\\/fr\\\/terrains-de-jeux\\\/jeux-daluminium\\\/ceres\\\/\"]}]},{\"@type\":\"ImageObject\",\"inLanguage\":\"fr-FR\",\"@id\":\"https:\\\/\\\/crous.eu\\\/fr\\\/terrains-de-jeux\\\/jeux-daluminium\\\/ceres\\\/#primaryimage\",\"url\":\"https:\\\/\\\/crous.eu\\\/wp-content\\\/uploads\\\/JIC1595.jpg\",\"contentUrl\":\"https:\\\/\\\/crous.eu\\\/wp-content\\\/uploads\\\/JIC1595.jpg\",\"width\":550,\"height\":550},{\"@type\":\"BreadcrumbList\",\"@id\":\"https:\\\/\\\/crous.eu\\\/fr\\\/terrains-de-jeux\\\/jeux-daluminium\\\/ceres\\\/#breadcrumb\",\"itemListElement\":[{\"@type\":\"ListItem\",\"position\":1,\"name\":\"Portada\",\"item\":\"https:\\\/\\\/crous.eu\\\/fr\\\/\"},{\"@type\":\"ListItem\",\"position\":2,\"name\":\"Tienda\",\"item\":\"https:\\\/\\\/crous.eu\\\/tienda\\\/\"},{\"@type\":\"ListItem\",\"position\":3,\"name\":\"Ceres\"}]},{\"@type\":\"WebSite\",\"@id\":\"https:\\\/\\\/crous.eu\\\/fr\\\/#website\",\"url\":\"https:\\\/\\\/crous.eu\\\/fr\\\/\",\"name\":\"Crous Expert\",\"description\":\"Personalizamos tu entorno\",\"potentialAction\":[{\"@type\":\"SearchAction\",\"target\":{\"@type\":\"EntryPoint\",\"urlTemplate\":\"https:\\\/\\\/crous.eu\\\/fr\\\/?s={search_term_string}\"},\"query-input\":{\"@type\":\"PropertyValueSpecification\",\"valueRequired\":true,\"valueName\":\"search_term_string\"}}],\"inLanguage\":\"fr-FR\"}]}<\/script>\n<!-- \/ Yoast SEO plugin. -->","yoast_head_json":{"title":"Ceres - Crous Expert","robots":{"index":"index","follow":"follow","max-snippet":"max-snippet:-1","max-image-preview":"max-image-preview:large","max-video-preview":"max-video-preview:-1"},"canonical":"https:\/\/crous.eu\/fr\/terrains-de-jeux\/jeux-daluminium\/ceres\/","og_locale":"fr_FR","og_type":"article","og_title":"Ceres - Crous Expert","og_description":"\u2022 \u00c9l\u00e9ment de jeu de structure en aluminium, con\u00e7u pour le plaisir des enfants, fournissant un jeu complet. \u2022 Postes structurels en aluminium, avec \u00e2me renforc\u00e9e. \u2022 Plafonds, protections, barri\u00e8res et \u00e9l\u00e9ments d\u00e9coratifs en HPL\/HDPE. \u2022 Toutes les vis en acier inoxydable et recouvertes de couvercles en plastique HDPE color\u00e9s. \u2022 Couvercles de s\u00e9curit\u00e9 pour poteaux structurels en HDPE. \u2022 Les couleurs peuvent varier selon le mod\u00e8le. \u2022 Age d\u2019utilisation recommand\u00e9 \u00e0 partir de 1 an. \u2022 Con\u00e7u pour \u00eatre install\u00e9 sur sol mou. \u2022 Certifi\u00e9 selon la r\u00e9glementation.","og_url":"https:\/\/crous.eu\/fr\/terrains-de-jeux\/jeux-daluminium\/ceres\/","og_site_name":"Crous Expert","article_modified_time":"2022-02-22T10:44:14+00:00","og_image":[{"width":550,"height":550,"url":"https:\/\/crous.eu\/wp-content\/uploads\/JIC1595.jpg","type":"image\/jpeg"}],"twitter_card":"summary_large_image","schema":{"@context":"https:\/\/schema.org","@graph":[{"@type":"WebPage","@id":"https:\/\/crous.eu\/fr\/terrains-de-jeux\/jeux-daluminium\/ceres\/","url":"https:\/\/crous.eu\/fr\/terrains-de-jeux\/jeux-daluminium\/ceres\/","name":"Ceres - Crous Expert","isPartOf":{"@id":"https:\/\/crous.eu\/fr\/#website"},"primaryImageOfPage":{"@id":"https:\/\/crous.eu\/fr\/terrains-de-jeux\/jeux-daluminium\/ceres\/#primaryimage"},"image":{"@id":"https:\/\/crous.eu\/fr\/terrains-de-jeux\/jeux-daluminium\/ceres\/#primaryimage"},"thumbnailUrl":"https:\/\/crous.eu\/wp-content\/uploads\/JIC1595.jpg","datePublished":"2021-07-08T16:54:14+00:00","dateModified":"2022-02-22T10:44:14+00:00","breadcrumb":{"@id":"https:\/\/crous.eu\/fr\/terrains-de-jeux\/jeux-daluminium\/ceres\/#breadcrumb"},"inLanguage":"fr-FR","potentialAction":[{"@type":"ReadAction","target":["https:\/\/crous.eu\/fr\/terrains-de-jeux\/jeux-daluminium\/ceres\/"]}]},{"@type":"ImageObject","inLanguage":"fr-FR","@id":"https:\/\/crous.eu\/fr\/terrains-de-jeux\/jeux-daluminium\/ceres\/#primaryimage","url":"https:\/\/crous.eu\/wp-content\/uploads\/JIC1595.jpg","contentUrl":"https:\/\/crous.eu\/wp-content\/uploads\/JIC1595.jpg","width":550,"height":550},{"@type":"BreadcrumbList","@id":"https:\/\/crous.eu\/fr\/terrains-de-jeux\/jeux-daluminium\/ceres\/#breadcrumb","itemListElement":[{"@type":"ListItem","position":1,"name":"Portada","item":"https:\/\/crous.eu\/fr\/"},{"@type":"ListItem","position":2,"name":"Tienda","item":"https:\/\/crous.eu\/tienda\/"},{"@type":"ListItem","position":3,"name":"Ceres"}]},{"@type":"WebSite","@id":"https:\/\/crous.eu\/fr\/#website","url":"https:\/\/crous.eu\/fr\/","name":"Crous Expert","description":"Personalizamos tu entorno","potentialAction":[{"@type":"SearchAction","target":{"@type":"EntryPoint","urlTemplate":"https:\/\/crous.eu\/fr\/?s={search_term_string}"},"query-input":{"@type":"PropertyValueSpecification","valueRequired":true,"valueName":"search_term_string"}}],"inLanguage":"fr-FR"}]}},"_links":{"self":[{"href":"https:\/\/crous.eu\/fr\/wp-json\/wp\/v2\/product\/18031","targetHints":{"allow":["GET"]}}],"collection":[{"href":"https:\/\/crous.eu\/fr\/wp-json\/wp\/v2\/product"}],"about":[{"href":"https:\/\/crous.eu\/fr\/wp-json\/wp\/v2\/types\/product"}],"wp:featuredmedia":[{"embeddable":true,"href":"https:\/\/crous.eu\/fr\/wp-json\/wp\/v2\/media\/23839"}],"wp:attachment":[{"href":"https:\/\/crous.eu\/fr\/wp-json\/wp\/v2\/media?parent=18031"}],"wp:term":[{"taxonomy":"product_brand","embeddable":true,"href":"https:\/\/crous.eu\/fr\/wp-json\/wp\/v2\/product_brand?post=18031"},{"taxonomy":"product_cat","embeddable":true,"href":"https:\/\/crous.eu\/fr\/wp-json\/wp\/v2\/product_cat?post=18031"},{"taxonomy":"product_tag","embeddable":true,"href":"https:\/\/crous.eu\/fr\/wp-json\/wp\/v2\/product_tag?post=18031"}],"curies":[{"name":"wp","href":"https:\/\/api.w.org\/{rel}","templated":true}]}}