{"id":18188,"date":"2021-07-08T18:58:24","date_gmt":"2021-07-08T16:58:24","guid":{"rendered":"http:\/\/crous.eu.mialias.net\/non%20class\u00e9\/pirate-boat\/"},"modified":"2021-07-08T18:58:25","modified_gmt":"2021-07-08T16:58:25","slug":"pirate-boat","status":"publish","type":"product","link":"https:\/\/crous.eu\/fr\/terrains-de-jeux\/multijeux\/multijeux-marea\/pirate-boat\/","title":{"rendered":"Pirate Boat"},"content":{"rendered":"","protected":false},"excerpt":{"rendered":"<p>\u2022 Multijoueur complet en forme de bateau, gouvernail sur la plate-forme, deux toboggans de<br \/>\nsortie, corde d&rsquo;acc\u00e8s courbe, \u00e9chelle d&rsquo;acc\u00e8s mur d&rsquo;escalade, plateforme avec table de jeux  et sortie arri\u00e8re par les pompiers.<br \/>\n\u2022 Structure bois lamell\u00e9 \/ HRC.<br \/>\n\u2022 Panneaux coulissants et rampe HDPE 15 mm.<br \/>\n\u2022 Barres en acier inoxydable.<br \/>\n\u2022 Pas de bords tranchants ou de fissures qui pourraient pr\u00e9senter un risque de bourrage de t\u00eate,<br \/>\n   doigts ou toute autre partie du corps.<br \/>\n\u2022 Toutes les vis recouvertes de capuchons en plastique de couleur.<br \/>\n\u2022 \u00c2ge d&rsquo;utilisation recommand\u00e9 de 1 \u00e0 12 ans.<br \/>\n\u2022 Capacit\u00e9 jusqu&rsquo;\u00e0 15 utilisateurs.<br \/>\n\u2022 L&rsquo;appareil est con\u00e7u pour les aires de jeux publiques.<br \/>\n\u2022 Certifi\u00e9 selon la r\u00e9glementation UNE EN1176<\/p>\n","protected":false},"featured_media":8579,"template":"","meta":{"_acf_changed":false},"product_brand":[],"product_cat":[668,669,665,682],"product_tag":[],"class_list":{"0":"post-18188","1":"product","2":"type-product","3":"status-publish","4":"has-post-thumbnail","6":"product_cat-multijeux","7":"product_cat-multijeux-marea","8":"product_cat-terrains-de-jeux","9":"product_cat-vehicules","11":"first","12":"instock","13":"product-type-simple"},"acf":[],"yoast_head":"<!-- This site is optimized with the Yoast SEO plugin v27.4 - https:\/\/yoast.com\/product\/yoast-seo-wordpress\/ -->\n<title>Pirate Boat - Crous Expert<\/title>\n<meta name=\"robots\" content=\"index, follow, max-snippet:-1, max-image-preview:large, max-video-preview:-1\" \/>\n<link rel=\"canonical\" href=\"https:\/\/crous.eu\/fr\/terrains-de-jeux\/multijeux\/multijeux-marea\/pirate-boat\/\" \/>\n<meta property=\"og:locale\" content=\"fr_FR\" \/>\n<meta property=\"og:type\" content=\"article\" \/>\n<meta property=\"og:title\" content=\"Pirate Boat - Crous Expert\" \/>\n<meta property=\"og:description\" content=\"\u2022 Multijoueur complet en forme de bateau, gouvernail sur la plate-forme, deux toboggans de  sortie, corde d&#039;acc\u00e8s courbe, \u00e9chelle d&#039;acc\u00e8s mur d&#039;escalade, plateforme avec table de jeux et sortie arri\u00e8re par les pompiers. \u2022 Structure bois lamell\u00e9 \/ HRC. \u2022 Panneaux coulissants et rampe HDPE 15 mm. \u2022 Barres en acier inoxydable. \u2022 Pas de bords tranchants ou de fissures qui pourraient pr\u00e9senter un risque de bourrage de t\u00eate,  doigts ou toute autre partie du corps. \u2022 Toutes les vis recouvertes de capuchons en plastique de couleur. \u2022 \u00c2ge d&#039;utilisation recommand\u00e9 de 1 \u00e0 12 ans. \u2022 Capacit\u00e9 jusqu&#039;\u00e0 15 utilisateurs. \u2022 L&#039;appareil est con\u00e7u pour les aires de jeux publiques. \u2022 Certifi\u00e9 selon la r\u00e9glementation UNE EN1176\" \/>\n<meta property=\"og:url\" content=\"https:\/\/crous.eu\/fr\/terrains-de-jeux\/multijeux\/multijeux-marea\/pirate-boat\/\" \/>\n<meta property=\"og:site_name\" content=\"Crous Expert\" \/>\n<meta property=\"article:modified_time\" content=\"2021-07-08T16:58:25+00:00\" \/>\n<meta property=\"og:image\" content=\"https:\/\/crous.eu\/wp-content\/uploads\/JIPIR009.jpg\" \/>\n\t<meta property=\"og:image:width\" content=\"550\" \/>\n\t<meta property=\"og:image:height\" content=\"550\" \/>\n\t<meta property=\"og:image:type\" content=\"image\/jpeg\" \/>\n<meta name=\"twitter:card\" content=\"summary_large_image\" \/>\n<script type=\"application\/ld+json\" class=\"yoast-schema-graph\">{\"@context\":\"https:\\\/\\\/schema.org\",\"@graph\":[{\"@type\":\"WebPage\",\"@id\":\"https:\\\/\\\/crous.eu\\\/fr\\\/terrains-de-jeux\\\/multijeux\\\/multijeux-marea\\\/pirate-boat\\\/\",\"url\":\"https:\\\/\\\/crous.eu\\\/fr\\\/terrains-de-jeux\\\/multijeux\\\/multijeux-marea\\\/pirate-boat\\\/\",\"name\":\"Pirate Boat - Crous Expert\",\"isPartOf\":{\"@id\":\"https:\\\/\\\/crous.eu\\\/fr\\\/#website\"},\"primaryImageOfPage\":{\"@id\":\"https:\\\/\\\/crous.eu\\\/fr\\\/terrains-de-jeux\\\/multijeux\\\/multijeux-marea\\\/pirate-boat\\\/#primaryimage\"},\"image\":{\"@id\":\"https:\\\/\\\/crous.eu\\\/fr\\\/terrains-de-jeux\\\/multijeux\\\/multijeux-marea\\\/pirate-boat\\\/#primaryimage\"},\"thumbnailUrl\":\"https:\\\/\\\/crous.eu\\\/wp-content\\\/uploads\\\/JIPIR009.jpg\",\"datePublished\":\"2021-07-08T16:58:24+00:00\",\"dateModified\":\"2021-07-08T16:58:25+00:00\",\"breadcrumb\":{\"@id\":\"https:\\\/\\\/crous.eu\\\/fr\\\/terrains-de-jeux\\\/multijeux\\\/multijeux-marea\\\/pirate-boat\\\/#breadcrumb\"},\"inLanguage\":\"fr-FR\",\"potentialAction\":[{\"@type\":\"ReadAction\",\"target\":[\"https:\\\/\\\/crous.eu\\\/fr\\\/terrains-de-jeux\\\/multijeux\\\/multijeux-marea\\\/pirate-boat\\\/\"]}]},{\"@type\":\"ImageObject\",\"inLanguage\":\"fr-FR\",\"@id\":\"https:\\\/\\\/crous.eu\\\/fr\\\/terrains-de-jeux\\\/multijeux\\\/multijeux-marea\\\/pirate-boat\\\/#primaryimage\",\"url\":\"https:\\\/\\\/crous.eu\\\/wp-content\\\/uploads\\\/JIPIR009.jpg\",\"contentUrl\":\"https:\\\/\\\/crous.eu\\\/wp-content\\\/uploads\\\/JIPIR009.jpg\",\"width\":550,\"height\":550},{\"@type\":\"BreadcrumbList\",\"@id\":\"https:\\\/\\\/crous.eu\\\/fr\\\/terrains-de-jeux\\\/multijeux\\\/multijeux-marea\\\/pirate-boat\\\/#breadcrumb\",\"itemListElement\":[{\"@type\":\"ListItem\",\"position\":1,\"name\":\"Portada\",\"item\":\"https:\\\/\\\/crous.eu\\\/fr\\\/\"},{\"@type\":\"ListItem\",\"position\":2,\"name\":\"Tienda\",\"item\":\"https:\\\/\\\/crous.eu\\\/tienda\\\/\"},{\"@type\":\"ListItem\",\"position\":3,\"name\":\"Pirate Boat\"}]},{\"@type\":\"WebSite\",\"@id\":\"https:\\\/\\\/crous.eu\\\/fr\\\/#website\",\"url\":\"https:\\\/\\\/crous.eu\\\/fr\\\/\",\"name\":\"Crous Expert\",\"description\":\"Personalizamos tu entorno\",\"potentialAction\":[{\"@type\":\"SearchAction\",\"target\":{\"@type\":\"EntryPoint\",\"urlTemplate\":\"https:\\\/\\\/crous.eu\\\/fr\\\/?s={search_term_string}\"},\"query-input\":{\"@type\":\"PropertyValueSpecification\",\"valueRequired\":true,\"valueName\":\"search_term_string\"}}],\"inLanguage\":\"fr-FR\"}]}<\/script>\n<!-- \/ Yoast SEO plugin. -->","yoast_head_json":{"title":"Pirate Boat - Crous Expert","robots":{"index":"index","follow":"follow","max-snippet":"max-snippet:-1","max-image-preview":"max-image-preview:large","max-video-preview":"max-video-preview:-1"},"canonical":"https:\/\/crous.eu\/fr\/terrains-de-jeux\/multijeux\/multijeux-marea\/pirate-boat\/","og_locale":"fr_FR","og_type":"article","og_title":"Pirate Boat - Crous Expert","og_description":"\u2022 Multijoueur complet en forme de bateau, gouvernail sur la plate-forme, deux toboggans de  sortie, corde d'acc\u00e8s courbe, \u00e9chelle d'acc\u00e8s mur d'escalade, plateforme avec table de jeux et sortie arri\u00e8re par les pompiers. \u2022 Structure bois lamell\u00e9 \/ HRC. \u2022 Panneaux coulissants et rampe HDPE 15 mm. \u2022 Barres en acier inoxydable. \u2022 Pas de bords tranchants ou de fissures qui pourraient pr\u00e9senter un risque de bourrage de t\u00eate,  doigts ou toute autre partie du corps. \u2022 Toutes les vis recouvertes de capuchons en plastique de couleur. \u2022 \u00c2ge d'utilisation recommand\u00e9 de 1 \u00e0 12 ans. \u2022 Capacit\u00e9 jusqu'\u00e0 15 utilisateurs. \u2022 L'appareil est con\u00e7u pour les aires de jeux publiques. \u2022 Certifi\u00e9 selon la r\u00e9glementation UNE EN1176","og_url":"https:\/\/crous.eu\/fr\/terrains-de-jeux\/multijeux\/multijeux-marea\/pirate-boat\/","og_site_name":"Crous Expert","article_modified_time":"2021-07-08T16:58:25+00:00","og_image":[{"width":550,"height":550,"url":"https:\/\/crous.eu\/wp-content\/uploads\/JIPIR009.jpg","type":"image\/jpeg"}],"twitter_card":"summary_large_image","schema":{"@context":"https:\/\/schema.org","@graph":[{"@type":"WebPage","@id":"https:\/\/crous.eu\/fr\/terrains-de-jeux\/multijeux\/multijeux-marea\/pirate-boat\/","url":"https:\/\/crous.eu\/fr\/terrains-de-jeux\/multijeux\/multijeux-marea\/pirate-boat\/","name":"Pirate Boat - Crous Expert","isPartOf":{"@id":"https:\/\/crous.eu\/fr\/#website"},"primaryImageOfPage":{"@id":"https:\/\/crous.eu\/fr\/terrains-de-jeux\/multijeux\/multijeux-marea\/pirate-boat\/#primaryimage"},"image":{"@id":"https:\/\/crous.eu\/fr\/terrains-de-jeux\/multijeux\/multijeux-marea\/pirate-boat\/#primaryimage"},"thumbnailUrl":"https:\/\/crous.eu\/wp-content\/uploads\/JIPIR009.jpg","datePublished":"2021-07-08T16:58:24+00:00","dateModified":"2021-07-08T16:58:25+00:00","breadcrumb":{"@id":"https:\/\/crous.eu\/fr\/terrains-de-jeux\/multijeux\/multijeux-marea\/pirate-boat\/#breadcrumb"},"inLanguage":"fr-FR","potentialAction":[{"@type":"ReadAction","target":["https:\/\/crous.eu\/fr\/terrains-de-jeux\/multijeux\/multijeux-marea\/pirate-boat\/"]}]},{"@type":"ImageObject","inLanguage":"fr-FR","@id":"https:\/\/crous.eu\/fr\/terrains-de-jeux\/multijeux\/multijeux-marea\/pirate-boat\/#primaryimage","url":"https:\/\/crous.eu\/wp-content\/uploads\/JIPIR009.jpg","contentUrl":"https:\/\/crous.eu\/wp-content\/uploads\/JIPIR009.jpg","width":550,"height":550},{"@type":"BreadcrumbList","@id":"https:\/\/crous.eu\/fr\/terrains-de-jeux\/multijeux\/multijeux-marea\/pirate-boat\/#breadcrumb","itemListElement":[{"@type":"ListItem","position":1,"name":"Portada","item":"https:\/\/crous.eu\/fr\/"},{"@type":"ListItem","position":2,"name":"Tienda","item":"https:\/\/crous.eu\/tienda\/"},{"@type":"ListItem","position":3,"name":"Pirate Boat"}]},{"@type":"WebSite","@id":"https:\/\/crous.eu\/fr\/#website","url":"https:\/\/crous.eu\/fr\/","name":"Crous Expert","description":"Personalizamos tu entorno","potentialAction":[{"@type":"SearchAction","target":{"@type":"EntryPoint","urlTemplate":"https:\/\/crous.eu\/fr\/?s={search_term_string}"},"query-input":{"@type":"PropertyValueSpecification","valueRequired":true,"valueName":"search_term_string"}}],"inLanguage":"fr-FR"}]}},"_links":{"self":[{"href":"https:\/\/crous.eu\/fr\/wp-json\/wp\/v2\/product\/18188","targetHints":{"allow":["GET"]}}],"collection":[{"href":"https:\/\/crous.eu\/fr\/wp-json\/wp\/v2\/product"}],"about":[{"href":"https:\/\/crous.eu\/fr\/wp-json\/wp\/v2\/types\/product"}],"wp:featuredmedia":[{"embeddable":true,"href":"https:\/\/crous.eu\/fr\/wp-json\/wp\/v2\/media\/8579"}],"wp:attachment":[{"href":"https:\/\/crous.eu\/fr\/wp-json\/wp\/v2\/media?parent=18188"}],"wp:term":[{"taxonomy":"product_brand","embeddable":true,"href":"https:\/\/crous.eu\/fr\/wp-json\/wp\/v2\/product_brand?post=18188"},{"taxonomy":"product_cat","embeddable":true,"href":"https:\/\/crous.eu\/fr\/wp-json\/wp\/v2\/product_cat?post=18188"},{"taxonomy":"product_tag","embeddable":true,"href":"https:\/\/crous.eu\/fr\/wp-json\/wp\/v2\/product_tag?post=18188"}],"curies":[{"name":"wp","href":"https:\/\/api.w.org\/{rel}","templated":true}]}}