{"id":18232,"date":"2021-07-08T18:43:35","date_gmt":"2021-07-08T16:59:05","guid":{"rendered":"http:\/\/crous.eu.mialias.net\/non%20class\u00e9\/mecalux1-multigame\/"},"modified":"2022-06-29T16:11:31","modified_gmt":"2022-06-29T14:11:31","slug":"mecalux1-multigame","status":"publish","type":"product","link":"https:\/\/crous.eu\/fr\/terrains-de-jeux\/multijeux\/multijeux-mecaplay\/mecalux1-multigame\/","title":{"rendered":"Mecalux1 Multigame"},"content":{"rendered":"","protected":false},"excerpt":{"rendered":"<p>\u2022 Multi-jeux compos\u00e9 d\u2019une tour avec structure m\u00e9tallique principale form\u00e9e par quatre poteaux et plancher carr\u00e9, avec deux murs d\u2019escalade d\u2019acc\u00e8s, divers panneaux ludiques et un toboggan de sortie.<br \/>\n\u2022 Structure m\u00e9tallique en acier inoxydable.<br \/>\n\u2022 L\u2019appareil est sp\u00e9cialement con\u00e7u pour les terrains de jeux publics.<br \/>\n\u2022 Vous permet de glisser, de vous identifier, de jouer au tour par tour, de grimper.<br \/>\n\u2022 \u00c2ge d\u2019utilisation recommand\u00e9 de 5 \u00e0 12 ans<br \/>\n\u2022 Certifi\u00e9 selon r\u00e8glements UNE EN1176.<\/p>\n","protected":false},"featured_media":5477,"template":"","meta":{"_acf_changed":false},"product_brand":[],"product_cat":[668,692,665,689],"product_tag":[],"class_list":{"0":"post-18232","1":"product","2":"type-product","3":"status-publish","4":"has-post-thumbnail","6":"product_cat-multijeux","7":"product_cat-multijeux-mecaplay","8":"product_cat-terrains-de-jeux","9":"product_cat-toboggans","11":"first","12":"instock","13":"product-type-simple"},"acf":[],"yoast_head":"<!-- This site is optimized with the Yoast SEO plugin v27.4 - https:\/\/yoast.com\/product\/yoast-seo-wordpress\/ -->\n<title>Mecalux1 Multigame - Crous Expert<\/title>\n<meta name=\"robots\" content=\"index, follow, max-snippet:-1, max-image-preview:large, max-video-preview:-1\" \/>\n<link rel=\"canonical\" href=\"https:\/\/crous.eu\/fr\/terrains-de-jeux\/multijeux\/multijeux-mecaplay\/mecalux1-multigame\/\" \/>\n<meta property=\"og:locale\" content=\"fr_FR\" \/>\n<meta property=\"og:type\" content=\"article\" \/>\n<meta property=\"og:title\" content=\"Mecalux1 Multigame - Crous Expert\" \/>\n<meta property=\"og:description\" content=\"\u2022 Multi-jeux compos\u00e9 d\u2019une tour avec structure m\u00e9tallique principale form\u00e9e par quatre poteaux et plancher carr\u00e9, avec deux murs d\u2019escalade d\u2019acc\u00e8s, divers panneaux ludiques et un toboggan de sortie. \u2022 Structure m\u00e9tallique en acier inoxydable. \u2022 L\u2019appareil est sp\u00e9cialement con\u00e7u pour les terrains de jeux publics. \u2022 Vous permet de glisser, de vous identifier, de jouer au tour par tour, de grimper. \u2022 \u00c2ge d\u2019utilisation recommand\u00e9 de 5 \u00e0 12 ans \u2022 Certifi\u00e9 selon r\u00e8glements UNE EN1176.\" \/>\n<meta property=\"og:url\" content=\"https:\/\/crous.eu\/fr\/terrains-de-jeux\/multijeux\/multijeux-mecaplay\/mecalux1-multigame\/\" \/>\n<meta property=\"og:site_name\" content=\"Crous Expert\" \/>\n<meta property=\"article:modified_time\" content=\"2022-06-29T14:11:31+00:00\" \/>\n<meta property=\"og:image\" content=\"https:\/\/crous.eu\/wp-content\/uploads\/JISLUX001.jpg\" \/>\n\t<meta property=\"og:image:width\" content=\"550\" \/>\n\t<meta property=\"og:image:height\" content=\"550\" \/>\n\t<meta property=\"og:image:type\" content=\"image\/jpeg\" \/>\n<meta name=\"twitter:card\" content=\"summary_large_image\" \/>\n<script type=\"application\/ld+json\" class=\"yoast-schema-graph\">{\"@context\":\"https:\\\/\\\/schema.org\",\"@graph\":[{\"@type\":\"WebPage\",\"@id\":\"https:\\\/\\\/crous.eu\\\/fr\\\/terrains-de-jeux\\\/multijeux\\\/multijeux-mecaplay\\\/mecalux1-multigame\\\/\",\"url\":\"https:\\\/\\\/crous.eu\\\/fr\\\/terrains-de-jeux\\\/multijeux\\\/multijeux-mecaplay\\\/mecalux1-multigame\\\/\",\"name\":\"Mecalux1 Multigame - Crous Expert\",\"isPartOf\":{\"@id\":\"https:\\\/\\\/crous.eu\\\/fr\\\/#website\"},\"primaryImageOfPage\":{\"@id\":\"https:\\\/\\\/crous.eu\\\/fr\\\/terrains-de-jeux\\\/multijeux\\\/multijeux-mecaplay\\\/mecalux1-multigame\\\/#primaryimage\"},\"image\":{\"@id\":\"https:\\\/\\\/crous.eu\\\/fr\\\/terrains-de-jeux\\\/multijeux\\\/multijeux-mecaplay\\\/mecalux1-multigame\\\/#primaryimage\"},\"thumbnailUrl\":\"https:\\\/\\\/crous.eu\\\/wp-content\\\/uploads\\\/JISLUX001.jpg\",\"datePublished\":\"2021-07-08T16:59:05+00:00\",\"dateModified\":\"2022-06-29T14:11:31+00:00\",\"breadcrumb\":{\"@id\":\"https:\\\/\\\/crous.eu\\\/fr\\\/terrains-de-jeux\\\/multijeux\\\/multijeux-mecaplay\\\/mecalux1-multigame\\\/#breadcrumb\"},\"inLanguage\":\"fr-FR\",\"potentialAction\":[{\"@type\":\"ReadAction\",\"target\":[\"https:\\\/\\\/crous.eu\\\/fr\\\/terrains-de-jeux\\\/multijeux\\\/multijeux-mecaplay\\\/mecalux1-multigame\\\/\"]}]},{\"@type\":\"ImageObject\",\"inLanguage\":\"fr-FR\",\"@id\":\"https:\\\/\\\/crous.eu\\\/fr\\\/terrains-de-jeux\\\/multijeux\\\/multijeux-mecaplay\\\/mecalux1-multigame\\\/#primaryimage\",\"url\":\"https:\\\/\\\/crous.eu\\\/wp-content\\\/uploads\\\/JISLUX001.jpg\",\"contentUrl\":\"https:\\\/\\\/crous.eu\\\/wp-content\\\/uploads\\\/JISLUX001.jpg\",\"width\":550,\"height\":550},{\"@type\":\"BreadcrumbList\",\"@id\":\"https:\\\/\\\/crous.eu\\\/fr\\\/terrains-de-jeux\\\/multijeux\\\/multijeux-mecaplay\\\/mecalux1-multigame\\\/#breadcrumb\",\"itemListElement\":[{\"@type\":\"ListItem\",\"position\":1,\"name\":\"Portada\",\"item\":\"https:\\\/\\\/crous.eu\\\/fr\\\/\"},{\"@type\":\"ListItem\",\"position\":2,\"name\":\"Tienda\",\"item\":\"https:\\\/\\\/crous.eu\\\/tienda\\\/\"},{\"@type\":\"ListItem\",\"position\":3,\"name\":\"Mecalux1 Multigame\"}]},{\"@type\":\"WebSite\",\"@id\":\"https:\\\/\\\/crous.eu\\\/fr\\\/#website\",\"url\":\"https:\\\/\\\/crous.eu\\\/fr\\\/\",\"name\":\"Crous Expert\",\"description\":\"Personalizamos tu entorno\",\"potentialAction\":[{\"@type\":\"SearchAction\",\"target\":{\"@type\":\"EntryPoint\",\"urlTemplate\":\"https:\\\/\\\/crous.eu\\\/fr\\\/?s={search_term_string}\"},\"query-input\":{\"@type\":\"PropertyValueSpecification\",\"valueRequired\":true,\"valueName\":\"search_term_string\"}}],\"inLanguage\":\"fr-FR\"}]}<\/script>\n<!-- \/ Yoast SEO plugin. -->","yoast_head_json":{"title":"Mecalux1 Multigame - Crous Expert","robots":{"index":"index","follow":"follow","max-snippet":"max-snippet:-1","max-image-preview":"max-image-preview:large","max-video-preview":"max-video-preview:-1"},"canonical":"https:\/\/crous.eu\/fr\/terrains-de-jeux\/multijeux\/multijeux-mecaplay\/mecalux1-multigame\/","og_locale":"fr_FR","og_type":"article","og_title":"Mecalux1 Multigame - Crous Expert","og_description":"\u2022 Multi-jeux compos\u00e9 d\u2019une tour avec structure m\u00e9tallique principale form\u00e9e par quatre poteaux et plancher carr\u00e9, avec deux murs d\u2019escalade d\u2019acc\u00e8s, divers panneaux ludiques et un toboggan de sortie. \u2022 Structure m\u00e9tallique en acier inoxydable. \u2022 L\u2019appareil est sp\u00e9cialement con\u00e7u pour les terrains de jeux publics. \u2022 Vous permet de glisser, de vous identifier, de jouer au tour par tour, de grimper. \u2022 \u00c2ge d\u2019utilisation recommand\u00e9 de 5 \u00e0 12 ans \u2022 Certifi\u00e9 selon r\u00e8glements UNE EN1176.","og_url":"https:\/\/crous.eu\/fr\/terrains-de-jeux\/multijeux\/multijeux-mecaplay\/mecalux1-multigame\/","og_site_name":"Crous Expert","article_modified_time":"2022-06-29T14:11:31+00:00","og_image":[{"width":550,"height":550,"url":"https:\/\/crous.eu\/wp-content\/uploads\/JISLUX001.jpg","type":"image\/jpeg"}],"twitter_card":"summary_large_image","schema":{"@context":"https:\/\/schema.org","@graph":[{"@type":"WebPage","@id":"https:\/\/crous.eu\/fr\/terrains-de-jeux\/multijeux\/multijeux-mecaplay\/mecalux1-multigame\/","url":"https:\/\/crous.eu\/fr\/terrains-de-jeux\/multijeux\/multijeux-mecaplay\/mecalux1-multigame\/","name":"Mecalux1 Multigame - Crous Expert","isPartOf":{"@id":"https:\/\/crous.eu\/fr\/#website"},"primaryImageOfPage":{"@id":"https:\/\/crous.eu\/fr\/terrains-de-jeux\/multijeux\/multijeux-mecaplay\/mecalux1-multigame\/#primaryimage"},"image":{"@id":"https:\/\/crous.eu\/fr\/terrains-de-jeux\/multijeux\/multijeux-mecaplay\/mecalux1-multigame\/#primaryimage"},"thumbnailUrl":"https:\/\/crous.eu\/wp-content\/uploads\/JISLUX001.jpg","datePublished":"2021-07-08T16:59:05+00:00","dateModified":"2022-06-29T14:11:31+00:00","breadcrumb":{"@id":"https:\/\/crous.eu\/fr\/terrains-de-jeux\/multijeux\/multijeux-mecaplay\/mecalux1-multigame\/#breadcrumb"},"inLanguage":"fr-FR","potentialAction":[{"@type":"ReadAction","target":["https:\/\/crous.eu\/fr\/terrains-de-jeux\/multijeux\/multijeux-mecaplay\/mecalux1-multigame\/"]}]},{"@type":"ImageObject","inLanguage":"fr-FR","@id":"https:\/\/crous.eu\/fr\/terrains-de-jeux\/multijeux\/multijeux-mecaplay\/mecalux1-multigame\/#primaryimage","url":"https:\/\/crous.eu\/wp-content\/uploads\/JISLUX001.jpg","contentUrl":"https:\/\/crous.eu\/wp-content\/uploads\/JISLUX001.jpg","width":550,"height":550},{"@type":"BreadcrumbList","@id":"https:\/\/crous.eu\/fr\/terrains-de-jeux\/multijeux\/multijeux-mecaplay\/mecalux1-multigame\/#breadcrumb","itemListElement":[{"@type":"ListItem","position":1,"name":"Portada","item":"https:\/\/crous.eu\/fr\/"},{"@type":"ListItem","position":2,"name":"Tienda","item":"https:\/\/crous.eu\/tienda\/"},{"@type":"ListItem","position":3,"name":"Mecalux1 Multigame"}]},{"@type":"WebSite","@id":"https:\/\/crous.eu\/fr\/#website","url":"https:\/\/crous.eu\/fr\/","name":"Crous Expert","description":"Personalizamos tu entorno","potentialAction":[{"@type":"SearchAction","target":{"@type":"EntryPoint","urlTemplate":"https:\/\/crous.eu\/fr\/?s={search_term_string}"},"query-input":{"@type":"PropertyValueSpecification","valueRequired":true,"valueName":"search_term_string"}}],"inLanguage":"fr-FR"}]}},"_links":{"self":[{"href":"https:\/\/crous.eu\/fr\/wp-json\/wp\/v2\/product\/18232","targetHints":{"allow":["GET"]}}],"collection":[{"href":"https:\/\/crous.eu\/fr\/wp-json\/wp\/v2\/product"}],"about":[{"href":"https:\/\/crous.eu\/fr\/wp-json\/wp\/v2\/types\/product"}],"wp:featuredmedia":[{"embeddable":true,"href":"https:\/\/crous.eu\/fr\/wp-json\/wp\/v2\/media\/5477"}],"wp:attachment":[{"href":"https:\/\/crous.eu\/fr\/wp-json\/wp\/v2\/media?parent=18232"}],"wp:term":[{"taxonomy":"product_brand","embeddable":true,"href":"https:\/\/crous.eu\/fr\/wp-json\/wp\/v2\/product_brand?post=18232"},{"taxonomy":"product_cat","embeddable":true,"href":"https:\/\/crous.eu\/fr\/wp-json\/wp\/v2\/product_cat?post=18232"},{"taxonomy":"product_tag","embeddable":true,"href":"https:\/\/crous.eu\/fr\/wp-json\/wp\/v2\/product_tag?post=18232"}],"curies":[{"name":"wp","href":"https:\/\/api.w.org\/{rel}","templated":true}]}}