{"id":18241,"date":"2021-07-08T18:43:35","date_gmt":"2021-07-08T16:59:05","guid":{"rendered":"http:\/\/crous.eu.mialias.net\/non%20class\u00e9\/mecaplay3-multigame\/"},"modified":"2022-06-30T13:48:34","modified_gmt":"2022-06-30T11:48:34","slug":"mecaplay3-multigame","status":"publish","type":"product","link":"https:\/\/crous.eu\/fr\/terrains-de-jeux\/multijeux\/multijeux-mecaplay\/mecaplay3-multigame\/","title":{"rendered":"Mecaplay3 Multigame"},"content":{"rendered":"","protected":false},"excerpt":{"rendered":"<p>\u2022 Multi-jeux compos\u00e9 d\u2019une tour avec structure m\u00e9tallique principale form\u00e9e par quatre poteaux et plancher carr\u00e9, avec un escalier d\u2019acc\u00e8s en poly\u00e9thyl\u00e8ne, un toboggan de sortie et une barre de feu. Accompagn\u00e9 d\u2019une balan\u00e7oire.<br \/>\n\u2022 Structure m\u00e9tallique en acier galvanis\u00e9.<br \/>\n\u2022 Barre de feu en acier inoxydable.<br \/>\n\u2022 Plafonds et panneaux \u00e9ducatifs en plaques de poly\u00e9thyl\u00e8ne HDPE de 15 mm.<br \/>\n\u2022 Rampe coulissante HDPE de 15 mm.<br \/>\n\u2022 Toutes les vis recouvertes de bouchons en plastique color\u00e9s.<br \/>\n\u2022 Plates-formes faites de planche ph\u00e9nolique antid\u00e9rapante.<br \/>\n\u2022 L\u2019appareil est sp\u00e9cialement con\u00e7u pour les terrains de jeux publics.<br \/>\n\u2022 Vous permet de glisser, de vous identifier, de jouer au tour par tour, de grimper et de balancer.<br \/>\n\u2022 \u00c2ge d\u2019utilisation recommand\u00e9 de 5 \u00e0 12 ans.<br \/>\n\u2022 Certifi\u00e9 selon r\u00e8glements UNE EN1176.<\/p>\n","protected":false},"featured_media":5541,"template":"","meta":{"_acf_changed":false},"product_brand":[],"product_cat":[668,692,665],"product_tag":[],"class_list":{"0":"post-18241","1":"product","2":"type-product","3":"status-publish","4":"has-post-thumbnail","6":"product_cat-multijeux","7":"product_cat-multijeux-mecaplay","8":"product_cat-terrains-de-jeux","10":"first","11":"instock","12":"product-type-simple"},"acf":[],"yoast_head":"<!-- This site is optimized with the Yoast SEO plugin v27.4 - https:\/\/yoast.com\/product\/yoast-seo-wordpress\/ -->\n<title>Mecaplay3 Multigame - Crous Expert<\/title>\n<meta name=\"description\" content=\"Multijeu d\u2019une tour avec escalier d\u2019acc\u00e8s, toboggan, barre de feu. Accompagn\u00e9 d\u2019une balan\u00e7oire. \u00c2ge d\u2019utilisation recommand\u00e9 de 5 \u00e0 12 ans.\" \/>\n<meta name=\"robots\" content=\"index, follow, max-snippet:-1, max-image-preview:large, max-video-preview:-1\" \/>\n<link rel=\"canonical\" href=\"https:\/\/crous.eu\/fr\/terrains-de-jeux\/multijeux\/multijeux-mecaplay\/mecaplay3-multigame\/\" \/>\n<meta property=\"og:locale\" content=\"fr_FR\" \/>\n<meta property=\"og:type\" content=\"article\" \/>\n<meta property=\"og:title\" content=\"Mecaplay3 Multigame - Crous Expert\" \/>\n<meta property=\"og:description\" content=\"Multijeu d\u2019une tour avec escalier d\u2019acc\u00e8s, toboggan, barre de feu. Accompagn\u00e9 d\u2019une balan\u00e7oire. \u00c2ge d\u2019utilisation recommand\u00e9 de 5 \u00e0 12 ans.\" \/>\n<meta property=\"og:url\" content=\"https:\/\/crous.eu\/fr\/terrains-de-jeux\/multijeux\/multijeux-mecaplay\/mecaplay3-multigame\/\" \/>\n<meta property=\"og:site_name\" content=\"Crous Expert\" \/>\n<meta property=\"article:modified_time\" content=\"2022-06-30T11:48:34+00:00\" \/>\n<meta property=\"og:image\" content=\"https:\/\/crous.eu\/wp-content\/uploads\/JISMEC003.jpg\" \/>\n\t<meta property=\"og:image:width\" content=\"550\" \/>\n\t<meta property=\"og:image:height\" content=\"550\" \/>\n\t<meta property=\"og:image:type\" content=\"image\/jpeg\" \/>\n<meta name=\"twitter:card\" content=\"summary_large_image\" \/>\n<script type=\"application\/ld+json\" class=\"yoast-schema-graph\">{\"@context\":\"https:\\\/\\\/schema.org\",\"@graph\":[{\"@type\":\"WebPage\",\"@id\":\"https:\\\/\\\/crous.eu\\\/fr\\\/terrains-de-jeux\\\/multijeux\\\/multijeux-mecaplay\\\/mecaplay3-multigame\\\/\",\"url\":\"https:\\\/\\\/crous.eu\\\/fr\\\/terrains-de-jeux\\\/multijeux\\\/multijeux-mecaplay\\\/mecaplay3-multigame\\\/\",\"name\":\"Mecaplay3 Multigame - Crous Expert\",\"isPartOf\":{\"@id\":\"https:\\\/\\\/crous.eu\\\/fr\\\/#website\"},\"primaryImageOfPage\":{\"@id\":\"https:\\\/\\\/crous.eu\\\/fr\\\/terrains-de-jeux\\\/multijeux\\\/multijeux-mecaplay\\\/mecaplay3-multigame\\\/#primaryimage\"},\"image\":{\"@id\":\"https:\\\/\\\/crous.eu\\\/fr\\\/terrains-de-jeux\\\/multijeux\\\/multijeux-mecaplay\\\/mecaplay3-multigame\\\/#primaryimage\"},\"thumbnailUrl\":\"https:\\\/\\\/crous.eu\\\/wp-content\\\/uploads\\\/JISMEC003.jpg\",\"datePublished\":\"2021-07-08T16:59:05+00:00\",\"dateModified\":\"2022-06-30T11:48:34+00:00\",\"description\":\"Multijeu d\u2019une tour avec escalier d\u2019acc\u00e8s, toboggan, barre de feu. Accompagn\u00e9 d\u2019une balan\u00e7oire. \u00c2ge d\u2019utilisation recommand\u00e9 de 5 \u00e0 12 ans.\",\"breadcrumb\":{\"@id\":\"https:\\\/\\\/crous.eu\\\/fr\\\/terrains-de-jeux\\\/multijeux\\\/multijeux-mecaplay\\\/mecaplay3-multigame\\\/#breadcrumb\"},\"inLanguage\":\"fr-FR\",\"potentialAction\":[{\"@type\":\"ReadAction\",\"target\":[\"https:\\\/\\\/crous.eu\\\/fr\\\/terrains-de-jeux\\\/multijeux\\\/multijeux-mecaplay\\\/mecaplay3-multigame\\\/\"]}]},{\"@type\":\"ImageObject\",\"inLanguage\":\"fr-FR\",\"@id\":\"https:\\\/\\\/crous.eu\\\/fr\\\/terrains-de-jeux\\\/multijeux\\\/multijeux-mecaplay\\\/mecaplay3-multigame\\\/#primaryimage\",\"url\":\"https:\\\/\\\/crous.eu\\\/wp-content\\\/uploads\\\/JISMEC003.jpg\",\"contentUrl\":\"https:\\\/\\\/crous.eu\\\/wp-content\\\/uploads\\\/JISMEC003.jpg\",\"width\":550,\"height\":550},{\"@type\":\"BreadcrumbList\",\"@id\":\"https:\\\/\\\/crous.eu\\\/fr\\\/terrains-de-jeux\\\/multijeux\\\/multijeux-mecaplay\\\/mecaplay3-multigame\\\/#breadcrumb\",\"itemListElement\":[{\"@type\":\"ListItem\",\"position\":1,\"name\":\"Portada\",\"item\":\"https:\\\/\\\/crous.eu\\\/fr\\\/\"},{\"@type\":\"ListItem\",\"position\":2,\"name\":\"Tienda\",\"item\":\"https:\\\/\\\/crous.eu\\\/tienda\\\/\"},{\"@type\":\"ListItem\",\"position\":3,\"name\":\"Mecaplay3 Multigame\"}]},{\"@type\":\"WebSite\",\"@id\":\"https:\\\/\\\/crous.eu\\\/fr\\\/#website\",\"url\":\"https:\\\/\\\/crous.eu\\\/fr\\\/\",\"name\":\"Crous Expert\",\"description\":\"Personalizamos tu entorno\",\"potentialAction\":[{\"@type\":\"SearchAction\",\"target\":{\"@type\":\"EntryPoint\",\"urlTemplate\":\"https:\\\/\\\/crous.eu\\\/fr\\\/?s={search_term_string}\"},\"query-input\":{\"@type\":\"PropertyValueSpecification\",\"valueRequired\":true,\"valueName\":\"search_term_string\"}}],\"inLanguage\":\"fr-FR\"}]}<\/script>\n<!-- \/ Yoast SEO plugin. -->","yoast_head_json":{"title":"Mecaplay3 Multigame - Crous Expert","description":"Multijeu d\u2019une tour avec escalier d\u2019acc\u00e8s, toboggan, barre de feu. Accompagn\u00e9 d\u2019une balan\u00e7oire. \u00c2ge d\u2019utilisation recommand\u00e9 de 5 \u00e0 12 ans.","robots":{"index":"index","follow":"follow","max-snippet":"max-snippet:-1","max-image-preview":"max-image-preview:large","max-video-preview":"max-video-preview:-1"},"canonical":"https:\/\/crous.eu\/fr\/terrains-de-jeux\/multijeux\/multijeux-mecaplay\/mecaplay3-multigame\/","og_locale":"fr_FR","og_type":"article","og_title":"Mecaplay3 Multigame - Crous Expert","og_description":"Multijeu d\u2019une tour avec escalier d\u2019acc\u00e8s, toboggan, barre de feu. Accompagn\u00e9 d\u2019une balan\u00e7oire. \u00c2ge d\u2019utilisation recommand\u00e9 de 5 \u00e0 12 ans.","og_url":"https:\/\/crous.eu\/fr\/terrains-de-jeux\/multijeux\/multijeux-mecaplay\/mecaplay3-multigame\/","og_site_name":"Crous Expert","article_modified_time":"2022-06-30T11:48:34+00:00","og_image":[{"width":550,"height":550,"url":"https:\/\/crous.eu\/wp-content\/uploads\/JISMEC003.jpg","type":"image\/jpeg"}],"twitter_card":"summary_large_image","schema":{"@context":"https:\/\/schema.org","@graph":[{"@type":"WebPage","@id":"https:\/\/crous.eu\/fr\/terrains-de-jeux\/multijeux\/multijeux-mecaplay\/mecaplay3-multigame\/","url":"https:\/\/crous.eu\/fr\/terrains-de-jeux\/multijeux\/multijeux-mecaplay\/mecaplay3-multigame\/","name":"Mecaplay3 Multigame - Crous Expert","isPartOf":{"@id":"https:\/\/crous.eu\/fr\/#website"},"primaryImageOfPage":{"@id":"https:\/\/crous.eu\/fr\/terrains-de-jeux\/multijeux\/multijeux-mecaplay\/mecaplay3-multigame\/#primaryimage"},"image":{"@id":"https:\/\/crous.eu\/fr\/terrains-de-jeux\/multijeux\/multijeux-mecaplay\/mecaplay3-multigame\/#primaryimage"},"thumbnailUrl":"https:\/\/crous.eu\/wp-content\/uploads\/JISMEC003.jpg","datePublished":"2021-07-08T16:59:05+00:00","dateModified":"2022-06-30T11:48:34+00:00","description":"Multijeu d\u2019une tour avec escalier d\u2019acc\u00e8s, toboggan, barre de feu. Accompagn\u00e9 d\u2019une balan\u00e7oire. \u00c2ge d\u2019utilisation recommand\u00e9 de 5 \u00e0 12 ans.","breadcrumb":{"@id":"https:\/\/crous.eu\/fr\/terrains-de-jeux\/multijeux\/multijeux-mecaplay\/mecaplay3-multigame\/#breadcrumb"},"inLanguage":"fr-FR","potentialAction":[{"@type":"ReadAction","target":["https:\/\/crous.eu\/fr\/terrains-de-jeux\/multijeux\/multijeux-mecaplay\/mecaplay3-multigame\/"]}]},{"@type":"ImageObject","inLanguage":"fr-FR","@id":"https:\/\/crous.eu\/fr\/terrains-de-jeux\/multijeux\/multijeux-mecaplay\/mecaplay3-multigame\/#primaryimage","url":"https:\/\/crous.eu\/wp-content\/uploads\/JISMEC003.jpg","contentUrl":"https:\/\/crous.eu\/wp-content\/uploads\/JISMEC003.jpg","width":550,"height":550},{"@type":"BreadcrumbList","@id":"https:\/\/crous.eu\/fr\/terrains-de-jeux\/multijeux\/multijeux-mecaplay\/mecaplay3-multigame\/#breadcrumb","itemListElement":[{"@type":"ListItem","position":1,"name":"Portada","item":"https:\/\/crous.eu\/fr\/"},{"@type":"ListItem","position":2,"name":"Tienda","item":"https:\/\/crous.eu\/tienda\/"},{"@type":"ListItem","position":3,"name":"Mecaplay3 Multigame"}]},{"@type":"WebSite","@id":"https:\/\/crous.eu\/fr\/#website","url":"https:\/\/crous.eu\/fr\/","name":"Crous Expert","description":"Personalizamos tu entorno","potentialAction":[{"@type":"SearchAction","target":{"@type":"EntryPoint","urlTemplate":"https:\/\/crous.eu\/fr\/?s={search_term_string}"},"query-input":{"@type":"PropertyValueSpecification","valueRequired":true,"valueName":"search_term_string"}}],"inLanguage":"fr-FR"}]}},"_links":{"self":[{"href":"https:\/\/crous.eu\/fr\/wp-json\/wp\/v2\/product\/18241","targetHints":{"allow":["GET"]}}],"collection":[{"href":"https:\/\/crous.eu\/fr\/wp-json\/wp\/v2\/product"}],"about":[{"href":"https:\/\/crous.eu\/fr\/wp-json\/wp\/v2\/types\/product"}],"wp:featuredmedia":[{"embeddable":true,"href":"https:\/\/crous.eu\/fr\/wp-json\/wp\/v2\/media\/5541"}],"wp:attachment":[{"href":"https:\/\/crous.eu\/fr\/wp-json\/wp\/v2\/media?parent=18241"}],"wp:term":[{"taxonomy":"product_brand","embeddable":true,"href":"https:\/\/crous.eu\/fr\/wp-json\/wp\/v2\/product_brand?post=18241"},{"taxonomy":"product_cat","embeddable":true,"href":"https:\/\/crous.eu\/fr\/wp-json\/wp\/v2\/product_cat?post=18241"},{"taxonomy":"product_tag","embeddable":true,"href":"https:\/\/crous.eu\/fr\/wp-json\/wp\/v2\/product_tag?post=18241"}],"curies":[{"name":"wp","href":"https:\/\/api.w.org\/{rel}","templated":true}]}}