{"id":18252,"date":"2021-07-08T18:44:00","date_gmt":"2021-07-08T16:59:45","guid":{"rendered":"http:\/\/crous.eu.mialias.net\/non%20class\u00e9\/medievo-4\/"},"modified":"2022-07-01T11:05:14","modified_gmt":"2022-07-01T09:05:14","slug":"medievo-4","status":"publish","type":"product","link":"https:\/\/crous.eu\/fr\/terrains-de-jeux\/multijeux\/multijeux-medievo\/medievo-4\/","title":{"rendered":"Medievo 4"},"content":{"rendered":"","protected":false},"excerpt":{"rendered":"<p>\u2022 Multi-jeux sur le th\u00e8me m\u00e9di\u00e9val compos\u00e9 d\u2019un ch\u00e2teau compos\u00e9 de tour principale et de tour de vin, rejoint par une passerelle, accompagn\u00e9 de trois sorties de toboggan, l\u2019acc\u00e8s au filet d\u2019escalade, l\u2019\u00e9chelle d\u2019acc\u00e8s et la barre de feu pour glisser.<br \/>\n\u2022 Piliers structuraux de bois lamin\u00e9 de 90 x 90 cm<br \/>\n\u2022 Panneaux en plaques de poly\u00e9thyl\u00e8ne HDPE.<br \/>\n\u2022 Toutes les vis recouvertes de bouchons en plastique.<br \/>\n\u2022 Ancres en acier galvanis\u00e9.<br \/>\n\u2022 Plates-formes faites de planche ph\u00e9nolique antid\u00e9rapante.<br \/>\n\u2022 Barres complexes et barre de feu en acier inoxydable.<br \/>\n\u2022 Rampe coulissante HDPE de 15 mm.<br \/>\n\u2022 L\u2019appareil est sp\u00e9cialement con\u00e7u pour les terrains de jeux publics.<br \/>\n\u2022 Vous permet d\u2019interagir, de jouer \u00e0 tour de r\u00f4le, de glisser et de grimper.<br \/>\n\u2022 \u00c2ge d\u2019utilisation recommand\u00e9 de 5 \u00e0 12 ans<br \/>\n\u2022 Certifi\u00e9 selon r\u00e8glements UNE EN1176.<\/p>\n","protected":false},"featured_media":4741,"template":"","meta":{"_acf_changed":false},"product_brand":[],"product_cat":[668,693,665],"product_tag":[],"class_list":{"0":"post-18252","1":"product","2":"type-product","3":"status-publish","4":"has-post-thumbnail","6":"product_cat-multijeux","7":"product_cat-multijeux-medievo","8":"product_cat-terrains-de-jeux","10":"first","11":"instock","12":"product-type-simple"},"acf":[],"yoast_head":"<!-- This site is optimized with the Yoast SEO plugin v27.4 - https:\/\/yoast.com\/product\/yoast-seo-wordpress\/ -->\n<title>Medievo 4 - Crous Expert<\/title>\n<meta name=\"robots\" content=\"index, follow, max-snippet:-1, max-image-preview:large, max-video-preview:-1\" \/>\n<link rel=\"canonical\" href=\"https:\/\/crous.eu\/fr\/terrains-de-jeux\/multijeux\/multijeux-medievo\/medievo-4\/\" \/>\n<meta property=\"og:locale\" content=\"fr_FR\" \/>\n<meta property=\"og:type\" content=\"article\" \/>\n<meta property=\"og:title\" content=\"Medievo 4 - Crous Expert\" \/>\n<meta property=\"og:description\" content=\"\u2022 Multi-jeux sur le th\u00e8me m\u00e9di\u00e9val compos\u00e9 d\u2019un ch\u00e2teau compos\u00e9 de tour principale et de tour de vin, rejoint par une passerelle, accompagn\u00e9 de trois sorties de toboggan, l\u2019acc\u00e8s au filet d\u2019escalade, l\u2019\u00e9chelle d\u2019acc\u00e8s et la barre de feu pour glisser. \u2022 Piliers structuraux de bois lamin\u00e9 de 90 x 90 cm \u2022 Panneaux en plaques de poly\u00e9thyl\u00e8ne HDPE. \u2022 Toutes les vis recouvertes de bouchons en plastique. \u2022 Ancres en acier galvanis\u00e9. \u2022 Plates-formes faites de planche ph\u00e9nolique antid\u00e9rapante. \u2022 Barres complexes et barre de feu en acier inoxydable. \u2022 Rampe coulissante HDPE de 15 mm. \u2022 L\u2019appareil est sp\u00e9cialement con\u00e7u pour les terrains de jeux publics. \u2022 Vous permet d\u2019interagir, de jouer \u00e0 tour de r\u00f4le, de glisser et de grimper. \u2022 \u00c2ge d\u2019utilisation recommand\u00e9 de 5 \u00e0 12 ans \u2022 Certifi\u00e9 selon r\u00e8glements UNE EN1176.\" \/>\n<meta property=\"og:url\" content=\"https:\/\/crous.eu\/fr\/terrains-de-jeux\/multijeux\/multijeux-medievo\/medievo-4\/\" \/>\n<meta property=\"og:site_name\" content=\"Crous Expert\" \/>\n<meta property=\"article:modified_time\" content=\"2022-07-01T09:05:14+00:00\" \/>\n<meta property=\"og:image\" content=\"https:\/\/crous.eu\/wp-content\/uploads\/JIMED004.jpg\" \/>\n\t<meta property=\"og:image:width\" content=\"550\" \/>\n\t<meta property=\"og:image:height\" content=\"550\" \/>\n\t<meta property=\"og:image:type\" content=\"image\/jpeg\" \/>\n<meta name=\"twitter:card\" content=\"summary_large_image\" \/>\n<script type=\"application\/ld+json\" class=\"yoast-schema-graph\">{\"@context\":\"https:\\\/\\\/schema.org\",\"@graph\":[{\"@type\":\"WebPage\",\"@id\":\"https:\\\/\\\/crous.eu\\\/fr\\\/terrains-de-jeux\\\/multijeux\\\/multijeux-medievo\\\/medievo-4\\\/\",\"url\":\"https:\\\/\\\/crous.eu\\\/fr\\\/terrains-de-jeux\\\/multijeux\\\/multijeux-medievo\\\/medievo-4\\\/\",\"name\":\"Medievo 4 - Crous Expert\",\"isPartOf\":{\"@id\":\"https:\\\/\\\/crous.eu\\\/fr\\\/#website\"},\"primaryImageOfPage\":{\"@id\":\"https:\\\/\\\/crous.eu\\\/fr\\\/terrains-de-jeux\\\/multijeux\\\/multijeux-medievo\\\/medievo-4\\\/#primaryimage\"},\"image\":{\"@id\":\"https:\\\/\\\/crous.eu\\\/fr\\\/terrains-de-jeux\\\/multijeux\\\/multijeux-medievo\\\/medievo-4\\\/#primaryimage\"},\"thumbnailUrl\":\"https:\\\/\\\/crous.eu\\\/wp-content\\\/uploads\\\/JIMED004.jpg\",\"datePublished\":\"2021-07-08T16:59:45+00:00\",\"dateModified\":\"2022-07-01T09:05:14+00:00\",\"breadcrumb\":{\"@id\":\"https:\\\/\\\/crous.eu\\\/fr\\\/terrains-de-jeux\\\/multijeux\\\/multijeux-medievo\\\/medievo-4\\\/#breadcrumb\"},\"inLanguage\":\"fr-FR\",\"potentialAction\":[{\"@type\":\"ReadAction\",\"target\":[\"https:\\\/\\\/crous.eu\\\/fr\\\/terrains-de-jeux\\\/multijeux\\\/multijeux-medievo\\\/medievo-4\\\/\"]}]},{\"@type\":\"ImageObject\",\"inLanguage\":\"fr-FR\",\"@id\":\"https:\\\/\\\/crous.eu\\\/fr\\\/terrains-de-jeux\\\/multijeux\\\/multijeux-medievo\\\/medievo-4\\\/#primaryimage\",\"url\":\"https:\\\/\\\/crous.eu\\\/wp-content\\\/uploads\\\/JIMED004.jpg\",\"contentUrl\":\"https:\\\/\\\/crous.eu\\\/wp-content\\\/uploads\\\/JIMED004.jpg\",\"width\":550,\"height\":550},{\"@type\":\"BreadcrumbList\",\"@id\":\"https:\\\/\\\/crous.eu\\\/fr\\\/terrains-de-jeux\\\/multijeux\\\/multijeux-medievo\\\/medievo-4\\\/#breadcrumb\",\"itemListElement\":[{\"@type\":\"ListItem\",\"position\":1,\"name\":\"Portada\",\"item\":\"https:\\\/\\\/crous.eu\\\/fr\\\/\"},{\"@type\":\"ListItem\",\"position\":2,\"name\":\"Tienda\",\"item\":\"https:\\\/\\\/crous.eu\\\/tienda\\\/\"},{\"@type\":\"ListItem\",\"position\":3,\"name\":\"Medievo 4\"}]},{\"@type\":\"WebSite\",\"@id\":\"https:\\\/\\\/crous.eu\\\/fr\\\/#website\",\"url\":\"https:\\\/\\\/crous.eu\\\/fr\\\/\",\"name\":\"Crous Expert\",\"description\":\"Personalizamos tu entorno\",\"potentialAction\":[{\"@type\":\"SearchAction\",\"target\":{\"@type\":\"EntryPoint\",\"urlTemplate\":\"https:\\\/\\\/crous.eu\\\/fr\\\/?s={search_term_string}\"},\"query-input\":{\"@type\":\"PropertyValueSpecification\",\"valueRequired\":true,\"valueName\":\"search_term_string\"}}],\"inLanguage\":\"fr-FR\"}]}<\/script>\n<!-- \/ Yoast SEO plugin. -->","yoast_head_json":{"title":"Medievo 4 - Crous Expert","robots":{"index":"index","follow":"follow","max-snippet":"max-snippet:-1","max-image-preview":"max-image-preview:large","max-video-preview":"max-video-preview:-1"},"canonical":"https:\/\/crous.eu\/fr\/terrains-de-jeux\/multijeux\/multijeux-medievo\/medievo-4\/","og_locale":"fr_FR","og_type":"article","og_title":"Medievo 4 - Crous Expert","og_description":"\u2022 Multi-jeux sur le th\u00e8me m\u00e9di\u00e9val compos\u00e9 d\u2019un ch\u00e2teau compos\u00e9 de tour principale et de tour de vin, rejoint par une passerelle, accompagn\u00e9 de trois sorties de toboggan, l\u2019acc\u00e8s au filet d\u2019escalade, l\u2019\u00e9chelle d\u2019acc\u00e8s et la barre de feu pour glisser. \u2022 Piliers structuraux de bois lamin\u00e9 de 90 x 90 cm \u2022 Panneaux en plaques de poly\u00e9thyl\u00e8ne HDPE. \u2022 Toutes les vis recouvertes de bouchons en plastique. \u2022 Ancres en acier galvanis\u00e9. \u2022 Plates-formes faites de planche ph\u00e9nolique antid\u00e9rapante. \u2022 Barres complexes et barre de feu en acier inoxydable. \u2022 Rampe coulissante HDPE de 15 mm. \u2022 L\u2019appareil est sp\u00e9cialement con\u00e7u pour les terrains de jeux publics. \u2022 Vous permet d\u2019interagir, de jouer \u00e0 tour de r\u00f4le, de glisser et de grimper. \u2022 \u00c2ge d\u2019utilisation recommand\u00e9 de 5 \u00e0 12 ans \u2022 Certifi\u00e9 selon r\u00e8glements UNE EN1176.","og_url":"https:\/\/crous.eu\/fr\/terrains-de-jeux\/multijeux\/multijeux-medievo\/medievo-4\/","og_site_name":"Crous Expert","article_modified_time":"2022-07-01T09:05:14+00:00","og_image":[{"width":550,"height":550,"url":"https:\/\/crous.eu\/wp-content\/uploads\/JIMED004.jpg","type":"image\/jpeg"}],"twitter_card":"summary_large_image","schema":{"@context":"https:\/\/schema.org","@graph":[{"@type":"WebPage","@id":"https:\/\/crous.eu\/fr\/terrains-de-jeux\/multijeux\/multijeux-medievo\/medievo-4\/","url":"https:\/\/crous.eu\/fr\/terrains-de-jeux\/multijeux\/multijeux-medievo\/medievo-4\/","name":"Medievo 4 - Crous Expert","isPartOf":{"@id":"https:\/\/crous.eu\/fr\/#website"},"primaryImageOfPage":{"@id":"https:\/\/crous.eu\/fr\/terrains-de-jeux\/multijeux\/multijeux-medievo\/medievo-4\/#primaryimage"},"image":{"@id":"https:\/\/crous.eu\/fr\/terrains-de-jeux\/multijeux\/multijeux-medievo\/medievo-4\/#primaryimage"},"thumbnailUrl":"https:\/\/crous.eu\/wp-content\/uploads\/JIMED004.jpg","datePublished":"2021-07-08T16:59:45+00:00","dateModified":"2022-07-01T09:05:14+00:00","breadcrumb":{"@id":"https:\/\/crous.eu\/fr\/terrains-de-jeux\/multijeux\/multijeux-medievo\/medievo-4\/#breadcrumb"},"inLanguage":"fr-FR","potentialAction":[{"@type":"ReadAction","target":["https:\/\/crous.eu\/fr\/terrains-de-jeux\/multijeux\/multijeux-medievo\/medievo-4\/"]}]},{"@type":"ImageObject","inLanguage":"fr-FR","@id":"https:\/\/crous.eu\/fr\/terrains-de-jeux\/multijeux\/multijeux-medievo\/medievo-4\/#primaryimage","url":"https:\/\/crous.eu\/wp-content\/uploads\/JIMED004.jpg","contentUrl":"https:\/\/crous.eu\/wp-content\/uploads\/JIMED004.jpg","width":550,"height":550},{"@type":"BreadcrumbList","@id":"https:\/\/crous.eu\/fr\/terrains-de-jeux\/multijeux\/multijeux-medievo\/medievo-4\/#breadcrumb","itemListElement":[{"@type":"ListItem","position":1,"name":"Portada","item":"https:\/\/crous.eu\/fr\/"},{"@type":"ListItem","position":2,"name":"Tienda","item":"https:\/\/crous.eu\/tienda\/"},{"@type":"ListItem","position":3,"name":"Medievo 4"}]},{"@type":"WebSite","@id":"https:\/\/crous.eu\/fr\/#website","url":"https:\/\/crous.eu\/fr\/","name":"Crous Expert","description":"Personalizamos tu entorno","potentialAction":[{"@type":"SearchAction","target":{"@type":"EntryPoint","urlTemplate":"https:\/\/crous.eu\/fr\/?s={search_term_string}"},"query-input":{"@type":"PropertyValueSpecification","valueRequired":true,"valueName":"search_term_string"}}],"inLanguage":"fr-FR"}]}},"_links":{"self":[{"href":"https:\/\/crous.eu\/fr\/wp-json\/wp\/v2\/product\/18252","targetHints":{"allow":["GET"]}}],"collection":[{"href":"https:\/\/crous.eu\/fr\/wp-json\/wp\/v2\/product"}],"about":[{"href":"https:\/\/crous.eu\/fr\/wp-json\/wp\/v2\/types\/product"}],"wp:featuredmedia":[{"embeddable":true,"href":"https:\/\/crous.eu\/fr\/wp-json\/wp\/v2\/media\/4741"}],"wp:attachment":[{"href":"https:\/\/crous.eu\/fr\/wp-json\/wp\/v2\/media?parent=18252"}],"wp:term":[{"taxonomy":"product_brand","embeddable":true,"href":"https:\/\/crous.eu\/fr\/wp-json\/wp\/v2\/product_brand?post=18252"},{"taxonomy":"product_cat","embeddable":true,"href":"https:\/\/crous.eu\/fr\/wp-json\/wp\/v2\/product_cat?post=18252"},{"taxonomy":"product_tag","embeddable":true,"href":"https:\/\/crous.eu\/fr\/wp-json\/wp\/v2\/product_tag?post=18252"}],"curies":[{"name":"wp","href":"https:\/\/api.w.org\/{rel}","templated":true}]}}