{"id":18305,"date":"2021-07-08T19:00:28","date_gmt":"2021-07-08T17:00:28","guid":{"rendered":"http:\/\/crous.eu.mialias.net\/non%20class\u00e9\/6-m-pyramid\/"},"modified":"2021-07-08T19:01:04","modified_gmt":"2021-07-08T17:01:04","slug":"6-m-pyramid","status":"publish","type":"product","link":"https:\/\/crous.eu\/fr\/terrains-de-jeux\/tyroliennes-tours-et-filets\/6-m-pyramid\/","title":{"rendered":"6 m Pyramid"},"content":{"rendered":"","protected":false},"excerpt":{"rendered":"<p>\u2022 R\u00e9seau tridimensionnel de cordes entrelac\u00e9sde 6 m de haut.<br \/>\n\u2022 \u00c9l\u00e9ment d&rsquo;un grand impact visuel et avec une grande capacit\u00e9 des utilisateurs.<br \/>\n\u2022 Cordes de p\u00e9rim\u00e8tre en polyamide avec \u00e2me en acier.<br \/>\n\u2022 M\u00e2t central en acier inoxydable.<br \/>\n\u2022 \u00c9l\u00e9ment certifi\u00e9 selon la norme europ\u00e9enne EN-1176.<br \/>\n\u2022 Grosseur minimale du sol en raison des th\u00e8mes de chute de s\u00e9curit\u00e9 de 20 cms.<\/p>\n","protected":false},"featured_media":8038,"template":"","meta":{"_acf_changed":false},"product_brand":[],"product_cat":[665,679],"product_tag":[],"class_list":{"0":"post-18305","1":"product","2":"type-product","3":"status-publish","4":"has-post-thumbnail","6":"product_cat-terrains-de-jeux","7":"product_cat-tyroliennes-tours-et-filets","9":"first","10":"instock","11":"product-type-simple"},"acf":[],"yoast_head":"<!-- This site is optimized with the Yoast SEO plugin v27.4 - https:\/\/yoast.com\/product\/yoast-seo-wordpress\/ -->\n<title>6 m Pyramid - Crous Expert<\/title>\n<meta name=\"robots\" content=\"index, follow, max-snippet:-1, max-image-preview:large, max-video-preview:-1\" \/>\n<link rel=\"canonical\" href=\"https:\/\/crous.eu\/fr\/terrains-de-jeux\/tyroliennes-tours-et-filets\/6-m-pyramid\/\" \/>\n<meta property=\"og:locale\" content=\"fr_FR\" \/>\n<meta property=\"og:type\" content=\"article\" \/>\n<meta property=\"og:title\" content=\"6 m Pyramid - Crous Expert\" \/>\n<meta property=\"og:description\" content=\"\u2022 R\u00e9seau tridimensionnel de cordes entrelac\u00e9sde 6 m de haut. \u2022 \u00c9l\u00e9ment d&#039;un grand impact visuel et avec une grande capacit\u00e9 des utilisateurs. \u2022 Cordes de p\u00e9rim\u00e8tre en polyamide avec \u00e2me en acier. \u2022 M\u00e2t central en acier inoxydable. \u2022 \u00c9l\u00e9ment certifi\u00e9 selon la norme europ\u00e9enne EN-1176. \u2022 Grosseur minimale du sol en raison des th\u00e8mes de chute de s\u00e9curit\u00e9 de 20 cms.\" \/>\n<meta property=\"og:url\" content=\"https:\/\/crous.eu\/fr\/terrains-de-jeux\/tyroliennes-tours-et-filets\/6-m-pyramid\/\" \/>\n<meta property=\"og:site_name\" content=\"Crous Expert\" \/>\n<meta property=\"article:modified_time\" content=\"2021-07-08T17:01:04+00:00\" \/>\n<meta property=\"og:image\" content=\"https:\/\/crous.eu\/wp-content\/uploads\/JIX6000.jpg\" \/>\n\t<meta property=\"og:image:width\" content=\"550\" \/>\n\t<meta property=\"og:image:height\" content=\"550\" \/>\n\t<meta property=\"og:image:type\" content=\"image\/jpeg\" \/>\n<meta name=\"twitter:card\" content=\"summary_large_image\" \/>\n<script type=\"application\/ld+json\" class=\"yoast-schema-graph\">{\"@context\":\"https:\\\/\\\/schema.org\",\"@graph\":[{\"@type\":\"WebPage\",\"@id\":\"https:\\\/\\\/crous.eu\\\/fr\\\/terrains-de-jeux\\\/tyroliennes-tours-et-filets\\\/6-m-pyramid\\\/\",\"url\":\"https:\\\/\\\/crous.eu\\\/fr\\\/terrains-de-jeux\\\/tyroliennes-tours-et-filets\\\/6-m-pyramid\\\/\",\"name\":\"6 m Pyramid - Crous Expert\",\"isPartOf\":{\"@id\":\"https:\\\/\\\/crous.eu\\\/fr\\\/#website\"},\"primaryImageOfPage\":{\"@id\":\"https:\\\/\\\/crous.eu\\\/fr\\\/terrains-de-jeux\\\/tyroliennes-tours-et-filets\\\/6-m-pyramid\\\/#primaryimage\"},\"image\":{\"@id\":\"https:\\\/\\\/crous.eu\\\/fr\\\/terrains-de-jeux\\\/tyroliennes-tours-et-filets\\\/6-m-pyramid\\\/#primaryimage\"},\"thumbnailUrl\":\"https:\\\/\\\/crous.eu\\\/wp-content\\\/uploads\\\/JIX6000.jpg\",\"datePublished\":\"2021-07-08T17:00:28+00:00\",\"dateModified\":\"2021-07-08T17:01:04+00:00\",\"breadcrumb\":{\"@id\":\"https:\\\/\\\/crous.eu\\\/fr\\\/terrains-de-jeux\\\/tyroliennes-tours-et-filets\\\/6-m-pyramid\\\/#breadcrumb\"},\"inLanguage\":\"fr-FR\",\"potentialAction\":[{\"@type\":\"ReadAction\",\"target\":[\"https:\\\/\\\/crous.eu\\\/fr\\\/terrains-de-jeux\\\/tyroliennes-tours-et-filets\\\/6-m-pyramid\\\/\"]}]},{\"@type\":\"ImageObject\",\"inLanguage\":\"fr-FR\",\"@id\":\"https:\\\/\\\/crous.eu\\\/fr\\\/terrains-de-jeux\\\/tyroliennes-tours-et-filets\\\/6-m-pyramid\\\/#primaryimage\",\"url\":\"https:\\\/\\\/crous.eu\\\/wp-content\\\/uploads\\\/JIX6000.jpg\",\"contentUrl\":\"https:\\\/\\\/crous.eu\\\/wp-content\\\/uploads\\\/JIX6000.jpg\",\"width\":550,\"height\":550},{\"@type\":\"BreadcrumbList\",\"@id\":\"https:\\\/\\\/crous.eu\\\/fr\\\/terrains-de-jeux\\\/tyroliennes-tours-et-filets\\\/6-m-pyramid\\\/#breadcrumb\",\"itemListElement\":[{\"@type\":\"ListItem\",\"position\":1,\"name\":\"Portada\",\"item\":\"https:\\\/\\\/crous.eu\\\/fr\\\/\"},{\"@type\":\"ListItem\",\"position\":2,\"name\":\"Tienda\",\"item\":\"https:\\\/\\\/crous.eu\\\/tienda\\\/\"},{\"@type\":\"ListItem\",\"position\":3,\"name\":\"6 m Pyramid\"}]},{\"@type\":\"WebSite\",\"@id\":\"https:\\\/\\\/crous.eu\\\/fr\\\/#website\",\"url\":\"https:\\\/\\\/crous.eu\\\/fr\\\/\",\"name\":\"Crous Expert\",\"description\":\"Personalizamos tu entorno\",\"potentialAction\":[{\"@type\":\"SearchAction\",\"target\":{\"@type\":\"EntryPoint\",\"urlTemplate\":\"https:\\\/\\\/crous.eu\\\/fr\\\/?s={search_term_string}\"},\"query-input\":{\"@type\":\"PropertyValueSpecification\",\"valueRequired\":true,\"valueName\":\"search_term_string\"}}],\"inLanguage\":\"fr-FR\"}]}<\/script>\n<!-- \/ Yoast SEO plugin. -->","yoast_head_json":{"title":"6 m Pyramid - Crous Expert","robots":{"index":"index","follow":"follow","max-snippet":"max-snippet:-1","max-image-preview":"max-image-preview:large","max-video-preview":"max-video-preview:-1"},"canonical":"https:\/\/crous.eu\/fr\/terrains-de-jeux\/tyroliennes-tours-et-filets\/6-m-pyramid\/","og_locale":"fr_FR","og_type":"article","og_title":"6 m Pyramid - Crous Expert","og_description":"\u2022 R\u00e9seau tridimensionnel de cordes entrelac\u00e9sde 6 m de haut. \u2022 \u00c9l\u00e9ment d'un grand impact visuel et avec une grande capacit\u00e9 des utilisateurs. \u2022 Cordes de p\u00e9rim\u00e8tre en polyamide avec \u00e2me en acier. \u2022 M\u00e2t central en acier inoxydable. \u2022 \u00c9l\u00e9ment certifi\u00e9 selon la norme europ\u00e9enne EN-1176. \u2022 Grosseur minimale du sol en raison des th\u00e8mes de chute de s\u00e9curit\u00e9 de 20 cms.","og_url":"https:\/\/crous.eu\/fr\/terrains-de-jeux\/tyroliennes-tours-et-filets\/6-m-pyramid\/","og_site_name":"Crous Expert","article_modified_time":"2021-07-08T17:01:04+00:00","og_image":[{"width":550,"height":550,"url":"https:\/\/crous.eu\/wp-content\/uploads\/JIX6000.jpg","type":"image\/jpeg"}],"twitter_card":"summary_large_image","schema":{"@context":"https:\/\/schema.org","@graph":[{"@type":"WebPage","@id":"https:\/\/crous.eu\/fr\/terrains-de-jeux\/tyroliennes-tours-et-filets\/6-m-pyramid\/","url":"https:\/\/crous.eu\/fr\/terrains-de-jeux\/tyroliennes-tours-et-filets\/6-m-pyramid\/","name":"6 m Pyramid - Crous Expert","isPartOf":{"@id":"https:\/\/crous.eu\/fr\/#website"},"primaryImageOfPage":{"@id":"https:\/\/crous.eu\/fr\/terrains-de-jeux\/tyroliennes-tours-et-filets\/6-m-pyramid\/#primaryimage"},"image":{"@id":"https:\/\/crous.eu\/fr\/terrains-de-jeux\/tyroliennes-tours-et-filets\/6-m-pyramid\/#primaryimage"},"thumbnailUrl":"https:\/\/crous.eu\/wp-content\/uploads\/JIX6000.jpg","datePublished":"2021-07-08T17:00:28+00:00","dateModified":"2021-07-08T17:01:04+00:00","breadcrumb":{"@id":"https:\/\/crous.eu\/fr\/terrains-de-jeux\/tyroliennes-tours-et-filets\/6-m-pyramid\/#breadcrumb"},"inLanguage":"fr-FR","potentialAction":[{"@type":"ReadAction","target":["https:\/\/crous.eu\/fr\/terrains-de-jeux\/tyroliennes-tours-et-filets\/6-m-pyramid\/"]}]},{"@type":"ImageObject","inLanguage":"fr-FR","@id":"https:\/\/crous.eu\/fr\/terrains-de-jeux\/tyroliennes-tours-et-filets\/6-m-pyramid\/#primaryimage","url":"https:\/\/crous.eu\/wp-content\/uploads\/JIX6000.jpg","contentUrl":"https:\/\/crous.eu\/wp-content\/uploads\/JIX6000.jpg","width":550,"height":550},{"@type":"BreadcrumbList","@id":"https:\/\/crous.eu\/fr\/terrains-de-jeux\/tyroliennes-tours-et-filets\/6-m-pyramid\/#breadcrumb","itemListElement":[{"@type":"ListItem","position":1,"name":"Portada","item":"https:\/\/crous.eu\/fr\/"},{"@type":"ListItem","position":2,"name":"Tienda","item":"https:\/\/crous.eu\/tienda\/"},{"@type":"ListItem","position":3,"name":"6 m Pyramid"}]},{"@type":"WebSite","@id":"https:\/\/crous.eu\/fr\/#website","url":"https:\/\/crous.eu\/fr\/","name":"Crous Expert","description":"Personalizamos tu entorno","potentialAction":[{"@type":"SearchAction","target":{"@type":"EntryPoint","urlTemplate":"https:\/\/crous.eu\/fr\/?s={search_term_string}"},"query-input":{"@type":"PropertyValueSpecification","valueRequired":true,"valueName":"search_term_string"}}],"inLanguage":"fr-FR"}]}},"_links":{"self":[{"href":"https:\/\/crous.eu\/fr\/wp-json\/wp\/v2\/product\/18305","targetHints":{"allow":["GET"]}}],"collection":[{"href":"https:\/\/crous.eu\/fr\/wp-json\/wp\/v2\/product"}],"about":[{"href":"https:\/\/crous.eu\/fr\/wp-json\/wp\/v2\/types\/product"}],"wp:featuredmedia":[{"embeddable":true,"href":"https:\/\/crous.eu\/fr\/wp-json\/wp\/v2\/media\/8038"}],"wp:attachment":[{"href":"https:\/\/crous.eu\/fr\/wp-json\/wp\/v2\/media?parent=18305"}],"wp:term":[{"taxonomy":"product_brand","embeddable":true,"href":"https:\/\/crous.eu\/fr\/wp-json\/wp\/v2\/product_brand?post=18305"},{"taxonomy":"product_cat","embeddable":true,"href":"https:\/\/crous.eu\/fr\/wp-json\/wp\/v2\/product_cat?post=18305"},{"taxonomy":"product_tag","embeddable":true,"href":"https:\/\/crous.eu\/fr\/wp-json\/wp\/v2\/product_tag?post=18305"}],"curies":[{"name":"wp","href":"https:\/\/api.w.org\/{rel}","templated":true}]}}