{"id":18307,"date":"2021-07-08T18:44:49","date_gmt":"2021-07-08T17:00:28","guid":{"rendered":"http:\/\/crous.eu.mialias.net\/non%20class\u00e9\/concrete-mobilier-urbain\/"},"modified":"2021-07-08T19:01:07","modified_gmt":"2021-07-08T17:01:07","slug":"concrete-mobilier-urbain","status":"publish","type":"product","link":"https:\/\/crous.eu\/fr\/mobilier-urbain\/meubles-en-beton\/concrete-mobilier-urbain\/","title":{"rendered":"Concrete Mobilier Urbain"},"content":{"rendered":"","protected":false},"excerpt":{"rendered":"<p>\u2022 Nous disposons d\u2019une s\u00e9lection soign\u00e9e d\u2019\u00e9l\u00e9ments de mobilier urbain pr\u00e9fabriqu\u00e9s en b\u00e9ton.<br \/>\n\u2022 \u00c9l\u00e9gance et style r\u00e9unis dans des \u00e9l\u00e9ments indestructibles, sans entretien et inalt\u00e9rables au fil du temps.<\/p>\n","protected":false},"featured_media":6121,"template":"","meta":{"_acf_changed":false},"product_brand":[],"product_cat":[695,645],"product_tag":[],"class_list":{"0":"post-18307","1":"product","2":"type-product","3":"status-publish","4":"has-post-thumbnail","6":"product_cat-meubles-en-beton","7":"product_cat-mobilier-urbain","9":"first","10":"instock","11":"product-type-simple"},"acf":[],"yoast_head":"<!-- This site is optimized with the Yoast SEO plugin v27.4 - https:\/\/yoast.com\/product\/yoast-seo-wordpress\/ -->\n<title>Concrete Mobilier Urbain - Crous Expert<\/title>\n<meta name=\"robots\" content=\"index, follow, max-snippet:-1, max-image-preview:large, max-video-preview:-1\" \/>\n<link rel=\"canonical\" href=\"https:\/\/crous.eu\/fr\/mobilier-urbain\/meubles-en-beton\/concrete-mobilier-urbain\/\" \/>\n<meta property=\"og:locale\" content=\"fr_FR\" \/>\n<meta property=\"og:type\" content=\"article\" \/>\n<meta property=\"og:title\" content=\"Concrete Mobilier Urbain - Crous Expert\" \/>\n<meta property=\"og:description\" content=\"\u2022 Nous disposons d\u2019une s\u00e9lection soign\u00e9e d\u2019\u00e9l\u00e9ments de mobilier urbain pr\u00e9fabriqu\u00e9s en b\u00e9ton. \u2022 \u00c9l\u00e9gance et style r\u00e9unis dans des \u00e9l\u00e9ments indestructibles, sans entretien et inalt\u00e9rables au fil du temps.\" \/>\n<meta property=\"og:url\" content=\"https:\/\/crous.eu\/fr\/mobilier-urbain\/meubles-en-beton\/concrete-mobilier-urbain\/\" \/>\n<meta property=\"og:site_name\" content=\"Crous Expert\" \/>\n<meta property=\"article:modified_time\" content=\"2021-07-08T17:01:07+00:00\" \/>\n<meta property=\"og:image\" content=\"https:\/\/crous.eu\/wp-content\/uploads\/mobiliario-hormigon.jpg\" \/>\n\t<meta property=\"og:image:width\" content=\"550\" \/>\n\t<meta property=\"og:image:height\" content=\"550\" \/>\n\t<meta property=\"og:image:type\" content=\"image\/jpeg\" \/>\n<meta name=\"twitter:card\" content=\"summary_large_image\" \/>\n<script type=\"application\/ld+json\" class=\"yoast-schema-graph\">{\"@context\":\"https:\\\/\\\/schema.org\",\"@graph\":[{\"@type\":\"WebPage\",\"@id\":\"https:\\\/\\\/crous.eu\\\/fr\\\/mobilier-urbain\\\/meubles-en-beton\\\/concrete-mobilier-urbain\\\/\",\"url\":\"https:\\\/\\\/crous.eu\\\/fr\\\/mobilier-urbain\\\/meubles-en-beton\\\/concrete-mobilier-urbain\\\/\",\"name\":\"Concrete Mobilier Urbain - Crous Expert\",\"isPartOf\":{\"@id\":\"https:\\\/\\\/crous.eu\\\/fr\\\/#website\"},\"primaryImageOfPage\":{\"@id\":\"https:\\\/\\\/crous.eu\\\/fr\\\/mobilier-urbain\\\/meubles-en-beton\\\/concrete-mobilier-urbain\\\/#primaryimage\"},\"image\":{\"@id\":\"https:\\\/\\\/crous.eu\\\/fr\\\/mobilier-urbain\\\/meubles-en-beton\\\/concrete-mobilier-urbain\\\/#primaryimage\"},\"thumbnailUrl\":\"https:\\\/\\\/crous.eu\\\/wp-content\\\/uploads\\\/mobiliario-hormigon.jpg\",\"datePublished\":\"2021-07-08T17:00:28+00:00\",\"dateModified\":\"2021-07-08T17:01:07+00:00\",\"breadcrumb\":{\"@id\":\"https:\\\/\\\/crous.eu\\\/fr\\\/mobilier-urbain\\\/meubles-en-beton\\\/concrete-mobilier-urbain\\\/#breadcrumb\"},\"inLanguage\":\"fr-FR\",\"potentialAction\":[{\"@type\":\"ReadAction\",\"target\":[\"https:\\\/\\\/crous.eu\\\/fr\\\/mobilier-urbain\\\/meubles-en-beton\\\/concrete-mobilier-urbain\\\/\"]}]},{\"@type\":\"ImageObject\",\"inLanguage\":\"fr-FR\",\"@id\":\"https:\\\/\\\/crous.eu\\\/fr\\\/mobilier-urbain\\\/meubles-en-beton\\\/concrete-mobilier-urbain\\\/#primaryimage\",\"url\":\"https:\\\/\\\/crous.eu\\\/wp-content\\\/uploads\\\/mobiliario-hormigon.jpg\",\"contentUrl\":\"https:\\\/\\\/crous.eu\\\/wp-content\\\/uploads\\\/mobiliario-hormigon.jpg\",\"width\":550,\"height\":550},{\"@type\":\"BreadcrumbList\",\"@id\":\"https:\\\/\\\/crous.eu\\\/fr\\\/mobilier-urbain\\\/meubles-en-beton\\\/concrete-mobilier-urbain\\\/#breadcrumb\",\"itemListElement\":[{\"@type\":\"ListItem\",\"position\":1,\"name\":\"Portada\",\"item\":\"https:\\\/\\\/crous.eu\\\/fr\\\/\"},{\"@type\":\"ListItem\",\"position\":2,\"name\":\"Tienda\",\"item\":\"https:\\\/\\\/crous.eu\\\/tienda\\\/\"},{\"@type\":\"ListItem\",\"position\":3,\"name\":\"Concrete Mobilier Urbain\"}]},{\"@type\":\"WebSite\",\"@id\":\"https:\\\/\\\/crous.eu\\\/fr\\\/#website\",\"url\":\"https:\\\/\\\/crous.eu\\\/fr\\\/\",\"name\":\"Crous Expert\",\"description\":\"Personalizamos tu entorno\",\"potentialAction\":[{\"@type\":\"SearchAction\",\"target\":{\"@type\":\"EntryPoint\",\"urlTemplate\":\"https:\\\/\\\/crous.eu\\\/fr\\\/?s={search_term_string}\"},\"query-input\":{\"@type\":\"PropertyValueSpecification\",\"valueRequired\":true,\"valueName\":\"search_term_string\"}}],\"inLanguage\":\"fr-FR\"}]}<\/script>\n<!-- \/ Yoast SEO plugin. -->","yoast_head_json":{"title":"Concrete Mobilier Urbain - Crous Expert","robots":{"index":"index","follow":"follow","max-snippet":"max-snippet:-1","max-image-preview":"max-image-preview:large","max-video-preview":"max-video-preview:-1"},"canonical":"https:\/\/crous.eu\/fr\/mobilier-urbain\/meubles-en-beton\/concrete-mobilier-urbain\/","og_locale":"fr_FR","og_type":"article","og_title":"Concrete Mobilier Urbain - Crous Expert","og_description":"\u2022 Nous disposons d\u2019une s\u00e9lection soign\u00e9e d\u2019\u00e9l\u00e9ments de mobilier urbain pr\u00e9fabriqu\u00e9s en b\u00e9ton. \u2022 \u00c9l\u00e9gance et style r\u00e9unis dans des \u00e9l\u00e9ments indestructibles, sans entretien et inalt\u00e9rables au fil du temps.","og_url":"https:\/\/crous.eu\/fr\/mobilier-urbain\/meubles-en-beton\/concrete-mobilier-urbain\/","og_site_name":"Crous Expert","article_modified_time":"2021-07-08T17:01:07+00:00","og_image":[{"width":550,"height":550,"url":"https:\/\/crous.eu\/wp-content\/uploads\/mobiliario-hormigon.jpg","type":"image\/jpeg"}],"twitter_card":"summary_large_image","schema":{"@context":"https:\/\/schema.org","@graph":[{"@type":"WebPage","@id":"https:\/\/crous.eu\/fr\/mobilier-urbain\/meubles-en-beton\/concrete-mobilier-urbain\/","url":"https:\/\/crous.eu\/fr\/mobilier-urbain\/meubles-en-beton\/concrete-mobilier-urbain\/","name":"Concrete Mobilier Urbain - Crous Expert","isPartOf":{"@id":"https:\/\/crous.eu\/fr\/#website"},"primaryImageOfPage":{"@id":"https:\/\/crous.eu\/fr\/mobilier-urbain\/meubles-en-beton\/concrete-mobilier-urbain\/#primaryimage"},"image":{"@id":"https:\/\/crous.eu\/fr\/mobilier-urbain\/meubles-en-beton\/concrete-mobilier-urbain\/#primaryimage"},"thumbnailUrl":"https:\/\/crous.eu\/wp-content\/uploads\/mobiliario-hormigon.jpg","datePublished":"2021-07-08T17:00:28+00:00","dateModified":"2021-07-08T17:01:07+00:00","breadcrumb":{"@id":"https:\/\/crous.eu\/fr\/mobilier-urbain\/meubles-en-beton\/concrete-mobilier-urbain\/#breadcrumb"},"inLanguage":"fr-FR","potentialAction":[{"@type":"ReadAction","target":["https:\/\/crous.eu\/fr\/mobilier-urbain\/meubles-en-beton\/concrete-mobilier-urbain\/"]}]},{"@type":"ImageObject","inLanguage":"fr-FR","@id":"https:\/\/crous.eu\/fr\/mobilier-urbain\/meubles-en-beton\/concrete-mobilier-urbain\/#primaryimage","url":"https:\/\/crous.eu\/wp-content\/uploads\/mobiliario-hormigon.jpg","contentUrl":"https:\/\/crous.eu\/wp-content\/uploads\/mobiliario-hormigon.jpg","width":550,"height":550},{"@type":"BreadcrumbList","@id":"https:\/\/crous.eu\/fr\/mobilier-urbain\/meubles-en-beton\/concrete-mobilier-urbain\/#breadcrumb","itemListElement":[{"@type":"ListItem","position":1,"name":"Portada","item":"https:\/\/crous.eu\/fr\/"},{"@type":"ListItem","position":2,"name":"Tienda","item":"https:\/\/crous.eu\/tienda\/"},{"@type":"ListItem","position":3,"name":"Concrete Mobilier Urbain"}]},{"@type":"WebSite","@id":"https:\/\/crous.eu\/fr\/#website","url":"https:\/\/crous.eu\/fr\/","name":"Crous Expert","description":"Personalizamos tu entorno","potentialAction":[{"@type":"SearchAction","target":{"@type":"EntryPoint","urlTemplate":"https:\/\/crous.eu\/fr\/?s={search_term_string}"},"query-input":{"@type":"PropertyValueSpecification","valueRequired":true,"valueName":"search_term_string"}}],"inLanguage":"fr-FR"}]}},"_links":{"self":[{"href":"https:\/\/crous.eu\/fr\/wp-json\/wp\/v2\/product\/18307","targetHints":{"allow":["GET"]}}],"collection":[{"href":"https:\/\/crous.eu\/fr\/wp-json\/wp\/v2\/product"}],"about":[{"href":"https:\/\/crous.eu\/fr\/wp-json\/wp\/v2\/types\/product"}],"wp:featuredmedia":[{"embeddable":true,"href":"https:\/\/crous.eu\/fr\/wp-json\/wp\/v2\/media\/6121"}],"wp:attachment":[{"href":"https:\/\/crous.eu\/fr\/wp-json\/wp\/v2\/media?parent=18307"}],"wp:term":[{"taxonomy":"product_brand","embeddable":true,"href":"https:\/\/crous.eu\/fr\/wp-json\/wp\/v2\/product_brand?post=18307"},{"taxonomy":"product_cat","embeddable":true,"href":"https:\/\/crous.eu\/fr\/wp-json\/wp\/v2\/product_cat?post=18307"},{"taxonomy":"product_tag","embeddable":true,"href":"https:\/\/crous.eu\/fr\/wp-json\/wp\/v2\/product_tag?post=18307"}],"curies":[{"name":"wp","href":"https:\/\/api.w.org\/{rel}","templated":true}]}}