{"id":18325,"date":"2021-07-08T18:45:15","date_gmt":"2021-07-08T17:01:12","guid":{"rendered":"http:\/\/crous.eu.mialias.net\/non%20class\u00e9\/universal-ashtray\/"},"modified":"2022-09-30T14:32:21","modified_gmt":"2022-09-30T12:32:21","slug":"universal-ashtray","status":"publish","type":"product","link":"https:\/\/crous.eu\/fr\/mobilier-urbain\/accessoires\/universal-ashtray\/","title":{"rendered":"Universal Ashtray"},"content":{"rendered":"","protected":false},"excerpt":{"rendered":"<p>\u2022 Cendrier \u00e0 cadre m\u00e9tallique.<br \/>\n\u2022 Fait d\u2019acier recouvert de zinc et cuit au four avec de la peinture en polyester.<br \/>\n\u2022 Syst\u00e8me de vidange facile au bas du cendrier.<br \/>\n\u2022 Con\u00e7u pour ancrer les poteaux \u00e0 l\u2019aide de brides m\u00e9talliques ou directement au mur.<\/p>\n","protected":false},"featured_media":6405,"template":"","meta":{"_acf_changed":false},"product_brand":[],"product_cat":[646,645],"product_tag":[],"class_list":{"0":"post-18325","1":"product","2":"type-product","3":"status-publish","4":"has-post-thumbnail","6":"product_cat-accessoires","7":"product_cat-mobilier-urbain","9":"first","10":"instock","11":"product-type-simple"},"acf":[],"yoast_head":"<!-- This site is optimized with the Yoast SEO plugin v27.4 - https:\/\/yoast.com\/product\/yoast-seo-wordpress\/ -->\n<title>Universal Ashtray - Crous Expert<\/title>\n<meta name=\"description\" content=\"Cendrier de structure m\u00e9tallique en acier zingu\u00e9 et peint au four avec de la peinture polyester. Comprend un syst\u00e8me de vidange facile.\" \/>\n<meta name=\"robots\" content=\"index, follow, max-snippet:-1, max-image-preview:large, max-video-preview:-1\" \/>\n<link rel=\"canonical\" href=\"https:\/\/crous.eu\/fr\/mobilier-urbain\/accessoires\/universal-ashtray\/\" \/>\n<meta property=\"og:locale\" content=\"fr_FR\" \/>\n<meta property=\"og:type\" content=\"article\" \/>\n<meta property=\"og:title\" content=\"Universal Ashtray - Crous Expert\" \/>\n<meta property=\"og:description\" content=\"Cendrier de structure m\u00e9tallique en acier zingu\u00e9 et peint au four avec de la peinture polyester. Comprend un syst\u00e8me de vidange facile.\" \/>\n<meta property=\"og:url\" content=\"https:\/\/crous.eu\/fr\/mobilier-urbain\/accessoires\/universal-ashtray\/\" \/>\n<meta property=\"og:site_name\" content=\"Crous Expert\" \/>\n<meta property=\"article:modified_time\" content=\"2022-09-30T12:32:21+00:00\" \/>\n<meta property=\"og:image\" content=\"https:\/\/crous.eu\/wp-content\/uploads\/MUC007.jpg\" \/>\n\t<meta property=\"og:image:width\" content=\"550\" \/>\n\t<meta property=\"og:image:height\" content=\"550\" \/>\n\t<meta property=\"og:image:type\" content=\"image\/jpeg\" \/>\n<meta name=\"twitter:card\" content=\"summary_large_image\" \/>\n<script type=\"application\/ld+json\" class=\"yoast-schema-graph\">{\"@context\":\"https:\\\/\\\/schema.org\",\"@graph\":[{\"@type\":\"WebPage\",\"@id\":\"https:\\\/\\\/crous.eu\\\/fr\\\/mobilier-urbain\\\/accessoires\\\/universal-ashtray\\\/\",\"url\":\"https:\\\/\\\/crous.eu\\\/fr\\\/mobilier-urbain\\\/accessoires\\\/universal-ashtray\\\/\",\"name\":\"Universal Ashtray - Crous Expert\",\"isPartOf\":{\"@id\":\"https:\\\/\\\/crous.eu\\\/fr\\\/#website\"},\"primaryImageOfPage\":{\"@id\":\"https:\\\/\\\/crous.eu\\\/fr\\\/mobilier-urbain\\\/accessoires\\\/universal-ashtray\\\/#primaryimage\"},\"image\":{\"@id\":\"https:\\\/\\\/crous.eu\\\/fr\\\/mobilier-urbain\\\/accessoires\\\/universal-ashtray\\\/#primaryimage\"},\"thumbnailUrl\":\"https:\\\/\\\/crous.eu\\\/wp-content\\\/uploads\\\/MUC007.jpg\",\"datePublished\":\"2021-07-08T17:01:12+00:00\",\"dateModified\":\"2022-09-30T12:32:21+00:00\",\"description\":\"Cendrier de structure m\u00e9tallique en acier zingu\u00e9 et peint au four avec de la peinture polyester. Comprend un syst\u00e8me de vidange facile.\",\"breadcrumb\":{\"@id\":\"https:\\\/\\\/crous.eu\\\/fr\\\/mobilier-urbain\\\/accessoires\\\/universal-ashtray\\\/#breadcrumb\"},\"inLanguage\":\"fr-FR\",\"potentialAction\":[{\"@type\":\"ReadAction\",\"target\":[\"https:\\\/\\\/crous.eu\\\/fr\\\/mobilier-urbain\\\/accessoires\\\/universal-ashtray\\\/\"]}]},{\"@type\":\"ImageObject\",\"inLanguage\":\"fr-FR\",\"@id\":\"https:\\\/\\\/crous.eu\\\/fr\\\/mobilier-urbain\\\/accessoires\\\/universal-ashtray\\\/#primaryimage\",\"url\":\"https:\\\/\\\/crous.eu\\\/wp-content\\\/uploads\\\/MUC007.jpg\",\"contentUrl\":\"https:\\\/\\\/crous.eu\\\/wp-content\\\/uploads\\\/MUC007.jpg\",\"width\":550,\"height\":550},{\"@type\":\"BreadcrumbList\",\"@id\":\"https:\\\/\\\/crous.eu\\\/fr\\\/mobilier-urbain\\\/accessoires\\\/universal-ashtray\\\/#breadcrumb\",\"itemListElement\":[{\"@type\":\"ListItem\",\"position\":1,\"name\":\"Portada\",\"item\":\"https:\\\/\\\/crous.eu\\\/fr\\\/\"},{\"@type\":\"ListItem\",\"position\":2,\"name\":\"Tienda\",\"item\":\"https:\\\/\\\/crous.eu\\\/tienda\\\/\"},{\"@type\":\"ListItem\",\"position\":3,\"name\":\"Universal Ashtray\"}]},{\"@type\":\"WebSite\",\"@id\":\"https:\\\/\\\/crous.eu\\\/fr\\\/#website\",\"url\":\"https:\\\/\\\/crous.eu\\\/fr\\\/\",\"name\":\"Crous Expert\",\"description\":\"Personalizamos tu entorno\",\"potentialAction\":[{\"@type\":\"SearchAction\",\"target\":{\"@type\":\"EntryPoint\",\"urlTemplate\":\"https:\\\/\\\/crous.eu\\\/fr\\\/?s={search_term_string}\"},\"query-input\":{\"@type\":\"PropertyValueSpecification\",\"valueRequired\":true,\"valueName\":\"search_term_string\"}}],\"inLanguage\":\"fr-FR\"}]}<\/script>\n<!-- \/ Yoast SEO plugin. -->","yoast_head_json":{"title":"Universal Ashtray - Crous Expert","description":"Cendrier de structure m\u00e9tallique en acier zingu\u00e9 et peint au four avec de la peinture polyester. Comprend un syst\u00e8me de vidange facile.","robots":{"index":"index","follow":"follow","max-snippet":"max-snippet:-1","max-image-preview":"max-image-preview:large","max-video-preview":"max-video-preview:-1"},"canonical":"https:\/\/crous.eu\/fr\/mobilier-urbain\/accessoires\/universal-ashtray\/","og_locale":"fr_FR","og_type":"article","og_title":"Universal Ashtray - Crous Expert","og_description":"Cendrier de structure m\u00e9tallique en acier zingu\u00e9 et peint au four avec de la peinture polyester. Comprend un syst\u00e8me de vidange facile.","og_url":"https:\/\/crous.eu\/fr\/mobilier-urbain\/accessoires\/universal-ashtray\/","og_site_name":"Crous Expert","article_modified_time":"2022-09-30T12:32:21+00:00","og_image":[{"width":550,"height":550,"url":"https:\/\/crous.eu\/wp-content\/uploads\/MUC007.jpg","type":"image\/jpeg"}],"twitter_card":"summary_large_image","schema":{"@context":"https:\/\/schema.org","@graph":[{"@type":"WebPage","@id":"https:\/\/crous.eu\/fr\/mobilier-urbain\/accessoires\/universal-ashtray\/","url":"https:\/\/crous.eu\/fr\/mobilier-urbain\/accessoires\/universal-ashtray\/","name":"Universal Ashtray - Crous Expert","isPartOf":{"@id":"https:\/\/crous.eu\/fr\/#website"},"primaryImageOfPage":{"@id":"https:\/\/crous.eu\/fr\/mobilier-urbain\/accessoires\/universal-ashtray\/#primaryimage"},"image":{"@id":"https:\/\/crous.eu\/fr\/mobilier-urbain\/accessoires\/universal-ashtray\/#primaryimage"},"thumbnailUrl":"https:\/\/crous.eu\/wp-content\/uploads\/MUC007.jpg","datePublished":"2021-07-08T17:01:12+00:00","dateModified":"2022-09-30T12:32:21+00:00","description":"Cendrier de structure m\u00e9tallique en acier zingu\u00e9 et peint au four avec de la peinture polyester. Comprend un syst\u00e8me de vidange facile.","breadcrumb":{"@id":"https:\/\/crous.eu\/fr\/mobilier-urbain\/accessoires\/universal-ashtray\/#breadcrumb"},"inLanguage":"fr-FR","potentialAction":[{"@type":"ReadAction","target":["https:\/\/crous.eu\/fr\/mobilier-urbain\/accessoires\/universal-ashtray\/"]}]},{"@type":"ImageObject","inLanguage":"fr-FR","@id":"https:\/\/crous.eu\/fr\/mobilier-urbain\/accessoires\/universal-ashtray\/#primaryimage","url":"https:\/\/crous.eu\/wp-content\/uploads\/MUC007.jpg","contentUrl":"https:\/\/crous.eu\/wp-content\/uploads\/MUC007.jpg","width":550,"height":550},{"@type":"BreadcrumbList","@id":"https:\/\/crous.eu\/fr\/mobilier-urbain\/accessoires\/universal-ashtray\/#breadcrumb","itemListElement":[{"@type":"ListItem","position":1,"name":"Portada","item":"https:\/\/crous.eu\/fr\/"},{"@type":"ListItem","position":2,"name":"Tienda","item":"https:\/\/crous.eu\/tienda\/"},{"@type":"ListItem","position":3,"name":"Universal Ashtray"}]},{"@type":"WebSite","@id":"https:\/\/crous.eu\/fr\/#website","url":"https:\/\/crous.eu\/fr\/","name":"Crous Expert","description":"Personalizamos tu entorno","potentialAction":[{"@type":"SearchAction","target":{"@type":"EntryPoint","urlTemplate":"https:\/\/crous.eu\/fr\/?s={search_term_string}"},"query-input":{"@type":"PropertyValueSpecification","valueRequired":true,"valueName":"search_term_string"}}],"inLanguage":"fr-FR"}]}},"_links":{"self":[{"href":"https:\/\/crous.eu\/fr\/wp-json\/wp\/v2\/product\/18325","targetHints":{"allow":["GET"]}}],"collection":[{"href":"https:\/\/crous.eu\/fr\/wp-json\/wp\/v2\/product"}],"about":[{"href":"https:\/\/crous.eu\/fr\/wp-json\/wp\/v2\/types\/product"}],"wp:featuredmedia":[{"embeddable":true,"href":"https:\/\/crous.eu\/fr\/wp-json\/wp\/v2\/media\/6405"}],"wp:attachment":[{"href":"https:\/\/crous.eu\/fr\/wp-json\/wp\/v2\/media?parent=18325"}],"wp:term":[{"taxonomy":"product_brand","embeddable":true,"href":"https:\/\/crous.eu\/fr\/wp-json\/wp\/v2\/product_brand?post=18325"},{"taxonomy":"product_cat","embeddable":true,"href":"https:\/\/crous.eu\/fr\/wp-json\/wp\/v2\/product_cat?post=18325"},{"taxonomy":"product_tag","embeddable":true,"href":"https:\/\/crous.eu\/fr\/wp-json\/wp\/v2\/product_tag?post=18325"}],"curies":[{"name":"wp","href":"https:\/\/api.w.org\/{rel}","templated":true}]}}