{"id":18334,"date":"2021-07-08T18:45:15","date_gmt":"2021-07-08T17:01:12","guid":{"rendered":"http:\/\/crous.eu.mialias.net\/non%20class\u00e9\/rounded-fountain\/"},"modified":"2022-10-10T11:16:59","modified_gmt":"2022-10-10T09:16:59","slug":"rounded-fountain","status":"publish","type":"product","link":"https:\/\/crous.eu\/fr\/mobilier-urbain\/fontaines-a-boire\/rounded-fountain\/","title":{"rendered":"Rounded Fountain"},"content":{"rendered":"","protected":false},"excerpt":{"rendered":"<p>\u2022 Fontaine de structure circulaire m\u00e9tallique con\u00e7ue pour les espaces urbains.<br \/>\n\u2022 Corps en acier qui comprend dans le pied, une calandre en m\u00e9tal avec cadre.<br \/>\n\u2022 Grillez avec des ancres lat\u00e9rales pour favoriser l\u2019ancrage au sol.<br \/>\n\u2022 Le m\u00e9canisme du robinet comprend un bouton de pouss\u00e9e chronom\u00e9tr\u00e9 pour r\u00e9guler la sortie et la quantit\u00e9 d\u2019eau.<br \/>\n\u2022 Terminer en peinture en polyester cuite de couleur b\u0153uf noir.<\/p>\n","protected":false},"featured_media":6361,"template":"","meta":{"_acf_changed":false},"product_brand":[],"product_cat":[698,645],"product_tag":[],"class_list":{"0":"post-18334","1":"product","2":"type-product","3":"status-publish","4":"has-post-thumbnail","6":"product_cat-fontaines-a-boire","7":"product_cat-mobilier-urbain","9":"first","10":"instock","11":"product-type-simple"},"acf":[],"yoast_head":"<!-- This site is optimized with the Yoast SEO plugin v27.4 - https:\/\/yoast.com\/product\/yoast-seo-wordpress\/ -->\n<title>Rounded Fountain - Crous Expert<\/title>\n<meta name=\"description\" content=\"Fontaine de structure m\u00e9tallique circulaire con\u00e7ue pour les espaces urbains. Corps en acier qui comprend dans le pied, une grille m\u00e9tallique avec cadre.\" \/>\n<meta name=\"robots\" content=\"index, follow, max-snippet:-1, max-image-preview:large, max-video-preview:-1\" \/>\n<link rel=\"canonical\" href=\"https:\/\/crous.eu\/fr\/mobilier-urbain\/fontaines-a-boire\/rounded-fountain\/\" \/>\n<meta property=\"og:locale\" content=\"fr_FR\" \/>\n<meta property=\"og:type\" content=\"article\" \/>\n<meta property=\"og:title\" content=\"Rounded Fountain - Crous Expert\" \/>\n<meta property=\"og:description\" content=\"Fontaine de structure m\u00e9tallique circulaire con\u00e7ue pour les espaces urbains. Corps en acier qui comprend dans le pied, une grille m\u00e9tallique avec cadre.\" \/>\n<meta property=\"og:url\" content=\"https:\/\/crous.eu\/fr\/mobilier-urbain\/fontaines-a-boire\/rounded-fountain\/\" \/>\n<meta property=\"og:site_name\" content=\"Crous Expert\" \/>\n<meta property=\"article:modified_time\" content=\"2022-10-10T09:16:59+00:00\" \/>\n<meta property=\"og:image\" content=\"https:\/\/crous.eu\/wp-content\/uploads\/MUF001.jpg\" \/>\n\t<meta property=\"og:image:width\" content=\"550\" \/>\n\t<meta property=\"og:image:height\" content=\"550\" \/>\n\t<meta property=\"og:image:type\" content=\"image\/jpeg\" \/>\n<meta name=\"twitter:card\" content=\"summary_large_image\" \/>\n<script type=\"application\/ld+json\" class=\"yoast-schema-graph\">{\"@context\":\"https:\\\/\\\/schema.org\",\"@graph\":[{\"@type\":\"WebPage\",\"@id\":\"https:\\\/\\\/crous.eu\\\/fr\\\/mobilier-urbain\\\/fontaines-a-boire\\\/rounded-fountain\\\/\",\"url\":\"https:\\\/\\\/crous.eu\\\/fr\\\/mobilier-urbain\\\/fontaines-a-boire\\\/rounded-fountain\\\/\",\"name\":\"Rounded Fountain - Crous Expert\",\"isPartOf\":{\"@id\":\"https:\\\/\\\/crous.eu\\\/fr\\\/#website\"},\"primaryImageOfPage\":{\"@id\":\"https:\\\/\\\/crous.eu\\\/fr\\\/mobilier-urbain\\\/fontaines-a-boire\\\/rounded-fountain\\\/#primaryimage\"},\"image\":{\"@id\":\"https:\\\/\\\/crous.eu\\\/fr\\\/mobilier-urbain\\\/fontaines-a-boire\\\/rounded-fountain\\\/#primaryimage\"},\"thumbnailUrl\":\"https:\\\/\\\/crous.eu\\\/wp-content\\\/uploads\\\/MUF001.jpg\",\"datePublished\":\"2021-07-08T17:01:12+00:00\",\"dateModified\":\"2022-10-10T09:16:59+00:00\",\"description\":\"Fontaine de structure m\u00e9tallique circulaire con\u00e7ue pour les espaces urbains. Corps en acier qui comprend dans le pied, une grille m\u00e9tallique avec cadre.\",\"breadcrumb\":{\"@id\":\"https:\\\/\\\/crous.eu\\\/fr\\\/mobilier-urbain\\\/fontaines-a-boire\\\/rounded-fountain\\\/#breadcrumb\"},\"inLanguage\":\"fr-FR\",\"potentialAction\":[{\"@type\":\"ReadAction\",\"target\":[\"https:\\\/\\\/crous.eu\\\/fr\\\/mobilier-urbain\\\/fontaines-a-boire\\\/rounded-fountain\\\/\"]}]},{\"@type\":\"ImageObject\",\"inLanguage\":\"fr-FR\",\"@id\":\"https:\\\/\\\/crous.eu\\\/fr\\\/mobilier-urbain\\\/fontaines-a-boire\\\/rounded-fountain\\\/#primaryimage\",\"url\":\"https:\\\/\\\/crous.eu\\\/wp-content\\\/uploads\\\/MUF001.jpg\",\"contentUrl\":\"https:\\\/\\\/crous.eu\\\/wp-content\\\/uploads\\\/MUF001.jpg\",\"width\":550,\"height\":550},{\"@type\":\"BreadcrumbList\",\"@id\":\"https:\\\/\\\/crous.eu\\\/fr\\\/mobilier-urbain\\\/fontaines-a-boire\\\/rounded-fountain\\\/#breadcrumb\",\"itemListElement\":[{\"@type\":\"ListItem\",\"position\":1,\"name\":\"Portada\",\"item\":\"https:\\\/\\\/crous.eu\\\/fr\\\/\"},{\"@type\":\"ListItem\",\"position\":2,\"name\":\"Tienda\",\"item\":\"https:\\\/\\\/crous.eu\\\/tienda\\\/\"},{\"@type\":\"ListItem\",\"position\":3,\"name\":\"Rounded Fountain\"}]},{\"@type\":\"WebSite\",\"@id\":\"https:\\\/\\\/crous.eu\\\/fr\\\/#website\",\"url\":\"https:\\\/\\\/crous.eu\\\/fr\\\/\",\"name\":\"Crous Expert\",\"description\":\"Personalizamos tu entorno\",\"potentialAction\":[{\"@type\":\"SearchAction\",\"target\":{\"@type\":\"EntryPoint\",\"urlTemplate\":\"https:\\\/\\\/crous.eu\\\/fr\\\/?s={search_term_string}\"},\"query-input\":{\"@type\":\"PropertyValueSpecification\",\"valueRequired\":true,\"valueName\":\"search_term_string\"}}],\"inLanguage\":\"fr-FR\"}]}<\/script>\n<!-- \/ Yoast SEO plugin. -->","yoast_head_json":{"title":"Rounded Fountain - Crous Expert","description":"Fontaine de structure m\u00e9tallique circulaire con\u00e7ue pour les espaces urbains. Corps en acier qui comprend dans le pied, une grille m\u00e9tallique avec cadre.","robots":{"index":"index","follow":"follow","max-snippet":"max-snippet:-1","max-image-preview":"max-image-preview:large","max-video-preview":"max-video-preview:-1"},"canonical":"https:\/\/crous.eu\/fr\/mobilier-urbain\/fontaines-a-boire\/rounded-fountain\/","og_locale":"fr_FR","og_type":"article","og_title":"Rounded Fountain - Crous Expert","og_description":"Fontaine de structure m\u00e9tallique circulaire con\u00e7ue pour les espaces urbains. Corps en acier qui comprend dans le pied, une grille m\u00e9tallique avec cadre.","og_url":"https:\/\/crous.eu\/fr\/mobilier-urbain\/fontaines-a-boire\/rounded-fountain\/","og_site_name":"Crous Expert","article_modified_time":"2022-10-10T09:16:59+00:00","og_image":[{"width":550,"height":550,"url":"https:\/\/crous.eu\/wp-content\/uploads\/MUF001.jpg","type":"image\/jpeg"}],"twitter_card":"summary_large_image","schema":{"@context":"https:\/\/schema.org","@graph":[{"@type":"WebPage","@id":"https:\/\/crous.eu\/fr\/mobilier-urbain\/fontaines-a-boire\/rounded-fountain\/","url":"https:\/\/crous.eu\/fr\/mobilier-urbain\/fontaines-a-boire\/rounded-fountain\/","name":"Rounded Fountain - Crous Expert","isPartOf":{"@id":"https:\/\/crous.eu\/fr\/#website"},"primaryImageOfPage":{"@id":"https:\/\/crous.eu\/fr\/mobilier-urbain\/fontaines-a-boire\/rounded-fountain\/#primaryimage"},"image":{"@id":"https:\/\/crous.eu\/fr\/mobilier-urbain\/fontaines-a-boire\/rounded-fountain\/#primaryimage"},"thumbnailUrl":"https:\/\/crous.eu\/wp-content\/uploads\/MUF001.jpg","datePublished":"2021-07-08T17:01:12+00:00","dateModified":"2022-10-10T09:16:59+00:00","description":"Fontaine de structure m\u00e9tallique circulaire con\u00e7ue pour les espaces urbains. Corps en acier qui comprend dans le pied, une grille m\u00e9tallique avec cadre.","breadcrumb":{"@id":"https:\/\/crous.eu\/fr\/mobilier-urbain\/fontaines-a-boire\/rounded-fountain\/#breadcrumb"},"inLanguage":"fr-FR","potentialAction":[{"@type":"ReadAction","target":["https:\/\/crous.eu\/fr\/mobilier-urbain\/fontaines-a-boire\/rounded-fountain\/"]}]},{"@type":"ImageObject","inLanguage":"fr-FR","@id":"https:\/\/crous.eu\/fr\/mobilier-urbain\/fontaines-a-boire\/rounded-fountain\/#primaryimage","url":"https:\/\/crous.eu\/wp-content\/uploads\/MUF001.jpg","contentUrl":"https:\/\/crous.eu\/wp-content\/uploads\/MUF001.jpg","width":550,"height":550},{"@type":"BreadcrumbList","@id":"https:\/\/crous.eu\/fr\/mobilier-urbain\/fontaines-a-boire\/rounded-fountain\/#breadcrumb","itemListElement":[{"@type":"ListItem","position":1,"name":"Portada","item":"https:\/\/crous.eu\/fr\/"},{"@type":"ListItem","position":2,"name":"Tienda","item":"https:\/\/crous.eu\/tienda\/"},{"@type":"ListItem","position":3,"name":"Rounded Fountain"}]},{"@type":"WebSite","@id":"https:\/\/crous.eu\/fr\/#website","url":"https:\/\/crous.eu\/fr\/","name":"Crous Expert","description":"Personalizamos tu entorno","potentialAction":[{"@type":"SearchAction","target":{"@type":"EntryPoint","urlTemplate":"https:\/\/crous.eu\/fr\/?s={search_term_string}"},"query-input":{"@type":"PropertyValueSpecification","valueRequired":true,"valueName":"search_term_string"}}],"inLanguage":"fr-FR"}]}},"_links":{"self":[{"href":"https:\/\/crous.eu\/fr\/wp-json\/wp\/v2\/product\/18334","targetHints":{"allow":["GET"]}}],"collection":[{"href":"https:\/\/crous.eu\/fr\/wp-json\/wp\/v2\/product"}],"about":[{"href":"https:\/\/crous.eu\/fr\/wp-json\/wp\/v2\/types\/product"}],"wp:featuredmedia":[{"embeddable":true,"href":"https:\/\/crous.eu\/fr\/wp-json\/wp\/v2\/media\/6361"}],"wp:attachment":[{"href":"https:\/\/crous.eu\/fr\/wp-json\/wp\/v2\/media?parent=18334"}],"wp:term":[{"taxonomy":"product_brand","embeddable":true,"href":"https:\/\/crous.eu\/fr\/wp-json\/wp\/v2\/product_brand?post=18334"},{"taxonomy":"product_cat","embeddable":true,"href":"https:\/\/crous.eu\/fr\/wp-json\/wp\/v2\/product_cat?post=18334"},{"taxonomy":"product_tag","embeddable":true,"href":"https:\/\/crous.eu\/fr\/wp-json\/wp\/v2\/product_tag?post=18334"}],"curies":[{"name":"wp","href":"https:\/\/api.w.org\/{rel}","templated":true}]}}