{"id":18336,"date":"2021-07-08T18:45:15","date_gmt":"2021-07-08T17:01:12","guid":{"rendered":"http:\/\/crous.eu.mialias.net\/non%20class\u00e9\/dual-fountain\/"},"modified":"2022-10-10T11:26:16","modified_gmt":"2022-10-10T09:26:16","slug":"dual-fountain","status":"publish","type":"product","link":"https:\/\/crous.eu\/fr\/mobilier-urbain\/fontaines-a-boire\/dual-fountain\/","title":{"rendered":"Dual Fountain"},"content":{"rendered":"","protected":false},"excerpt":{"rendered":"<p>\u2022 Fontaine de conception moderne \u00e0 structure m\u00e9tallique carr\u00e9e.<br \/>\n\u2022 Corps en acier galvanis\u00e9 et peinture polyester au four.<br \/>\n\u2022 Int\u00e8gre une grille rectangulaire en acier, avec cadre et pieds de pr\u00e9hension, pour faciliter sa fondation.<br \/>\n\u2022 Comprend un robinet chrom\u00e9 avec bouton chronom\u00e9tr\u00e9.<br \/>\n\u2022 Finition en peinture oxyron noir forg\u00e9.<\/p>\n","protected":false},"featured_media":11558,"template":"","meta":{"_acf_changed":false},"product_brand":[],"product_cat":[698,645],"product_tag":[],"class_list":{"0":"post-18336","1":"product","2":"type-product","3":"status-publish","4":"has-post-thumbnail","6":"product_cat-fontaines-a-boire","7":"product_cat-mobilier-urbain","9":"first","10":"instock","11":"product-type-simple"},"acf":[],"yoast_head":"<!-- This site is optimized with the Yoast SEO plugin v27.4 - https:\/\/yoast.com\/product\/yoast-seo-wordpress\/ -->\n<title>Dual Fountain - Crous Expert<\/title>\n<meta name=\"description\" content=\"Fontaine carr\u00e9e et m\u00e9tallique con\u00e7ue pour les espaces urbains avec double robinet pour les personnes et les chiens. Corps en acier, comprend une calandre.\" \/>\n<meta name=\"robots\" content=\"index, follow, max-snippet:-1, max-image-preview:large, max-video-preview:-1\" \/>\n<link rel=\"canonical\" href=\"https:\/\/crous.eu\/fr\/mobilier-urbain\/fontaines-a-boire\/dual-fountain\/\" \/>\n<meta property=\"og:locale\" content=\"fr_FR\" \/>\n<meta property=\"og:type\" content=\"article\" \/>\n<meta property=\"og:title\" content=\"Dual Fountain - Crous Expert\" \/>\n<meta property=\"og:description\" content=\"Fontaine carr\u00e9e et m\u00e9tallique con\u00e7ue pour les espaces urbains avec double robinet pour les personnes et les chiens. Corps en acier, comprend une calandre.\" \/>\n<meta property=\"og:url\" content=\"https:\/\/crous.eu\/fr\/mobilier-urbain\/fontaines-a-boire\/dual-fountain\/\" \/>\n<meta property=\"og:site_name\" content=\"Crous Expert\" \/>\n<meta property=\"article:modified_time\" content=\"2022-10-10T09:26:16+00:00\" \/>\n<meta property=\"og:image\" content=\"https:\/\/crous.eu\/wp-content\/uploads\/MUF003.jpg\" \/>\n\t<meta property=\"og:image:width\" content=\"550\" \/>\n\t<meta property=\"og:image:height\" content=\"550\" \/>\n\t<meta property=\"og:image:type\" content=\"image\/jpeg\" \/>\n<meta name=\"twitter:card\" content=\"summary_large_image\" \/>\n<script type=\"application\/ld+json\" class=\"yoast-schema-graph\">{\"@context\":\"https:\\\/\\\/schema.org\",\"@graph\":[{\"@type\":\"WebPage\",\"@id\":\"https:\\\/\\\/crous.eu\\\/fr\\\/mobilier-urbain\\\/fontaines-a-boire\\\/dual-fountain\\\/\",\"url\":\"https:\\\/\\\/crous.eu\\\/fr\\\/mobilier-urbain\\\/fontaines-a-boire\\\/dual-fountain\\\/\",\"name\":\"Dual Fountain - Crous Expert\",\"isPartOf\":{\"@id\":\"https:\\\/\\\/crous.eu\\\/fr\\\/#website\"},\"primaryImageOfPage\":{\"@id\":\"https:\\\/\\\/crous.eu\\\/fr\\\/mobilier-urbain\\\/fontaines-a-boire\\\/dual-fountain\\\/#primaryimage\"},\"image\":{\"@id\":\"https:\\\/\\\/crous.eu\\\/fr\\\/mobilier-urbain\\\/fontaines-a-boire\\\/dual-fountain\\\/#primaryimage\"},\"thumbnailUrl\":\"https:\\\/\\\/crous.eu\\\/wp-content\\\/uploads\\\/MUF003.jpg\",\"datePublished\":\"2021-07-08T17:01:12+00:00\",\"dateModified\":\"2022-10-10T09:26:16+00:00\",\"description\":\"Fontaine carr\u00e9e et m\u00e9tallique con\u00e7ue pour les espaces urbains avec double robinet pour les personnes et les chiens. Corps en acier, comprend une calandre.\",\"breadcrumb\":{\"@id\":\"https:\\\/\\\/crous.eu\\\/fr\\\/mobilier-urbain\\\/fontaines-a-boire\\\/dual-fountain\\\/#breadcrumb\"},\"inLanguage\":\"fr-FR\",\"potentialAction\":[{\"@type\":\"ReadAction\",\"target\":[\"https:\\\/\\\/crous.eu\\\/fr\\\/mobilier-urbain\\\/fontaines-a-boire\\\/dual-fountain\\\/\"]}]},{\"@type\":\"ImageObject\",\"inLanguage\":\"fr-FR\",\"@id\":\"https:\\\/\\\/crous.eu\\\/fr\\\/mobilier-urbain\\\/fontaines-a-boire\\\/dual-fountain\\\/#primaryimage\",\"url\":\"https:\\\/\\\/crous.eu\\\/wp-content\\\/uploads\\\/MUF003.jpg\",\"contentUrl\":\"https:\\\/\\\/crous.eu\\\/wp-content\\\/uploads\\\/MUF003.jpg\",\"width\":550,\"height\":550},{\"@type\":\"BreadcrumbList\",\"@id\":\"https:\\\/\\\/crous.eu\\\/fr\\\/mobilier-urbain\\\/fontaines-a-boire\\\/dual-fountain\\\/#breadcrumb\",\"itemListElement\":[{\"@type\":\"ListItem\",\"position\":1,\"name\":\"Portada\",\"item\":\"https:\\\/\\\/crous.eu\\\/fr\\\/\"},{\"@type\":\"ListItem\",\"position\":2,\"name\":\"Tienda\",\"item\":\"https:\\\/\\\/crous.eu\\\/tienda\\\/\"},{\"@type\":\"ListItem\",\"position\":3,\"name\":\"Dual Fountain\"}]},{\"@type\":\"WebSite\",\"@id\":\"https:\\\/\\\/crous.eu\\\/fr\\\/#website\",\"url\":\"https:\\\/\\\/crous.eu\\\/fr\\\/\",\"name\":\"Crous Expert\",\"description\":\"Personalizamos tu entorno\",\"potentialAction\":[{\"@type\":\"SearchAction\",\"target\":{\"@type\":\"EntryPoint\",\"urlTemplate\":\"https:\\\/\\\/crous.eu\\\/fr\\\/?s={search_term_string}\"},\"query-input\":{\"@type\":\"PropertyValueSpecification\",\"valueRequired\":true,\"valueName\":\"search_term_string\"}}],\"inLanguage\":\"fr-FR\"}]}<\/script>\n<!-- \/ Yoast SEO plugin. -->","yoast_head_json":{"title":"Dual Fountain - Crous Expert","description":"Fontaine carr\u00e9e et m\u00e9tallique con\u00e7ue pour les espaces urbains avec double robinet pour les personnes et les chiens. Corps en acier, comprend une calandre.","robots":{"index":"index","follow":"follow","max-snippet":"max-snippet:-1","max-image-preview":"max-image-preview:large","max-video-preview":"max-video-preview:-1"},"canonical":"https:\/\/crous.eu\/fr\/mobilier-urbain\/fontaines-a-boire\/dual-fountain\/","og_locale":"fr_FR","og_type":"article","og_title":"Dual Fountain - Crous Expert","og_description":"Fontaine carr\u00e9e et m\u00e9tallique con\u00e7ue pour les espaces urbains avec double robinet pour les personnes et les chiens. Corps en acier, comprend une calandre.","og_url":"https:\/\/crous.eu\/fr\/mobilier-urbain\/fontaines-a-boire\/dual-fountain\/","og_site_name":"Crous Expert","article_modified_time":"2022-10-10T09:26:16+00:00","og_image":[{"width":550,"height":550,"url":"https:\/\/crous.eu\/wp-content\/uploads\/MUF003.jpg","type":"image\/jpeg"}],"twitter_card":"summary_large_image","schema":{"@context":"https:\/\/schema.org","@graph":[{"@type":"WebPage","@id":"https:\/\/crous.eu\/fr\/mobilier-urbain\/fontaines-a-boire\/dual-fountain\/","url":"https:\/\/crous.eu\/fr\/mobilier-urbain\/fontaines-a-boire\/dual-fountain\/","name":"Dual Fountain - Crous Expert","isPartOf":{"@id":"https:\/\/crous.eu\/fr\/#website"},"primaryImageOfPage":{"@id":"https:\/\/crous.eu\/fr\/mobilier-urbain\/fontaines-a-boire\/dual-fountain\/#primaryimage"},"image":{"@id":"https:\/\/crous.eu\/fr\/mobilier-urbain\/fontaines-a-boire\/dual-fountain\/#primaryimage"},"thumbnailUrl":"https:\/\/crous.eu\/wp-content\/uploads\/MUF003.jpg","datePublished":"2021-07-08T17:01:12+00:00","dateModified":"2022-10-10T09:26:16+00:00","description":"Fontaine carr\u00e9e et m\u00e9tallique con\u00e7ue pour les espaces urbains avec double robinet pour les personnes et les chiens. Corps en acier, comprend une calandre.","breadcrumb":{"@id":"https:\/\/crous.eu\/fr\/mobilier-urbain\/fontaines-a-boire\/dual-fountain\/#breadcrumb"},"inLanguage":"fr-FR","potentialAction":[{"@type":"ReadAction","target":["https:\/\/crous.eu\/fr\/mobilier-urbain\/fontaines-a-boire\/dual-fountain\/"]}]},{"@type":"ImageObject","inLanguage":"fr-FR","@id":"https:\/\/crous.eu\/fr\/mobilier-urbain\/fontaines-a-boire\/dual-fountain\/#primaryimage","url":"https:\/\/crous.eu\/wp-content\/uploads\/MUF003.jpg","contentUrl":"https:\/\/crous.eu\/wp-content\/uploads\/MUF003.jpg","width":550,"height":550},{"@type":"BreadcrumbList","@id":"https:\/\/crous.eu\/fr\/mobilier-urbain\/fontaines-a-boire\/dual-fountain\/#breadcrumb","itemListElement":[{"@type":"ListItem","position":1,"name":"Portada","item":"https:\/\/crous.eu\/fr\/"},{"@type":"ListItem","position":2,"name":"Tienda","item":"https:\/\/crous.eu\/tienda\/"},{"@type":"ListItem","position":3,"name":"Dual Fountain"}]},{"@type":"WebSite","@id":"https:\/\/crous.eu\/fr\/#website","url":"https:\/\/crous.eu\/fr\/","name":"Crous Expert","description":"Personalizamos tu entorno","potentialAction":[{"@type":"SearchAction","target":{"@type":"EntryPoint","urlTemplate":"https:\/\/crous.eu\/fr\/?s={search_term_string}"},"query-input":{"@type":"PropertyValueSpecification","valueRequired":true,"valueName":"search_term_string"}}],"inLanguage":"fr-FR"}]}},"_links":{"self":[{"href":"https:\/\/crous.eu\/fr\/wp-json\/wp\/v2\/product\/18336","targetHints":{"allow":["GET"]}}],"collection":[{"href":"https:\/\/crous.eu\/fr\/wp-json\/wp\/v2\/product"}],"about":[{"href":"https:\/\/crous.eu\/fr\/wp-json\/wp\/v2\/types\/product"}],"wp:featuredmedia":[{"embeddable":true,"href":"https:\/\/crous.eu\/fr\/wp-json\/wp\/v2\/media\/11558"}],"wp:attachment":[{"href":"https:\/\/crous.eu\/fr\/wp-json\/wp\/v2\/media?parent=18336"}],"wp:term":[{"taxonomy":"product_brand","embeddable":true,"href":"https:\/\/crous.eu\/fr\/wp-json\/wp\/v2\/product_brand?post=18336"},{"taxonomy":"product_cat","embeddable":true,"href":"https:\/\/crous.eu\/fr\/wp-json\/wp\/v2\/product_cat?post=18336"},{"taxonomy":"product_tag","embeddable":true,"href":"https:\/\/crous.eu\/fr\/wp-json\/wp\/v2\/product_tag?post=18336"}],"curies":[{"name":"wp","href":"https:\/\/api.w.org\/{rel}","templated":true}]}}