{"id":18347,"date":"2021-07-08T18:45:39","date_gmt":"2021-07-08T17:01:53","guid":{"rendered":"http:\/\/crous.eu.mialias.net\/non%20class\u00e9\/louvre-bollard\/"},"modified":"2022-10-11T16:51:02","modified_gmt":"2022-10-11T14:51:02","slug":"louvre-bollard","status":"publish","type":"product","link":"https:\/\/crous.eu\/fr\/mobilier-urbain\/bornes\/louvre-bollard\/","title":{"rendered":"Louvre Bollard"},"content":{"rendered":"","protected":false},"excerpt":{"rendered":"<p>\u2022 Pyl\u00f4ne de structure m\u00e9tallique, structure renforc\u00e9e en fonte.<br \/>\n\u2022 Terminer en peinture noire \u00e9poxy.<br \/>\n\u2022 Ancrez-vous au sol au moyen de sa tige int\u00e9rieure et de son ciment.<br \/>\n\u2022 Id\u00e9al pour d\u00e9limiter les espaces publics, planifier les espaces et s\u2019adapter aux conditions<br \/>\npour l\u2019accessibilit\u00e9.<\/p>\n","protected":false},"featured_media":6313,"template":"","meta":{"_acf_changed":false},"product_brand":[],"product_cat":[699,645],"product_tag":[],"class_list":{"0":"post-18347","1":"product","2":"type-product","3":"status-publish","4":"has-post-thumbnail","6":"product_cat-bornes","7":"product_cat-mobilier-urbain","9":"first","10":"instock","11":"product-type-simple"},"acf":[],"yoast_head":"<!-- This site is optimized with the Yoast SEO plugin v27.4 - https:\/\/yoast.com\/product\/yoast-seo-wordpress\/ -->\n<title>Louvre Bollard - Crous Expert<\/title>\n<meta name=\"description\" content=\"Pyl\u00f4ne avec structure m\u00e9tallique renforc\u00e9e, en fonte. Ancrage au sol. Id\u00e9al pour d\u00e9limiter les espaces publics.\" \/>\n<meta name=\"robots\" content=\"index, follow, max-snippet:-1, max-image-preview:large, max-video-preview:-1\" \/>\n<link rel=\"canonical\" href=\"https:\/\/crous.eu\/fr\/mobilier-urbain\/bornes\/louvre-bollard\/\" \/>\n<meta property=\"og:locale\" content=\"fr_FR\" \/>\n<meta property=\"og:type\" content=\"article\" \/>\n<meta property=\"og:title\" content=\"Louvre Bollard - Crous Expert\" \/>\n<meta property=\"og:description\" content=\"Pyl\u00f4ne avec structure m\u00e9tallique renforc\u00e9e, en fonte. Ancrage au sol. Id\u00e9al pour d\u00e9limiter les espaces publics.\" \/>\n<meta property=\"og:url\" content=\"https:\/\/crous.eu\/fr\/mobilier-urbain\/bornes\/louvre-bollard\/\" \/>\n<meta property=\"og:site_name\" content=\"Crous Expert\" \/>\n<meta property=\"article:modified_time\" content=\"2022-10-11T14:51:02+00:00\" \/>\n<meta property=\"og:image\" content=\"https:\/\/crous.eu\/wp-content\/uploads\/MUH012.jpg\" \/>\n\t<meta property=\"og:image:width\" content=\"550\" \/>\n\t<meta property=\"og:image:height\" content=\"550\" \/>\n\t<meta property=\"og:image:type\" content=\"image\/jpeg\" \/>\n<meta name=\"twitter:card\" content=\"summary_large_image\" \/>\n<script type=\"application\/ld+json\" class=\"yoast-schema-graph\">{\"@context\":\"https:\\\/\\\/schema.org\",\"@graph\":[{\"@type\":\"WebPage\",\"@id\":\"https:\\\/\\\/crous.eu\\\/fr\\\/mobilier-urbain\\\/bornes\\\/louvre-bollard\\\/\",\"url\":\"https:\\\/\\\/crous.eu\\\/fr\\\/mobilier-urbain\\\/bornes\\\/louvre-bollard\\\/\",\"name\":\"Louvre Bollard - Crous Expert\",\"isPartOf\":{\"@id\":\"https:\\\/\\\/crous.eu\\\/fr\\\/#website\"},\"primaryImageOfPage\":{\"@id\":\"https:\\\/\\\/crous.eu\\\/fr\\\/mobilier-urbain\\\/bornes\\\/louvre-bollard\\\/#primaryimage\"},\"image\":{\"@id\":\"https:\\\/\\\/crous.eu\\\/fr\\\/mobilier-urbain\\\/bornes\\\/louvre-bollard\\\/#primaryimage\"},\"thumbnailUrl\":\"https:\\\/\\\/crous.eu\\\/wp-content\\\/uploads\\\/MUH012.jpg\",\"datePublished\":\"2021-07-08T17:01:53+00:00\",\"dateModified\":\"2022-10-11T14:51:02+00:00\",\"description\":\"Pyl\u00f4ne avec structure m\u00e9tallique renforc\u00e9e, en fonte. Ancrage au sol. Id\u00e9al pour d\u00e9limiter les espaces publics.\",\"breadcrumb\":{\"@id\":\"https:\\\/\\\/crous.eu\\\/fr\\\/mobilier-urbain\\\/bornes\\\/louvre-bollard\\\/#breadcrumb\"},\"inLanguage\":\"fr-FR\",\"potentialAction\":[{\"@type\":\"ReadAction\",\"target\":[\"https:\\\/\\\/crous.eu\\\/fr\\\/mobilier-urbain\\\/bornes\\\/louvre-bollard\\\/\"]}]},{\"@type\":\"ImageObject\",\"inLanguage\":\"fr-FR\",\"@id\":\"https:\\\/\\\/crous.eu\\\/fr\\\/mobilier-urbain\\\/bornes\\\/louvre-bollard\\\/#primaryimage\",\"url\":\"https:\\\/\\\/crous.eu\\\/wp-content\\\/uploads\\\/MUH012.jpg\",\"contentUrl\":\"https:\\\/\\\/crous.eu\\\/wp-content\\\/uploads\\\/MUH012.jpg\",\"width\":550,\"height\":550},{\"@type\":\"BreadcrumbList\",\"@id\":\"https:\\\/\\\/crous.eu\\\/fr\\\/mobilier-urbain\\\/bornes\\\/louvre-bollard\\\/#breadcrumb\",\"itemListElement\":[{\"@type\":\"ListItem\",\"position\":1,\"name\":\"Portada\",\"item\":\"https:\\\/\\\/crous.eu\\\/fr\\\/\"},{\"@type\":\"ListItem\",\"position\":2,\"name\":\"Tienda\",\"item\":\"https:\\\/\\\/crous.eu\\\/tienda\\\/\"},{\"@type\":\"ListItem\",\"position\":3,\"name\":\"Louvre Bollard\"}]},{\"@type\":\"WebSite\",\"@id\":\"https:\\\/\\\/crous.eu\\\/fr\\\/#website\",\"url\":\"https:\\\/\\\/crous.eu\\\/fr\\\/\",\"name\":\"Crous Expert\",\"description\":\"Personalizamos tu entorno\",\"potentialAction\":[{\"@type\":\"SearchAction\",\"target\":{\"@type\":\"EntryPoint\",\"urlTemplate\":\"https:\\\/\\\/crous.eu\\\/fr\\\/?s={search_term_string}\"},\"query-input\":{\"@type\":\"PropertyValueSpecification\",\"valueRequired\":true,\"valueName\":\"search_term_string\"}}],\"inLanguage\":\"fr-FR\"}]}<\/script>\n<!-- \/ Yoast SEO plugin. -->","yoast_head_json":{"title":"Louvre Bollard - Crous Expert","description":"Pyl\u00f4ne avec structure m\u00e9tallique renforc\u00e9e, en fonte. Ancrage au sol. Id\u00e9al pour d\u00e9limiter les espaces publics.","robots":{"index":"index","follow":"follow","max-snippet":"max-snippet:-1","max-image-preview":"max-image-preview:large","max-video-preview":"max-video-preview:-1"},"canonical":"https:\/\/crous.eu\/fr\/mobilier-urbain\/bornes\/louvre-bollard\/","og_locale":"fr_FR","og_type":"article","og_title":"Louvre Bollard - Crous Expert","og_description":"Pyl\u00f4ne avec structure m\u00e9tallique renforc\u00e9e, en fonte. Ancrage au sol. Id\u00e9al pour d\u00e9limiter les espaces publics.","og_url":"https:\/\/crous.eu\/fr\/mobilier-urbain\/bornes\/louvre-bollard\/","og_site_name":"Crous Expert","article_modified_time":"2022-10-11T14:51:02+00:00","og_image":[{"width":550,"height":550,"url":"https:\/\/crous.eu\/wp-content\/uploads\/MUH012.jpg","type":"image\/jpeg"}],"twitter_card":"summary_large_image","schema":{"@context":"https:\/\/schema.org","@graph":[{"@type":"WebPage","@id":"https:\/\/crous.eu\/fr\/mobilier-urbain\/bornes\/louvre-bollard\/","url":"https:\/\/crous.eu\/fr\/mobilier-urbain\/bornes\/louvre-bollard\/","name":"Louvre Bollard - Crous Expert","isPartOf":{"@id":"https:\/\/crous.eu\/fr\/#website"},"primaryImageOfPage":{"@id":"https:\/\/crous.eu\/fr\/mobilier-urbain\/bornes\/louvre-bollard\/#primaryimage"},"image":{"@id":"https:\/\/crous.eu\/fr\/mobilier-urbain\/bornes\/louvre-bollard\/#primaryimage"},"thumbnailUrl":"https:\/\/crous.eu\/wp-content\/uploads\/MUH012.jpg","datePublished":"2021-07-08T17:01:53+00:00","dateModified":"2022-10-11T14:51:02+00:00","description":"Pyl\u00f4ne avec structure m\u00e9tallique renforc\u00e9e, en fonte. Ancrage au sol. Id\u00e9al pour d\u00e9limiter les espaces publics.","breadcrumb":{"@id":"https:\/\/crous.eu\/fr\/mobilier-urbain\/bornes\/louvre-bollard\/#breadcrumb"},"inLanguage":"fr-FR","potentialAction":[{"@type":"ReadAction","target":["https:\/\/crous.eu\/fr\/mobilier-urbain\/bornes\/louvre-bollard\/"]}]},{"@type":"ImageObject","inLanguage":"fr-FR","@id":"https:\/\/crous.eu\/fr\/mobilier-urbain\/bornes\/louvre-bollard\/#primaryimage","url":"https:\/\/crous.eu\/wp-content\/uploads\/MUH012.jpg","contentUrl":"https:\/\/crous.eu\/wp-content\/uploads\/MUH012.jpg","width":550,"height":550},{"@type":"BreadcrumbList","@id":"https:\/\/crous.eu\/fr\/mobilier-urbain\/bornes\/louvre-bollard\/#breadcrumb","itemListElement":[{"@type":"ListItem","position":1,"name":"Portada","item":"https:\/\/crous.eu\/fr\/"},{"@type":"ListItem","position":2,"name":"Tienda","item":"https:\/\/crous.eu\/tienda\/"},{"@type":"ListItem","position":3,"name":"Louvre Bollard"}]},{"@type":"WebSite","@id":"https:\/\/crous.eu\/fr\/#website","url":"https:\/\/crous.eu\/fr\/","name":"Crous Expert","description":"Personalizamos tu entorno","potentialAction":[{"@type":"SearchAction","target":{"@type":"EntryPoint","urlTemplate":"https:\/\/crous.eu\/fr\/?s={search_term_string}"},"query-input":{"@type":"PropertyValueSpecification","valueRequired":true,"valueName":"search_term_string"}}],"inLanguage":"fr-FR"}]}},"_links":{"self":[{"href":"https:\/\/crous.eu\/fr\/wp-json\/wp\/v2\/product\/18347","targetHints":{"allow":["GET"]}}],"collection":[{"href":"https:\/\/crous.eu\/fr\/wp-json\/wp\/v2\/product"}],"about":[{"href":"https:\/\/crous.eu\/fr\/wp-json\/wp\/v2\/types\/product"}],"wp:featuredmedia":[{"embeddable":true,"href":"https:\/\/crous.eu\/fr\/wp-json\/wp\/v2\/media\/6313"}],"wp:attachment":[{"href":"https:\/\/crous.eu\/fr\/wp-json\/wp\/v2\/media?parent=18347"}],"wp:term":[{"taxonomy":"product_brand","embeddable":true,"href":"https:\/\/crous.eu\/fr\/wp-json\/wp\/v2\/product_brand?post=18347"},{"taxonomy":"product_cat","embeddable":true,"href":"https:\/\/crous.eu\/fr\/wp-json\/wp\/v2\/product_cat?post=18347"},{"taxonomy":"product_tag","embeddable":true,"href":"https:\/\/crous.eu\/fr\/wp-json\/wp\/v2\/product_tag?post=18347"}],"curies":[{"name":"wp","href":"https:\/\/api.w.org\/{rel}","templated":true}]}}