{"id":18394,"date":"2021-07-08T18:46:28","date_gmt":"2021-07-08T17:02:34","guid":{"rendered":"http:\/\/crous.eu.mialias.net\/non%20class\u00e9\/mobile-blue-fence-115mt\/"},"modified":"2021-07-08T19:03:05","modified_gmt":"2021-07-08T17:03:05","slug":"mobile-blue-fence-115mt","status":"publish","type":"product","link":"https:\/\/crous.eu\/fr\/securite-routiere\/clotures-pour-pietons\/mobile-blue-fence-115mt\/","title":{"rendered":"Mobile Blue Fence 1,15mt"},"content":{"rendered":"","protected":false},"excerpt":{"rendered":"<p>\u2022 Cl\u00f4ture pi\u00e9tonni\u00e8re de type mobile pour la signalisation des travaux, des \u00e9v\u00e9nements, des foires&#8230;<br \/>\n\u2022 Mesures de l\u2019\u00e9l\u00e9ment : 115 x 98 x 5 cm.<br \/>\n\u2022 Structure en poly\u00e9thyl\u00e8ne.<br \/>\n\u2022 Comprend un panneau central personnalisable de 20 x 20 cm.<br \/>\n\u2022 Poids de 6 kg.<br \/>\n\u2022 Disponible en option un chariot d\u2019une capacit\u00e9 de 30 cl\u00f4tures.<\/p>\n","protected":false},"featured_media":6757,"template":"","meta":{"_acf_changed":false},"product_brand":[],"product_cat":[704,647],"product_tag":[],"class_list":{"0":"post-18394","1":"product","2":"type-product","3":"status-publish","4":"has-post-thumbnail","6":"product_cat-clotures-pour-pietons","7":"product_cat-securite-routiere","9":"first","10":"instock","11":"product-type-simple"},"acf":[],"yoast_head":"<!-- This site is optimized with the Yoast SEO plugin v27.4 - https:\/\/yoast.com\/product\/yoast-seo-wordpress\/ -->\n<title>Mobile Blue Fence 1,15mt - Crous Expert<\/title>\n<meta name=\"robots\" content=\"index, follow, max-snippet:-1, max-image-preview:large, max-video-preview:-1\" \/>\n<link rel=\"canonical\" href=\"https:\/\/crous.eu\/fr\/securite-routiere\/clotures-pour-pietons\/mobile-blue-fence-115mt\/\" \/>\n<meta property=\"og:locale\" content=\"fr_FR\" \/>\n<meta property=\"og:type\" content=\"article\" \/>\n<meta property=\"og:title\" content=\"Mobile Blue Fence 1,15mt - Crous Expert\" \/>\n<meta property=\"og:description\" content=\"\u2022 Cl\u00f4ture pi\u00e9tonni\u00e8re de type mobile pour la signalisation des travaux, des \u00e9v\u00e9nements, des foires... \u2022 Mesures de l\u2019\u00e9l\u00e9ment : 115 x 98 x 5 cm. \u2022 Structure en poly\u00e9thyl\u00e8ne. \u2022 Comprend un panneau central personnalisable de 20 x 20 cm. \u2022 Poids de 6 kg. \u2022 Disponible en option un chariot d\u2019une capacit\u00e9 de 30 cl\u00f4tures.\" \/>\n<meta property=\"og:url\" content=\"https:\/\/crous.eu\/fr\/securite-routiere\/clotures-pour-pietons\/mobile-blue-fence-115mt\/\" \/>\n<meta property=\"og:site_name\" content=\"Crous Expert\" \/>\n<meta property=\"article:modified_time\" content=\"2021-07-08T17:03:05+00:00\" \/>\n<meta property=\"og:image\" content=\"https:\/\/crous.eu\/wp-content\/uploads\/S004.jpg\" \/>\n\t<meta property=\"og:image:width\" content=\"550\" \/>\n\t<meta property=\"og:image:height\" content=\"550\" \/>\n\t<meta property=\"og:image:type\" content=\"image\/jpeg\" \/>\n<meta name=\"twitter:card\" content=\"summary_large_image\" \/>\n<script type=\"application\/ld+json\" class=\"yoast-schema-graph\">{\"@context\":\"https:\\\/\\\/schema.org\",\"@graph\":[{\"@type\":\"WebPage\",\"@id\":\"https:\\\/\\\/crous.eu\\\/fr\\\/securite-routiere\\\/clotures-pour-pietons\\\/mobile-blue-fence-115mt\\\/\",\"url\":\"https:\\\/\\\/crous.eu\\\/fr\\\/securite-routiere\\\/clotures-pour-pietons\\\/mobile-blue-fence-115mt\\\/\",\"name\":\"Mobile Blue Fence 1,15mt - Crous Expert\",\"isPartOf\":{\"@id\":\"https:\\\/\\\/crous.eu\\\/fr\\\/#website\"},\"primaryImageOfPage\":{\"@id\":\"https:\\\/\\\/crous.eu\\\/fr\\\/securite-routiere\\\/clotures-pour-pietons\\\/mobile-blue-fence-115mt\\\/#primaryimage\"},\"image\":{\"@id\":\"https:\\\/\\\/crous.eu\\\/fr\\\/securite-routiere\\\/clotures-pour-pietons\\\/mobile-blue-fence-115mt\\\/#primaryimage\"},\"thumbnailUrl\":\"https:\\\/\\\/crous.eu\\\/wp-content\\\/uploads\\\/S004.jpg\",\"datePublished\":\"2021-07-08T17:02:34+00:00\",\"dateModified\":\"2021-07-08T17:03:05+00:00\",\"breadcrumb\":{\"@id\":\"https:\\\/\\\/crous.eu\\\/fr\\\/securite-routiere\\\/clotures-pour-pietons\\\/mobile-blue-fence-115mt\\\/#breadcrumb\"},\"inLanguage\":\"fr-FR\",\"potentialAction\":[{\"@type\":\"ReadAction\",\"target\":[\"https:\\\/\\\/crous.eu\\\/fr\\\/securite-routiere\\\/clotures-pour-pietons\\\/mobile-blue-fence-115mt\\\/\"]}]},{\"@type\":\"ImageObject\",\"inLanguage\":\"fr-FR\",\"@id\":\"https:\\\/\\\/crous.eu\\\/fr\\\/securite-routiere\\\/clotures-pour-pietons\\\/mobile-blue-fence-115mt\\\/#primaryimage\",\"url\":\"https:\\\/\\\/crous.eu\\\/wp-content\\\/uploads\\\/S004.jpg\",\"contentUrl\":\"https:\\\/\\\/crous.eu\\\/wp-content\\\/uploads\\\/S004.jpg\",\"width\":550,\"height\":550},{\"@type\":\"BreadcrumbList\",\"@id\":\"https:\\\/\\\/crous.eu\\\/fr\\\/securite-routiere\\\/clotures-pour-pietons\\\/mobile-blue-fence-115mt\\\/#breadcrumb\",\"itemListElement\":[{\"@type\":\"ListItem\",\"position\":1,\"name\":\"Portada\",\"item\":\"https:\\\/\\\/crous.eu\\\/fr\\\/\"},{\"@type\":\"ListItem\",\"position\":2,\"name\":\"Tienda\",\"item\":\"https:\\\/\\\/crous.eu\\\/tienda\\\/\"},{\"@type\":\"ListItem\",\"position\":3,\"name\":\"Mobile Blue Fence 1,15mt\"}]},{\"@type\":\"WebSite\",\"@id\":\"https:\\\/\\\/crous.eu\\\/fr\\\/#website\",\"url\":\"https:\\\/\\\/crous.eu\\\/fr\\\/\",\"name\":\"Crous Expert\",\"description\":\"Personalizamos tu entorno\",\"potentialAction\":[{\"@type\":\"SearchAction\",\"target\":{\"@type\":\"EntryPoint\",\"urlTemplate\":\"https:\\\/\\\/crous.eu\\\/fr\\\/?s={search_term_string}\"},\"query-input\":{\"@type\":\"PropertyValueSpecification\",\"valueRequired\":true,\"valueName\":\"search_term_string\"}}],\"inLanguage\":\"fr-FR\"}]}<\/script>\n<!-- \/ Yoast SEO plugin. -->","yoast_head_json":{"title":"Mobile Blue Fence 1,15mt - Crous Expert","robots":{"index":"index","follow":"follow","max-snippet":"max-snippet:-1","max-image-preview":"max-image-preview:large","max-video-preview":"max-video-preview:-1"},"canonical":"https:\/\/crous.eu\/fr\/securite-routiere\/clotures-pour-pietons\/mobile-blue-fence-115mt\/","og_locale":"fr_FR","og_type":"article","og_title":"Mobile Blue Fence 1,15mt - Crous Expert","og_description":"\u2022 Cl\u00f4ture pi\u00e9tonni\u00e8re de type mobile pour la signalisation des travaux, des \u00e9v\u00e9nements, des foires... \u2022 Mesures de l\u2019\u00e9l\u00e9ment : 115 x 98 x 5 cm. \u2022 Structure en poly\u00e9thyl\u00e8ne. \u2022 Comprend un panneau central personnalisable de 20 x 20 cm. \u2022 Poids de 6 kg. \u2022 Disponible en option un chariot d\u2019une capacit\u00e9 de 30 cl\u00f4tures.","og_url":"https:\/\/crous.eu\/fr\/securite-routiere\/clotures-pour-pietons\/mobile-blue-fence-115mt\/","og_site_name":"Crous Expert","article_modified_time":"2021-07-08T17:03:05+00:00","og_image":[{"width":550,"height":550,"url":"https:\/\/crous.eu\/wp-content\/uploads\/S004.jpg","type":"image\/jpeg"}],"twitter_card":"summary_large_image","schema":{"@context":"https:\/\/schema.org","@graph":[{"@type":"WebPage","@id":"https:\/\/crous.eu\/fr\/securite-routiere\/clotures-pour-pietons\/mobile-blue-fence-115mt\/","url":"https:\/\/crous.eu\/fr\/securite-routiere\/clotures-pour-pietons\/mobile-blue-fence-115mt\/","name":"Mobile Blue Fence 1,15mt - Crous Expert","isPartOf":{"@id":"https:\/\/crous.eu\/fr\/#website"},"primaryImageOfPage":{"@id":"https:\/\/crous.eu\/fr\/securite-routiere\/clotures-pour-pietons\/mobile-blue-fence-115mt\/#primaryimage"},"image":{"@id":"https:\/\/crous.eu\/fr\/securite-routiere\/clotures-pour-pietons\/mobile-blue-fence-115mt\/#primaryimage"},"thumbnailUrl":"https:\/\/crous.eu\/wp-content\/uploads\/S004.jpg","datePublished":"2021-07-08T17:02:34+00:00","dateModified":"2021-07-08T17:03:05+00:00","breadcrumb":{"@id":"https:\/\/crous.eu\/fr\/securite-routiere\/clotures-pour-pietons\/mobile-blue-fence-115mt\/#breadcrumb"},"inLanguage":"fr-FR","potentialAction":[{"@type":"ReadAction","target":["https:\/\/crous.eu\/fr\/securite-routiere\/clotures-pour-pietons\/mobile-blue-fence-115mt\/"]}]},{"@type":"ImageObject","inLanguage":"fr-FR","@id":"https:\/\/crous.eu\/fr\/securite-routiere\/clotures-pour-pietons\/mobile-blue-fence-115mt\/#primaryimage","url":"https:\/\/crous.eu\/wp-content\/uploads\/S004.jpg","contentUrl":"https:\/\/crous.eu\/wp-content\/uploads\/S004.jpg","width":550,"height":550},{"@type":"BreadcrumbList","@id":"https:\/\/crous.eu\/fr\/securite-routiere\/clotures-pour-pietons\/mobile-blue-fence-115mt\/#breadcrumb","itemListElement":[{"@type":"ListItem","position":1,"name":"Portada","item":"https:\/\/crous.eu\/fr\/"},{"@type":"ListItem","position":2,"name":"Tienda","item":"https:\/\/crous.eu\/tienda\/"},{"@type":"ListItem","position":3,"name":"Mobile Blue Fence 1,15mt"}]},{"@type":"WebSite","@id":"https:\/\/crous.eu\/fr\/#website","url":"https:\/\/crous.eu\/fr\/","name":"Crous Expert","description":"Personalizamos tu entorno","potentialAction":[{"@type":"SearchAction","target":{"@type":"EntryPoint","urlTemplate":"https:\/\/crous.eu\/fr\/?s={search_term_string}"},"query-input":{"@type":"PropertyValueSpecification","valueRequired":true,"valueName":"search_term_string"}}],"inLanguage":"fr-FR"}]}},"_links":{"self":[{"href":"https:\/\/crous.eu\/fr\/wp-json\/wp\/v2\/product\/18394","targetHints":{"allow":["GET"]}}],"collection":[{"href":"https:\/\/crous.eu\/fr\/wp-json\/wp\/v2\/product"}],"about":[{"href":"https:\/\/crous.eu\/fr\/wp-json\/wp\/v2\/types\/product"}],"wp:featuredmedia":[{"embeddable":true,"href":"https:\/\/crous.eu\/fr\/wp-json\/wp\/v2\/media\/6757"}],"wp:attachment":[{"href":"https:\/\/crous.eu\/fr\/wp-json\/wp\/v2\/media?parent=18394"}],"wp:term":[{"taxonomy":"product_brand","embeddable":true,"href":"https:\/\/crous.eu\/fr\/wp-json\/wp\/v2\/product_brand?post=18394"},{"taxonomy":"product_cat","embeddable":true,"href":"https:\/\/crous.eu\/fr\/wp-json\/wp\/v2\/product_cat?post=18394"},{"taxonomy":"product_tag","embeddable":true,"href":"https:\/\/crous.eu\/fr\/wp-json\/wp\/v2\/product_tag?post=18394"}],"curies":[{"name":"wp","href":"https:\/\/api.w.org\/{rel}","templated":true}]}}