{"id":18416,"date":"2021-07-08T18:46:28","date_gmt":"2021-07-08T17:03:13","guid":{"rendered":"http:\/\/crous.eu.mialias.net\/non%20class\u00e9\/line-separator\/"},"modified":"2021-07-08T19:03:37","modified_gmt":"2021-07-08T17:03:37","slug":"line-separator","status":"publish","type":"product","link":"https:\/\/crous.eu\/fr\/securite-routiere\/divers\/line-separator\/","title":{"rendered":"Line Separator"},"content":{"rendered":"","protected":false},"excerpt":{"rendered":"<p>\u2022 S\u00e9parateur de piste cyclable renforc\u00e9 par des bandes r\u00e9fl\u00e9chissantes.<br \/>\n\u2022 Structure en plastique recycl\u00e9.<br \/>\n\u2022 Finitions sans bords ou bords pour pr\u00e9venir les dommages.<br \/>\n\u2022 Forte r\u00e9sistance aux agents externes.<br \/>\n\u2022 Offre un bon amorti et une visibilit\u00e9 \u00e9lev\u00e9e de nuit et de jour.<\/p>\n","protected":false},"featured_media":6769,"template":"","meta":{"_acf_changed":false},"product_brand":[],"product_cat":[648,647],"product_tag":[],"class_list":{"0":"post-18416","1":"product","2":"type-product","3":"status-publish","4":"has-post-thumbnail","6":"product_cat-divers","7":"product_cat-securite-routiere","9":"first","10":"instock","11":"product-type-simple"},"acf":[],"yoast_head":"<!-- This site is optimized with the Yoast SEO plugin v27.4 - https:\/\/yoast.com\/product\/yoast-seo-wordpress\/ -->\n<title>Line Separator - Crous Expert<\/title>\n<meta name=\"robots\" content=\"index, follow, max-snippet:-1, max-image-preview:large, max-video-preview:-1\" \/>\n<link rel=\"canonical\" href=\"https:\/\/crous.eu\/fr\/securite-routiere\/divers\/line-separator\/\" \/>\n<meta property=\"og:locale\" content=\"fr_FR\" \/>\n<meta property=\"og:type\" content=\"article\" \/>\n<meta property=\"og:title\" content=\"Line Separator - Crous Expert\" \/>\n<meta property=\"og:description\" content=\"\u2022 S\u00e9parateur de piste cyclable renforc\u00e9 par des bandes r\u00e9fl\u00e9chissantes. \u2022 Structure en plastique recycl\u00e9. \u2022 Finitions sans bords ou bords pour pr\u00e9venir les dommages. \u2022 Forte r\u00e9sistance aux agents externes. \u2022 Offre un bon amorti et une visibilit\u00e9 \u00e9lev\u00e9e de nuit et de jour.\" \/>\n<meta property=\"og:url\" content=\"https:\/\/crous.eu\/fr\/securite-routiere\/divers\/line-separator\/\" \/>\n<meta property=\"og:site_name\" content=\"Crous Expert\" \/>\n<meta property=\"article:modified_time\" content=\"2021-07-08T17:03:37+00:00\" \/>\n<meta property=\"og:image\" content=\"https:\/\/crous.eu\/wp-content\/uploads\/S040.jpg\" \/>\n\t<meta property=\"og:image:width\" content=\"550\" \/>\n\t<meta property=\"og:image:height\" content=\"550\" \/>\n\t<meta property=\"og:image:type\" content=\"image\/jpeg\" \/>\n<meta name=\"twitter:card\" content=\"summary_large_image\" \/>\n<script type=\"application\/ld+json\" class=\"yoast-schema-graph\">{\"@context\":\"https:\\\/\\\/schema.org\",\"@graph\":[{\"@type\":\"WebPage\",\"@id\":\"https:\\\/\\\/crous.eu\\\/fr\\\/securite-routiere\\\/divers\\\/line-separator\\\/\",\"url\":\"https:\\\/\\\/crous.eu\\\/fr\\\/securite-routiere\\\/divers\\\/line-separator\\\/\",\"name\":\"Line Separator - Crous Expert\",\"isPartOf\":{\"@id\":\"https:\\\/\\\/crous.eu\\\/fr\\\/#website\"},\"primaryImageOfPage\":{\"@id\":\"https:\\\/\\\/crous.eu\\\/fr\\\/securite-routiere\\\/divers\\\/line-separator\\\/#primaryimage\"},\"image\":{\"@id\":\"https:\\\/\\\/crous.eu\\\/fr\\\/securite-routiere\\\/divers\\\/line-separator\\\/#primaryimage\"},\"thumbnailUrl\":\"https:\\\/\\\/crous.eu\\\/wp-content\\\/uploads\\\/S040.jpg\",\"datePublished\":\"2021-07-08T17:03:13+00:00\",\"dateModified\":\"2021-07-08T17:03:37+00:00\",\"breadcrumb\":{\"@id\":\"https:\\\/\\\/crous.eu\\\/fr\\\/securite-routiere\\\/divers\\\/line-separator\\\/#breadcrumb\"},\"inLanguage\":\"fr-FR\",\"potentialAction\":[{\"@type\":\"ReadAction\",\"target\":[\"https:\\\/\\\/crous.eu\\\/fr\\\/securite-routiere\\\/divers\\\/line-separator\\\/\"]}]},{\"@type\":\"ImageObject\",\"inLanguage\":\"fr-FR\",\"@id\":\"https:\\\/\\\/crous.eu\\\/fr\\\/securite-routiere\\\/divers\\\/line-separator\\\/#primaryimage\",\"url\":\"https:\\\/\\\/crous.eu\\\/wp-content\\\/uploads\\\/S040.jpg\",\"contentUrl\":\"https:\\\/\\\/crous.eu\\\/wp-content\\\/uploads\\\/S040.jpg\",\"width\":550,\"height\":550},{\"@type\":\"BreadcrumbList\",\"@id\":\"https:\\\/\\\/crous.eu\\\/fr\\\/securite-routiere\\\/divers\\\/line-separator\\\/#breadcrumb\",\"itemListElement\":[{\"@type\":\"ListItem\",\"position\":1,\"name\":\"Portada\",\"item\":\"https:\\\/\\\/crous.eu\\\/fr\\\/\"},{\"@type\":\"ListItem\",\"position\":2,\"name\":\"Tienda\",\"item\":\"https:\\\/\\\/crous.eu\\\/tienda\\\/\"},{\"@type\":\"ListItem\",\"position\":3,\"name\":\"Line Separator\"}]},{\"@type\":\"WebSite\",\"@id\":\"https:\\\/\\\/crous.eu\\\/fr\\\/#website\",\"url\":\"https:\\\/\\\/crous.eu\\\/fr\\\/\",\"name\":\"Crous Expert\",\"description\":\"Personalizamos tu entorno\",\"potentialAction\":[{\"@type\":\"SearchAction\",\"target\":{\"@type\":\"EntryPoint\",\"urlTemplate\":\"https:\\\/\\\/crous.eu\\\/fr\\\/?s={search_term_string}\"},\"query-input\":{\"@type\":\"PropertyValueSpecification\",\"valueRequired\":true,\"valueName\":\"search_term_string\"}}],\"inLanguage\":\"fr-FR\"}]}<\/script>\n<!-- \/ Yoast SEO plugin. -->","yoast_head_json":{"title":"Line Separator - Crous Expert","robots":{"index":"index","follow":"follow","max-snippet":"max-snippet:-1","max-image-preview":"max-image-preview:large","max-video-preview":"max-video-preview:-1"},"canonical":"https:\/\/crous.eu\/fr\/securite-routiere\/divers\/line-separator\/","og_locale":"fr_FR","og_type":"article","og_title":"Line Separator - Crous Expert","og_description":"\u2022 S\u00e9parateur de piste cyclable renforc\u00e9 par des bandes r\u00e9fl\u00e9chissantes. \u2022 Structure en plastique recycl\u00e9. \u2022 Finitions sans bords ou bords pour pr\u00e9venir les dommages. \u2022 Forte r\u00e9sistance aux agents externes. \u2022 Offre un bon amorti et une visibilit\u00e9 \u00e9lev\u00e9e de nuit et de jour.","og_url":"https:\/\/crous.eu\/fr\/securite-routiere\/divers\/line-separator\/","og_site_name":"Crous Expert","article_modified_time":"2021-07-08T17:03:37+00:00","og_image":[{"width":550,"height":550,"url":"https:\/\/crous.eu\/wp-content\/uploads\/S040.jpg","type":"image\/jpeg"}],"twitter_card":"summary_large_image","schema":{"@context":"https:\/\/schema.org","@graph":[{"@type":"WebPage","@id":"https:\/\/crous.eu\/fr\/securite-routiere\/divers\/line-separator\/","url":"https:\/\/crous.eu\/fr\/securite-routiere\/divers\/line-separator\/","name":"Line Separator - Crous Expert","isPartOf":{"@id":"https:\/\/crous.eu\/fr\/#website"},"primaryImageOfPage":{"@id":"https:\/\/crous.eu\/fr\/securite-routiere\/divers\/line-separator\/#primaryimage"},"image":{"@id":"https:\/\/crous.eu\/fr\/securite-routiere\/divers\/line-separator\/#primaryimage"},"thumbnailUrl":"https:\/\/crous.eu\/wp-content\/uploads\/S040.jpg","datePublished":"2021-07-08T17:03:13+00:00","dateModified":"2021-07-08T17:03:37+00:00","breadcrumb":{"@id":"https:\/\/crous.eu\/fr\/securite-routiere\/divers\/line-separator\/#breadcrumb"},"inLanguage":"fr-FR","potentialAction":[{"@type":"ReadAction","target":["https:\/\/crous.eu\/fr\/securite-routiere\/divers\/line-separator\/"]}]},{"@type":"ImageObject","inLanguage":"fr-FR","@id":"https:\/\/crous.eu\/fr\/securite-routiere\/divers\/line-separator\/#primaryimage","url":"https:\/\/crous.eu\/wp-content\/uploads\/S040.jpg","contentUrl":"https:\/\/crous.eu\/wp-content\/uploads\/S040.jpg","width":550,"height":550},{"@type":"BreadcrumbList","@id":"https:\/\/crous.eu\/fr\/securite-routiere\/divers\/line-separator\/#breadcrumb","itemListElement":[{"@type":"ListItem","position":1,"name":"Portada","item":"https:\/\/crous.eu\/fr\/"},{"@type":"ListItem","position":2,"name":"Tienda","item":"https:\/\/crous.eu\/tienda\/"},{"@type":"ListItem","position":3,"name":"Line Separator"}]},{"@type":"WebSite","@id":"https:\/\/crous.eu\/fr\/#website","url":"https:\/\/crous.eu\/fr\/","name":"Crous Expert","description":"Personalizamos tu entorno","potentialAction":[{"@type":"SearchAction","target":{"@type":"EntryPoint","urlTemplate":"https:\/\/crous.eu\/fr\/?s={search_term_string}"},"query-input":{"@type":"PropertyValueSpecification","valueRequired":true,"valueName":"search_term_string"}}],"inLanguage":"fr-FR"}]}},"_links":{"self":[{"href":"https:\/\/crous.eu\/fr\/wp-json\/wp\/v2\/product\/18416","targetHints":{"allow":["GET"]}}],"collection":[{"href":"https:\/\/crous.eu\/fr\/wp-json\/wp\/v2\/product"}],"about":[{"href":"https:\/\/crous.eu\/fr\/wp-json\/wp\/v2\/types\/product"}],"wp:featuredmedia":[{"embeddable":true,"href":"https:\/\/crous.eu\/fr\/wp-json\/wp\/v2\/media\/6769"}],"wp:attachment":[{"href":"https:\/\/crous.eu\/fr\/wp-json\/wp\/v2\/media?parent=18416"}],"wp:term":[{"taxonomy":"product_brand","embeddable":true,"href":"https:\/\/crous.eu\/fr\/wp-json\/wp\/v2\/product_brand?post=18416"},{"taxonomy":"product_cat","embeddable":true,"href":"https:\/\/crous.eu\/fr\/wp-json\/wp\/v2\/product_cat?post=18416"},{"taxonomy":"product_tag","embeddable":true,"href":"https:\/\/crous.eu\/fr\/wp-json\/wp\/v2\/product_tag?post=18416"}],"curies":[{"name":"wp","href":"https:\/\/api.w.org\/{rel}","templated":true}]}}