{"id":18429,"date":"2021-07-08T19:03:54","date_gmt":"2021-07-08T17:03:54","guid":{"rendered":"http:\/\/crous.eu.mialias.net\/non%20class\u00e9\/aluminium-traffic-signs\/"},"modified":"2021-07-08T19:03:56","modified_gmt":"2021-07-08T17:03:56","slug":"aluminium-traffic-signs","status":"publish","type":"product","link":"https:\/\/crous.eu\/fr\/signalisation-fr\/signes-de-trafic\/aluminium-traffic-signs\/","title":{"rendered":"Aluminium Traffic Signs"},"content":{"rendered":"","protected":false},"excerpt":{"rendered":"<p>\u2022 Feux de circulation de la structure en aluminium.<br \/>\n\u2022 Fait de plaque d\u2019aluminium en relief et pli\u00e9e.<br \/>\n\u2022 Syst\u00e8me de fixation de poteau avec rails transversaux.<br \/>\n\u2022 Vis M10 pour fixer les pinces galvanis\u00e9es en acier.<br \/>\n\u2022 Personnalisable avec du texte ou des pictogrammes imprim\u00e9s<br \/>\n   sur vinyle.<br \/>\n\u2022 Terminer avec un film r\u00e9tror\u00e9fl\u00e9chis avec des microsph\u00e8res<br \/>\n   en verre.<br \/>\n\u2022 \u00c9galement disponible en acier galvanis\u00e9.<\/p>\n","protected":false},"featured_media":6821,"template":"","meta":{"_acf_changed":false},"product_brand":[],"product_cat":[708,710],"product_tag":[],"class_list":{"0":"post-18429","1":"product","2":"type-product","3":"status-publish","4":"has-post-thumbnail","6":"product_cat-signalisation-fr","7":"product_cat-signes-de-trafic","9":"first","10":"instock","11":"product-type-simple"},"acf":[],"yoast_head":"<!-- This site is optimized with the Yoast SEO plugin v27.4 - https:\/\/yoast.com\/product\/yoast-seo-wordpress\/ -->\n<title>Aluminium Traffic Signs - Crous Expert<\/title>\n<meta name=\"robots\" content=\"index, follow, max-snippet:-1, max-image-preview:large, max-video-preview:-1\" \/>\n<link rel=\"canonical\" href=\"https:\/\/crous.eu\/fr\/signalisation-fr\/signes-de-trafic\/aluminium-traffic-signs\/\" \/>\n<meta property=\"og:locale\" content=\"fr_FR\" \/>\n<meta property=\"og:type\" content=\"article\" \/>\n<meta property=\"og:title\" content=\"Aluminium Traffic Signs - Crous Expert\" \/>\n<meta property=\"og:description\" content=\"\u2022 Feux de circulation de la structure en aluminium. \u2022 Fait de plaque d\u2019aluminium en relief et pli\u00e9e. \u2022 Syst\u00e8me de fixation de poteau avec rails transversaux. \u2022 Vis M10 pour fixer les pinces galvanis\u00e9es en acier. \u2022 Personnalisable avec du texte ou des pictogrammes imprim\u00e9s   sur vinyle. \u2022 Terminer avec un film r\u00e9tror\u00e9fl\u00e9chis avec des microsph\u00e8res   en verre. \u2022 \u00c9galement disponible en acier galvanis\u00e9.\" \/>\n<meta property=\"og:url\" content=\"https:\/\/crous.eu\/fr\/signalisation-fr\/signes-de-trafic\/aluminium-traffic-signs\/\" \/>\n<meta property=\"og:site_name\" content=\"Crous Expert\" \/>\n<meta property=\"article:modified_time\" content=\"2021-07-08T17:03:56+00:00\" \/>\n<meta property=\"og:image\" content=\"https:\/\/crous.eu\/wp-content\/uploads\/STAL.jpg\" \/>\n\t<meta property=\"og:image:width\" content=\"550\" \/>\n\t<meta property=\"og:image:height\" content=\"550\" \/>\n\t<meta property=\"og:image:type\" content=\"image\/jpeg\" \/>\n<meta name=\"twitter:card\" content=\"summary_large_image\" \/>\n<script type=\"application\/ld+json\" class=\"yoast-schema-graph\">{\"@context\":\"https:\\\/\\\/schema.org\",\"@graph\":[{\"@type\":\"WebPage\",\"@id\":\"https:\\\/\\\/crous.eu\\\/fr\\\/signalisation-fr\\\/signes-de-trafic\\\/aluminium-traffic-signs\\\/\",\"url\":\"https:\\\/\\\/crous.eu\\\/fr\\\/signalisation-fr\\\/signes-de-trafic\\\/aluminium-traffic-signs\\\/\",\"name\":\"Aluminium Traffic Signs - Crous Expert\",\"isPartOf\":{\"@id\":\"https:\\\/\\\/crous.eu\\\/fr\\\/#website\"},\"primaryImageOfPage\":{\"@id\":\"https:\\\/\\\/crous.eu\\\/fr\\\/signalisation-fr\\\/signes-de-trafic\\\/aluminium-traffic-signs\\\/#primaryimage\"},\"image\":{\"@id\":\"https:\\\/\\\/crous.eu\\\/fr\\\/signalisation-fr\\\/signes-de-trafic\\\/aluminium-traffic-signs\\\/#primaryimage\"},\"thumbnailUrl\":\"https:\\\/\\\/crous.eu\\\/wp-content\\\/uploads\\\/STAL.jpg\",\"datePublished\":\"2021-07-08T17:03:54+00:00\",\"dateModified\":\"2021-07-08T17:03:56+00:00\",\"breadcrumb\":{\"@id\":\"https:\\\/\\\/crous.eu\\\/fr\\\/signalisation-fr\\\/signes-de-trafic\\\/aluminium-traffic-signs\\\/#breadcrumb\"},\"inLanguage\":\"fr-FR\",\"potentialAction\":[{\"@type\":\"ReadAction\",\"target\":[\"https:\\\/\\\/crous.eu\\\/fr\\\/signalisation-fr\\\/signes-de-trafic\\\/aluminium-traffic-signs\\\/\"]}]},{\"@type\":\"ImageObject\",\"inLanguage\":\"fr-FR\",\"@id\":\"https:\\\/\\\/crous.eu\\\/fr\\\/signalisation-fr\\\/signes-de-trafic\\\/aluminium-traffic-signs\\\/#primaryimage\",\"url\":\"https:\\\/\\\/crous.eu\\\/wp-content\\\/uploads\\\/STAL.jpg\",\"contentUrl\":\"https:\\\/\\\/crous.eu\\\/wp-content\\\/uploads\\\/STAL.jpg\",\"width\":550,\"height\":550},{\"@type\":\"BreadcrumbList\",\"@id\":\"https:\\\/\\\/crous.eu\\\/fr\\\/signalisation-fr\\\/signes-de-trafic\\\/aluminium-traffic-signs\\\/#breadcrumb\",\"itemListElement\":[{\"@type\":\"ListItem\",\"position\":1,\"name\":\"Portada\",\"item\":\"https:\\\/\\\/crous.eu\\\/fr\\\/\"},{\"@type\":\"ListItem\",\"position\":2,\"name\":\"Tienda\",\"item\":\"https:\\\/\\\/crous.eu\\\/tienda\\\/\"},{\"@type\":\"ListItem\",\"position\":3,\"name\":\"Aluminium Traffic Signs\"}]},{\"@type\":\"WebSite\",\"@id\":\"https:\\\/\\\/crous.eu\\\/fr\\\/#website\",\"url\":\"https:\\\/\\\/crous.eu\\\/fr\\\/\",\"name\":\"Crous Expert\",\"description\":\"Personalizamos tu entorno\",\"potentialAction\":[{\"@type\":\"SearchAction\",\"target\":{\"@type\":\"EntryPoint\",\"urlTemplate\":\"https:\\\/\\\/crous.eu\\\/fr\\\/?s={search_term_string}\"},\"query-input\":{\"@type\":\"PropertyValueSpecification\",\"valueRequired\":true,\"valueName\":\"search_term_string\"}}],\"inLanguage\":\"fr-FR\"}]}<\/script>\n<!-- \/ Yoast SEO plugin. -->","yoast_head_json":{"title":"Aluminium Traffic Signs - Crous Expert","robots":{"index":"index","follow":"follow","max-snippet":"max-snippet:-1","max-image-preview":"max-image-preview:large","max-video-preview":"max-video-preview:-1"},"canonical":"https:\/\/crous.eu\/fr\/signalisation-fr\/signes-de-trafic\/aluminium-traffic-signs\/","og_locale":"fr_FR","og_type":"article","og_title":"Aluminium Traffic Signs - Crous Expert","og_description":"\u2022 Feux de circulation de la structure en aluminium. \u2022 Fait de plaque d\u2019aluminium en relief et pli\u00e9e. \u2022 Syst\u00e8me de fixation de poteau avec rails transversaux. \u2022 Vis M10 pour fixer les pinces galvanis\u00e9es en acier. \u2022 Personnalisable avec du texte ou des pictogrammes imprim\u00e9s   sur vinyle. \u2022 Terminer avec un film r\u00e9tror\u00e9fl\u00e9chis avec des microsph\u00e8res   en verre. \u2022 \u00c9galement disponible en acier galvanis\u00e9.","og_url":"https:\/\/crous.eu\/fr\/signalisation-fr\/signes-de-trafic\/aluminium-traffic-signs\/","og_site_name":"Crous Expert","article_modified_time":"2021-07-08T17:03:56+00:00","og_image":[{"width":550,"height":550,"url":"https:\/\/crous.eu\/wp-content\/uploads\/STAL.jpg","type":"image\/jpeg"}],"twitter_card":"summary_large_image","schema":{"@context":"https:\/\/schema.org","@graph":[{"@type":"WebPage","@id":"https:\/\/crous.eu\/fr\/signalisation-fr\/signes-de-trafic\/aluminium-traffic-signs\/","url":"https:\/\/crous.eu\/fr\/signalisation-fr\/signes-de-trafic\/aluminium-traffic-signs\/","name":"Aluminium Traffic Signs - Crous Expert","isPartOf":{"@id":"https:\/\/crous.eu\/fr\/#website"},"primaryImageOfPage":{"@id":"https:\/\/crous.eu\/fr\/signalisation-fr\/signes-de-trafic\/aluminium-traffic-signs\/#primaryimage"},"image":{"@id":"https:\/\/crous.eu\/fr\/signalisation-fr\/signes-de-trafic\/aluminium-traffic-signs\/#primaryimage"},"thumbnailUrl":"https:\/\/crous.eu\/wp-content\/uploads\/STAL.jpg","datePublished":"2021-07-08T17:03:54+00:00","dateModified":"2021-07-08T17:03:56+00:00","breadcrumb":{"@id":"https:\/\/crous.eu\/fr\/signalisation-fr\/signes-de-trafic\/aluminium-traffic-signs\/#breadcrumb"},"inLanguage":"fr-FR","potentialAction":[{"@type":"ReadAction","target":["https:\/\/crous.eu\/fr\/signalisation-fr\/signes-de-trafic\/aluminium-traffic-signs\/"]}]},{"@type":"ImageObject","inLanguage":"fr-FR","@id":"https:\/\/crous.eu\/fr\/signalisation-fr\/signes-de-trafic\/aluminium-traffic-signs\/#primaryimage","url":"https:\/\/crous.eu\/wp-content\/uploads\/STAL.jpg","contentUrl":"https:\/\/crous.eu\/wp-content\/uploads\/STAL.jpg","width":550,"height":550},{"@type":"BreadcrumbList","@id":"https:\/\/crous.eu\/fr\/signalisation-fr\/signes-de-trafic\/aluminium-traffic-signs\/#breadcrumb","itemListElement":[{"@type":"ListItem","position":1,"name":"Portada","item":"https:\/\/crous.eu\/fr\/"},{"@type":"ListItem","position":2,"name":"Tienda","item":"https:\/\/crous.eu\/tienda\/"},{"@type":"ListItem","position":3,"name":"Aluminium Traffic Signs"}]},{"@type":"WebSite","@id":"https:\/\/crous.eu\/fr\/#website","url":"https:\/\/crous.eu\/fr\/","name":"Crous Expert","description":"Personalizamos tu entorno","potentialAction":[{"@type":"SearchAction","target":{"@type":"EntryPoint","urlTemplate":"https:\/\/crous.eu\/fr\/?s={search_term_string}"},"query-input":{"@type":"PropertyValueSpecification","valueRequired":true,"valueName":"search_term_string"}}],"inLanguage":"fr-FR"}]}},"_links":{"self":[{"href":"https:\/\/crous.eu\/fr\/wp-json\/wp\/v2\/product\/18429","targetHints":{"allow":["GET"]}}],"collection":[{"href":"https:\/\/crous.eu\/fr\/wp-json\/wp\/v2\/product"}],"about":[{"href":"https:\/\/crous.eu\/fr\/wp-json\/wp\/v2\/types\/product"}],"wp:featuredmedia":[{"embeddable":true,"href":"https:\/\/crous.eu\/fr\/wp-json\/wp\/v2\/media\/6821"}],"wp:attachment":[{"href":"https:\/\/crous.eu\/fr\/wp-json\/wp\/v2\/media?parent=18429"}],"wp:term":[{"taxonomy":"product_brand","embeddable":true,"href":"https:\/\/crous.eu\/fr\/wp-json\/wp\/v2\/product_brand?post=18429"},{"taxonomy":"product_cat","embeddable":true,"href":"https:\/\/crous.eu\/fr\/wp-json\/wp\/v2\/product_cat?post=18429"},{"taxonomy":"product_tag","embeddable":true,"href":"https:\/\/crous.eu\/fr\/wp-json\/wp\/v2\/product_tag?post=18429"}],"curies":[{"name":"wp","href":"https:\/\/api.w.org\/{rel}","templated":true}]}}