{"id":22538,"date":"2021-11-15T12:13:08","date_gmt":"2021-11-17T11:45:23","guid":{"rendered":"https:\/\/crous.eu\/non%20class\u00e9\/agility-5\/"},"modified":"2022-05-30T16:30:42","modified_gmt":"2022-05-30T14:30:42","slug":"agility-5","status":"publish","type":"product","link":"https:\/\/crous.eu\/fr\/terrains-de-jeux\/multijeux\/multijeux-equilibrium\/agility-5\/","title":{"rendered":"Agility 5"},"content":{"rendered":"","protected":false},"excerpt":{"rendered":"<p>\u2022 Circuit d&rsquo;activit\u00e9s avec des r\u00e9seaux imbriqu\u00e9s qui forment des ponts, des passerelles et de nombreux possibilit\u00e9s de favoriser l&rsquo;\u00e9quilibre et l&rsquo;agilit\u00e9.<br \/>\n\u2022 Cadre en acier galvanis\u00e9 et enduit de poudre<br \/>\n\u2022 Pas de bords tranchants ou de fissures qui pourraient pr\u00e9senter un risque de bourrage de t\u00eate, doigts ou toute autre partie du corps.<br \/>\n\u2022 L&rsquo;appareil est con\u00e7u pour une installation \u00e0 l&rsquo;ext\u00e9rieur.<br \/>\n\u2022 Certifi\u00e9 selon la norme UNE EN1176<\/p>\n","protected":false},"featured_media":20748,"template":"","meta":{"_acf_changed":false},"product_brand":[],"product_cat":[668,761,665],"product_tag":[],"class_list":{"0":"post-22538","1":"product","2":"type-product","3":"status-publish","4":"has-post-thumbnail","6":"product_cat-multijeux","7":"product_cat-multijeux-equilibrium","8":"product_cat-terrains-de-jeux","10":"first","11":"instock","12":"product-type-simple"},"acf":[],"yoast_head":"<!-- This site is optimized with the Yoast SEO plugin v27.4 - https:\/\/yoast.com\/product\/yoast-seo-wordpress\/ -->\n<title>Agility 5 - Crous Expert<\/title>\n<meta name=\"robots\" content=\"index, follow, max-snippet:-1, max-image-preview:large, max-video-preview:-1\" \/>\n<link rel=\"canonical\" href=\"https:\/\/crous.eu\/fr\/terrains-de-jeux\/multijeux\/multijeux-equilibrium\/agility-5\/\" \/>\n<meta property=\"og:locale\" content=\"fr_FR\" \/>\n<meta property=\"og:type\" content=\"article\" \/>\n<meta property=\"og:title\" content=\"Agility 5 - Crous Expert\" \/>\n<meta property=\"og:description\" content=\"\u2022 Circuit d&#039;activit\u00e9s avec des r\u00e9seaux imbriqu\u00e9s qui forment des ponts, des passerelles et de nombreux possibilit\u00e9s de favoriser l&#039;\u00e9quilibre et l&#039;agilit\u00e9. \u2022 Cadre en acier galvanis\u00e9 et enduit de poudre \u2022 Pas de bords tranchants ou de fissures qui pourraient pr\u00e9senter un risque de bourrage de t\u00eate, doigts ou toute autre partie du corps. \u2022 L&#039;appareil est con\u00e7u pour une installation \u00e0 l&#039;ext\u00e9rieur. \u2022 Certifi\u00e9 selon la norme UNE EN1176\" \/>\n<meta property=\"og:url\" content=\"https:\/\/crous.eu\/fr\/terrains-de-jeux\/multijeux\/multijeux-equilibrium\/agility-5\/\" \/>\n<meta property=\"og:site_name\" content=\"Crous Expert\" \/>\n<meta property=\"article:modified_time\" content=\"2022-05-30T14:30:42+00:00\" \/>\n<meta property=\"og:image\" content=\"https:\/\/crous.eu\/wp-content\/uploads\/JIK3646S.jpg\" \/>\n\t<meta property=\"og:image:width\" content=\"550\" \/>\n\t<meta property=\"og:image:height\" content=\"550\" \/>\n\t<meta property=\"og:image:type\" content=\"image\/jpeg\" \/>\n<meta name=\"twitter:card\" content=\"summary_large_image\" \/>\n<script type=\"application\/ld+json\" class=\"yoast-schema-graph\">{\"@context\":\"https:\\\/\\\/schema.org\",\"@graph\":[{\"@type\":\"WebPage\",\"@id\":\"https:\\\/\\\/crous.eu\\\/fr\\\/terrains-de-jeux\\\/multijeux\\\/multijeux-equilibrium\\\/agility-5\\\/\",\"url\":\"https:\\\/\\\/crous.eu\\\/fr\\\/terrains-de-jeux\\\/multijeux\\\/multijeux-equilibrium\\\/agility-5\\\/\",\"name\":\"Agility 5 - Crous Expert\",\"isPartOf\":{\"@id\":\"https:\\\/\\\/crous.eu\\\/fr\\\/#website\"},\"primaryImageOfPage\":{\"@id\":\"https:\\\/\\\/crous.eu\\\/fr\\\/terrains-de-jeux\\\/multijeux\\\/multijeux-equilibrium\\\/agility-5\\\/#primaryimage\"},\"image\":{\"@id\":\"https:\\\/\\\/crous.eu\\\/fr\\\/terrains-de-jeux\\\/multijeux\\\/multijeux-equilibrium\\\/agility-5\\\/#primaryimage\"},\"thumbnailUrl\":\"https:\\\/\\\/crous.eu\\\/wp-content\\\/uploads\\\/JIK3646S.jpg\",\"datePublished\":\"2021-11-17T11:45:23+00:00\",\"dateModified\":\"2022-05-30T14:30:42+00:00\",\"breadcrumb\":{\"@id\":\"https:\\\/\\\/crous.eu\\\/fr\\\/terrains-de-jeux\\\/multijeux\\\/multijeux-equilibrium\\\/agility-5\\\/#breadcrumb\"},\"inLanguage\":\"fr-FR\",\"potentialAction\":[{\"@type\":\"ReadAction\",\"target\":[\"https:\\\/\\\/crous.eu\\\/fr\\\/terrains-de-jeux\\\/multijeux\\\/multijeux-equilibrium\\\/agility-5\\\/\"]}]},{\"@type\":\"ImageObject\",\"inLanguage\":\"fr-FR\",\"@id\":\"https:\\\/\\\/crous.eu\\\/fr\\\/terrains-de-jeux\\\/multijeux\\\/multijeux-equilibrium\\\/agility-5\\\/#primaryimage\",\"url\":\"https:\\\/\\\/crous.eu\\\/wp-content\\\/uploads\\\/JIK3646S.jpg\",\"contentUrl\":\"https:\\\/\\\/crous.eu\\\/wp-content\\\/uploads\\\/JIK3646S.jpg\",\"width\":550,\"height\":550},{\"@type\":\"BreadcrumbList\",\"@id\":\"https:\\\/\\\/crous.eu\\\/fr\\\/terrains-de-jeux\\\/multijeux\\\/multijeux-equilibrium\\\/agility-5\\\/#breadcrumb\",\"itemListElement\":[{\"@type\":\"ListItem\",\"position\":1,\"name\":\"Portada\",\"item\":\"https:\\\/\\\/crous.eu\\\/fr\\\/\"},{\"@type\":\"ListItem\",\"position\":2,\"name\":\"Tienda\",\"item\":\"https:\\\/\\\/crous.eu\\\/tienda\\\/\"},{\"@type\":\"ListItem\",\"position\":3,\"name\":\"Agility 5\"}]},{\"@type\":\"WebSite\",\"@id\":\"https:\\\/\\\/crous.eu\\\/fr\\\/#website\",\"url\":\"https:\\\/\\\/crous.eu\\\/fr\\\/\",\"name\":\"Crous Expert\",\"description\":\"Personalizamos tu entorno\",\"potentialAction\":[{\"@type\":\"SearchAction\",\"target\":{\"@type\":\"EntryPoint\",\"urlTemplate\":\"https:\\\/\\\/crous.eu\\\/fr\\\/?s={search_term_string}\"},\"query-input\":{\"@type\":\"PropertyValueSpecification\",\"valueRequired\":true,\"valueName\":\"search_term_string\"}}],\"inLanguage\":\"fr-FR\"}]}<\/script>\n<!-- \/ Yoast SEO plugin. -->","yoast_head_json":{"title":"Agility 5 - Crous Expert","robots":{"index":"index","follow":"follow","max-snippet":"max-snippet:-1","max-image-preview":"max-image-preview:large","max-video-preview":"max-video-preview:-1"},"canonical":"https:\/\/crous.eu\/fr\/terrains-de-jeux\/multijeux\/multijeux-equilibrium\/agility-5\/","og_locale":"fr_FR","og_type":"article","og_title":"Agility 5 - Crous Expert","og_description":"\u2022 Circuit d'activit\u00e9s avec des r\u00e9seaux imbriqu\u00e9s qui forment des ponts, des passerelles et de nombreux possibilit\u00e9s de favoriser l'\u00e9quilibre et l'agilit\u00e9. \u2022 Cadre en acier galvanis\u00e9 et enduit de poudre \u2022 Pas de bords tranchants ou de fissures qui pourraient pr\u00e9senter un risque de bourrage de t\u00eate, doigts ou toute autre partie du corps. \u2022 L'appareil est con\u00e7u pour une installation \u00e0 l'ext\u00e9rieur. \u2022 Certifi\u00e9 selon la norme UNE EN1176","og_url":"https:\/\/crous.eu\/fr\/terrains-de-jeux\/multijeux\/multijeux-equilibrium\/agility-5\/","og_site_name":"Crous Expert","article_modified_time":"2022-05-30T14:30:42+00:00","og_image":[{"width":550,"height":550,"url":"https:\/\/crous.eu\/wp-content\/uploads\/JIK3646S.jpg","type":"image\/jpeg"}],"twitter_card":"summary_large_image","schema":{"@context":"https:\/\/schema.org","@graph":[{"@type":"WebPage","@id":"https:\/\/crous.eu\/fr\/terrains-de-jeux\/multijeux\/multijeux-equilibrium\/agility-5\/","url":"https:\/\/crous.eu\/fr\/terrains-de-jeux\/multijeux\/multijeux-equilibrium\/agility-5\/","name":"Agility 5 - Crous Expert","isPartOf":{"@id":"https:\/\/crous.eu\/fr\/#website"},"primaryImageOfPage":{"@id":"https:\/\/crous.eu\/fr\/terrains-de-jeux\/multijeux\/multijeux-equilibrium\/agility-5\/#primaryimage"},"image":{"@id":"https:\/\/crous.eu\/fr\/terrains-de-jeux\/multijeux\/multijeux-equilibrium\/agility-5\/#primaryimage"},"thumbnailUrl":"https:\/\/crous.eu\/wp-content\/uploads\/JIK3646S.jpg","datePublished":"2021-11-17T11:45:23+00:00","dateModified":"2022-05-30T14:30:42+00:00","breadcrumb":{"@id":"https:\/\/crous.eu\/fr\/terrains-de-jeux\/multijeux\/multijeux-equilibrium\/agility-5\/#breadcrumb"},"inLanguage":"fr-FR","potentialAction":[{"@type":"ReadAction","target":["https:\/\/crous.eu\/fr\/terrains-de-jeux\/multijeux\/multijeux-equilibrium\/agility-5\/"]}]},{"@type":"ImageObject","inLanguage":"fr-FR","@id":"https:\/\/crous.eu\/fr\/terrains-de-jeux\/multijeux\/multijeux-equilibrium\/agility-5\/#primaryimage","url":"https:\/\/crous.eu\/wp-content\/uploads\/JIK3646S.jpg","contentUrl":"https:\/\/crous.eu\/wp-content\/uploads\/JIK3646S.jpg","width":550,"height":550},{"@type":"BreadcrumbList","@id":"https:\/\/crous.eu\/fr\/terrains-de-jeux\/multijeux\/multijeux-equilibrium\/agility-5\/#breadcrumb","itemListElement":[{"@type":"ListItem","position":1,"name":"Portada","item":"https:\/\/crous.eu\/fr\/"},{"@type":"ListItem","position":2,"name":"Tienda","item":"https:\/\/crous.eu\/tienda\/"},{"@type":"ListItem","position":3,"name":"Agility 5"}]},{"@type":"WebSite","@id":"https:\/\/crous.eu\/fr\/#website","url":"https:\/\/crous.eu\/fr\/","name":"Crous Expert","description":"Personalizamos tu entorno","potentialAction":[{"@type":"SearchAction","target":{"@type":"EntryPoint","urlTemplate":"https:\/\/crous.eu\/fr\/?s={search_term_string}"},"query-input":{"@type":"PropertyValueSpecification","valueRequired":true,"valueName":"search_term_string"}}],"inLanguage":"fr-FR"}]}},"_links":{"self":[{"href":"https:\/\/crous.eu\/fr\/wp-json\/wp\/v2\/product\/22538","targetHints":{"allow":["GET"]}}],"collection":[{"href":"https:\/\/crous.eu\/fr\/wp-json\/wp\/v2\/product"}],"about":[{"href":"https:\/\/crous.eu\/fr\/wp-json\/wp\/v2\/types\/product"}],"wp:featuredmedia":[{"embeddable":true,"href":"https:\/\/crous.eu\/fr\/wp-json\/wp\/v2\/media\/20748"}],"wp:attachment":[{"href":"https:\/\/crous.eu\/fr\/wp-json\/wp\/v2\/media?parent=22538"}],"wp:term":[{"taxonomy":"product_brand","embeddable":true,"href":"https:\/\/crous.eu\/fr\/wp-json\/wp\/v2\/product_brand?post=22538"},{"taxonomy":"product_cat","embeddable":true,"href":"https:\/\/crous.eu\/fr\/wp-json\/wp\/v2\/product_cat?post=22538"},{"taxonomy":"product_tag","embeddable":true,"href":"https:\/\/crous.eu\/fr\/wp-json\/wp\/v2\/product_tag?post=22538"}],"curies":[{"name":"wp","href":"https:\/\/api.w.org\/{rel}","templated":true}]}}