{"id":22544,"date":"2021-11-17T12:45:23","date_gmt":"2021-11-17T11:45:23","guid":{"rendered":"https:\/\/crous.eu\/non%20class\u00e9\/maine-boat\/"},"modified":"2021-11-17T12:45:35","modified_gmt":"2021-11-17T11:45:35","slug":"maine-boat","status":"publish","type":"product","link":"https:\/\/crous.eu\/fr\/terrains-de-jeux\/vehicules\/maine-boat\/","title":{"rendered":"Maine Boat"},"content":{"rendered":"","protected":false},"excerpt":{"rendered":"<p>\u2022 Multijeu sous la forme d&rsquo;un petit bateau qui comprend diff\u00e9rents \u00e9l\u00e9ments entre eux un toboggan, fen\u00eatres et une rampe d&rsquo;acc\u00e8s.<br \/>\n\u2022 Structure principale en bois lamell\u00e9 de 90 x 90 mm.<br \/>\n\u2022 \u00c9l\u00e9ments d\u00e9coratifs en plaques HDPE et PC (polycarbonate).<br \/>\n\u2022 Rampe \u00e0 glissi\u00e8re en acier inoxydable avec panneaux lat\u00e9raux en PEHD.<br \/>\n\u2022 Connecteurs inoxydables et galvanis\u00e9s.<br \/>\n\u2022 Plateformes de planches \u00e0 fentes en bois massif.<br \/>\n\u2022 Pas de bords tranchants ou de fissures qui pourraient poser le coincement de la t\u00eate, les doigts ou toute autre partie de le corps.<br \/>\n\u2022 Toutes les vis recouvertes de capuchons en polyamide.<br \/>\n\u2022 Il est recommand\u00e9 d&rsquo;\u00eatre ancr\u00e9 au sol \u00e0 800 mm au sol.<br \/>\n\u2022 L&rsquo;appareil est con\u00e7u pour les aires de jeux publiques.<br \/>\n\u2022 \u00c2ge d&rsquo;utilisation recommand\u00e9 \u00e0 partir de 1 an.<br \/>\n\u2022 Certifi\u00e9 selon la r\u00e9glementation UNE EN1176.<\/p>\n","protected":false},"featured_media":20800,"template":"","meta":{"_acf_changed":false},"product_brand":[],"product_cat":[665,682],"product_tag":[],"class_list":{"0":"post-22544","1":"product","2":"type-product","3":"status-publish","4":"has-post-thumbnail","6":"product_cat-terrains-de-jeux","7":"product_cat-vehicules","9":"first","10":"instock","11":"product-type-simple"},"acf":[],"yoast_head":"<!-- This site is optimized with the Yoast SEO plugin v27.4 - https:\/\/yoast.com\/product\/yoast-seo-wordpress\/ -->\n<title>Maine Boat - Crous Expert<\/title>\n<meta name=\"robots\" content=\"index, follow, max-snippet:-1, max-image-preview:large, max-video-preview:-1\" \/>\n<link rel=\"canonical\" href=\"https:\/\/crous.eu\/fr\/terrains-de-jeux\/vehicules\/maine-boat\/\" \/>\n<meta property=\"og:locale\" content=\"fr_FR\" \/>\n<meta property=\"og:type\" content=\"article\" \/>\n<meta property=\"og:title\" content=\"Maine Boat - Crous Expert\" \/>\n<meta property=\"og:description\" content=\"\u2022 Multijeu sous la forme d&#039;un petit bateau qui comprend diff\u00e9rents \u00e9l\u00e9ments entre eux un toboggan, fen\u00eatres et une rampe d&#039;acc\u00e8s. \u2022 Structure principale en bois lamell\u00e9 de 90 x 90 mm. \u2022 \u00c9l\u00e9ments d\u00e9coratifs en plaques HDPE et PC (polycarbonate). \u2022 Rampe \u00e0 glissi\u00e8re en acier inoxydable avec panneaux lat\u00e9raux en PEHD. \u2022 Connecteurs inoxydables et galvanis\u00e9s. \u2022 Plateformes de planches \u00e0 fentes en bois massif. \u2022 Pas de bords tranchants ou de fissures qui pourraient poser le coincement de la t\u00eate, les doigts ou toute autre partie de le corps. \u2022 Toutes les vis recouvertes de capuchons en polyamide. \u2022 Il est recommand\u00e9 d&#039;\u00eatre ancr\u00e9 au sol \u00e0 800 mm au sol. \u2022 L&#039;appareil est con\u00e7u pour les aires de jeux publiques. \u2022 \u00c2ge d&#039;utilisation recommand\u00e9 \u00e0 partir de 1 an. \u2022 Certifi\u00e9 selon la r\u00e9glementation UNE EN1176.\" \/>\n<meta property=\"og:url\" content=\"https:\/\/crous.eu\/fr\/terrains-de-jeux\/vehicules\/maine-boat\/\" \/>\n<meta property=\"og:site_name\" content=\"Crous Expert\" \/>\n<meta property=\"article:modified_time\" content=\"2021-11-17T11:45:35+00:00\" \/>\n<meta property=\"og:image\" content=\"https:\/\/crous.eu\/wp-content\/uploads\/JIV3016D.jpg\" \/>\n\t<meta property=\"og:image:width\" content=\"550\" \/>\n\t<meta property=\"og:image:height\" content=\"550\" \/>\n\t<meta property=\"og:image:type\" content=\"image\/jpeg\" \/>\n<meta name=\"twitter:card\" content=\"summary_large_image\" \/>\n<script type=\"application\/ld+json\" class=\"yoast-schema-graph\">{\"@context\":\"https:\\\/\\\/schema.org\",\"@graph\":[{\"@type\":\"WebPage\",\"@id\":\"https:\\\/\\\/crous.eu\\\/fr\\\/terrains-de-jeux\\\/vehicules\\\/maine-boat\\\/\",\"url\":\"https:\\\/\\\/crous.eu\\\/fr\\\/terrains-de-jeux\\\/vehicules\\\/maine-boat\\\/\",\"name\":\"Maine Boat - Crous Expert\",\"isPartOf\":{\"@id\":\"https:\\\/\\\/crous.eu\\\/fr\\\/#website\"},\"primaryImageOfPage\":{\"@id\":\"https:\\\/\\\/crous.eu\\\/fr\\\/terrains-de-jeux\\\/vehicules\\\/maine-boat\\\/#primaryimage\"},\"image\":{\"@id\":\"https:\\\/\\\/crous.eu\\\/fr\\\/terrains-de-jeux\\\/vehicules\\\/maine-boat\\\/#primaryimage\"},\"thumbnailUrl\":\"https:\\\/\\\/crous.eu\\\/wp-content\\\/uploads\\\/JIV3016D.jpg\",\"datePublished\":\"2021-11-17T11:45:23+00:00\",\"dateModified\":\"2021-11-17T11:45:35+00:00\",\"breadcrumb\":{\"@id\":\"https:\\\/\\\/crous.eu\\\/fr\\\/terrains-de-jeux\\\/vehicules\\\/maine-boat\\\/#breadcrumb\"},\"inLanguage\":\"fr-FR\",\"potentialAction\":[{\"@type\":\"ReadAction\",\"target\":[\"https:\\\/\\\/crous.eu\\\/fr\\\/terrains-de-jeux\\\/vehicules\\\/maine-boat\\\/\"]}]},{\"@type\":\"ImageObject\",\"inLanguage\":\"fr-FR\",\"@id\":\"https:\\\/\\\/crous.eu\\\/fr\\\/terrains-de-jeux\\\/vehicules\\\/maine-boat\\\/#primaryimage\",\"url\":\"https:\\\/\\\/crous.eu\\\/wp-content\\\/uploads\\\/JIV3016D.jpg\",\"contentUrl\":\"https:\\\/\\\/crous.eu\\\/wp-content\\\/uploads\\\/JIV3016D.jpg\",\"width\":550,\"height\":550},{\"@type\":\"BreadcrumbList\",\"@id\":\"https:\\\/\\\/crous.eu\\\/fr\\\/terrains-de-jeux\\\/vehicules\\\/maine-boat\\\/#breadcrumb\",\"itemListElement\":[{\"@type\":\"ListItem\",\"position\":1,\"name\":\"Portada\",\"item\":\"https:\\\/\\\/crous.eu\\\/fr\\\/\"},{\"@type\":\"ListItem\",\"position\":2,\"name\":\"Tienda\",\"item\":\"https:\\\/\\\/crous.eu\\\/tienda\\\/\"},{\"@type\":\"ListItem\",\"position\":3,\"name\":\"Maine Boat\"}]},{\"@type\":\"WebSite\",\"@id\":\"https:\\\/\\\/crous.eu\\\/fr\\\/#website\",\"url\":\"https:\\\/\\\/crous.eu\\\/fr\\\/\",\"name\":\"Crous Expert\",\"description\":\"Personalizamos tu entorno\",\"potentialAction\":[{\"@type\":\"SearchAction\",\"target\":{\"@type\":\"EntryPoint\",\"urlTemplate\":\"https:\\\/\\\/crous.eu\\\/fr\\\/?s={search_term_string}\"},\"query-input\":{\"@type\":\"PropertyValueSpecification\",\"valueRequired\":true,\"valueName\":\"search_term_string\"}}],\"inLanguage\":\"fr-FR\"}]}<\/script>\n<!-- \/ Yoast SEO plugin. -->","yoast_head_json":{"title":"Maine Boat - Crous Expert","robots":{"index":"index","follow":"follow","max-snippet":"max-snippet:-1","max-image-preview":"max-image-preview:large","max-video-preview":"max-video-preview:-1"},"canonical":"https:\/\/crous.eu\/fr\/terrains-de-jeux\/vehicules\/maine-boat\/","og_locale":"fr_FR","og_type":"article","og_title":"Maine Boat - Crous Expert","og_description":"\u2022 Multijeu sous la forme d'un petit bateau qui comprend diff\u00e9rents \u00e9l\u00e9ments entre eux un toboggan, fen\u00eatres et une rampe d'acc\u00e8s. \u2022 Structure principale en bois lamell\u00e9 de 90 x 90 mm. \u2022 \u00c9l\u00e9ments d\u00e9coratifs en plaques HDPE et PC (polycarbonate). \u2022 Rampe \u00e0 glissi\u00e8re en acier inoxydable avec panneaux lat\u00e9raux en PEHD. \u2022 Connecteurs inoxydables et galvanis\u00e9s. \u2022 Plateformes de planches \u00e0 fentes en bois massif. \u2022 Pas de bords tranchants ou de fissures qui pourraient poser le coincement de la t\u00eate, les doigts ou toute autre partie de le corps. \u2022 Toutes les vis recouvertes de capuchons en polyamide. \u2022 Il est recommand\u00e9 d'\u00eatre ancr\u00e9 au sol \u00e0 800 mm au sol. \u2022 L'appareil est con\u00e7u pour les aires de jeux publiques. \u2022 \u00c2ge d'utilisation recommand\u00e9 \u00e0 partir de 1 an. \u2022 Certifi\u00e9 selon la r\u00e9glementation UNE EN1176.","og_url":"https:\/\/crous.eu\/fr\/terrains-de-jeux\/vehicules\/maine-boat\/","og_site_name":"Crous Expert","article_modified_time":"2021-11-17T11:45:35+00:00","og_image":[{"width":550,"height":550,"url":"https:\/\/crous.eu\/wp-content\/uploads\/JIV3016D.jpg","type":"image\/jpeg"}],"twitter_card":"summary_large_image","schema":{"@context":"https:\/\/schema.org","@graph":[{"@type":"WebPage","@id":"https:\/\/crous.eu\/fr\/terrains-de-jeux\/vehicules\/maine-boat\/","url":"https:\/\/crous.eu\/fr\/terrains-de-jeux\/vehicules\/maine-boat\/","name":"Maine Boat - Crous Expert","isPartOf":{"@id":"https:\/\/crous.eu\/fr\/#website"},"primaryImageOfPage":{"@id":"https:\/\/crous.eu\/fr\/terrains-de-jeux\/vehicules\/maine-boat\/#primaryimage"},"image":{"@id":"https:\/\/crous.eu\/fr\/terrains-de-jeux\/vehicules\/maine-boat\/#primaryimage"},"thumbnailUrl":"https:\/\/crous.eu\/wp-content\/uploads\/JIV3016D.jpg","datePublished":"2021-11-17T11:45:23+00:00","dateModified":"2021-11-17T11:45:35+00:00","breadcrumb":{"@id":"https:\/\/crous.eu\/fr\/terrains-de-jeux\/vehicules\/maine-boat\/#breadcrumb"},"inLanguage":"fr-FR","potentialAction":[{"@type":"ReadAction","target":["https:\/\/crous.eu\/fr\/terrains-de-jeux\/vehicules\/maine-boat\/"]}]},{"@type":"ImageObject","inLanguage":"fr-FR","@id":"https:\/\/crous.eu\/fr\/terrains-de-jeux\/vehicules\/maine-boat\/#primaryimage","url":"https:\/\/crous.eu\/wp-content\/uploads\/JIV3016D.jpg","contentUrl":"https:\/\/crous.eu\/wp-content\/uploads\/JIV3016D.jpg","width":550,"height":550},{"@type":"BreadcrumbList","@id":"https:\/\/crous.eu\/fr\/terrains-de-jeux\/vehicules\/maine-boat\/#breadcrumb","itemListElement":[{"@type":"ListItem","position":1,"name":"Portada","item":"https:\/\/crous.eu\/fr\/"},{"@type":"ListItem","position":2,"name":"Tienda","item":"https:\/\/crous.eu\/tienda\/"},{"@type":"ListItem","position":3,"name":"Maine Boat"}]},{"@type":"WebSite","@id":"https:\/\/crous.eu\/fr\/#website","url":"https:\/\/crous.eu\/fr\/","name":"Crous Expert","description":"Personalizamos tu entorno","potentialAction":[{"@type":"SearchAction","target":{"@type":"EntryPoint","urlTemplate":"https:\/\/crous.eu\/fr\/?s={search_term_string}"},"query-input":{"@type":"PropertyValueSpecification","valueRequired":true,"valueName":"search_term_string"}}],"inLanguage":"fr-FR"}]}},"_links":{"self":[{"href":"https:\/\/crous.eu\/fr\/wp-json\/wp\/v2\/product\/22544","targetHints":{"allow":["GET"]}}],"collection":[{"href":"https:\/\/crous.eu\/fr\/wp-json\/wp\/v2\/product"}],"about":[{"href":"https:\/\/crous.eu\/fr\/wp-json\/wp\/v2\/types\/product"}],"wp:featuredmedia":[{"embeddable":true,"href":"https:\/\/crous.eu\/fr\/wp-json\/wp\/v2\/media\/20800"}],"wp:attachment":[{"href":"https:\/\/crous.eu\/fr\/wp-json\/wp\/v2\/media?parent=22544"}],"wp:term":[{"taxonomy":"product_brand","embeddable":true,"href":"https:\/\/crous.eu\/fr\/wp-json\/wp\/v2\/product_brand?post=22544"},{"taxonomy":"product_cat","embeddable":true,"href":"https:\/\/crous.eu\/fr\/wp-json\/wp\/v2\/product_cat?post=22544"},{"taxonomy":"product_tag","embeddable":true,"href":"https:\/\/crous.eu\/fr\/wp-json\/wp\/v2\/product_tag?post=22544"}],"curies":[{"name":"wp","href":"https:\/\/api.w.org\/{rel}","templated":true}]}}