{"id":22551,"date":"2021-11-15T12:13:08","date_gmt":"2021-11-17T11:45:23","guid":{"rendered":"https:\/\/crous.eu\/non%20class\u00e9\/steel-spring-rocker-2-seats\/"},"modified":"2021-11-17T12:45:44","modified_gmt":"2021-11-17T11:45:44","slug":"steel-spring-rocker-2-seats","status":"publish","type":"product","link":"https:\/\/crous.eu\/fr\/terrains-de-jeux\/ressorts-et-balances\/steel-spring-rocker-2-seats\/","title":{"rendered":"Steel Spring Rocker 2 seats"},"content":{"rendered":"","protected":false},"excerpt":{"rendered":"<p>\u2022 Double balan\u00e7oire \u00e0 structure en acier pour terrains de jeux.<br \/>\n\u2022 Construction en acier galvanis\u00e9 et recouvert de poussi\u00e8re.<br \/>\n\u2022 Connecteurs en acier inoxydable et galvanis\u00e9.<br \/>\n\u2022 Panneaux d\u00e9coratifs fabriqu\u00e9s \u00e0 partir de plaques HDPE.<br \/>\n\u2022 Sans bords pointus ni fissures susceptibles de pr\u00e9senter un danger pour le blocage de la t\u00eate,<br \/>\n   les doigts ou toute autre partie du corps.<br \/>\n\u2022 Toutes les vis recouvertes de couvercles en polyamide.<br \/>\n\u2022 Son ancrage est recommand\u00e9 \u00e0 800 mm au sol.<br \/>\n\u2022 Le dispositif est con\u00e7u pour \u00eatre install\u00e9 \u00e0 l\u2019ext\u00e9rieur.<br \/>\n\u2022 Certifi\u00e9 selon la r\u00e9glementation UNE EN1176.<\/p>\n","protected":false},"featured_media":21984,"template":"","meta":{"_acf_changed":false},"product_brand":[],"product_cat":[667,665],"product_tag":[],"class_list":{"0":"post-22551","1":"product","2":"type-product","3":"status-publish","4":"has-post-thumbnail","6":"product_cat-ressorts-et-balances","7":"product_cat-terrains-de-jeux","9":"first","10":"instock","11":"product-type-simple"},"acf":[],"yoast_head":"<!-- This site is optimized with the Yoast SEO plugin v27.4 - https:\/\/yoast.com\/product\/yoast-seo-wordpress\/ -->\n<title>Steel Spring Rocker 2 seats - Crous Expert<\/title>\n<meta name=\"robots\" content=\"index, follow, max-snippet:-1, max-image-preview:large, max-video-preview:-1\" \/>\n<link rel=\"canonical\" href=\"https:\/\/crous.eu\/fr\/terrains-de-jeux\/ressorts-et-balances\/steel-spring-rocker-2-seats\/\" \/>\n<meta property=\"og:locale\" content=\"fr_FR\" \/>\n<meta property=\"og:type\" content=\"article\" \/>\n<meta property=\"og:title\" content=\"Steel Spring Rocker 2 seats - Crous Expert\" \/>\n<meta property=\"og:description\" content=\"\u2022 Double balan\u00e7oire \u00e0 structure en acier pour terrains de jeux. \u2022 Construction en acier galvanis\u00e9 et recouvert de poussi\u00e8re. \u2022 Connecteurs en acier inoxydable et galvanis\u00e9. \u2022 Panneaux d\u00e9coratifs fabriqu\u00e9s \u00e0 partir de plaques HDPE. \u2022 Sans bords pointus ni fissures susceptibles de pr\u00e9senter un danger pour le blocage de la t\u00eate,  les doigts ou toute autre partie du corps. \u2022 Toutes les vis recouvertes de couvercles en polyamide. \u2022 Son ancrage est recommand\u00e9 \u00e0 800 mm au sol. \u2022 Le dispositif est con\u00e7u pour \u00eatre install\u00e9 \u00e0 l\u2019ext\u00e9rieur. \u2022 Certifi\u00e9 selon la r\u00e9glementation UNE EN1176.\" \/>\n<meta property=\"og:url\" content=\"https:\/\/crous.eu\/fr\/terrains-de-jeux\/ressorts-et-balances\/steel-spring-rocker-2-seats\/\" \/>\n<meta property=\"og:site_name\" content=\"Crous Expert\" \/>\n<meta property=\"article:modified_time\" content=\"2021-11-17T11:45:44+00:00\" \/>\n<meta property=\"og:image\" content=\"https:\/\/crous.eu\/wp-content\/uploads\/JIB3506S.jpg\" \/>\n\t<meta property=\"og:image:width\" content=\"550\" \/>\n\t<meta property=\"og:image:height\" content=\"550\" \/>\n\t<meta property=\"og:image:type\" content=\"image\/jpeg\" \/>\n<meta name=\"twitter:card\" content=\"summary_large_image\" \/>\n<script type=\"application\/ld+json\" class=\"yoast-schema-graph\">{\"@context\":\"https:\\\/\\\/schema.org\",\"@graph\":[{\"@type\":\"WebPage\",\"@id\":\"https:\\\/\\\/crous.eu\\\/fr\\\/terrains-de-jeux\\\/ressorts-et-balances\\\/steel-spring-rocker-2-seats\\\/\",\"url\":\"https:\\\/\\\/crous.eu\\\/fr\\\/terrains-de-jeux\\\/ressorts-et-balances\\\/steel-spring-rocker-2-seats\\\/\",\"name\":\"Steel Spring Rocker 2 seats - Crous Expert\",\"isPartOf\":{\"@id\":\"https:\\\/\\\/crous.eu\\\/fr\\\/#website\"},\"primaryImageOfPage\":{\"@id\":\"https:\\\/\\\/crous.eu\\\/fr\\\/terrains-de-jeux\\\/ressorts-et-balances\\\/steel-spring-rocker-2-seats\\\/#primaryimage\"},\"image\":{\"@id\":\"https:\\\/\\\/crous.eu\\\/fr\\\/terrains-de-jeux\\\/ressorts-et-balances\\\/steel-spring-rocker-2-seats\\\/#primaryimage\"},\"thumbnailUrl\":\"https:\\\/\\\/crous.eu\\\/wp-content\\\/uploads\\\/JIB3506S.jpg\",\"datePublished\":\"2021-11-17T11:45:23+00:00\",\"dateModified\":\"2021-11-17T11:45:44+00:00\",\"breadcrumb\":{\"@id\":\"https:\\\/\\\/crous.eu\\\/fr\\\/terrains-de-jeux\\\/ressorts-et-balances\\\/steel-spring-rocker-2-seats\\\/#breadcrumb\"},\"inLanguage\":\"fr-FR\",\"potentialAction\":[{\"@type\":\"ReadAction\",\"target\":[\"https:\\\/\\\/crous.eu\\\/fr\\\/terrains-de-jeux\\\/ressorts-et-balances\\\/steel-spring-rocker-2-seats\\\/\"]}]},{\"@type\":\"ImageObject\",\"inLanguage\":\"fr-FR\",\"@id\":\"https:\\\/\\\/crous.eu\\\/fr\\\/terrains-de-jeux\\\/ressorts-et-balances\\\/steel-spring-rocker-2-seats\\\/#primaryimage\",\"url\":\"https:\\\/\\\/crous.eu\\\/wp-content\\\/uploads\\\/JIB3506S.jpg\",\"contentUrl\":\"https:\\\/\\\/crous.eu\\\/wp-content\\\/uploads\\\/JIB3506S.jpg\",\"width\":550,\"height\":550},{\"@type\":\"BreadcrumbList\",\"@id\":\"https:\\\/\\\/crous.eu\\\/fr\\\/terrains-de-jeux\\\/ressorts-et-balances\\\/steel-spring-rocker-2-seats\\\/#breadcrumb\",\"itemListElement\":[{\"@type\":\"ListItem\",\"position\":1,\"name\":\"Portada\",\"item\":\"https:\\\/\\\/crous.eu\\\/fr\\\/\"},{\"@type\":\"ListItem\",\"position\":2,\"name\":\"Tienda\",\"item\":\"https:\\\/\\\/crous.eu\\\/tienda\\\/\"},{\"@type\":\"ListItem\",\"position\":3,\"name\":\"Steel Spring Rocker 2 seats\"}]},{\"@type\":\"WebSite\",\"@id\":\"https:\\\/\\\/crous.eu\\\/fr\\\/#website\",\"url\":\"https:\\\/\\\/crous.eu\\\/fr\\\/\",\"name\":\"Crous Expert\",\"description\":\"Personalizamos tu entorno\",\"potentialAction\":[{\"@type\":\"SearchAction\",\"target\":{\"@type\":\"EntryPoint\",\"urlTemplate\":\"https:\\\/\\\/crous.eu\\\/fr\\\/?s={search_term_string}\"},\"query-input\":{\"@type\":\"PropertyValueSpecification\",\"valueRequired\":true,\"valueName\":\"search_term_string\"}}],\"inLanguage\":\"fr-FR\"}]}<\/script>\n<!-- \/ Yoast SEO plugin. -->","yoast_head_json":{"title":"Steel Spring Rocker 2 seats - Crous Expert","robots":{"index":"index","follow":"follow","max-snippet":"max-snippet:-1","max-image-preview":"max-image-preview:large","max-video-preview":"max-video-preview:-1"},"canonical":"https:\/\/crous.eu\/fr\/terrains-de-jeux\/ressorts-et-balances\/steel-spring-rocker-2-seats\/","og_locale":"fr_FR","og_type":"article","og_title":"Steel Spring Rocker 2 seats - Crous Expert","og_description":"\u2022 Double balan\u00e7oire \u00e0 structure en acier pour terrains de jeux. \u2022 Construction en acier galvanis\u00e9 et recouvert de poussi\u00e8re. \u2022 Connecteurs en acier inoxydable et galvanis\u00e9. \u2022 Panneaux d\u00e9coratifs fabriqu\u00e9s \u00e0 partir de plaques HDPE. \u2022 Sans bords pointus ni fissures susceptibles de pr\u00e9senter un danger pour le blocage de la t\u00eate,  les doigts ou toute autre partie du corps. \u2022 Toutes les vis recouvertes de couvercles en polyamide. \u2022 Son ancrage est recommand\u00e9 \u00e0 800 mm au sol. \u2022 Le dispositif est con\u00e7u pour \u00eatre install\u00e9 \u00e0 l\u2019ext\u00e9rieur. \u2022 Certifi\u00e9 selon la r\u00e9glementation UNE EN1176.","og_url":"https:\/\/crous.eu\/fr\/terrains-de-jeux\/ressorts-et-balances\/steel-spring-rocker-2-seats\/","og_site_name":"Crous Expert","article_modified_time":"2021-11-17T11:45:44+00:00","og_image":[{"width":550,"height":550,"url":"https:\/\/crous.eu\/wp-content\/uploads\/JIB3506S.jpg","type":"image\/jpeg"}],"twitter_card":"summary_large_image","schema":{"@context":"https:\/\/schema.org","@graph":[{"@type":"WebPage","@id":"https:\/\/crous.eu\/fr\/terrains-de-jeux\/ressorts-et-balances\/steel-spring-rocker-2-seats\/","url":"https:\/\/crous.eu\/fr\/terrains-de-jeux\/ressorts-et-balances\/steel-spring-rocker-2-seats\/","name":"Steel Spring Rocker 2 seats - Crous Expert","isPartOf":{"@id":"https:\/\/crous.eu\/fr\/#website"},"primaryImageOfPage":{"@id":"https:\/\/crous.eu\/fr\/terrains-de-jeux\/ressorts-et-balances\/steel-spring-rocker-2-seats\/#primaryimage"},"image":{"@id":"https:\/\/crous.eu\/fr\/terrains-de-jeux\/ressorts-et-balances\/steel-spring-rocker-2-seats\/#primaryimage"},"thumbnailUrl":"https:\/\/crous.eu\/wp-content\/uploads\/JIB3506S.jpg","datePublished":"2021-11-17T11:45:23+00:00","dateModified":"2021-11-17T11:45:44+00:00","breadcrumb":{"@id":"https:\/\/crous.eu\/fr\/terrains-de-jeux\/ressorts-et-balances\/steel-spring-rocker-2-seats\/#breadcrumb"},"inLanguage":"fr-FR","potentialAction":[{"@type":"ReadAction","target":["https:\/\/crous.eu\/fr\/terrains-de-jeux\/ressorts-et-balances\/steel-spring-rocker-2-seats\/"]}]},{"@type":"ImageObject","inLanguage":"fr-FR","@id":"https:\/\/crous.eu\/fr\/terrains-de-jeux\/ressorts-et-balances\/steel-spring-rocker-2-seats\/#primaryimage","url":"https:\/\/crous.eu\/wp-content\/uploads\/JIB3506S.jpg","contentUrl":"https:\/\/crous.eu\/wp-content\/uploads\/JIB3506S.jpg","width":550,"height":550},{"@type":"BreadcrumbList","@id":"https:\/\/crous.eu\/fr\/terrains-de-jeux\/ressorts-et-balances\/steel-spring-rocker-2-seats\/#breadcrumb","itemListElement":[{"@type":"ListItem","position":1,"name":"Portada","item":"https:\/\/crous.eu\/fr\/"},{"@type":"ListItem","position":2,"name":"Tienda","item":"https:\/\/crous.eu\/tienda\/"},{"@type":"ListItem","position":3,"name":"Steel Spring Rocker 2 seats"}]},{"@type":"WebSite","@id":"https:\/\/crous.eu\/fr\/#website","url":"https:\/\/crous.eu\/fr\/","name":"Crous Expert","description":"Personalizamos tu entorno","potentialAction":[{"@type":"SearchAction","target":{"@type":"EntryPoint","urlTemplate":"https:\/\/crous.eu\/fr\/?s={search_term_string}"},"query-input":{"@type":"PropertyValueSpecification","valueRequired":true,"valueName":"search_term_string"}}],"inLanguage":"fr-FR"}]}},"_links":{"self":[{"href":"https:\/\/crous.eu\/fr\/wp-json\/wp\/v2\/product\/22551","targetHints":{"allow":["GET"]}}],"collection":[{"href":"https:\/\/crous.eu\/fr\/wp-json\/wp\/v2\/product"}],"about":[{"href":"https:\/\/crous.eu\/fr\/wp-json\/wp\/v2\/types\/product"}],"wp:featuredmedia":[{"embeddable":true,"href":"https:\/\/crous.eu\/fr\/wp-json\/wp\/v2\/media\/21984"}],"wp:attachment":[{"href":"https:\/\/crous.eu\/fr\/wp-json\/wp\/v2\/media?parent=22551"}],"wp:term":[{"taxonomy":"product_brand","embeddable":true,"href":"https:\/\/crous.eu\/fr\/wp-json\/wp\/v2\/product_brand?post=22551"},{"taxonomy":"product_cat","embeddable":true,"href":"https:\/\/crous.eu\/fr\/wp-json\/wp\/v2\/product_cat?post=22551"},{"taxonomy":"product_tag","embeddable":true,"href":"https:\/\/crous.eu\/fr\/wp-json\/wp\/v2\/product_tag?post=22551"}],"curies":[{"name":"wp","href":"https:\/\/api.w.org\/{rel}","templated":true}]}}