{"id":22604,"date":"2021-11-17T12:46:55","date_gmt":"2021-11-17T11:46:55","guid":{"rendered":"https:\/\/crous.eu\/non%20class\u00e9\/net-54m\/"},"modified":"2021-11-17T12:47:07","modified_gmt":"2021-11-17T11:47:07","slug":"net-54m","status":"publish","type":"product","link":"https:\/\/crous.eu\/fr\/terrains-de-jeux\/tyroliennes-tours-et-filets\/net-54m\/","title":{"rendered":"Net 5,4m"},"content":{"rendered":"","protected":false},"excerpt":{"rendered":"<p>\u2022 Jeu de filet d&rsquo;escalade.<br \/>\n\u2022 Cordes en polypropyl\u00e8ne avec \u00e2me en acier.<br \/>\n\u2022 Connecteurs inoxydables et galvanis\u00e9s.<br \/>\n\u2022 Sans ar\u00eates vives ni fissures pouvant pr\u00e9senter un danger de bourrage de la t\u00eate, la doigts ou toute autre partie du corps.<br \/>\n\u2022 Toutes les vis recouvertes de couvercles en polyamide.<br \/>\n\u2022 Il est recommand\u00e9 de l&rsquo;ancrer au sol \u00e0 800 mm au sol.<br \/>\n\u2022 L&rsquo;appareil est con\u00e7u pour les aires de jeux publiques.<br \/>\n\u2022 \u00c2ge d&rsquo;utilisation recommand\u00e9 \u00e0 partir de 5 ans.<br \/>\n\u2022 Certificat selon la r\u00e9glementation UNE EN1176.<\/p>\n","protected":false},"featured_media":21008,"template":"","meta":{"_acf_changed":false},"product_brand":[],"product_cat":[665,679],"product_tag":[],"class_list":{"0":"post-22604","1":"product","2":"type-product","3":"status-publish","4":"has-post-thumbnail","6":"product_cat-terrains-de-jeux","7":"product_cat-tyroliennes-tours-et-filets","9":"first","10":"instock","11":"product-type-simple"},"acf":[],"yoast_head":"<!-- This site is optimized with the Yoast SEO plugin v27.4 - https:\/\/yoast.com\/product\/yoast-seo-wordpress\/ -->\n<title>Net 5,4m - Crous Expert<\/title>\n<meta name=\"robots\" content=\"index, follow, max-snippet:-1, max-image-preview:large, max-video-preview:-1\" \/>\n<link rel=\"canonical\" href=\"https:\/\/crous.eu\/fr\/terrains-de-jeux\/tyroliennes-tours-et-filets\/net-54m\/\" \/>\n<meta property=\"og:locale\" content=\"fr_FR\" \/>\n<meta property=\"og:type\" content=\"article\" \/>\n<meta property=\"og:title\" content=\"Net 5,4m - Crous Expert\" \/>\n<meta property=\"og:description\" content=\"\u2022 Jeu de filet d&#039;escalade. \u2022 Cordes en polypropyl\u00e8ne avec \u00e2me en acier. \u2022 Connecteurs inoxydables et galvanis\u00e9s. \u2022 Sans ar\u00eates vives ni fissures pouvant pr\u00e9senter un danger de bourrage de la t\u00eate, la doigts ou toute autre partie du corps. \u2022 Toutes les vis recouvertes de couvercles en polyamide. \u2022 Il est recommand\u00e9 de l&#039;ancrer au sol \u00e0 800 mm au sol. \u2022 L&#039;appareil est con\u00e7u pour les aires de jeux publiques. \u2022 \u00c2ge d&#039;utilisation recommand\u00e9 \u00e0 partir de 5 ans. \u2022 Certificat selon la r\u00e9glementation UNE EN1176.\" \/>\n<meta property=\"og:url\" content=\"https:\/\/crous.eu\/fr\/terrains-de-jeux\/tyroliennes-tours-et-filets\/net-54m\/\" \/>\n<meta property=\"og:site_name\" content=\"Crous Expert\" \/>\n<meta property=\"article:modified_time\" content=\"2021-11-17T11:47:07+00:00\" \/>\n<meta property=\"og:image\" content=\"https:\/\/crous.eu\/wp-content\/uploads\/JIX4003S.jpg\" \/>\n\t<meta property=\"og:image:width\" content=\"550\" \/>\n\t<meta property=\"og:image:height\" content=\"550\" \/>\n\t<meta property=\"og:image:type\" content=\"image\/jpeg\" \/>\n<meta name=\"twitter:card\" content=\"summary_large_image\" \/>\n<script type=\"application\/ld+json\" class=\"yoast-schema-graph\">{\"@context\":\"https:\\\/\\\/schema.org\",\"@graph\":[{\"@type\":\"WebPage\",\"@id\":\"https:\\\/\\\/crous.eu\\\/fr\\\/terrains-de-jeux\\\/tyroliennes-tours-et-filets\\\/net-54m\\\/\",\"url\":\"https:\\\/\\\/crous.eu\\\/fr\\\/terrains-de-jeux\\\/tyroliennes-tours-et-filets\\\/net-54m\\\/\",\"name\":\"Net 5,4m - Crous Expert\",\"isPartOf\":{\"@id\":\"https:\\\/\\\/crous.eu\\\/fr\\\/#website\"},\"primaryImageOfPage\":{\"@id\":\"https:\\\/\\\/crous.eu\\\/fr\\\/terrains-de-jeux\\\/tyroliennes-tours-et-filets\\\/net-54m\\\/#primaryimage\"},\"image\":{\"@id\":\"https:\\\/\\\/crous.eu\\\/fr\\\/terrains-de-jeux\\\/tyroliennes-tours-et-filets\\\/net-54m\\\/#primaryimage\"},\"thumbnailUrl\":\"https:\\\/\\\/crous.eu\\\/wp-content\\\/uploads\\\/JIX4003S.jpg\",\"datePublished\":\"2021-11-17T11:46:55+00:00\",\"dateModified\":\"2021-11-17T11:47:07+00:00\",\"breadcrumb\":{\"@id\":\"https:\\\/\\\/crous.eu\\\/fr\\\/terrains-de-jeux\\\/tyroliennes-tours-et-filets\\\/net-54m\\\/#breadcrumb\"},\"inLanguage\":\"fr-FR\",\"potentialAction\":[{\"@type\":\"ReadAction\",\"target\":[\"https:\\\/\\\/crous.eu\\\/fr\\\/terrains-de-jeux\\\/tyroliennes-tours-et-filets\\\/net-54m\\\/\"]}]},{\"@type\":\"ImageObject\",\"inLanguage\":\"fr-FR\",\"@id\":\"https:\\\/\\\/crous.eu\\\/fr\\\/terrains-de-jeux\\\/tyroliennes-tours-et-filets\\\/net-54m\\\/#primaryimage\",\"url\":\"https:\\\/\\\/crous.eu\\\/wp-content\\\/uploads\\\/JIX4003S.jpg\",\"contentUrl\":\"https:\\\/\\\/crous.eu\\\/wp-content\\\/uploads\\\/JIX4003S.jpg\",\"width\":550,\"height\":550},{\"@type\":\"BreadcrumbList\",\"@id\":\"https:\\\/\\\/crous.eu\\\/fr\\\/terrains-de-jeux\\\/tyroliennes-tours-et-filets\\\/net-54m\\\/#breadcrumb\",\"itemListElement\":[{\"@type\":\"ListItem\",\"position\":1,\"name\":\"Portada\",\"item\":\"https:\\\/\\\/crous.eu\\\/fr\\\/\"},{\"@type\":\"ListItem\",\"position\":2,\"name\":\"Tienda\",\"item\":\"https:\\\/\\\/crous.eu\\\/tienda\\\/\"},{\"@type\":\"ListItem\",\"position\":3,\"name\":\"Net 5,4m\"}]},{\"@type\":\"WebSite\",\"@id\":\"https:\\\/\\\/crous.eu\\\/fr\\\/#website\",\"url\":\"https:\\\/\\\/crous.eu\\\/fr\\\/\",\"name\":\"Crous Expert\",\"description\":\"Personalizamos tu entorno\",\"potentialAction\":[{\"@type\":\"SearchAction\",\"target\":{\"@type\":\"EntryPoint\",\"urlTemplate\":\"https:\\\/\\\/crous.eu\\\/fr\\\/?s={search_term_string}\"},\"query-input\":{\"@type\":\"PropertyValueSpecification\",\"valueRequired\":true,\"valueName\":\"search_term_string\"}}],\"inLanguage\":\"fr-FR\"}]}<\/script>\n<!-- \/ Yoast SEO plugin. -->","yoast_head_json":{"title":"Net 5,4m - Crous Expert","robots":{"index":"index","follow":"follow","max-snippet":"max-snippet:-1","max-image-preview":"max-image-preview:large","max-video-preview":"max-video-preview:-1"},"canonical":"https:\/\/crous.eu\/fr\/terrains-de-jeux\/tyroliennes-tours-et-filets\/net-54m\/","og_locale":"fr_FR","og_type":"article","og_title":"Net 5,4m - Crous Expert","og_description":"\u2022 Jeu de filet d'escalade. \u2022 Cordes en polypropyl\u00e8ne avec \u00e2me en acier. \u2022 Connecteurs inoxydables et galvanis\u00e9s. \u2022 Sans ar\u00eates vives ni fissures pouvant pr\u00e9senter un danger de bourrage de la t\u00eate, la doigts ou toute autre partie du corps. \u2022 Toutes les vis recouvertes de couvercles en polyamide. \u2022 Il est recommand\u00e9 de l'ancrer au sol \u00e0 800 mm au sol. \u2022 L'appareil est con\u00e7u pour les aires de jeux publiques. \u2022 \u00c2ge d'utilisation recommand\u00e9 \u00e0 partir de 5 ans. \u2022 Certificat selon la r\u00e9glementation UNE EN1176.","og_url":"https:\/\/crous.eu\/fr\/terrains-de-jeux\/tyroliennes-tours-et-filets\/net-54m\/","og_site_name":"Crous Expert","article_modified_time":"2021-11-17T11:47:07+00:00","og_image":[{"width":550,"height":550,"url":"https:\/\/crous.eu\/wp-content\/uploads\/JIX4003S.jpg","type":"image\/jpeg"}],"twitter_card":"summary_large_image","schema":{"@context":"https:\/\/schema.org","@graph":[{"@type":"WebPage","@id":"https:\/\/crous.eu\/fr\/terrains-de-jeux\/tyroliennes-tours-et-filets\/net-54m\/","url":"https:\/\/crous.eu\/fr\/terrains-de-jeux\/tyroliennes-tours-et-filets\/net-54m\/","name":"Net 5,4m - Crous Expert","isPartOf":{"@id":"https:\/\/crous.eu\/fr\/#website"},"primaryImageOfPage":{"@id":"https:\/\/crous.eu\/fr\/terrains-de-jeux\/tyroliennes-tours-et-filets\/net-54m\/#primaryimage"},"image":{"@id":"https:\/\/crous.eu\/fr\/terrains-de-jeux\/tyroliennes-tours-et-filets\/net-54m\/#primaryimage"},"thumbnailUrl":"https:\/\/crous.eu\/wp-content\/uploads\/JIX4003S.jpg","datePublished":"2021-11-17T11:46:55+00:00","dateModified":"2021-11-17T11:47:07+00:00","breadcrumb":{"@id":"https:\/\/crous.eu\/fr\/terrains-de-jeux\/tyroliennes-tours-et-filets\/net-54m\/#breadcrumb"},"inLanguage":"fr-FR","potentialAction":[{"@type":"ReadAction","target":["https:\/\/crous.eu\/fr\/terrains-de-jeux\/tyroliennes-tours-et-filets\/net-54m\/"]}]},{"@type":"ImageObject","inLanguage":"fr-FR","@id":"https:\/\/crous.eu\/fr\/terrains-de-jeux\/tyroliennes-tours-et-filets\/net-54m\/#primaryimage","url":"https:\/\/crous.eu\/wp-content\/uploads\/JIX4003S.jpg","contentUrl":"https:\/\/crous.eu\/wp-content\/uploads\/JIX4003S.jpg","width":550,"height":550},{"@type":"BreadcrumbList","@id":"https:\/\/crous.eu\/fr\/terrains-de-jeux\/tyroliennes-tours-et-filets\/net-54m\/#breadcrumb","itemListElement":[{"@type":"ListItem","position":1,"name":"Portada","item":"https:\/\/crous.eu\/fr\/"},{"@type":"ListItem","position":2,"name":"Tienda","item":"https:\/\/crous.eu\/tienda\/"},{"@type":"ListItem","position":3,"name":"Net 5,4m"}]},{"@type":"WebSite","@id":"https:\/\/crous.eu\/fr\/#website","url":"https:\/\/crous.eu\/fr\/","name":"Crous Expert","description":"Personalizamos tu entorno","potentialAction":[{"@type":"SearchAction","target":{"@type":"EntryPoint","urlTemplate":"https:\/\/crous.eu\/fr\/?s={search_term_string}"},"query-input":{"@type":"PropertyValueSpecification","valueRequired":true,"valueName":"search_term_string"}}],"inLanguage":"fr-FR"}]}},"_links":{"self":[{"href":"https:\/\/crous.eu\/fr\/wp-json\/wp\/v2\/product\/22604","targetHints":{"allow":["GET"]}}],"collection":[{"href":"https:\/\/crous.eu\/fr\/wp-json\/wp\/v2\/product"}],"about":[{"href":"https:\/\/crous.eu\/fr\/wp-json\/wp\/v2\/types\/product"}],"wp:featuredmedia":[{"embeddable":true,"href":"https:\/\/crous.eu\/fr\/wp-json\/wp\/v2\/media\/21008"}],"wp:attachment":[{"href":"https:\/\/crous.eu\/fr\/wp-json\/wp\/v2\/media?parent=22604"}],"wp:term":[{"taxonomy":"product_brand","embeddable":true,"href":"https:\/\/crous.eu\/fr\/wp-json\/wp\/v2\/product_brand?post=22604"},{"taxonomy":"product_cat","embeddable":true,"href":"https:\/\/crous.eu\/fr\/wp-json\/wp\/v2\/product_cat?post=22604"},{"taxonomy":"product_tag","embeddable":true,"href":"https:\/\/crous.eu\/fr\/wp-json\/wp\/v2\/product_tag?post=22604"}],"curies":[{"name":"wp","href":"https:\/\/api.w.org\/{rel}","templated":true}]}}