{"id":22721,"date":"2021-11-15T12:17:02","date_gmt":"2021-11-17T11:49:43","guid":{"rendered":"https:\/\/crous.eu\/non%20class\u00e9\/harare-playhouse\/"},"modified":"2022-05-04T08:58:42","modified_gmt":"2022-05-04T06:58:42","slug":"harare-playhouse","status":"publish","type":"product","link":"https:\/\/crous.eu\/fr\/terrains-de-jeux\/multijeux\/multijeux-africa\/harare-playhouse\/","title":{"rendered":"Harare playhouse"},"content":{"rendered":"","protected":false},"excerpt":{"rendered":"<p>\u2022 Maison de jeu appartenant \u00e0 la gamme CONTINENTAL form\u00e9 avec des \u00e9l\u00e9ments \u00e9ducatifs.<br \/>\n\u2022 Comprend deux bancs, une porte d\u2019entr\u00e9e et un toit.<br \/>\n\u2022 Construction en bois stratifi\u00e9 de 90&#215;90 mm.<br \/>\n\u2022 Connecteurs inoxydables et galvanis\u00e9s.<br \/>\n\u2022 Panneaux d\u00e9coratifs en plastique poly\u00e9thyl\u00e8ne (PEHD).<br \/>\n\u2022 L\u2019appareil est con\u00e7u pour une installation en ext\u00e9rieur.<br \/>\n\u2022 Certifi\u00e9 selon la r\u00e9glementation UNE EN1176.<\/p>\n","protected":false},"featured_media":21188,"template":"","meta":{"_acf_changed":false},"product_brand":[],"product_cat":[671,668,766,665],"product_tag":[],"class_list":{"0":"post-22721","1":"product","2":"type-product","3":"status-publish","4":"has-post-thumbnail","6":"product_cat-maisons-de-jeu-et-accessoires","7":"product_cat-multijeux","8":"product_cat-multijeux-africa","9":"product_cat-terrains-de-jeux","11":"first","12":"instock","13":"product-type-simple"},"acf":[],"yoast_head":"<!-- This site is optimized with the Yoast SEO plugin v27.4 - https:\/\/yoast.com\/product\/yoast-seo-wordpress\/ -->\n<title>Harare playhouse - Crous Expert<\/title>\n<meta name=\"robots\" content=\"index, follow, max-snippet:-1, max-image-preview:large, max-video-preview:-1\" \/>\n<link rel=\"canonical\" href=\"https:\/\/crous.eu\/fr\/terrains-de-jeux\/multijeux\/multijeux-africa\/harare-playhouse\/\" \/>\n<meta property=\"og:locale\" content=\"fr_FR\" \/>\n<meta property=\"og:type\" content=\"article\" \/>\n<meta property=\"og:title\" content=\"Harare playhouse - Crous Expert\" \/>\n<meta property=\"og:description\" content=\"\u2022 Maison de jeu appartenant \u00e0 la gamme CONTINENTAL form\u00e9 avec des \u00e9l\u00e9ments \u00e9ducatifs. \u2022 Comprend deux bancs, une porte d\u2019entr\u00e9e et un toit. \u2022 Construction en bois stratifi\u00e9 de 90x90 mm. \u2022 Connecteurs inoxydables et galvanis\u00e9s. \u2022 Panneaux d\u00e9coratifs en plastique poly\u00e9thyl\u00e8ne (PEHD). \u2022 L\u2019appareil est con\u00e7u pour une installation en ext\u00e9rieur. \u2022 Certifi\u00e9 selon la r\u00e9glementation UNE EN1176.\" \/>\n<meta property=\"og:url\" content=\"https:\/\/crous.eu\/fr\/terrains-de-jeux\/multijeux\/multijeux-africa\/harare-playhouse\/\" \/>\n<meta property=\"og:site_name\" content=\"Crous Expert\" \/>\n<meta property=\"article:modified_time\" content=\"2022-05-04T06:58:42+00:00\" \/>\n<meta property=\"og:image\" content=\"https:\/\/crous.eu\/wp-content\/uploads\/JIH3017D-e1637327126432.jpg\" \/>\n\t<meta property=\"og:image:width\" content=\"550\" \/>\n\t<meta property=\"og:image:height\" content=\"550\" \/>\n\t<meta property=\"og:image:type\" content=\"image\/jpeg\" \/>\n<meta name=\"twitter:card\" content=\"summary_large_image\" \/>\n<script type=\"application\/ld+json\" class=\"yoast-schema-graph\">{\"@context\":\"https:\\\/\\\/schema.org\",\"@graph\":[{\"@type\":\"WebPage\",\"@id\":\"https:\\\/\\\/crous.eu\\\/fr\\\/terrains-de-jeux\\\/multijeux\\\/multijeux-africa\\\/harare-playhouse\\\/\",\"url\":\"https:\\\/\\\/crous.eu\\\/fr\\\/terrains-de-jeux\\\/multijeux\\\/multijeux-africa\\\/harare-playhouse\\\/\",\"name\":\"Harare playhouse - Crous Expert\",\"isPartOf\":{\"@id\":\"https:\\\/\\\/crous.eu\\\/fr\\\/#website\"},\"primaryImageOfPage\":{\"@id\":\"https:\\\/\\\/crous.eu\\\/fr\\\/terrains-de-jeux\\\/multijeux\\\/multijeux-africa\\\/harare-playhouse\\\/#primaryimage\"},\"image\":{\"@id\":\"https:\\\/\\\/crous.eu\\\/fr\\\/terrains-de-jeux\\\/multijeux\\\/multijeux-africa\\\/harare-playhouse\\\/#primaryimage\"},\"thumbnailUrl\":\"https:\\\/\\\/crous.eu\\\/wp-content\\\/uploads\\\/JIH3017D-e1637327126432.jpg\",\"datePublished\":\"2021-11-17T11:49:43+00:00\",\"dateModified\":\"2022-05-04T06:58:42+00:00\",\"breadcrumb\":{\"@id\":\"https:\\\/\\\/crous.eu\\\/fr\\\/terrains-de-jeux\\\/multijeux\\\/multijeux-africa\\\/harare-playhouse\\\/#breadcrumb\"},\"inLanguage\":\"fr-FR\",\"potentialAction\":[{\"@type\":\"ReadAction\",\"target\":[\"https:\\\/\\\/crous.eu\\\/fr\\\/terrains-de-jeux\\\/multijeux\\\/multijeux-africa\\\/harare-playhouse\\\/\"]}]},{\"@type\":\"ImageObject\",\"inLanguage\":\"fr-FR\",\"@id\":\"https:\\\/\\\/crous.eu\\\/fr\\\/terrains-de-jeux\\\/multijeux\\\/multijeux-africa\\\/harare-playhouse\\\/#primaryimage\",\"url\":\"https:\\\/\\\/crous.eu\\\/wp-content\\\/uploads\\\/JIH3017D-e1637327126432.jpg\",\"contentUrl\":\"https:\\\/\\\/crous.eu\\\/wp-content\\\/uploads\\\/JIH3017D-e1637327126432.jpg\",\"width\":550,\"height\":550},{\"@type\":\"BreadcrumbList\",\"@id\":\"https:\\\/\\\/crous.eu\\\/fr\\\/terrains-de-jeux\\\/multijeux\\\/multijeux-africa\\\/harare-playhouse\\\/#breadcrumb\",\"itemListElement\":[{\"@type\":\"ListItem\",\"position\":1,\"name\":\"Portada\",\"item\":\"https:\\\/\\\/crous.eu\\\/fr\\\/\"},{\"@type\":\"ListItem\",\"position\":2,\"name\":\"Tienda\",\"item\":\"https:\\\/\\\/crous.eu\\\/tienda\\\/\"},{\"@type\":\"ListItem\",\"position\":3,\"name\":\"Harare playhouse\"}]},{\"@type\":\"WebSite\",\"@id\":\"https:\\\/\\\/crous.eu\\\/fr\\\/#website\",\"url\":\"https:\\\/\\\/crous.eu\\\/fr\\\/\",\"name\":\"Crous Expert\",\"description\":\"Personalizamos tu entorno\",\"potentialAction\":[{\"@type\":\"SearchAction\",\"target\":{\"@type\":\"EntryPoint\",\"urlTemplate\":\"https:\\\/\\\/crous.eu\\\/fr\\\/?s={search_term_string}\"},\"query-input\":{\"@type\":\"PropertyValueSpecification\",\"valueRequired\":true,\"valueName\":\"search_term_string\"}}],\"inLanguage\":\"fr-FR\"}]}<\/script>\n<!-- \/ Yoast SEO plugin. -->","yoast_head_json":{"title":"Harare playhouse - Crous Expert","robots":{"index":"index","follow":"follow","max-snippet":"max-snippet:-1","max-image-preview":"max-image-preview:large","max-video-preview":"max-video-preview:-1"},"canonical":"https:\/\/crous.eu\/fr\/terrains-de-jeux\/multijeux\/multijeux-africa\/harare-playhouse\/","og_locale":"fr_FR","og_type":"article","og_title":"Harare playhouse - Crous Expert","og_description":"\u2022 Maison de jeu appartenant \u00e0 la gamme CONTINENTAL form\u00e9 avec des \u00e9l\u00e9ments \u00e9ducatifs. \u2022 Comprend deux bancs, une porte d\u2019entr\u00e9e et un toit. \u2022 Construction en bois stratifi\u00e9 de 90x90 mm. \u2022 Connecteurs inoxydables et galvanis\u00e9s. \u2022 Panneaux d\u00e9coratifs en plastique poly\u00e9thyl\u00e8ne (PEHD). \u2022 L\u2019appareil est con\u00e7u pour une installation en ext\u00e9rieur. \u2022 Certifi\u00e9 selon la r\u00e9glementation UNE EN1176.","og_url":"https:\/\/crous.eu\/fr\/terrains-de-jeux\/multijeux\/multijeux-africa\/harare-playhouse\/","og_site_name":"Crous Expert","article_modified_time":"2022-05-04T06:58:42+00:00","og_image":[{"width":550,"height":550,"url":"https:\/\/crous.eu\/wp-content\/uploads\/JIH3017D-e1637327126432.jpg","type":"image\/jpeg"}],"twitter_card":"summary_large_image","schema":{"@context":"https:\/\/schema.org","@graph":[{"@type":"WebPage","@id":"https:\/\/crous.eu\/fr\/terrains-de-jeux\/multijeux\/multijeux-africa\/harare-playhouse\/","url":"https:\/\/crous.eu\/fr\/terrains-de-jeux\/multijeux\/multijeux-africa\/harare-playhouse\/","name":"Harare playhouse - Crous Expert","isPartOf":{"@id":"https:\/\/crous.eu\/fr\/#website"},"primaryImageOfPage":{"@id":"https:\/\/crous.eu\/fr\/terrains-de-jeux\/multijeux\/multijeux-africa\/harare-playhouse\/#primaryimage"},"image":{"@id":"https:\/\/crous.eu\/fr\/terrains-de-jeux\/multijeux\/multijeux-africa\/harare-playhouse\/#primaryimage"},"thumbnailUrl":"https:\/\/crous.eu\/wp-content\/uploads\/JIH3017D-e1637327126432.jpg","datePublished":"2021-11-17T11:49:43+00:00","dateModified":"2022-05-04T06:58:42+00:00","breadcrumb":{"@id":"https:\/\/crous.eu\/fr\/terrains-de-jeux\/multijeux\/multijeux-africa\/harare-playhouse\/#breadcrumb"},"inLanguage":"fr-FR","potentialAction":[{"@type":"ReadAction","target":["https:\/\/crous.eu\/fr\/terrains-de-jeux\/multijeux\/multijeux-africa\/harare-playhouse\/"]}]},{"@type":"ImageObject","inLanguage":"fr-FR","@id":"https:\/\/crous.eu\/fr\/terrains-de-jeux\/multijeux\/multijeux-africa\/harare-playhouse\/#primaryimage","url":"https:\/\/crous.eu\/wp-content\/uploads\/JIH3017D-e1637327126432.jpg","contentUrl":"https:\/\/crous.eu\/wp-content\/uploads\/JIH3017D-e1637327126432.jpg","width":550,"height":550},{"@type":"BreadcrumbList","@id":"https:\/\/crous.eu\/fr\/terrains-de-jeux\/multijeux\/multijeux-africa\/harare-playhouse\/#breadcrumb","itemListElement":[{"@type":"ListItem","position":1,"name":"Portada","item":"https:\/\/crous.eu\/fr\/"},{"@type":"ListItem","position":2,"name":"Tienda","item":"https:\/\/crous.eu\/tienda\/"},{"@type":"ListItem","position":3,"name":"Harare playhouse"}]},{"@type":"WebSite","@id":"https:\/\/crous.eu\/fr\/#website","url":"https:\/\/crous.eu\/fr\/","name":"Crous Expert","description":"Personalizamos tu entorno","potentialAction":[{"@type":"SearchAction","target":{"@type":"EntryPoint","urlTemplate":"https:\/\/crous.eu\/fr\/?s={search_term_string}"},"query-input":{"@type":"PropertyValueSpecification","valueRequired":true,"valueName":"search_term_string"}}],"inLanguage":"fr-FR"}]}},"_links":{"self":[{"href":"https:\/\/crous.eu\/fr\/wp-json\/wp\/v2\/product\/22721","targetHints":{"allow":["GET"]}}],"collection":[{"href":"https:\/\/crous.eu\/fr\/wp-json\/wp\/v2\/product"}],"about":[{"href":"https:\/\/crous.eu\/fr\/wp-json\/wp\/v2\/types\/product"}],"wp:featuredmedia":[{"embeddable":true,"href":"https:\/\/crous.eu\/fr\/wp-json\/wp\/v2\/media\/21188"}],"wp:attachment":[{"href":"https:\/\/crous.eu\/fr\/wp-json\/wp\/v2\/media?parent=22721"}],"wp:term":[{"taxonomy":"product_brand","embeddable":true,"href":"https:\/\/crous.eu\/fr\/wp-json\/wp\/v2\/product_brand?post=22721"},{"taxonomy":"product_cat","embeddable":true,"href":"https:\/\/crous.eu\/fr\/wp-json\/wp\/v2\/product_cat?post=22721"},{"taxonomy":"product_tag","embeddable":true,"href":"https:\/\/crous.eu\/fr\/wp-json\/wp\/v2\/product_tag?post=22721"}],"curies":[{"name":"wp","href":"https:\/\/api.w.org\/{rel}","templated":true}]}}