{"id":22757,"date":"2021-11-17T12:50:32","date_gmt":"2021-11-17T11:50:32","guid":{"rendered":"https:\/\/crous.eu\/non%20class\u00e9\/slide-elephant\/"},"modified":"2021-11-17T12:50:49","modified_gmt":"2021-11-17T11:50:49","slug":"slide-elephant","status":"publish","type":"product","link":"https:\/\/crous.eu\/fr\/terrains-de-jeux\/toboggans\/slide-elephant\/","title":{"rendered":"Slide elephant"},"content":{"rendered":"","protected":false},"excerpt":{"rendered":"<p>\u2022 Toboggan pour enfants pour aires de jeux en forme d\u2019\u00e9l\u00e9phant.<br \/>\n\u2022 Construction en acier galvanis\u00e9 et recouvert de poussi\u00e8re.<br \/>\n\u2022 Connecteurs poteaux inoxydables et galvanis\u00e9s.<br \/>\n\u2022 Rampe de glissement en acier inoxydable.<br \/>\n\u2022 Plates-formes lat\u00e9rales en plastique \u00e0 panneaux HDPE.<br \/>\n\u2022 Sans bords pointus ni fissures susceptibles de pr\u00e9senter un danger pour le pi\u00e9geage de la t\u00eate, les doigts ou toute autre partie du corps.<br \/>\n\u2022 Toutes les vis recouvertes de couvercles en polyamide.<br \/>\n\u2022 Son ancrage \u00e0 800 mm de terre est recommand\u00e9.<br \/>\n\u2022 Le dispositif est con\u00e7u pour les terrains de jeux publics.<br \/>\n\u2022 \u00c2ge d\u2019utilisation recommand\u00e9 \u00e0 partir de 3 ans.<br \/>\n\u2022 Certifi\u00e9 selon la r\u00e9glementation UNE EN1176.<\/p>\n","protected":false},"featured_media":21584,"template":"","meta":{"_acf_changed":false},"product_brand":[],"product_cat":[665,689],"product_tag":[],"class_list":{"0":"post-22757","1":"product","2":"type-product","3":"status-publish","4":"has-post-thumbnail","6":"product_cat-terrains-de-jeux","7":"product_cat-toboggans","9":"first","10":"instock","11":"product-type-simple"},"acf":[],"yoast_head":"<!-- This site is optimized with the Yoast SEO plugin v27.4 - https:\/\/yoast.com\/product\/yoast-seo-wordpress\/ -->\n<title>Slide elephant - Crous Expert<\/title>\n<meta name=\"robots\" content=\"index, follow, max-snippet:-1, max-image-preview:large, max-video-preview:-1\" \/>\n<link rel=\"canonical\" href=\"https:\/\/crous.eu\/fr\/terrains-de-jeux\/toboggans\/slide-elephant\/\" \/>\n<meta property=\"og:locale\" content=\"fr_FR\" \/>\n<meta property=\"og:type\" content=\"article\" \/>\n<meta property=\"og:title\" content=\"Slide elephant - Crous Expert\" \/>\n<meta property=\"og:description\" content=\"\u2022 Toboggan pour enfants pour aires de jeux en forme d\u2019\u00e9l\u00e9phant. \u2022 Construction en acier galvanis\u00e9 et recouvert de poussi\u00e8re. \u2022 Connecteurs poteaux inoxydables et galvanis\u00e9s. \u2022 Rampe de glissement en acier inoxydable. \u2022 Plates-formes lat\u00e9rales en plastique \u00e0 panneaux HDPE. \u2022 Sans bords pointus ni fissures susceptibles de pr\u00e9senter un danger pour le pi\u00e9geage de la t\u00eate, les doigts ou toute autre partie du corps. \u2022 Toutes les vis recouvertes de couvercles en polyamide. \u2022 Son ancrage \u00e0 800 mm de terre est recommand\u00e9. \u2022 Le dispositif est con\u00e7u pour les terrains de jeux publics. \u2022 \u00c2ge d\u2019utilisation recommand\u00e9 \u00e0 partir de 3 ans. \u2022 Certifi\u00e9 selon la r\u00e9glementation UNE EN1176.\" \/>\n<meta property=\"og:url\" content=\"https:\/\/crous.eu\/fr\/terrains-de-jeux\/toboggans\/slide-elephant\/\" \/>\n<meta property=\"og:site_name\" content=\"Crous Expert\" \/>\n<meta property=\"article:modified_time\" content=\"2021-11-17T11:50:49+00:00\" \/>\n<meta property=\"og:image\" content=\"https:\/\/crous.eu\/wp-content\/uploads\/JIT3012S.jpg\" \/>\n\t<meta property=\"og:image:width\" content=\"550\" \/>\n\t<meta property=\"og:image:height\" content=\"550\" \/>\n\t<meta property=\"og:image:type\" content=\"image\/jpeg\" \/>\n<meta name=\"twitter:card\" content=\"summary_large_image\" \/>\n<script type=\"application\/ld+json\" class=\"yoast-schema-graph\">{\"@context\":\"https:\\\/\\\/schema.org\",\"@graph\":[{\"@type\":\"WebPage\",\"@id\":\"https:\\\/\\\/crous.eu\\\/fr\\\/terrains-de-jeux\\\/toboggans\\\/slide-elephant\\\/\",\"url\":\"https:\\\/\\\/crous.eu\\\/fr\\\/terrains-de-jeux\\\/toboggans\\\/slide-elephant\\\/\",\"name\":\"Slide elephant - Crous Expert\",\"isPartOf\":{\"@id\":\"https:\\\/\\\/crous.eu\\\/fr\\\/#website\"},\"primaryImageOfPage\":{\"@id\":\"https:\\\/\\\/crous.eu\\\/fr\\\/terrains-de-jeux\\\/toboggans\\\/slide-elephant\\\/#primaryimage\"},\"image\":{\"@id\":\"https:\\\/\\\/crous.eu\\\/fr\\\/terrains-de-jeux\\\/toboggans\\\/slide-elephant\\\/#primaryimage\"},\"thumbnailUrl\":\"https:\\\/\\\/crous.eu\\\/wp-content\\\/uploads\\\/JIT3012S.jpg\",\"datePublished\":\"2021-11-17T11:50:32+00:00\",\"dateModified\":\"2021-11-17T11:50:49+00:00\",\"breadcrumb\":{\"@id\":\"https:\\\/\\\/crous.eu\\\/fr\\\/terrains-de-jeux\\\/toboggans\\\/slide-elephant\\\/#breadcrumb\"},\"inLanguage\":\"fr-FR\",\"potentialAction\":[{\"@type\":\"ReadAction\",\"target\":[\"https:\\\/\\\/crous.eu\\\/fr\\\/terrains-de-jeux\\\/toboggans\\\/slide-elephant\\\/\"]}]},{\"@type\":\"ImageObject\",\"inLanguage\":\"fr-FR\",\"@id\":\"https:\\\/\\\/crous.eu\\\/fr\\\/terrains-de-jeux\\\/toboggans\\\/slide-elephant\\\/#primaryimage\",\"url\":\"https:\\\/\\\/crous.eu\\\/wp-content\\\/uploads\\\/JIT3012S.jpg\",\"contentUrl\":\"https:\\\/\\\/crous.eu\\\/wp-content\\\/uploads\\\/JIT3012S.jpg\",\"width\":550,\"height\":550},{\"@type\":\"BreadcrumbList\",\"@id\":\"https:\\\/\\\/crous.eu\\\/fr\\\/terrains-de-jeux\\\/toboggans\\\/slide-elephant\\\/#breadcrumb\",\"itemListElement\":[{\"@type\":\"ListItem\",\"position\":1,\"name\":\"Portada\",\"item\":\"https:\\\/\\\/crous.eu\\\/fr\\\/\"},{\"@type\":\"ListItem\",\"position\":2,\"name\":\"Tienda\",\"item\":\"https:\\\/\\\/crous.eu\\\/tienda\\\/\"},{\"@type\":\"ListItem\",\"position\":3,\"name\":\"Slide elephant\"}]},{\"@type\":\"WebSite\",\"@id\":\"https:\\\/\\\/crous.eu\\\/fr\\\/#website\",\"url\":\"https:\\\/\\\/crous.eu\\\/fr\\\/\",\"name\":\"Crous Expert\",\"description\":\"Personalizamos tu entorno\",\"potentialAction\":[{\"@type\":\"SearchAction\",\"target\":{\"@type\":\"EntryPoint\",\"urlTemplate\":\"https:\\\/\\\/crous.eu\\\/fr\\\/?s={search_term_string}\"},\"query-input\":{\"@type\":\"PropertyValueSpecification\",\"valueRequired\":true,\"valueName\":\"search_term_string\"}}],\"inLanguage\":\"fr-FR\"}]}<\/script>\n<!-- \/ Yoast SEO plugin. -->","yoast_head_json":{"title":"Slide elephant - Crous Expert","robots":{"index":"index","follow":"follow","max-snippet":"max-snippet:-1","max-image-preview":"max-image-preview:large","max-video-preview":"max-video-preview:-1"},"canonical":"https:\/\/crous.eu\/fr\/terrains-de-jeux\/toboggans\/slide-elephant\/","og_locale":"fr_FR","og_type":"article","og_title":"Slide elephant - Crous Expert","og_description":"\u2022 Toboggan pour enfants pour aires de jeux en forme d\u2019\u00e9l\u00e9phant. \u2022 Construction en acier galvanis\u00e9 et recouvert de poussi\u00e8re. \u2022 Connecteurs poteaux inoxydables et galvanis\u00e9s. \u2022 Rampe de glissement en acier inoxydable. \u2022 Plates-formes lat\u00e9rales en plastique \u00e0 panneaux HDPE. \u2022 Sans bords pointus ni fissures susceptibles de pr\u00e9senter un danger pour le pi\u00e9geage de la t\u00eate, les doigts ou toute autre partie du corps. \u2022 Toutes les vis recouvertes de couvercles en polyamide. \u2022 Son ancrage \u00e0 800 mm de terre est recommand\u00e9. \u2022 Le dispositif est con\u00e7u pour les terrains de jeux publics. \u2022 \u00c2ge d\u2019utilisation recommand\u00e9 \u00e0 partir de 3 ans. \u2022 Certifi\u00e9 selon la r\u00e9glementation UNE EN1176.","og_url":"https:\/\/crous.eu\/fr\/terrains-de-jeux\/toboggans\/slide-elephant\/","og_site_name":"Crous Expert","article_modified_time":"2021-11-17T11:50:49+00:00","og_image":[{"width":550,"height":550,"url":"https:\/\/crous.eu\/wp-content\/uploads\/JIT3012S.jpg","type":"image\/jpeg"}],"twitter_card":"summary_large_image","schema":{"@context":"https:\/\/schema.org","@graph":[{"@type":"WebPage","@id":"https:\/\/crous.eu\/fr\/terrains-de-jeux\/toboggans\/slide-elephant\/","url":"https:\/\/crous.eu\/fr\/terrains-de-jeux\/toboggans\/slide-elephant\/","name":"Slide elephant - Crous Expert","isPartOf":{"@id":"https:\/\/crous.eu\/fr\/#website"},"primaryImageOfPage":{"@id":"https:\/\/crous.eu\/fr\/terrains-de-jeux\/toboggans\/slide-elephant\/#primaryimage"},"image":{"@id":"https:\/\/crous.eu\/fr\/terrains-de-jeux\/toboggans\/slide-elephant\/#primaryimage"},"thumbnailUrl":"https:\/\/crous.eu\/wp-content\/uploads\/JIT3012S.jpg","datePublished":"2021-11-17T11:50:32+00:00","dateModified":"2021-11-17T11:50:49+00:00","breadcrumb":{"@id":"https:\/\/crous.eu\/fr\/terrains-de-jeux\/toboggans\/slide-elephant\/#breadcrumb"},"inLanguage":"fr-FR","potentialAction":[{"@type":"ReadAction","target":["https:\/\/crous.eu\/fr\/terrains-de-jeux\/toboggans\/slide-elephant\/"]}]},{"@type":"ImageObject","inLanguage":"fr-FR","@id":"https:\/\/crous.eu\/fr\/terrains-de-jeux\/toboggans\/slide-elephant\/#primaryimage","url":"https:\/\/crous.eu\/wp-content\/uploads\/JIT3012S.jpg","contentUrl":"https:\/\/crous.eu\/wp-content\/uploads\/JIT3012S.jpg","width":550,"height":550},{"@type":"BreadcrumbList","@id":"https:\/\/crous.eu\/fr\/terrains-de-jeux\/toboggans\/slide-elephant\/#breadcrumb","itemListElement":[{"@type":"ListItem","position":1,"name":"Portada","item":"https:\/\/crous.eu\/fr\/"},{"@type":"ListItem","position":2,"name":"Tienda","item":"https:\/\/crous.eu\/tienda\/"},{"@type":"ListItem","position":3,"name":"Slide elephant"}]},{"@type":"WebSite","@id":"https:\/\/crous.eu\/fr\/#website","url":"https:\/\/crous.eu\/fr\/","name":"Crous Expert","description":"Personalizamos tu entorno","potentialAction":[{"@type":"SearchAction","target":{"@type":"EntryPoint","urlTemplate":"https:\/\/crous.eu\/fr\/?s={search_term_string}"},"query-input":{"@type":"PropertyValueSpecification","valueRequired":true,"valueName":"search_term_string"}}],"inLanguage":"fr-FR"}]}},"_links":{"self":[{"href":"https:\/\/crous.eu\/fr\/wp-json\/wp\/v2\/product\/22757","targetHints":{"allow":["GET"]}}],"collection":[{"href":"https:\/\/crous.eu\/fr\/wp-json\/wp\/v2\/product"}],"about":[{"href":"https:\/\/crous.eu\/fr\/wp-json\/wp\/v2\/types\/product"}],"wp:featuredmedia":[{"embeddable":true,"href":"https:\/\/crous.eu\/fr\/wp-json\/wp\/v2\/media\/21584"}],"wp:attachment":[{"href":"https:\/\/crous.eu\/fr\/wp-json\/wp\/v2\/media?parent=22757"}],"wp:term":[{"taxonomy":"product_brand","embeddable":true,"href":"https:\/\/crous.eu\/fr\/wp-json\/wp\/v2\/product_brand?post=22757"},{"taxonomy":"product_cat","embeddable":true,"href":"https:\/\/crous.eu\/fr\/wp-json\/wp\/v2\/product_cat?post=22757"},{"taxonomy":"product_tag","embeddable":true,"href":"https:\/\/crous.eu\/fr\/wp-json\/wp\/v2\/product_tag?post=22757"}],"curies":[{"name":"wp","href":"https:\/\/api.w.org\/{rel}","templated":true}]}}