{"id":23126,"date":"2021-12-02T10:45:57","date_gmt":"2021-12-02T09:45:57","guid":{"rendered":"https:\/\/crous.eu\/non%20class\u00e9\/banco-crous-eco-martele\/"},"modified":"2022-08-30T16:00:41","modified_gmt":"2022-08-30T14:00:41","slug":"bench-crous-eco-martele","status":"publish","type":"product","link":"https:\/\/crous.eu\/fr\/mobilier-urbain\/bench-crous-eco-martele\/","title":{"rendered":"Crous Eco Martel\u00e9 Bench"},"content":{"rendered":"","protected":false},"excerpt":{"rendered":"<ul>\n<li>Banc avec pieds en fer ducttil.<\/li>\n<li>Fini dans la peinture de forge noire avec finition au martelee.<\/li>\n<li>Avec 6 planches de bois technologique et \u00e9cologique provenant du recyclage des d\u00e9chets plastiques et du bois.<\/li>\n<li>Fourni semi-assembl\u00e9, en format kit.<\/li>\n<li>Aucun entretien requis.<\/li>\n<\/ul>\n","protected":false},"featured_media":29136,"template":"","meta":{"_acf_changed":false},"product_brand":[],"product_cat":[696,645],"product_tag":[],"class_list":{"0":"post-23126","1":"product","2":"type-product","3":"status-publish","4":"has-post-thumbnail","6":"product_cat-bancs-et-tables","7":"product_cat-mobilier-urbain","9":"first","10":"instock","11":"shipping-taxable","12":"product-type-simple"},"acf":[],"yoast_head":"<!-- This site is optimized with the Yoast SEO plugin v27.4 - https:\/\/yoast.com\/product\/yoast-seo-wordpress\/ -->\n<title>Crous Eco Martel\u00e9 Bench - Crous Expert<\/title>\n<meta name=\"robots\" content=\"index, follow, max-snippet:-1, max-image-preview:large, max-video-preview:-1\" \/>\n<link rel=\"canonical\" href=\"https:\/\/crous.eu\/fr\/mobilier-urbain\/bench-crous-eco-martele\/\" \/>\n<meta property=\"og:locale\" content=\"fr_FR\" \/>\n<meta property=\"og:type\" content=\"article\" \/>\n<meta property=\"og:title\" content=\"Crous Eco Martel\u00e9 Bench - Crous Expert\" \/>\n<meta property=\"og:description\" content=\"Banc avec pieds en fer ducttil.  Fini dans la peinture de forge noire avec finition au martelee.  Avec 6 planches de bois technologique et \u00e9cologique provenant du recyclage des d\u00e9chets plastiques et du bois.  Fourni semi-assembl\u00e9, en format kit.  Aucun entretien requis.\" \/>\n<meta property=\"og:url\" content=\"https:\/\/crous.eu\/fr\/mobilier-urbain\/bench-crous-eco-martele\/\" \/>\n<meta property=\"og:site_name\" content=\"Crous Expert\" \/>\n<meta property=\"article:modified_time\" content=\"2022-08-30T14:00:41+00:00\" \/>\n<meta property=\"og:image\" content=\"https:\/\/crous.eu\/wp-content\/uploads\/MUB005M-1.jpg\" \/>\n\t<meta property=\"og:image:width\" content=\"550\" \/>\n\t<meta property=\"og:image:height\" content=\"550\" \/>\n\t<meta property=\"og:image:type\" content=\"image\/jpeg\" \/>\n<meta name=\"twitter:card\" content=\"summary_large_image\" \/>\n<script type=\"application\/ld+json\" class=\"yoast-schema-graph\">{\"@context\":\"https:\\\/\\\/schema.org\",\"@graph\":[{\"@type\":\"WebPage\",\"@id\":\"https:\\\/\\\/crous.eu\\\/fr\\\/mobilier-urbain\\\/bench-crous-eco-martele\\\/\",\"url\":\"https:\\\/\\\/crous.eu\\\/fr\\\/mobilier-urbain\\\/bench-crous-eco-martele\\\/\",\"name\":\"Crous Eco Martel\u00e9 Bench - Crous Expert\",\"isPartOf\":{\"@id\":\"https:\\\/\\\/crous.eu\\\/fr\\\/#website\"},\"primaryImageOfPage\":{\"@id\":\"https:\\\/\\\/crous.eu\\\/fr\\\/mobilier-urbain\\\/bench-crous-eco-martele\\\/#primaryimage\"},\"image\":{\"@id\":\"https:\\\/\\\/crous.eu\\\/fr\\\/mobilier-urbain\\\/bench-crous-eco-martele\\\/#primaryimage\"},\"thumbnailUrl\":\"https:\\\/\\\/crous.eu\\\/wp-content\\\/uploads\\\/MUB005M-1.jpg\",\"datePublished\":\"2021-12-02T09:45:57+00:00\",\"dateModified\":\"2022-08-30T14:00:41+00:00\",\"breadcrumb\":{\"@id\":\"https:\\\/\\\/crous.eu\\\/fr\\\/mobilier-urbain\\\/bench-crous-eco-martele\\\/#breadcrumb\"},\"inLanguage\":\"fr-FR\",\"potentialAction\":[{\"@type\":\"ReadAction\",\"target\":[\"https:\\\/\\\/crous.eu\\\/fr\\\/mobilier-urbain\\\/bench-crous-eco-martele\\\/\"]}]},{\"@type\":\"ImageObject\",\"inLanguage\":\"fr-FR\",\"@id\":\"https:\\\/\\\/crous.eu\\\/fr\\\/mobilier-urbain\\\/bench-crous-eco-martele\\\/#primaryimage\",\"url\":\"https:\\\/\\\/crous.eu\\\/wp-content\\\/uploads\\\/MUB005M-1.jpg\",\"contentUrl\":\"https:\\\/\\\/crous.eu\\\/wp-content\\\/uploads\\\/MUB005M-1.jpg\",\"width\":550,\"height\":550},{\"@type\":\"BreadcrumbList\",\"@id\":\"https:\\\/\\\/crous.eu\\\/fr\\\/mobilier-urbain\\\/bench-crous-eco-martele\\\/#breadcrumb\",\"itemListElement\":[{\"@type\":\"ListItem\",\"position\":1,\"name\":\"Portada\",\"item\":\"https:\\\/\\\/crous.eu\\\/fr\\\/\"},{\"@type\":\"ListItem\",\"position\":2,\"name\":\"Tienda\",\"item\":\"https:\\\/\\\/crous.eu\\\/tienda\\\/\"},{\"@type\":\"ListItem\",\"position\":3,\"name\":\"Crous Eco Martel\u00e9 Bench\"}]},{\"@type\":\"WebSite\",\"@id\":\"https:\\\/\\\/crous.eu\\\/fr\\\/#website\",\"url\":\"https:\\\/\\\/crous.eu\\\/fr\\\/\",\"name\":\"Crous Expert\",\"description\":\"Personalizamos tu entorno\",\"potentialAction\":[{\"@type\":\"SearchAction\",\"target\":{\"@type\":\"EntryPoint\",\"urlTemplate\":\"https:\\\/\\\/crous.eu\\\/fr\\\/?s={search_term_string}\"},\"query-input\":{\"@type\":\"PropertyValueSpecification\",\"valueRequired\":true,\"valueName\":\"search_term_string\"}}],\"inLanguage\":\"fr-FR\"}]}<\/script>\n<!-- \/ Yoast SEO plugin. -->","yoast_head_json":{"title":"Crous Eco Martel\u00e9 Bench - Crous Expert","robots":{"index":"index","follow":"follow","max-snippet":"max-snippet:-1","max-image-preview":"max-image-preview:large","max-video-preview":"max-video-preview:-1"},"canonical":"https:\/\/crous.eu\/fr\/mobilier-urbain\/bench-crous-eco-martele\/","og_locale":"fr_FR","og_type":"article","og_title":"Crous Eco Martel\u00e9 Bench - Crous Expert","og_description":"Banc avec pieds en fer ducttil.  Fini dans la peinture de forge noire avec finition au martelee.  Avec 6 planches de bois technologique et \u00e9cologique provenant du recyclage des d\u00e9chets plastiques et du bois.  Fourni semi-assembl\u00e9, en format kit.  Aucun entretien requis.","og_url":"https:\/\/crous.eu\/fr\/mobilier-urbain\/bench-crous-eco-martele\/","og_site_name":"Crous Expert","article_modified_time":"2022-08-30T14:00:41+00:00","og_image":[{"width":550,"height":550,"url":"https:\/\/crous.eu\/wp-content\/uploads\/MUB005M-1.jpg","type":"image\/jpeg"}],"twitter_card":"summary_large_image","schema":{"@context":"https:\/\/schema.org","@graph":[{"@type":"WebPage","@id":"https:\/\/crous.eu\/fr\/mobilier-urbain\/bench-crous-eco-martele\/","url":"https:\/\/crous.eu\/fr\/mobilier-urbain\/bench-crous-eco-martele\/","name":"Crous Eco Martel\u00e9 Bench - Crous Expert","isPartOf":{"@id":"https:\/\/crous.eu\/fr\/#website"},"primaryImageOfPage":{"@id":"https:\/\/crous.eu\/fr\/mobilier-urbain\/bench-crous-eco-martele\/#primaryimage"},"image":{"@id":"https:\/\/crous.eu\/fr\/mobilier-urbain\/bench-crous-eco-martele\/#primaryimage"},"thumbnailUrl":"https:\/\/crous.eu\/wp-content\/uploads\/MUB005M-1.jpg","datePublished":"2021-12-02T09:45:57+00:00","dateModified":"2022-08-30T14:00:41+00:00","breadcrumb":{"@id":"https:\/\/crous.eu\/fr\/mobilier-urbain\/bench-crous-eco-martele\/#breadcrumb"},"inLanguage":"fr-FR","potentialAction":[{"@type":"ReadAction","target":["https:\/\/crous.eu\/fr\/mobilier-urbain\/bench-crous-eco-martele\/"]}]},{"@type":"ImageObject","inLanguage":"fr-FR","@id":"https:\/\/crous.eu\/fr\/mobilier-urbain\/bench-crous-eco-martele\/#primaryimage","url":"https:\/\/crous.eu\/wp-content\/uploads\/MUB005M-1.jpg","contentUrl":"https:\/\/crous.eu\/wp-content\/uploads\/MUB005M-1.jpg","width":550,"height":550},{"@type":"BreadcrumbList","@id":"https:\/\/crous.eu\/fr\/mobilier-urbain\/bench-crous-eco-martele\/#breadcrumb","itemListElement":[{"@type":"ListItem","position":1,"name":"Portada","item":"https:\/\/crous.eu\/fr\/"},{"@type":"ListItem","position":2,"name":"Tienda","item":"https:\/\/crous.eu\/tienda\/"},{"@type":"ListItem","position":3,"name":"Crous Eco Martel\u00e9 Bench"}]},{"@type":"WebSite","@id":"https:\/\/crous.eu\/fr\/#website","url":"https:\/\/crous.eu\/fr\/","name":"Crous Expert","description":"Personalizamos tu entorno","potentialAction":[{"@type":"SearchAction","target":{"@type":"EntryPoint","urlTemplate":"https:\/\/crous.eu\/fr\/?s={search_term_string}"},"query-input":{"@type":"PropertyValueSpecification","valueRequired":true,"valueName":"search_term_string"}}],"inLanguage":"fr-FR"}]}},"_links":{"self":[{"href":"https:\/\/crous.eu\/fr\/wp-json\/wp\/v2\/product\/23126","targetHints":{"allow":["GET"]}}],"collection":[{"href":"https:\/\/crous.eu\/fr\/wp-json\/wp\/v2\/product"}],"about":[{"href":"https:\/\/crous.eu\/fr\/wp-json\/wp\/v2\/types\/product"}],"wp:featuredmedia":[{"embeddable":true,"href":"https:\/\/crous.eu\/fr\/wp-json\/wp\/v2\/media\/29136"}],"wp:attachment":[{"href":"https:\/\/crous.eu\/fr\/wp-json\/wp\/v2\/media?parent=23126"}],"wp:term":[{"taxonomy":"product_brand","embeddable":true,"href":"https:\/\/crous.eu\/fr\/wp-json\/wp\/v2\/product_brand?post=23126"},{"taxonomy":"product_cat","embeddable":true,"href":"https:\/\/crous.eu\/fr\/wp-json\/wp\/v2\/product_cat?post=23126"},{"taxonomy":"product_tag","embeddable":true,"href":"https:\/\/crous.eu\/fr\/wp-json\/wp\/v2\/product_tag?post=23126"}],"curies":[{"name":"wp","href":"https:\/\/api.w.org\/{rel}","templated":true}]}}