{"id":24605,"date":"2022-02-22T15:51:23","date_gmt":"2022-02-22T15:00:22","guid":{"rendered":"https:\/\/crous.eu\/non%20class\u00e9\/wood-seesaw\/"},"modified":"2022-07-26T16:00:24","modified_gmt":"2022-07-26T14:00:24","slug":"wood-seesaw","status":"publish","type":"product","link":"https:\/\/crous.eu\/fr\/terrains-de-jeux\/multijeux-robinia\/wood-seesaw\/","title":{"rendered":"Wood Seesaw"},"content":{"rendered":"","protected":false},"excerpt":{"rendered":"<p>\u2022 Balan\u00e7oire enfant pour 4 personnes.<br \/>\n\u2022 Structure en bois de robinier.<br \/>\n\u2022 Dimensions des \u00e9l\u00e9ments : 400 x 37 cm<br \/>\n\u2022 Hauteur d&rsquo;assise : 36\/84 cm<br \/>\n\u2022 Poign\u00e9es en acier inoxydable<br \/>\n\u2022 Visserie et syst\u00e8mes de fixation : fer galvanis\u00e9\/inox<br \/>\n\u2022 Deux tabourets de protection en caoutchouc antichoc.<br \/>\n\u2022 L&rsquo;ensemble de l&rsquo;\u00e9l\u00e9ment a des extr\u00e9mit\u00e9s arrondies afin de ne pas pr\u00e9senter de danger pour les enfants et les filles.<br \/>\n\u2022 Sp\u00e9cialement con\u00e7u pour les aires de jeux.<br \/>\n\u2022 \u00c2ge d&rsquo;utilisation recommand\u00e9 \u00e0 partir de 3 ans<br \/>\n\u2022 Certifi\u00e9 selon la r\u00e9glementation UNE EN1176<\/p>\n","protected":false},"featured_media":24227,"template":"","meta":{"_acf_changed":false},"product_brand":[],"product_cat":[694,665],"product_tag":[],"class_list":{"0":"post-24605","1":"product","2":"type-product","3":"status-publish","4":"has-post-thumbnail","6":"product_cat-multijeux-robinia","7":"product_cat-terrains-de-jeux","9":"first","10":"instock","11":"product-type-simple"},"acf":[],"yoast_head":"<!-- This site is optimized with the Yoast SEO plugin v27.4 - https:\/\/yoast.com\/product\/yoast-seo-wordpress\/ -->\n<title>Wood Seesaw - Crous Expert<\/title>\n<meta name=\"robots\" content=\"index, follow, max-snippet:-1, max-image-preview:large, max-video-preview:-1\" \/>\n<link rel=\"canonical\" href=\"https:\/\/crous.eu\/fr\/terrains-de-jeux\/multijeux-robinia\/wood-seesaw\/\" \/>\n<meta property=\"og:locale\" content=\"fr_FR\" \/>\n<meta property=\"og:type\" content=\"article\" \/>\n<meta property=\"og:title\" content=\"Wood Seesaw - Crous Expert\" \/>\n<meta property=\"og:description\" content=\"\u2022 Balan\u00e7oire enfant pour 4 personnes. \u2022 Structure en bois de robinier. \u2022 Dimensions des \u00e9l\u00e9ments : 400 x 37 cm \u2022 Hauteur d&#039;assise : 36\/84 cm \u2022 Poign\u00e9es en acier inoxydable \u2022 Visserie et syst\u00e8mes de fixation : fer galvanis\u00e9\/inox \u2022 Deux tabourets de protection en caoutchouc antichoc. \u2022 L&#039;ensemble de l&#039;\u00e9l\u00e9ment a des extr\u00e9mit\u00e9s arrondies afin de ne pas pr\u00e9senter de danger pour les enfants et les filles. \u2022 Sp\u00e9cialement con\u00e7u pour les aires de jeux. \u2022 \u00c2ge d&#039;utilisation recommand\u00e9 \u00e0 partir de 3 ans \u2022 Certifi\u00e9 selon la r\u00e9glementation UNE EN1176\" \/>\n<meta property=\"og:url\" content=\"https:\/\/crous.eu\/fr\/terrains-de-jeux\/multijeux-robinia\/wood-seesaw\/\" \/>\n<meta property=\"og:site_name\" content=\"Crous Expert\" \/>\n<meta property=\"article:modified_time\" content=\"2022-07-26T14:00:24+00:00\" \/>\n<meta property=\"og:image\" content=\"https:\/\/crous.eu\/wp-content\/uploads\/JIRAMD40.jpg\" \/>\n\t<meta property=\"og:image:width\" content=\"550\" \/>\n\t<meta property=\"og:image:height\" content=\"550\" \/>\n\t<meta property=\"og:image:type\" content=\"image\/jpeg\" \/>\n<meta name=\"twitter:card\" content=\"summary_large_image\" \/>\n<script type=\"application\/ld+json\" class=\"yoast-schema-graph\">{\"@context\":\"https:\\\/\\\/schema.org\",\"@graph\":[{\"@type\":\"WebPage\",\"@id\":\"https:\\\/\\\/crous.eu\\\/fr\\\/terrains-de-jeux\\\/multijeux-robinia\\\/wood-seesaw\\\/\",\"url\":\"https:\\\/\\\/crous.eu\\\/fr\\\/terrains-de-jeux\\\/multijeux-robinia\\\/wood-seesaw\\\/\",\"name\":\"Wood Seesaw - Crous Expert\",\"isPartOf\":{\"@id\":\"https:\\\/\\\/crous.eu\\\/fr\\\/#website\"},\"primaryImageOfPage\":{\"@id\":\"https:\\\/\\\/crous.eu\\\/fr\\\/terrains-de-jeux\\\/multijeux-robinia\\\/wood-seesaw\\\/#primaryimage\"},\"image\":{\"@id\":\"https:\\\/\\\/crous.eu\\\/fr\\\/terrains-de-jeux\\\/multijeux-robinia\\\/wood-seesaw\\\/#primaryimage\"},\"thumbnailUrl\":\"https:\\\/\\\/crous.eu\\\/wp-content\\\/uploads\\\/JIRAMD40.jpg\",\"datePublished\":\"2022-02-22T15:00:22+00:00\",\"dateModified\":\"2022-07-26T14:00:24+00:00\",\"breadcrumb\":{\"@id\":\"https:\\\/\\\/crous.eu\\\/fr\\\/terrains-de-jeux\\\/multijeux-robinia\\\/wood-seesaw\\\/#breadcrumb\"},\"inLanguage\":\"fr-FR\",\"potentialAction\":[{\"@type\":\"ReadAction\",\"target\":[\"https:\\\/\\\/crous.eu\\\/fr\\\/terrains-de-jeux\\\/multijeux-robinia\\\/wood-seesaw\\\/\"]}]},{\"@type\":\"ImageObject\",\"inLanguage\":\"fr-FR\",\"@id\":\"https:\\\/\\\/crous.eu\\\/fr\\\/terrains-de-jeux\\\/multijeux-robinia\\\/wood-seesaw\\\/#primaryimage\",\"url\":\"https:\\\/\\\/crous.eu\\\/wp-content\\\/uploads\\\/JIRAMD40.jpg\",\"contentUrl\":\"https:\\\/\\\/crous.eu\\\/wp-content\\\/uploads\\\/JIRAMD40.jpg\",\"width\":550,\"height\":550},{\"@type\":\"BreadcrumbList\",\"@id\":\"https:\\\/\\\/crous.eu\\\/fr\\\/terrains-de-jeux\\\/multijeux-robinia\\\/wood-seesaw\\\/#breadcrumb\",\"itemListElement\":[{\"@type\":\"ListItem\",\"position\":1,\"name\":\"Portada\",\"item\":\"https:\\\/\\\/crous.eu\\\/fr\\\/\"},{\"@type\":\"ListItem\",\"position\":2,\"name\":\"Tienda\",\"item\":\"https:\\\/\\\/crous.eu\\\/tienda\\\/\"},{\"@type\":\"ListItem\",\"position\":3,\"name\":\"Wood Seesaw\"}]},{\"@type\":\"WebSite\",\"@id\":\"https:\\\/\\\/crous.eu\\\/fr\\\/#website\",\"url\":\"https:\\\/\\\/crous.eu\\\/fr\\\/\",\"name\":\"Crous Expert\",\"description\":\"Personalizamos tu entorno\",\"potentialAction\":[{\"@type\":\"SearchAction\",\"target\":{\"@type\":\"EntryPoint\",\"urlTemplate\":\"https:\\\/\\\/crous.eu\\\/fr\\\/?s={search_term_string}\"},\"query-input\":{\"@type\":\"PropertyValueSpecification\",\"valueRequired\":true,\"valueName\":\"search_term_string\"}}],\"inLanguage\":\"fr-FR\"}]}<\/script>\n<!-- \/ Yoast SEO plugin. -->","yoast_head_json":{"title":"Wood Seesaw - Crous Expert","robots":{"index":"index","follow":"follow","max-snippet":"max-snippet:-1","max-image-preview":"max-image-preview:large","max-video-preview":"max-video-preview:-1"},"canonical":"https:\/\/crous.eu\/fr\/terrains-de-jeux\/multijeux-robinia\/wood-seesaw\/","og_locale":"fr_FR","og_type":"article","og_title":"Wood Seesaw - Crous Expert","og_description":"\u2022 Balan\u00e7oire enfant pour 4 personnes. \u2022 Structure en bois de robinier. \u2022 Dimensions des \u00e9l\u00e9ments : 400 x 37 cm \u2022 Hauteur d'assise : 36\/84 cm \u2022 Poign\u00e9es en acier inoxydable \u2022 Visserie et syst\u00e8mes de fixation : fer galvanis\u00e9\/inox \u2022 Deux tabourets de protection en caoutchouc antichoc. \u2022 L'ensemble de l'\u00e9l\u00e9ment a des extr\u00e9mit\u00e9s arrondies afin de ne pas pr\u00e9senter de danger pour les enfants et les filles. \u2022 Sp\u00e9cialement con\u00e7u pour les aires de jeux. \u2022 \u00c2ge d'utilisation recommand\u00e9 \u00e0 partir de 3 ans \u2022 Certifi\u00e9 selon la r\u00e9glementation UNE EN1176","og_url":"https:\/\/crous.eu\/fr\/terrains-de-jeux\/multijeux-robinia\/wood-seesaw\/","og_site_name":"Crous Expert","article_modified_time":"2022-07-26T14:00:24+00:00","og_image":[{"width":550,"height":550,"url":"https:\/\/crous.eu\/wp-content\/uploads\/JIRAMD40.jpg","type":"image\/jpeg"}],"twitter_card":"summary_large_image","schema":{"@context":"https:\/\/schema.org","@graph":[{"@type":"WebPage","@id":"https:\/\/crous.eu\/fr\/terrains-de-jeux\/multijeux-robinia\/wood-seesaw\/","url":"https:\/\/crous.eu\/fr\/terrains-de-jeux\/multijeux-robinia\/wood-seesaw\/","name":"Wood Seesaw - Crous Expert","isPartOf":{"@id":"https:\/\/crous.eu\/fr\/#website"},"primaryImageOfPage":{"@id":"https:\/\/crous.eu\/fr\/terrains-de-jeux\/multijeux-robinia\/wood-seesaw\/#primaryimage"},"image":{"@id":"https:\/\/crous.eu\/fr\/terrains-de-jeux\/multijeux-robinia\/wood-seesaw\/#primaryimage"},"thumbnailUrl":"https:\/\/crous.eu\/wp-content\/uploads\/JIRAMD40.jpg","datePublished":"2022-02-22T15:00:22+00:00","dateModified":"2022-07-26T14:00:24+00:00","breadcrumb":{"@id":"https:\/\/crous.eu\/fr\/terrains-de-jeux\/multijeux-robinia\/wood-seesaw\/#breadcrumb"},"inLanguage":"fr-FR","potentialAction":[{"@type":"ReadAction","target":["https:\/\/crous.eu\/fr\/terrains-de-jeux\/multijeux-robinia\/wood-seesaw\/"]}]},{"@type":"ImageObject","inLanguage":"fr-FR","@id":"https:\/\/crous.eu\/fr\/terrains-de-jeux\/multijeux-robinia\/wood-seesaw\/#primaryimage","url":"https:\/\/crous.eu\/wp-content\/uploads\/JIRAMD40.jpg","contentUrl":"https:\/\/crous.eu\/wp-content\/uploads\/JIRAMD40.jpg","width":550,"height":550},{"@type":"BreadcrumbList","@id":"https:\/\/crous.eu\/fr\/terrains-de-jeux\/multijeux-robinia\/wood-seesaw\/#breadcrumb","itemListElement":[{"@type":"ListItem","position":1,"name":"Portada","item":"https:\/\/crous.eu\/fr\/"},{"@type":"ListItem","position":2,"name":"Tienda","item":"https:\/\/crous.eu\/tienda\/"},{"@type":"ListItem","position":3,"name":"Wood Seesaw"}]},{"@type":"WebSite","@id":"https:\/\/crous.eu\/fr\/#website","url":"https:\/\/crous.eu\/fr\/","name":"Crous Expert","description":"Personalizamos tu entorno","potentialAction":[{"@type":"SearchAction","target":{"@type":"EntryPoint","urlTemplate":"https:\/\/crous.eu\/fr\/?s={search_term_string}"},"query-input":{"@type":"PropertyValueSpecification","valueRequired":true,"valueName":"search_term_string"}}],"inLanguage":"fr-FR"}]}},"_links":{"self":[{"href":"https:\/\/crous.eu\/fr\/wp-json\/wp\/v2\/product\/24605","targetHints":{"allow":["GET"]}}],"collection":[{"href":"https:\/\/crous.eu\/fr\/wp-json\/wp\/v2\/product"}],"about":[{"href":"https:\/\/crous.eu\/fr\/wp-json\/wp\/v2\/types\/product"}],"wp:featuredmedia":[{"embeddable":true,"href":"https:\/\/crous.eu\/fr\/wp-json\/wp\/v2\/media\/24227"}],"wp:attachment":[{"href":"https:\/\/crous.eu\/fr\/wp-json\/wp\/v2\/media?parent=24605"}],"wp:term":[{"taxonomy":"product_brand","embeddable":true,"href":"https:\/\/crous.eu\/fr\/wp-json\/wp\/v2\/product_brand?post=24605"},{"taxonomy":"product_cat","embeddable":true,"href":"https:\/\/crous.eu\/fr\/wp-json\/wp\/v2\/product_cat?post=24605"},{"taxonomy":"product_tag","embeddable":true,"href":"https:\/\/crous.eu\/fr\/wp-json\/wp\/v2\/product_tag?post=24605"}],"curies":[{"name":"wp","href":"https:\/\/api.w.org\/{rel}","templated":true}]}}