{"id":24710,"date":"2022-02-24T15:20:18","date_gmt":"2022-02-24T14:20:20","guid":{"rendered":"https:\/\/crous.eu\/?post_type=product&#038;p=24710"},"modified":"2022-02-24T15:34:02","modified_gmt":"2022-02-24T14:34:02","slug":"purple-conic-litter-bin","status":"publish","type":"product","link":"https:\/\/crous.eu\/fr\/mobilier-urbain\/poubelles\/purple-conic-litter-bin\/","title":{"rendered":"Purple Conic Litter bin"},"content":{"rendered":"","protected":false},"excerpt":{"rendered":"<p>\u2022 Corbeille \u00e0 cadre en m\u00e9tal en acier perfor\u00e9 et peint.<br \/>\n\u2022 Corps en acier galvanis\u00e9.<br \/>\n\u2022 Amorce \u00e9poxy et peinture en polyester, \u00e9mail gris cuit au four.<br \/>\n\u2022 Ancrer \u00e0 la base pour une bonne fixation du sol.<br \/>\n\u2022 Jambes renforc\u00e9es pour un meilleur soutien.<br \/>\n\u2022 Seau pliant pour un vidange facile.<br \/>\n\u2022 Capacit\u00e9 60 litres.<\/p>\n","protected":false},"featured_media":26083,"template":"","meta":{"_acf_changed":false},"product_brand":[],"product_cat":[645,697],"product_tag":[],"class_list":{"0":"post-24710","1":"product","2":"type-product","3":"status-publish","4":"has-post-thumbnail","6":"product_cat-mobilier-urbain","7":"product_cat-poubelles","9":"first","10":"instock","11":"product-type-simple"},"acf":[],"yoast_head":"<!-- This site is optimized with the Yoast SEO plugin v27.4 - https:\/\/yoast.com\/product\/yoast-seo-wordpress\/ -->\n<title>Purple Conic Litter bin - Crous Expert<\/title>\n<meta name=\"robots\" content=\"index, follow, max-snippet:-1, max-image-preview:large, max-video-preview:-1\" \/>\n<link rel=\"canonical\" href=\"https:\/\/crous.eu\/fr\/mobilier-urbain\/poubelles\/purple-conic-litter-bin\/\" \/>\n<meta property=\"og:locale\" content=\"fr_FR\" \/>\n<meta property=\"og:type\" content=\"article\" \/>\n<meta property=\"og:title\" content=\"Purple Conic Litter bin - Crous Expert\" \/>\n<meta property=\"og:description\" content=\"\u2022 Corbeille \u00e0 cadre en m\u00e9tal en acier perfor\u00e9 et peint. \u2022 Corps en acier galvanis\u00e9. \u2022 Amorce \u00e9poxy et peinture en polyester, \u00e9mail gris cuit au four. \u2022 Ancrer \u00e0 la base pour une bonne fixation du sol. \u2022 Jambes renforc\u00e9es pour un meilleur soutien. \u2022 Seau pliant pour un vidange facile. \u2022 Capacit\u00e9 60 litres.\" \/>\n<meta property=\"og:url\" content=\"https:\/\/crous.eu\/fr\/mobilier-urbain\/poubelles\/purple-conic-litter-bin\/\" \/>\n<meta property=\"og:site_name\" content=\"Crous Expert\" \/>\n<meta property=\"article:modified_time\" content=\"2022-02-24T14:34:02+00:00\" \/>\n<meta property=\"og:image\" content=\"https:\/\/crous.eu\/wp-content\/uploads\/MUP001L.jpg\" \/>\n\t<meta property=\"og:image:width\" content=\"550\" \/>\n\t<meta property=\"og:image:height\" content=\"550\" \/>\n\t<meta property=\"og:image:type\" content=\"image\/jpeg\" \/>\n<meta name=\"twitter:card\" content=\"summary_large_image\" \/>\n<script type=\"application\/ld+json\" class=\"yoast-schema-graph\">{\"@context\":\"https:\\\/\\\/schema.org\",\"@graph\":[{\"@type\":\"WebPage\",\"@id\":\"https:\\\/\\\/crous.eu\\\/fr\\\/mobilier-urbain\\\/poubelles\\\/purple-conic-litter-bin\\\/\",\"url\":\"https:\\\/\\\/crous.eu\\\/fr\\\/mobilier-urbain\\\/poubelles\\\/purple-conic-litter-bin\\\/\",\"name\":\"Purple Conic Litter bin - Crous Expert\",\"isPartOf\":{\"@id\":\"https:\\\/\\\/crous.eu\\\/fr\\\/#website\"},\"primaryImageOfPage\":{\"@id\":\"https:\\\/\\\/crous.eu\\\/fr\\\/mobilier-urbain\\\/poubelles\\\/purple-conic-litter-bin\\\/#primaryimage\"},\"image\":{\"@id\":\"https:\\\/\\\/crous.eu\\\/fr\\\/mobilier-urbain\\\/poubelles\\\/purple-conic-litter-bin\\\/#primaryimage\"},\"thumbnailUrl\":\"https:\\\/\\\/crous.eu\\\/wp-content\\\/uploads\\\/MUP001L.jpg\",\"datePublished\":\"2022-02-24T14:20:20+00:00\",\"dateModified\":\"2022-02-24T14:34:02+00:00\",\"breadcrumb\":{\"@id\":\"https:\\\/\\\/crous.eu\\\/fr\\\/mobilier-urbain\\\/poubelles\\\/purple-conic-litter-bin\\\/#breadcrumb\"},\"inLanguage\":\"fr-FR\",\"potentialAction\":[{\"@type\":\"ReadAction\",\"target\":[\"https:\\\/\\\/crous.eu\\\/fr\\\/mobilier-urbain\\\/poubelles\\\/purple-conic-litter-bin\\\/\"]}]},{\"@type\":\"ImageObject\",\"inLanguage\":\"fr-FR\",\"@id\":\"https:\\\/\\\/crous.eu\\\/fr\\\/mobilier-urbain\\\/poubelles\\\/purple-conic-litter-bin\\\/#primaryimage\",\"url\":\"https:\\\/\\\/crous.eu\\\/wp-content\\\/uploads\\\/MUP001L.jpg\",\"contentUrl\":\"https:\\\/\\\/crous.eu\\\/wp-content\\\/uploads\\\/MUP001L.jpg\",\"width\":555,\"height\":555},{\"@type\":\"BreadcrumbList\",\"@id\":\"https:\\\/\\\/crous.eu\\\/fr\\\/mobilier-urbain\\\/poubelles\\\/purple-conic-litter-bin\\\/#breadcrumb\",\"itemListElement\":[{\"@type\":\"ListItem\",\"position\":1,\"name\":\"Portada\",\"item\":\"https:\\\/\\\/crous.eu\\\/fr\\\/\"},{\"@type\":\"ListItem\",\"position\":2,\"name\":\"Tienda\",\"item\":\"https:\\\/\\\/crous.eu\\\/tienda\\\/\"},{\"@type\":\"ListItem\",\"position\":3,\"name\":\"Purple Conic Litter bin\"}]},{\"@type\":\"WebSite\",\"@id\":\"https:\\\/\\\/crous.eu\\\/fr\\\/#website\",\"url\":\"https:\\\/\\\/crous.eu\\\/fr\\\/\",\"name\":\"Crous Expert\",\"description\":\"Personalizamos tu entorno\",\"potentialAction\":[{\"@type\":\"SearchAction\",\"target\":{\"@type\":\"EntryPoint\",\"urlTemplate\":\"https:\\\/\\\/crous.eu\\\/fr\\\/?s={search_term_string}\"},\"query-input\":{\"@type\":\"PropertyValueSpecification\",\"valueRequired\":true,\"valueName\":\"search_term_string\"}}],\"inLanguage\":\"fr-FR\"}]}<\/script>\n<!-- \/ Yoast SEO plugin. -->","yoast_head_json":{"title":"Purple Conic Litter bin - Crous Expert","robots":{"index":"index","follow":"follow","max-snippet":"max-snippet:-1","max-image-preview":"max-image-preview:large","max-video-preview":"max-video-preview:-1"},"canonical":"https:\/\/crous.eu\/fr\/mobilier-urbain\/poubelles\/purple-conic-litter-bin\/","og_locale":"fr_FR","og_type":"article","og_title":"Purple Conic Litter bin - Crous Expert","og_description":"\u2022 Corbeille \u00e0 cadre en m\u00e9tal en acier perfor\u00e9 et peint. \u2022 Corps en acier galvanis\u00e9. \u2022 Amorce \u00e9poxy et peinture en polyester, \u00e9mail gris cuit au four. \u2022 Ancrer \u00e0 la base pour une bonne fixation du sol. \u2022 Jambes renforc\u00e9es pour un meilleur soutien. \u2022 Seau pliant pour un vidange facile. \u2022 Capacit\u00e9 60 litres.","og_url":"https:\/\/crous.eu\/fr\/mobilier-urbain\/poubelles\/purple-conic-litter-bin\/","og_site_name":"Crous Expert","article_modified_time":"2022-02-24T14:34:02+00:00","og_image":[{"width":550,"height":550,"url":"https:\/\/crous.eu\/wp-content\/uploads\/MUP001L.jpg","type":"image\/jpeg"}],"twitter_card":"summary_large_image","schema":{"@context":"https:\/\/schema.org","@graph":[{"@type":"WebPage","@id":"https:\/\/crous.eu\/fr\/mobilier-urbain\/poubelles\/purple-conic-litter-bin\/","url":"https:\/\/crous.eu\/fr\/mobilier-urbain\/poubelles\/purple-conic-litter-bin\/","name":"Purple Conic Litter bin - Crous Expert","isPartOf":{"@id":"https:\/\/crous.eu\/fr\/#website"},"primaryImageOfPage":{"@id":"https:\/\/crous.eu\/fr\/mobilier-urbain\/poubelles\/purple-conic-litter-bin\/#primaryimage"},"image":{"@id":"https:\/\/crous.eu\/fr\/mobilier-urbain\/poubelles\/purple-conic-litter-bin\/#primaryimage"},"thumbnailUrl":"https:\/\/crous.eu\/wp-content\/uploads\/MUP001L.jpg","datePublished":"2022-02-24T14:20:20+00:00","dateModified":"2022-02-24T14:34:02+00:00","breadcrumb":{"@id":"https:\/\/crous.eu\/fr\/mobilier-urbain\/poubelles\/purple-conic-litter-bin\/#breadcrumb"},"inLanguage":"fr-FR","potentialAction":[{"@type":"ReadAction","target":["https:\/\/crous.eu\/fr\/mobilier-urbain\/poubelles\/purple-conic-litter-bin\/"]}]},{"@type":"ImageObject","inLanguage":"fr-FR","@id":"https:\/\/crous.eu\/fr\/mobilier-urbain\/poubelles\/purple-conic-litter-bin\/#primaryimage","url":"https:\/\/crous.eu\/wp-content\/uploads\/MUP001L.jpg","contentUrl":"https:\/\/crous.eu\/wp-content\/uploads\/MUP001L.jpg","width":555,"height":555},{"@type":"BreadcrumbList","@id":"https:\/\/crous.eu\/fr\/mobilier-urbain\/poubelles\/purple-conic-litter-bin\/#breadcrumb","itemListElement":[{"@type":"ListItem","position":1,"name":"Portada","item":"https:\/\/crous.eu\/fr\/"},{"@type":"ListItem","position":2,"name":"Tienda","item":"https:\/\/crous.eu\/tienda\/"},{"@type":"ListItem","position":3,"name":"Purple Conic Litter bin"}]},{"@type":"WebSite","@id":"https:\/\/crous.eu\/fr\/#website","url":"https:\/\/crous.eu\/fr\/","name":"Crous Expert","description":"Personalizamos tu entorno","potentialAction":[{"@type":"SearchAction","target":{"@type":"EntryPoint","urlTemplate":"https:\/\/crous.eu\/fr\/?s={search_term_string}"},"query-input":{"@type":"PropertyValueSpecification","valueRequired":true,"valueName":"search_term_string"}}],"inLanguage":"fr-FR"}]}},"_links":{"self":[{"href":"https:\/\/crous.eu\/fr\/wp-json\/wp\/v2\/product\/24710","targetHints":{"allow":["GET"]}}],"collection":[{"href":"https:\/\/crous.eu\/fr\/wp-json\/wp\/v2\/product"}],"about":[{"href":"https:\/\/crous.eu\/fr\/wp-json\/wp\/v2\/types\/product"}],"wp:featuredmedia":[{"embeddable":true,"href":"https:\/\/crous.eu\/fr\/wp-json\/wp\/v2\/media\/26083"}],"wp:attachment":[{"href":"https:\/\/crous.eu\/fr\/wp-json\/wp\/v2\/media?parent=24710"}],"wp:term":[{"taxonomy":"product_brand","embeddable":true,"href":"https:\/\/crous.eu\/fr\/wp-json\/wp\/v2\/product_brand?post=24710"},{"taxonomy":"product_cat","embeddable":true,"href":"https:\/\/crous.eu\/fr\/wp-json\/wp\/v2\/product_cat?post=24710"},{"taxonomy":"product_tag","embeddable":true,"href":"https:\/\/crous.eu\/fr\/wp-json\/wp\/v2\/product_tag?post=24710"}],"curies":[{"name":"wp","href":"https:\/\/api.w.org\/{rel}","templated":true}]}}