{"id":25279,"date":"2022-03-31T08:32:10","date_gmt":"2022-03-31T06:42:33","guid":{"rendered":"https:\/\/crous.eu\/non%20class\u00e9\/double-rope\/"},"modified":"2022-07-12T09:03:22","modified_gmt":"2022-07-12T07:03:22","slug":"double-rope","status":"publish","type":"product","link":"https:\/\/crous.eu\/fr\/terrains-de-jeux\/multijeux-robinia\/double-rope\/","title":{"rendered":"Double Rope"},"content":{"rendered":"","protected":false},"excerpt":{"rendered":"<p>\u2022 El\u00e9ment de jeu avec deux cordes pour favoriser l&rsquo;agilit\u00e9 et l&rsquo;\u00e9quilibre.<br \/>\n\u2022 Poteaux de construction en robinier.<br \/>\n\u2022 Barres en acier inoxydable.<br \/>\n\u2022 Toutes les vis sont recouvertes de capuchons en plastique de couleur.<br \/>\n\u2022 Cha\u00eenes en acier inoxydable.<br \/>\n\u2022 Pas de bords tranchants ou de crevasses qui pourraient poser un risque de pi\u00e9geage, la t\u00eate, les doigts ou toute autre partie du corps.<br \/>\n\u2022 Sp\u00e9cialement con\u00e7u pour les aires de jeux.<br \/>\n\u2022 \u00c2ge d&rsquo;utilisation recommand\u00e9 \u00e0 partir de 3 ans.<br \/>\n\u2022 Certifi\u00e9 selon la r\u00e9glementation UNE EN1176<\/p>\n","protected":false},"featured_media":24271,"template":"","meta":{"_acf_changed":false},"product_brand":[],"product_cat":[694,665],"product_tag":[],"class_list":{"0":"post-25279","1":"product","2":"type-product","3":"status-publish","4":"has-post-thumbnail","6":"product_cat-multijeux-robinia","7":"product_cat-terrains-de-jeux","9":"first","10":"instock","11":"product-type-simple"},"acf":[],"yoast_head":"<!-- This site is optimized with the Yoast SEO plugin v27.4 - https:\/\/yoast.com\/product\/yoast-seo-wordpress\/ -->\n<title>Double Rope - Crous Expert<\/title>\n<meta name=\"robots\" content=\"index, follow, max-snippet:-1, max-image-preview:large, max-video-preview:-1\" \/>\n<link rel=\"canonical\" href=\"https:\/\/crous.eu\/fr\/terrains-de-jeux\/multijeux-robinia\/double-rope\/\" \/>\n<meta property=\"og:locale\" content=\"fr_FR\" \/>\n<meta property=\"og:type\" content=\"article\" \/>\n<meta property=\"og:title\" content=\"Double Rope - Crous Expert\" \/>\n<meta property=\"og:description\" content=\"\u2022 El\u00e9ment de jeu avec deux cordes pour favoriser l&#039;agilit\u00e9 et l&#039;\u00e9quilibre. \u2022 Poteaux de construction en robinier. \u2022 Barres en acier inoxydable. \u2022 Toutes les vis sont recouvertes de capuchons en plastique de couleur. \u2022 Cha\u00eenes en acier inoxydable. \u2022 Pas de bords tranchants ou de crevasses qui pourraient poser un risque de pi\u00e9geage, la t\u00eate, les doigts ou toute autre partie du corps. \u2022 Sp\u00e9cialement con\u00e7u pour les aires de jeux. \u2022 \u00c2ge d&#039;utilisation recommand\u00e9 \u00e0 partir de 3 ans. \u2022 Certifi\u00e9 selon la r\u00e9glementation UNE EN1176\" \/>\n<meta property=\"og:url\" content=\"https:\/\/crous.eu\/fr\/terrains-de-jeux\/multijeux-robinia\/double-rope\/\" \/>\n<meta property=\"og:site_name\" content=\"Crous Expert\" \/>\n<meta property=\"article:modified_time\" content=\"2022-07-12T07:03:22+00:00\" \/>\n<meta property=\"og:image\" content=\"https:\/\/crous.eu\/wp-content\/uploads\/JIRA0050.jpg\" \/>\n\t<meta property=\"og:image:width\" content=\"550\" \/>\n\t<meta property=\"og:image:height\" content=\"550\" \/>\n\t<meta property=\"og:image:type\" content=\"image\/jpeg\" \/>\n<meta name=\"twitter:card\" content=\"summary_large_image\" \/>\n<script type=\"application\/ld+json\" class=\"yoast-schema-graph\">{\"@context\":\"https:\\\/\\\/schema.org\",\"@graph\":[{\"@type\":\"WebPage\",\"@id\":\"https:\\\/\\\/crous.eu\\\/fr\\\/terrains-de-jeux\\\/multijeux-robinia\\\/double-rope\\\/\",\"url\":\"https:\\\/\\\/crous.eu\\\/fr\\\/terrains-de-jeux\\\/multijeux-robinia\\\/double-rope\\\/\",\"name\":\"Double Rope - Crous Expert\",\"isPartOf\":{\"@id\":\"https:\\\/\\\/crous.eu\\\/fr\\\/#website\"},\"primaryImageOfPage\":{\"@id\":\"https:\\\/\\\/crous.eu\\\/fr\\\/terrains-de-jeux\\\/multijeux-robinia\\\/double-rope\\\/#primaryimage\"},\"image\":{\"@id\":\"https:\\\/\\\/crous.eu\\\/fr\\\/terrains-de-jeux\\\/multijeux-robinia\\\/double-rope\\\/#primaryimage\"},\"thumbnailUrl\":\"https:\\\/\\\/crous.eu\\\/wp-content\\\/uploads\\\/JIRA0050.jpg\",\"datePublished\":\"2022-03-31T06:42:33+00:00\",\"dateModified\":\"2022-07-12T07:03:22+00:00\",\"breadcrumb\":{\"@id\":\"https:\\\/\\\/crous.eu\\\/fr\\\/terrains-de-jeux\\\/multijeux-robinia\\\/double-rope\\\/#breadcrumb\"},\"inLanguage\":\"fr-FR\",\"potentialAction\":[{\"@type\":\"ReadAction\",\"target\":[\"https:\\\/\\\/crous.eu\\\/fr\\\/terrains-de-jeux\\\/multijeux-robinia\\\/double-rope\\\/\"]}]},{\"@type\":\"ImageObject\",\"inLanguage\":\"fr-FR\",\"@id\":\"https:\\\/\\\/crous.eu\\\/fr\\\/terrains-de-jeux\\\/multijeux-robinia\\\/double-rope\\\/#primaryimage\",\"url\":\"https:\\\/\\\/crous.eu\\\/wp-content\\\/uploads\\\/JIRA0050.jpg\",\"contentUrl\":\"https:\\\/\\\/crous.eu\\\/wp-content\\\/uploads\\\/JIRA0050.jpg\",\"width\":550,\"height\":550},{\"@type\":\"BreadcrumbList\",\"@id\":\"https:\\\/\\\/crous.eu\\\/fr\\\/terrains-de-jeux\\\/multijeux-robinia\\\/double-rope\\\/#breadcrumb\",\"itemListElement\":[{\"@type\":\"ListItem\",\"position\":1,\"name\":\"Portada\",\"item\":\"https:\\\/\\\/crous.eu\\\/fr\\\/\"},{\"@type\":\"ListItem\",\"position\":2,\"name\":\"Tienda\",\"item\":\"https:\\\/\\\/crous.eu\\\/tienda\\\/\"},{\"@type\":\"ListItem\",\"position\":3,\"name\":\"Double Rope\"}]},{\"@type\":\"WebSite\",\"@id\":\"https:\\\/\\\/crous.eu\\\/fr\\\/#website\",\"url\":\"https:\\\/\\\/crous.eu\\\/fr\\\/\",\"name\":\"Crous Expert\",\"description\":\"Personalizamos tu entorno\",\"potentialAction\":[{\"@type\":\"SearchAction\",\"target\":{\"@type\":\"EntryPoint\",\"urlTemplate\":\"https:\\\/\\\/crous.eu\\\/fr\\\/?s={search_term_string}\"},\"query-input\":{\"@type\":\"PropertyValueSpecification\",\"valueRequired\":true,\"valueName\":\"search_term_string\"}}],\"inLanguage\":\"fr-FR\"}]}<\/script>\n<!-- \/ Yoast SEO plugin. -->","yoast_head_json":{"title":"Double Rope - Crous Expert","robots":{"index":"index","follow":"follow","max-snippet":"max-snippet:-1","max-image-preview":"max-image-preview:large","max-video-preview":"max-video-preview:-1"},"canonical":"https:\/\/crous.eu\/fr\/terrains-de-jeux\/multijeux-robinia\/double-rope\/","og_locale":"fr_FR","og_type":"article","og_title":"Double Rope - Crous Expert","og_description":"\u2022 El\u00e9ment de jeu avec deux cordes pour favoriser l'agilit\u00e9 et l'\u00e9quilibre. \u2022 Poteaux de construction en robinier. \u2022 Barres en acier inoxydable. \u2022 Toutes les vis sont recouvertes de capuchons en plastique de couleur. \u2022 Cha\u00eenes en acier inoxydable. \u2022 Pas de bords tranchants ou de crevasses qui pourraient poser un risque de pi\u00e9geage, la t\u00eate, les doigts ou toute autre partie du corps. \u2022 Sp\u00e9cialement con\u00e7u pour les aires de jeux. \u2022 \u00c2ge d'utilisation recommand\u00e9 \u00e0 partir de 3 ans. \u2022 Certifi\u00e9 selon la r\u00e9glementation UNE EN1176","og_url":"https:\/\/crous.eu\/fr\/terrains-de-jeux\/multijeux-robinia\/double-rope\/","og_site_name":"Crous Expert","article_modified_time":"2022-07-12T07:03:22+00:00","og_image":[{"width":550,"height":550,"url":"https:\/\/crous.eu\/wp-content\/uploads\/JIRA0050.jpg","type":"image\/jpeg"}],"twitter_card":"summary_large_image","schema":{"@context":"https:\/\/schema.org","@graph":[{"@type":"WebPage","@id":"https:\/\/crous.eu\/fr\/terrains-de-jeux\/multijeux-robinia\/double-rope\/","url":"https:\/\/crous.eu\/fr\/terrains-de-jeux\/multijeux-robinia\/double-rope\/","name":"Double Rope - Crous Expert","isPartOf":{"@id":"https:\/\/crous.eu\/fr\/#website"},"primaryImageOfPage":{"@id":"https:\/\/crous.eu\/fr\/terrains-de-jeux\/multijeux-robinia\/double-rope\/#primaryimage"},"image":{"@id":"https:\/\/crous.eu\/fr\/terrains-de-jeux\/multijeux-robinia\/double-rope\/#primaryimage"},"thumbnailUrl":"https:\/\/crous.eu\/wp-content\/uploads\/JIRA0050.jpg","datePublished":"2022-03-31T06:42:33+00:00","dateModified":"2022-07-12T07:03:22+00:00","breadcrumb":{"@id":"https:\/\/crous.eu\/fr\/terrains-de-jeux\/multijeux-robinia\/double-rope\/#breadcrumb"},"inLanguage":"fr-FR","potentialAction":[{"@type":"ReadAction","target":["https:\/\/crous.eu\/fr\/terrains-de-jeux\/multijeux-robinia\/double-rope\/"]}]},{"@type":"ImageObject","inLanguage":"fr-FR","@id":"https:\/\/crous.eu\/fr\/terrains-de-jeux\/multijeux-robinia\/double-rope\/#primaryimage","url":"https:\/\/crous.eu\/wp-content\/uploads\/JIRA0050.jpg","contentUrl":"https:\/\/crous.eu\/wp-content\/uploads\/JIRA0050.jpg","width":550,"height":550},{"@type":"BreadcrumbList","@id":"https:\/\/crous.eu\/fr\/terrains-de-jeux\/multijeux-robinia\/double-rope\/#breadcrumb","itemListElement":[{"@type":"ListItem","position":1,"name":"Portada","item":"https:\/\/crous.eu\/fr\/"},{"@type":"ListItem","position":2,"name":"Tienda","item":"https:\/\/crous.eu\/tienda\/"},{"@type":"ListItem","position":3,"name":"Double Rope"}]},{"@type":"WebSite","@id":"https:\/\/crous.eu\/fr\/#website","url":"https:\/\/crous.eu\/fr\/","name":"Crous Expert","description":"Personalizamos tu entorno","potentialAction":[{"@type":"SearchAction","target":{"@type":"EntryPoint","urlTemplate":"https:\/\/crous.eu\/fr\/?s={search_term_string}"},"query-input":{"@type":"PropertyValueSpecification","valueRequired":true,"valueName":"search_term_string"}}],"inLanguage":"fr-FR"}]}},"_links":{"self":[{"href":"https:\/\/crous.eu\/fr\/wp-json\/wp\/v2\/product\/25279","targetHints":{"allow":["GET"]}}],"collection":[{"href":"https:\/\/crous.eu\/fr\/wp-json\/wp\/v2\/product"}],"about":[{"href":"https:\/\/crous.eu\/fr\/wp-json\/wp\/v2\/types\/product"}],"wp:featuredmedia":[{"embeddable":true,"href":"https:\/\/crous.eu\/fr\/wp-json\/wp\/v2\/media\/24271"}],"wp:attachment":[{"href":"https:\/\/crous.eu\/fr\/wp-json\/wp\/v2\/media?parent=25279"}],"wp:term":[{"taxonomy":"product_brand","embeddable":true,"href":"https:\/\/crous.eu\/fr\/wp-json\/wp\/v2\/product_brand?post=25279"},{"taxonomy":"product_cat","embeddable":true,"href":"https:\/\/crous.eu\/fr\/wp-json\/wp\/v2\/product_cat?post=25279"},{"taxonomy":"product_tag","embeddable":true,"href":"https:\/\/crous.eu\/fr\/wp-json\/wp\/v2\/product_tag?post=25279"}],"curies":[{"name":"wp","href":"https:\/\/api.w.org\/{rel}","templated":true}]}}