{"id":27318,"date":"2022-07-07T10:32:06","date_gmt":"2022-07-07T08:44:58","guid":{"rendered":"https:\/\/crous.eu\/?post_type=product&#038;p=27318"},"modified":"2022-07-07T10:45:53","modified_gmt":"2022-07-07T08:45:53","slug":"moto-spring-rider-2","status":"publish","type":"product","link":"https:\/\/crous.eu\/fr\/terrains-de-jeux\/ressorts-et-balances\/moto-spring-rider-2\/","title":{"rendered":"Moto Spring Rider"},"content":{"rendered":"","protected":false},"excerpt":{"rendered":"<p>\u2022 Ensemble de balan\u00e7oire individuel comprenant la silhouette d\u2019une moto.<br \/>\n\u2022 Mole certifi\u00e9e en acier de 20 x 200 x 400 mm.<br \/>\n\u2022 Assis et tous les autres \u00e9l\u00e9ments en HDPE r\u00e9sistant aux conditions atmosph\u00e9riques.<br \/>\n\u2022 Connecteurs inoxydables et galvanis\u00e9s.<br \/>\n\u2022 Sans bords pointus ni fissures susceptibles de pr\u00e9senter un danger pour le pi\u00e9geage de la t\u00eate, les doigts ou toute autre partie du corps.<br \/>\n\u2022 Tous les vis recouverts de couvercles en polyamide.<br \/>\n\u2022 Son ancrage \u00e0 800 mm de terre est recommand\u00e9.<br \/>\n\u2022 Le dispositif est con\u00e7u pour les terrains de jeux publics.<br \/>\n\u2022 \u00c2ge d\u2019utilisation recommand\u00e9 \u00e0 partir de 3 ans.<br \/>\n\u2022 Certificat deuxi\u00e8me norme UNE EN1176.<\/p>\n","protected":false},"featured_media":21076,"template":"","meta":{"_acf_changed":false},"product_brand":[],"product_cat":[667,665],"product_tag":[],"class_list":{"0":"post-27318","1":"product","2":"type-product","3":"status-publish","4":"has-post-thumbnail","6":"product_cat-ressorts-et-balances","7":"product_cat-terrains-de-jeux","9":"first","10":"instock","11":"shipping-taxable","12":"product-type-simple"},"acf":[],"yoast_head":"<!-- This site is optimized with the Yoast SEO plugin v27.4 - https:\/\/yoast.com\/product\/yoast-seo-wordpress\/ -->\n<title>Moto Spring Rider - Crous Expert<\/title>\n<meta name=\"robots\" content=\"index, follow, max-snippet:-1, max-image-preview:large, max-video-preview:-1\" \/>\n<link rel=\"canonical\" href=\"https:\/\/crous.eu\/fr\/terrains-de-jeux\/ressorts-et-balances\/moto-spring-rider-2\/\" \/>\n<meta property=\"og:locale\" content=\"fr_FR\" \/>\n<meta property=\"og:type\" content=\"article\" \/>\n<meta property=\"og:title\" content=\"Moto Spring Rider - Crous Expert\" \/>\n<meta property=\"og:description\" content=\"\u2022 Ensemble de balan\u00e7oire individuel comprenant la silhouette d\u2019une moto. \u2022 Mole certifi\u00e9e en acier de 20 x 200 x 400 mm. \u2022 Assis et tous les autres \u00e9l\u00e9ments en HDPE r\u00e9sistant aux conditions atmosph\u00e9riques. \u2022 Connecteurs inoxydables et galvanis\u00e9s. \u2022 Sans bords pointus ni fissures susceptibles de pr\u00e9senter un danger pour le pi\u00e9geage de la t\u00eate, les doigts ou toute autre partie du corps. \u2022 Tous les vis recouverts de couvercles en polyamide. \u2022 Son ancrage \u00e0 800 mm de terre est recommand\u00e9. \u2022 Le dispositif est con\u00e7u pour les terrains de jeux publics. \u2022 \u00c2ge d\u2019utilisation recommand\u00e9 \u00e0 partir de 3 ans. \u2022 Certificat deuxi\u00e8me norme UNE EN1176.\" \/>\n<meta property=\"og:url\" content=\"https:\/\/crous.eu\/fr\/terrains-de-jeux\/ressorts-et-balances\/moto-spring-rider-2\/\" \/>\n<meta property=\"og:site_name\" content=\"Crous Expert\" \/>\n<meta property=\"article:modified_time\" content=\"2022-07-07T08:45:53+00:00\" \/>\n<meta property=\"og:image\" content=\"https:\/\/crous.eu\/wp-content\/uploads\/JIM3402A.jpg\" \/>\n\t<meta property=\"og:image:width\" content=\"550\" \/>\n\t<meta property=\"og:image:height\" content=\"550\" \/>\n\t<meta property=\"og:image:type\" content=\"image\/jpeg\" \/>\n<meta name=\"twitter:card\" content=\"summary_large_image\" \/>\n<script type=\"application\/ld+json\" class=\"yoast-schema-graph\">{\"@context\":\"https:\\\/\\\/schema.org\",\"@graph\":[{\"@type\":\"WebPage\",\"@id\":\"https:\\\/\\\/crous.eu\\\/fr\\\/terrains-de-jeux\\\/ressorts-et-balances\\\/moto-spring-rider-2\\\/\",\"url\":\"https:\\\/\\\/crous.eu\\\/fr\\\/terrains-de-jeux\\\/ressorts-et-balances\\\/moto-spring-rider-2\\\/\",\"name\":\"Moto Spring Rider - Crous Expert\",\"isPartOf\":{\"@id\":\"https:\\\/\\\/crous.eu\\\/fr\\\/#website\"},\"primaryImageOfPage\":{\"@id\":\"https:\\\/\\\/crous.eu\\\/fr\\\/terrains-de-jeux\\\/ressorts-et-balances\\\/moto-spring-rider-2\\\/#primaryimage\"},\"image\":{\"@id\":\"https:\\\/\\\/crous.eu\\\/fr\\\/terrains-de-jeux\\\/ressorts-et-balances\\\/moto-spring-rider-2\\\/#primaryimage\"},\"thumbnailUrl\":\"https:\\\/\\\/crous.eu\\\/wp-content\\\/uploads\\\/JIM3402A.jpg\",\"datePublished\":\"2022-07-07T08:44:58+00:00\",\"dateModified\":\"2022-07-07T08:45:53+00:00\",\"breadcrumb\":{\"@id\":\"https:\\\/\\\/crous.eu\\\/fr\\\/terrains-de-jeux\\\/ressorts-et-balances\\\/moto-spring-rider-2\\\/#breadcrumb\"},\"inLanguage\":\"fr-FR\",\"potentialAction\":[{\"@type\":\"ReadAction\",\"target\":[\"https:\\\/\\\/crous.eu\\\/fr\\\/terrains-de-jeux\\\/ressorts-et-balances\\\/moto-spring-rider-2\\\/\"]}]},{\"@type\":\"ImageObject\",\"inLanguage\":\"fr-FR\",\"@id\":\"https:\\\/\\\/crous.eu\\\/fr\\\/terrains-de-jeux\\\/ressorts-et-balances\\\/moto-spring-rider-2\\\/#primaryimage\",\"url\":\"https:\\\/\\\/crous.eu\\\/wp-content\\\/uploads\\\/JIM3402A.jpg\",\"contentUrl\":\"https:\\\/\\\/crous.eu\\\/wp-content\\\/uploads\\\/JIM3402A.jpg\",\"width\":550,\"height\":550},{\"@type\":\"BreadcrumbList\",\"@id\":\"https:\\\/\\\/crous.eu\\\/fr\\\/terrains-de-jeux\\\/ressorts-et-balances\\\/moto-spring-rider-2\\\/#breadcrumb\",\"itemListElement\":[{\"@type\":\"ListItem\",\"position\":1,\"name\":\"Portada\",\"item\":\"https:\\\/\\\/crous.eu\\\/fr\\\/\"},{\"@type\":\"ListItem\",\"position\":2,\"name\":\"Tienda\",\"item\":\"https:\\\/\\\/crous.eu\\\/tienda\\\/\"},{\"@type\":\"ListItem\",\"position\":3,\"name\":\"Moto Spring Rider\"}]},{\"@type\":\"WebSite\",\"@id\":\"https:\\\/\\\/crous.eu\\\/fr\\\/#website\",\"url\":\"https:\\\/\\\/crous.eu\\\/fr\\\/\",\"name\":\"Crous Expert\",\"description\":\"Personalizamos tu entorno\",\"potentialAction\":[{\"@type\":\"SearchAction\",\"target\":{\"@type\":\"EntryPoint\",\"urlTemplate\":\"https:\\\/\\\/crous.eu\\\/fr\\\/?s={search_term_string}\"},\"query-input\":{\"@type\":\"PropertyValueSpecification\",\"valueRequired\":true,\"valueName\":\"search_term_string\"}}],\"inLanguage\":\"fr-FR\"}]}<\/script>\n<!-- \/ Yoast SEO plugin. -->","yoast_head_json":{"title":"Moto Spring Rider - Crous Expert","robots":{"index":"index","follow":"follow","max-snippet":"max-snippet:-1","max-image-preview":"max-image-preview:large","max-video-preview":"max-video-preview:-1"},"canonical":"https:\/\/crous.eu\/fr\/terrains-de-jeux\/ressorts-et-balances\/moto-spring-rider-2\/","og_locale":"fr_FR","og_type":"article","og_title":"Moto Spring Rider - Crous Expert","og_description":"\u2022 Ensemble de balan\u00e7oire individuel comprenant la silhouette d\u2019une moto. \u2022 Mole certifi\u00e9e en acier de 20 x 200 x 400 mm. \u2022 Assis et tous les autres \u00e9l\u00e9ments en HDPE r\u00e9sistant aux conditions atmosph\u00e9riques. \u2022 Connecteurs inoxydables et galvanis\u00e9s. \u2022 Sans bords pointus ni fissures susceptibles de pr\u00e9senter un danger pour le pi\u00e9geage de la t\u00eate, les doigts ou toute autre partie du corps. \u2022 Tous les vis recouverts de couvercles en polyamide. \u2022 Son ancrage \u00e0 800 mm de terre est recommand\u00e9. \u2022 Le dispositif est con\u00e7u pour les terrains de jeux publics. \u2022 \u00c2ge d\u2019utilisation recommand\u00e9 \u00e0 partir de 3 ans. \u2022 Certificat deuxi\u00e8me norme UNE EN1176.","og_url":"https:\/\/crous.eu\/fr\/terrains-de-jeux\/ressorts-et-balances\/moto-spring-rider-2\/","og_site_name":"Crous Expert","article_modified_time":"2022-07-07T08:45:53+00:00","og_image":[{"width":550,"height":550,"url":"https:\/\/crous.eu\/wp-content\/uploads\/JIM3402A.jpg","type":"image\/jpeg"}],"twitter_card":"summary_large_image","schema":{"@context":"https:\/\/schema.org","@graph":[{"@type":"WebPage","@id":"https:\/\/crous.eu\/fr\/terrains-de-jeux\/ressorts-et-balances\/moto-spring-rider-2\/","url":"https:\/\/crous.eu\/fr\/terrains-de-jeux\/ressorts-et-balances\/moto-spring-rider-2\/","name":"Moto Spring Rider - Crous Expert","isPartOf":{"@id":"https:\/\/crous.eu\/fr\/#website"},"primaryImageOfPage":{"@id":"https:\/\/crous.eu\/fr\/terrains-de-jeux\/ressorts-et-balances\/moto-spring-rider-2\/#primaryimage"},"image":{"@id":"https:\/\/crous.eu\/fr\/terrains-de-jeux\/ressorts-et-balances\/moto-spring-rider-2\/#primaryimage"},"thumbnailUrl":"https:\/\/crous.eu\/wp-content\/uploads\/JIM3402A.jpg","datePublished":"2022-07-07T08:44:58+00:00","dateModified":"2022-07-07T08:45:53+00:00","breadcrumb":{"@id":"https:\/\/crous.eu\/fr\/terrains-de-jeux\/ressorts-et-balances\/moto-spring-rider-2\/#breadcrumb"},"inLanguage":"fr-FR","potentialAction":[{"@type":"ReadAction","target":["https:\/\/crous.eu\/fr\/terrains-de-jeux\/ressorts-et-balances\/moto-spring-rider-2\/"]}]},{"@type":"ImageObject","inLanguage":"fr-FR","@id":"https:\/\/crous.eu\/fr\/terrains-de-jeux\/ressorts-et-balances\/moto-spring-rider-2\/#primaryimage","url":"https:\/\/crous.eu\/wp-content\/uploads\/JIM3402A.jpg","contentUrl":"https:\/\/crous.eu\/wp-content\/uploads\/JIM3402A.jpg","width":550,"height":550},{"@type":"BreadcrumbList","@id":"https:\/\/crous.eu\/fr\/terrains-de-jeux\/ressorts-et-balances\/moto-spring-rider-2\/#breadcrumb","itemListElement":[{"@type":"ListItem","position":1,"name":"Portada","item":"https:\/\/crous.eu\/fr\/"},{"@type":"ListItem","position":2,"name":"Tienda","item":"https:\/\/crous.eu\/tienda\/"},{"@type":"ListItem","position":3,"name":"Moto Spring Rider"}]},{"@type":"WebSite","@id":"https:\/\/crous.eu\/fr\/#website","url":"https:\/\/crous.eu\/fr\/","name":"Crous Expert","description":"Personalizamos tu entorno","potentialAction":[{"@type":"SearchAction","target":{"@type":"EntryPoint","urlTemplate":"https:\/\/crous.eu\/fr\/?s={search_term_string}"},"query-input":{"@type":"PropertyValueSpecification","valueRequired":true,"valueName":"search_term_string"}}],"inLanguage":"fr-FR"}]}},"_links":{"self":[{"href":"https:\/\/crous.eu\/fr\/wp-json\/wp\/v2\/product\/27318","targetHints":{"allow":["GET"]}}],"collection":[{"href":"https:\/\/crous.eu\/fr\/wp-json\/wp\/v2\/product"}],"about":[{"href":"https:\/\/crous.eu\/fr\/wp-json\/wp\/v2\/types\/product"}],"wp:featuredmedia":[{"embeddable":true,"href":"https:\/\/crous.eu\/fr\/wp-json\/wp\/v2\/media\/21076"}],"wp:attachment":[{"href":"https:\/\/crous.eu\/fr\/wp-json\/wp\/v2\/media?parent=27318"}],"wp:term":[{"taxonomy":"product_brand","embeddable":true,"href":"https:\/\/crous.eu\/fr\/wp-json\/wp\/v2\/product_brand?post=27318"},{"taxonomy":"product_cat","embeddable":true,"href":"https:\/\/crous.eu\/fr\/wp-json\/wp\/v2\/product_cat?post=27318"},{"taxonomy":"product_tag","embeddable":true,"href":"https:\/\/crous.eu\/fr\/wp-json\/wp\/v2\/product_tag?post=27318"}],"curies":[{"name":"wp","href":"https:\/\/api.w.org\/{rel}","templated":true}]}}